{"id":778,"date":"2019-10-07T12:44:37","date_gmt":"2019-10-07T10:44:37","guid":{"rendered":"https:\/\/www.agv44.org\/site\/?page_id=778"},"modified":"2025-01-01T14:51:17","modified_gmt":"2025-01-01T13:51:17","slug":"le-groupe-photos","status":"publish","type":"page","link":"https:\/\/www.agv44.org\/site\/le-groupe-photos\/","title":{"rendered":"groupephotos"},"content":{"rendered":"<div class=\"wp-block-image\">\n<figure class=\"aligncenter size-large is-resized\"><img loading=\"lazy\" decoding=\"async\" src=\"https:\/\/www.agv44.org\/site\/wp-content\/uploads\/2020\/03\/grpphotos-1024x161.png\" alt=\"\" class=\"wp-image-3024\" width=\"595\" height=\"93\" srcset=\"https:\/\/www.agv44.org\/site\/wp-content\/uploads\/2020\/03\/grpphotos-1024x161.png 1024w, https:\/\/www.agv44.org\/site\/wp-content\/uploads\/2020\/03\/grpphotos-300x47.png 300w, https:\/\/www.agv44.org\/site\/wp-content\/uploads\/2020\/03\/grpphotos-768x121.png 768w, https:\/\/www.agv44.org\/site\/wp-content\/uploads\/2020\/03\/grpphotos-676x106.png 676w\" sizes=\"auto, (max-width: 595px) 100vw, 595px\" \/><\/figure><\/div>\n\n<div class=\"wp-block-image\">\n<figure class=\"aligncenter size-large is-resized\"><img loading=\"lazy\" decoding=\"async\" src=\"https:\/\/www.agv44.org\/site\/wp-content\/uploads\/2020\/03\/fioriture01.png\" alt=\"\" class=\"wp-image-3171\" width=\"342\" height=\"44\" srcset=\"https:\/\/www.agv44.org\/site\/wp-content\/uploads\/2020\/03\/fioriture01.png 823w, https:\/\/www.agv44.org\/site\/wp-content\/uploads\/2020\/03\/fioriture01-300x39.png 300w, https:\/\/www.agv44.org\/site\/wp-content\/uploads\/2020\/03\/fioriture01-768x101.png 768w, https:\/\/www.agv44.org\/site\/wp-content\/uploads\/2020\/03\/fioriture01-676x89.png 676w\" sizes=\"auto, (max-width: 342px) 100vw, 342px\" \/><\/figure><\/div>\n\n<div class=\"wp-block-image\">\n<figure class=\"aligncenter size-large is-resized\"><img loading=\"lazy\" decoding=\"async\" src=\"https:\/\/www.agv44.org\/site\/wp-content\/uploads\/2020\/01\/E1pw-1-1024x740.jpg\" alt=\"\" class=\"wp-image-1157\" width=\"365\" height=\"264\" srcset=\"https:\/\/www.agv44.org\/site\/wp-content\/uploads\/2020\/01\/E1pw-1-1024x740.jpg 1024w, https:\/\/www.agv44.org\/site\/wp-content\/uploads\/2020\/01\/E1pw-1-300x217.jpg 300w, https:\/\/www.agv44.org\/site\/wp-content\/uploads\/2020\/01\/E1pw-1-768x555.jpg 768w, https:\/\/www.agv44.org\/site\/wp-content\/uploads\/2020\/01\/E1pw-1-676x489.jpg 676w, https:\/\/www.agv44.org\/site\/wp-content\/uploads\/2020\/01\/E1pw-1.jpg 1205w\" sizes=\"auto, (max-width: 365px) 100vw, 365px\" \/><\/figure><\/div>\n\n\n<div style=\"height:20px\" aria-hidden=\"true\" class=\"wp-block-spacer\"><\/div>\n\n\n\n<p> Depuis une dizaine d&rsquo;ann\u00e9es, l&rsquo;Association se propose de collecter les   photographies pour donner un visage \u00e0 nos anc\u00eatres et aux futurs  anc\u00eatres.  Ces photos sont r\u00e9colt\u00e9es aupr\u00e8s des adh\u00e9rents ou d&rsquo;autres personnes par exemple au cours d&rsquo;animations dans les EHPAD. Tous ces travaux sont r\u00e9guli\u00e8rement expos\u00e9s lors de nos \u00ab\u00a0Biennales\u00a0\u00bb ou \u00e0 l&rsquo;occasion de remise officielle de tables, ou encore dans les maisons de retraite avec lesquelles nous avons travaill\u00e9. <\/p>\n\n\n\n<p>  Portraits,  groupes (mariages, fanfares, \u00e9quipes de sportifs, \u00e9coles,   militaires\u2026), les photos sont  restaur\u00e9es puis num\u00e9rot\u00e9es afin  d&rsquo;\u00eatre archiv\u00e9es.  <\/p>\n\n\n\n<div style=\"height:20px\" aria-hidden=\"true\" class=\"wp-block-spacer\"><\/div>\n\n\n\n<div class=\"wp-block-columns is-layout-flex wp-container-core-columns-is-layout-1 wp-block-columns-is-layout-flex\">\n<div class=\"wp-block-column is-layout-flow wp-block-column-is-layout-flow\"><div class=\"wp-block-image\">\n<figure class=\"aligncenter size-large is-resized\"><img loading=\"lazy\" decoding=\"async\" src=\"https:\/\/www.agv44.org\/site\/wp-content\/uploads\/2024\/05\/Md285-734x1024.jpg\" alt=\"\" class=\"wp-image-6755\" width=\"308\" height=\"429\" srcset=\"https:\/\/www.agv44.org\/site\/wp-content\/uploads\/2024\/05\/Md285-734x1024.jpg 734w, https:\/\/www.agv44.org\/site\/wp-content\/uploads\/2024\/05\/Md285-215x300.jpg 215w, https:\/\/www.agv44.org\/site\/wp-content\/uploads\/2024\/05\/Md285-768x1072.jpg 768w, https:\/\/www.agv44.org\/site\/wp-content\/uploads\/2024\/05\/Md285-1101x1536.jpg 1101w, https:\/\/www.agv44.org\/site\/wp-content\/uploads\/2024\/05\/Md285-1467x2048.jpg 1467w, https:\/\/www.agv44.org\/site\/wp-content\/uploads\/2024\/05\/Md285-676x943.jpg 676w, https:\/\/www.agv44.org\/site\/wp-content\/uploads\/2024\/05\/Md285-scaled.jpg 1834w\" sizes=\"auto, (max-width: 308px) 100vw, 308px\" \/><\/figure><\/div>\n\n\n<p class=\"has-text-align-center\">Avant<\/p>\n<\/div>\n\n\n\n<div class=\"wp-block-column is-layout-flow wp-block-column-is-layout-flow\"><div class=\"wp-block-image\">\n<figure class=\"aligncenter size-large is-resized\"><img loading=\"lazy\" decoding=\"async\" src=\"https:\/\/www.agv44.org\/site\/wp-content\/uploads\/2024\/05\/Md285ret-715x1024.jpg\" alt=\"\" class=\"wp-image-6756\" width=\"296\" height=\"423\" srcset=\"https:\/\/www.agv44.org\/site\/wp-content\/uploads\/2024\/05\/Md285ret-715x1024.jpg 715w, https:\/\/www.agv44.org\/site\/wp-content\/uploads\/2024\/05\/Md285ret-209x300.jpg 209w, https:\/\/www.agv44.org\/site\/wp-content\/uploads\/2024\/05\/Md285ret-768x1100.jpg 768w, https:\/\/www.agv44.org\/site\/wp-content\/uploads\/2024\/05\/Md285ret-1072x1536.jpg 1072w, https:\/\/www.agv44.org\/site\/wp-content\/uploads\/2024\/05\/Md285ret-1430x2048.jpg 1430w, https:\/\/www.agv44.org\/site\/wp-content\/uploads\/2024\/05\/Md285ret-676x968.jpg 676w, https:\/\/www.agv44.org\/site\/wp-content\/uploads\/2024\/05\/Md285ret-scaled.jpg 1787w\" sizes=\"auto, (max-width: 296px) 100vw, 296px\" \/><\/figure><\/div>\n\n\n<p class=\"has-text-align-center\">Apr\u00e8s<\/p>\n<\/div>\n<\/div>\n\n\n<div class=\"wp-block-image\">\n<figure class=\"aligncenter size-large is-resized\"><img loading=\"lazy\" decoding=\"async\" src=\"https:\/\/www.agv44.org\/site\/wp-content\/uploads\/2020\/01\/D384pw-1-666x1024.jpg\" alt=\"\" class=\"wp-image-1189\" width=\"240\" height=\"368\" srcset=\"https:\/\/www.agv44.org\/site\/wp-content\/uploads\/2020\/01\/D384pw-1-666x1024.jpg 666w, https:\/\/www.agv44.org\/site\/wp-content\/uploads\/2020\/01\/D384pw-1-195x300.jpg 195w, https:\/\/www.agv44.org\/site\/wp-content\/uploads\/2020\/01\/D384pw-1-768x1180.jpg 768w, https:\/\/www.agv44.org\/site\/wp-content\/uploads\/2020\/01\/D384pw-1-676x1039.jpg 676w, https:\/\/www.agv44.org\/site\/wp-content\/uploads\/2020\/01\/D384pw-1.jpg 781w\" sizes=\"auto, (max-width: 240px) 100vw, 240px\" \/><\/figure><\/div>\n\n<div class=\"wp-block-image\">\n<figure class=\"aligncenter size-large is-resized\"><img loading=\"lazy\" decoding=\"async\" src=\"https:\/\/www.agv44.org\/site\/wp-content\/uploads\/2020\/01\/tab01-2.jpg\" alt=\"\" class=\"wp-image-1196\" width=\"512\" height=\"172\" srcset=\"https:\/\/www.agv44.org\/site\/wp-content\/uploads\/2020\/01\/tab01-2.jpg 673w, https:\/\/www.agv44.org\/site\/wp-content\/uploads\/2020\/01\/tab01-2-300x101.jpg 300w\" sizes=\"auto, (max-width: 512px) 100vw, 512px\" \/><\/figure><\/div>\n\n\n<p class=\"has-text-align-center\"> Les personnes photographi\u00e9es sont num\u00e9rot\u00e9es, leur g\u00e9n\u00e9alogie esquiss\u00e9e et archiv\u00e9e. <\/p>\n\n\n<div class=\"wp-block-image\">\n<figure class=\"aligncenter size-large is-resized\"><img loading=\"lazy\" decoding=\"async\" src=\"https:\/\/www.agv44.org\/site\/wp-content\/uploads\/2020\/01\/D482pw-1.jpg\" alt=\"\" class=\"wp-image-1158\" width=\"363\" height=\"293\" srcset=\"https:\/\/www.agv44.org\/site\/wp-content\/uploads\/2020\/01\/D482pw-1.jpg 1000w, https:\/\/www.agv44.org\/site\/wp-content\/uploads\/2020\/01\/D482pw-1-300x242.jpg 300w, https:\/\/www.agv44.org\/site\/wp-content\/uploads\/2020\/01\/D482pw-1-768x620.jpg 768w, https:\/\/www.agv44.org\/site\/wp-content\/uploads\/2020\/01\/D482pw-1-676x546.jpg 676w\" sizes=\"auto, (max-width: 363px) 100vw, 363px\" \/><\/figure><\/div>\n\n\n<p class=\"has-text-align-center\"> <br> Ces donn\u00e9es sont accessibles \u00e0 nos adh\u00e9rents qui peuvent ainsi retrouver ou d\u00e9couvrir le visage d&rsquo;anc\u00eatres.<\/p>\n\n\n\n<p class=\"has-text-align-center\">Par une recherche simple il est possible, \u00e0 la salle de l&rsquo;Association, de consulter ces photos et les fichiers excel qui leur sont li\u00e9s.<\/p>\n\n\n\n<div class=\"wp-block-columns is-layout-flex wp-container-core-columns-is-layout-2 wp-block-columns-is-layout-flex\">\n<div class=\"wp-block-column is-layout-flow wp-block-column-is-layout-flow\">\n<figure class=\"wp-block-image size-large\"><img loading=\"lazy\" decoding=\"async\" width=\"625\" height=\"949\" src=\"https:\/\/www.agv44.org\/site\/wp-content\/uploads\/2020\/02\/por2.jpg\" alt=\"\" class=\"wp-image-1693\" srcset=\"https:\/\/www.agv44.org\/site\/wp-content\/uploads\/2020\/02\/por2.jpg 625w, https:\/\/www.agv44.org\/site\/wp-content\/uploads\/2020\/02\/por2-198x300.jpg 198w\" sizes=\"auto, (max-width: 625px) 100vw, 625px\" \/><\/figure>\n\n\n\n<p><\/p>\n<\/div>\n\n\n\n<div class=\"wp-block-column is-layout-flow wp-block-column-is-layout-flow\">\n<figure class=\"wp-block-image size-large\"><img loading=\"lazy\" decoding=\"async\" width=\"574\" height=\"949\" src=\"https:\/\/www.agv44.org\/site\/wp-content\/uploads\/2020\/02\/Pd60pw-3.jpg\" alt=\"\" class=\"wp-image-1706\" srcset=\"https:\/\/www.agv44.org\/site\/wp-content\/uploads\/2020\/02\/Pd60pw-3.jpg 574w, https:\/\/www.agv44.org\/site\/wp-content\/uploads\/2020\/02\/Pd60pw-3-181x300.jpg 181w\" sizes=\"auto, (max-width: 574px) 100vw, 574px\" \/><\/figure>\n<\/div>\n\n\n\n<div class=\"wp-block-column is-layout-flow wp-block-column-is-layout-flow\">\n<figure class=\"wp-block-image size-large\"><img loading=\"lazy\" decoding=\"async\" width=\"625\" height=\"949\" src=\"https:\/\/www.agv44.org\/site\/wp-content\/uploads\/2020\/02\/comm-1.jpg\" alt=\"\" class=\"wp-image-1698\" srcset=\"https:\/\/www.agv44.org\/site\/wp-content\/uploads\/2020\/02\/comm-1.jpg 625w, https:\/\/www.agv44.org\/site\/wp-content\/uploads\/2020\/02\/comm-1-198x300.jpg 198w\" sizes=\"auto, (max-width: 625px) 100vw, 625px\" \/><\/figure>\n<\/div>\n<\/div>\n\n\n\n<p class=\"has-text-align-center\">A ce jour,  plus 5700 photos repr\u00e9sentant plus de 140000 personnes sont archiv\u00e9es, mais seulement plus de 28212 personnes sont recens\u00e9es dans un fichier des noms, le travail ne manque pas !<\/p>\n\n\n<div class=\"wp-block-image\">\n<figure class=\"aligncenter size-large is-resized\"><img loading=\"lazy\" decoding=\"async\" src=\"https:\/\/www.agv44.org\/site\/wp-content\/uploads\/2020\/08\/extraitlistenoms.jpg\" alt=\"\" class=\"wp-image-3999\" width=\"487\" height=\"174\" srcset=\"https:\/\/www.agv44.org\/site\/wp-content\/uploads\/2020\/08\/extraitlistenoms.jpg 680w, https:\/\/www.agv44.org\/site\/wp-content\/uploads\/2020\/08\/extraitlistenoms-300x108.jpg 300w, https:\/\/www.agv44.org\/site\/wp-content\/uploads\/2020\/08\/extraitlistenoms-676x243.jpg 676w\" sizes=\"auto, (max-width: 487px) 100vw, 487px\" \/><\/figure><\/div>\n\n\n<p><\/p>\n\n\n<div class=\"wp-block-image\">\n<figure class=\"aligncenter size-large is-resized\"><img loading=\"lazy\" decoding=\"async\" src=\"https:\/\/www.agv44.org\/site\/wp-content\/uploads\/2020\/01\/Cd1pw-2.jpg\" alt=\"\" class=\"wp-image-1177\" width=\"266\" height=\"377\" srcset=\"https:\/\/www.agv44.org\/site\/wp-content\/uploads\/2020\/01\/Cd1pw-2.jpg 705w, https:\/\/www.agv44.org\/site\/wp-content\/uploads\/2020\/01\/Cd1pw-2-212x300.jpg 212w, https:\/\/www.agv44.org\/site\/wp-content\/uploads\/2020\/01\/Cd1pw-2-676x959.jpg 676w\" sizes=\"auto, (max-width: 266px) 100vw, 266px\" \/><\/figure><\/div>\n\n\n<p class=\"has-text-align-center\">Cette activit\u00e9 passionnante occupe un groupe de personnes qui se sont r\u00e9parti les t\u00e2ches selon leurs go\u00fbts et leurs comp\u00e9tences.<\/p>\n\n\n\n<p class=\"has-text-align-center\">Claude Raynard et Jo\u00ebl Marchais sont nos archivistes et s&rsquo;occupent aussi des tirages, Monique M\u00e9tayer et Odile Gr\u00e9goire r\u00e9alisent un travail patient de recherche g\u00e9n\u00e9alogique pour compl\u00e9ter les fichiers excel, Marc Batard a particip\u00e9 \u00e0 la gestion des fichiers excel des \u00e9coles et Jean-Yves Gr\u00e9goire s&rsquo;occupe de la num\u00e9risation des photos, de leur restauration et de leur num\u00e9rotation et de la pr\u00e9paration des fichiers.<\/p>\n\n\n\n<p class=\"has-text-align-center\">Tous se retrouvent pour les coups de feu lors des expositions. Tirages, plastification, mise en place&#8230;<\/p>\n\n\n<div class=\"wp-block-image\">\n<figure class=\"aligncenter size-large is-resized\"><img loading=\"lazy\" decoding=\"async\" src=\"https:\/\/www.agv44.org\/site\/wp-content\/uploads\/2020\/01\/Fd2pw-1-1024x657.jpg\" alt=\"\" class=\"wp-image-1204\" width=\"448\" height=\"287\" srcset=\"https:\/\/www.agv44.org\/site\/wp-content\/uploads\/2020\/01\/Fd2pw-1-1024x657.jpg 1024w, https:\/\/www.agv44.org\/site\/wp-content\/uploads\/2020\/01\/Fd2pw-1-300x192.jpg 300w, https:\/\/www.agv44.org\/site\/wp-content\/uploads\/2020\/01\/Fd2pw-1-768x493.jpg 768w, https:\/\/www.agv44.org\/site\/wp-content\/uploads\/2020\/01\/Fd2pw-1-676x434.jpg 676w, https:\/\/www.agv44.org\/site\/wp-content\/uploads\/2020\/01\/Fd2pw-1.jpg 1205w\" sizes=\"auto, (max-width: 448px) 100vw, 448px\" \/><\/figure><\/div>\n\n\n<p class=\"has-text-align-center has-text-color\" style=\"color:#ff033e;font-size:22px\">Si le c\u0153ur vous en dit, vous pouvez nous rejoindre\u2026 <\/p>\n\n\n<div class=\"wp-block-image\">\n<figure class=\"aligncenter size-large is-resized\"><img loading=\"lazy\" decoding=\"async\" src=\"https:\/\/www.agv44.org\/site\/wp-content\/uploads\/2020\/03\/logoagv300.png\" alt=\"\" class=\"wp-image-2921\" width=\"143\" height=\"129\"\/><\/figure><\/div>","protected":false},"excerpt":{"rendered":"<p>Depuis une dizaine d&rsquo;ann\u00e9es, l&rsquo;Association se propose de collecter les photographies pour donner un visage \u00e0 nos anc\u00eatres et aux futurs anc\u00eatres. Ces photos sont r\u00e9colt\u00e9es aupr\u00e8s des adh\u00e9rents ou d&rsquo;autres personnes par exemple au cours d&rsquo;animations dans les EHPAD. Tous ces travaux sont r\u00e9guli\u00e8rement expos\u00e9s lors de nos \u00ab\u00a0Biennales\u00a0\u00bb ou \u00e0 l&rsquo;occasion de remise [&hellip;]<\/p>\n","protected":false},"author":1,"featured_media":0,"parent":0,"menu_order":0,"comment_status":"closed","ping_status":"closed","template":"","meta":{"footnotes":""},"class_list":["post-778","page","type-page","status-publish","hentry","post-preview"],"yoast_head":"<!-- This site is optimized with the Yoast SEO plugin v24.4 - https:\/\/yoast.com\/wordpress\/plugins\/seo\/ -->\n<title>groupephotos<\/title>\n<meta name=\"description\" content=\"Depuis une dizaine d&#039;ann\u00e9es, l&#039;Association se propose de collecter les photographies pour donner un visage \u00e0 nos anc\u00eatres et aux futurs anc\u00eatres. Ces\" \/>\n<meta name=\"robots\" content=\"index, follow, max-snippet:-1, max-image-preview:large, max-video-preview:-1\" \/>\n<link rel=\"canonical\" href=\"https:\/\/www.agv44.org\/site\/le-groupe-photos\/\" \/>\n<meta property=\"og:locale\" content=\"fr_FR\" \/>\n<meta property=\"og:type\" content=\"article\" \/>\n<meta property=\"og:title\" content=\"groupephotos\" \/>\n<meta property=\"og:description\" content=\"Depuis une dizaine d&#039;ann\u00e9es, l&#039;Association se propose de collecter les photographies pour donner un visage \u00e0 nos anc\u00eatres et aux futurs anc\u00eatres. Ces\" \/>\n<meta property=\"og:url\" content=\"https:\/\/www.agv44.org\/site\/le-groupe-photos\/\" \/>\n<meta property=\"article:modified_time\" content=\"2025-01-01T13:51:17+00:00\" \/>\n<meta property=\"og:image\" content=\"https:\/\/www.agv44.org\/site\/wp-content\/uploads\/2020\/03\/grpphotos-1024x161.png\" \/>\n<meta name=\"twitter:card\" content=\"summary_large_image\" \/>\n<meta name=\"twitter:label1\" content=\"Dur\u00e9e de lecture estim\u00e9e\" \/>\n\t<meta name=\"twitter:data1\" content=\"2 minutes\" \/>\n<script type=\"application\/ld+json\" class=\"yoast-schema-graph\">{\"@context\":\"https:\/\/schema.org\",\"@graph\":[{\"@type\":\"WebPage\",\"@id\":\"https:\/\/www.agv44.org\/site\/le-groupe-photos\/\",\"url\":\"https:\/\/www.agv44.org\/site\/le-groupe-photos\/\",\"name\":\"groupephotos\",\"isPartOf\":{\"@id\":\"https:\/\/www.agv44.org\/site\/#website\"},\"primaryImageOfPage\":{\"@id\":\"https:\/\/www.agv44.org\/site\/le-groupe-photos\/#primaryimage\"},\"image\":{\"@id\":\"https:\/\/www.agv44.org\/site\/le-groupe-photos\/#primaryimage\"},\"thumbnailUrl\":\"https:\/\/www.agv44.org\/site\/wp-content\/uploads\/2020\/03\/grpphotos-1024x161.png\",\"datePublished\":\"2019-10-07T10:44:37+00:00\",\"dateModified\":\"2025-01-01T13:51:17+00:00\",\"description\":\"Depuis une dizaine d'ann\u00e9es, l'Association se propose de collecter les photographies pour donner un visage \u00e0 nos anc\u00eatres et aux futurs anc\u00eatres. Ces\",\"breadcrumb\":{\"@id\":\"https:\/\/www.agv44.org\/site\/le-groupe-photos\/#breadcrumb\"},\"inLanguage\":\"fr-FR\",\"potentialAction\":[{\"@type\":\"ReadAction\",\"target\":[\"https:\/\/www.agv44.org\/site\/le-groupe-photos\/\"]}]},{\"@type\":\"ImageObject\",\"inLanguage\":\"fr-FR\",\"@id\":\"https:\/\/www.agv44.org\/site\/le-groupe-photos\/#primaryimage\",\"url\":\"https:\/\/www.agv44.org\/site\/wp-content\/uploads\/2020\/03\/grpphotos.png\",\"contentUrl\":\"https:\/\/www.agv44.org\/site\/wp-content\/uploads\/2020\/03\/grpphotos.png\",\"width\":2140,\"height\":336},{\"@type\":\"BreadcrumbList\",\"@id\":\"https:\/\/www.agv44.org\/site\/le-groupe-photos\/#breadcrumb\",\"itemListElement\":[{\"@type\":\"ListItem\",\"position\":1,\"name\":\"Accueil\",\"item\":\"https:\/\/www.agv44.org\/site\/\"},{\"@type\":\"ListItem\",\"position\":2,\"name\":\"groupephotos\"}]},{\"@type\":\"WebSite\",\"@id\":\"https:\/\/www.agv44.org\/site\/#website\",\"url\":\"https:\/\/www.agv44.org\/site\/\",\"name\":\"\",\"description\":\"\",\"publisher\":{\"@id\":\"https:\/\/www.agv44.org\/site\/#organization\"},\"potentialAction\":[{\"@type\":\"SearchAction\",\"target\":{\"@type\":\"EntryPoint\",\"urlTemplate\":\"https:\/\/www.agv44.org\/site\/?s={search_term_string}\"},\"query-input\":{\"@type\":\"PropertyValueSpecification\",\"valueRequired\":true,\"valueName\":\"search_term_string\"}}],\"inLanguage\":\"fr-FR\"},{\"@type\":\"Organization\",\"@id\":\"https:\/\/www.agv44.org\/site\/#organization\",\"name\":\"Association G\u00e9n\u00e9alogique Vertavienne\",\"url\":\"https:\/\/www.agv44.org\/site\/\",\"logo\":{\"@type\":\"ImageObject\",\"inLanguage\":\"fr-FR\",\"@id\":\"https:\/\/www.agv44.org\/site\/#\/schema\/logo\/image\/\",\"url\":\"https:\/\/www.agv44.org\/site\/wp-content\/uploads\/2020\/04\/logoagv300.png\",\"contentUrl\":\"https:\/\/www.agv44.org\/site\/wp-content\/uploads\/2020\/04\/logoagv300.png\",\"width\":300,\"height\":271,\"caption\":\"Association G\u00e9n\u00e9alogique Vertavienne\"},\"image\":{\"@id\":\"https:\/\/www.agv44.org\/site\/#\/schema\/logo\/image\/\"}}]}<\/script>\n<!-- \/ Yoast SEO plugin. -->","yoast_head_json":{"title":"groupephotos","description":"Depuis une dizaine d'ann\u00e9es, l'Association se propose de collecter les photographies pour donner un visage \u00e0 nos anc\u00eatres et aux futurs anc\u00eatres. Ces","robots":{"index":"index","follow":"follow","max-snippet":"max-snippet:-1","max-image-preview":"max-image-preview:large","max-video-preview":"max-video-preview:-1"},"canonical":"https:\/\/www.agv44.org\/site\/le-groupe-photos\/","og_locale":"fr_FR","og_type":"article","og_title":"groupephotos","og_description":"Depuis une dizaine d'ann\u00e9es, l'Association se propose de collecter les photographies pour donner un visage \u00e0 nos anc\u00eatres et aux futurs anc\u00eatres. Ces","og_url":"https:\/\/www.agv44.org\/site\/le-groupe-photos\/","article_modified_time":"2025-01-01T13:51:17+00:00","og_image":[{"url":"https:\/\/www.agv44.org\/site\/wp-content\/uploads\/2020\/03\/grpphotos-1024x161.png","type":"","width":"","height":""}],"twitter_card":"summary_large_image","twitter_misc":{"Dur\u00e9e de lecture estim\u00e9e":"2 minutes"},"schema":{"@context":"https:\/\/schema.org","@graph":[{"@type":"WebPage","@id":"https:\/\/www.agv44.org\/site\/le-groupe-photos\/","url":"https:\/\/www.agv44.org\/site\/le-groupe-photos\/","name":"groupephotos","isPartOf":{"@id":"https:\/\/www.agv44.org\/site\/#website"},"primaryImageOfPage":{"@id":"https:\/\/www.agv44.org\/site\/le-groupe-photos\/#primaryimage"},"image":{"@id":"https:\/\/www.agv44.org\/site\/le-groupe-photos\/#primaryimage"},"thumbnailUrl":"https:\/\/www.agv44.org\/site\/wp-content\/uploads\/2020\/03\/grpphotos-1024x161.png","datePublished":"2019-10-07T10:44:37+00:00","dateModified":"2025-01-01T13:51:17+00:00","description":"Depuis une dizaine d'ann\u00e9es, l'Association se propose de collecter les photographies pour donner un visage \u00e0 nos anc\u00eatres et aux futurs anc\u00eatres. Ces","breadcrumb":{"@id":"https:\/\/www.agv44.org\/site\/le-groupe-photos\/#breadcrumb"},"inLanguage":"fr-FR","potentialAction":[{"@type":"ReadAction","target":["https:\/\/www.agv44.org\/site\/le-groupe-photos\/"]}]},{"@type":"ImageObject","inLanguage":"fr-FR","@id":"https:\/\/www.agv44.org\/site\/le-groupe-photos\/#primaryimage","url":"https:\/\/www.agv44.org\/site\/wp-content\/uploads\/2020\/03\/grpphotos.png","contentUrl":"https:\/\/www.agv44.org\/site\/wp-content\/uploads\/2020\/03\/grpphotos.png","width":2140,"height":336},{"@type":"BreadcrumbList","@id":"https:\/\/www.agv44.org\/site\/le-groupe-photos\/#breadcrumb","itemListElement":[{"@type":"ListItem","position":1,"name":"Accueil","item":"https:\/\/www.agv44.org\/site\/"},{"@type":"ListItem","position":2,"name":"groupephotos"}]},{"@type":"WebSite","@id":"https:\/\/www.agv44.org\/site\/#website","url":"https:\/\/www.agv44.org\/site\/","name":"","description":"","publisher":{"@id":"https:\/\/www.agv44.org\/site\/#organization"},"potentialAction":[{"@type":"SearchAction","target":{"@type":"EntryPoint","urlTemplate":"https:\/\/www.agv44.org\/site\/?s={search_term_string}"},"query-input":{"@type":"PropertyValueSpecification","valueRequired":true,"valueName":"search_term_string"}}],"inLanguage":"fr-FR"},{"@type":"Organization","@id":"https:\/\/www.agv44.org\/site\/#organization","name":"Association G\u00e9n\u00e9alogique Vertavienne","url":"https:\/\/www.agv44.org\/site\/","logo":{"@type":"ImageObject","inLanguage":"fr-FR","@id":"https:\/\/www.agv44.org\/site\/#\/schema\/logo\/image\/","url":"https:\/\/www.agv44.org\/site\/wp-content\/uploads\/2020\/04\/logoagv300.png","contentUrl":"https:\/\/www.agv44.org\/site\/wp-content\/uploads\/2020\/04\/logoagv300.png","width":300,"height":271,"caption":"Association G\u00e9n\u00e9alogique Vertavienne"},"image":{"@id":"https:\/\/www.agv44.org\/site\/#\/schema\/logo\/image\/"}}]}},"_links":{"self":[{"href":"https:\/\/www.agv44.org\/site\/wp-json\/wp\/v2\/pages\/778","targetHints":{"allow":["GET"]}}],"collection":[{"href":"https:\/\/www.agv44.org\/site\/wp-json\/wp\/v2\/pages"}],"about":[{"href":"https:\/\/www.agv44.org\/site\/wp-json\/wp\/v2\/types\/page"}],"author":[{"embeddable":true,"href":"https:\/\/www.agv44.org\/site\/wp-json\/wp\/v2\/users\/1"}],"replies":[{"embeddable":true,"href":"https:\/\/www.agv44.org\/site\/wp-json\/wp\/v2\/comments?post=778"}],"version-history":[{"count":122,"href":"https:\/\/www.agv44.org\/site\/wp-json\/wp\/v2\/pages\/778\/revisions"}],"predecessor-version":[{"id":7082,"href":"https:\/\/www.agv44.org\/site\/wp-json\/wp\/v2\/pages\/778\/revisions\/7082"}],"wp:attachment":[{"href":"https:\/\/www.agv44.org\/site\/wp-json\/wp\/v2\/media?parent=778"}],"curies":[{"name":"wp","href":"https:\/\/api.w.org\/{rel}","templated":true}]}}