{"id":7706,"date":"2026-01-11T12:30:05","date_gmt":"2026-01-11T11:30:05","guid":{"rendered":"https:\/\/www.agv44.org\/site\/?page_id=7706"},"modified":"2026-01-11T12:52:13","modified_gmt":"2026-01-11T11:52:13","slug":"ile-amsterdam","status":"publish","type":"page","link":"https:\/\/www.agv44.org\/site\/ile-amsterdam\/","title":{"rendered":"ile amsterdam"},"content":{"rendered":"\n<p class=\"has-text-align-center has-text-color has-link-color wp-elements-de541834d7bc7c11b2febc2a646f844e\" style=\"color:#3c65e1;font-size:44px\"><strong>L&rsquo;\u00cele du bout du monde<\/strong><\/p>\n\n\n\n<p class=\"has-text-align-center\">La famille HEURTIN et l\u2019\u00eele Amsterdam<\/p>\n\n\n\n<p class=\"has-text-align-center\"><strong>Une famille originaire du Vignoble\u00a0<\/strong><\/p>\n\n\n\n<p>Adolphe \u00abJean Louis\u00bb HEURTIN, n\u00e9 le 21 septembre 1836 \u00e0 Chantenay est fils de Charles HEURTIN tonnelier \u00e0 Haute-Goulaine et de Anne Ren\u00e9e PILARD mari\u00e9s le 8 janvier 1830. ses grands parents et ascendants \u00e9taient de la Haye Fouassi\u00e8re.<\/p>\n\n\n\n<p>Il a eu une vie bien mouvement\u00e9e. Inscrit maritime n\u00b07 au quartier de Nantes d\u00e8s le 03 janvier1850 comme mousse il navigue au commerce, devient novice inscrit n\u00b01696 le 27 avril 1852, toujours au commerce. Il est lev\u00e9 pour le service 18 d\u00e9cembre 1854 et est incorpor\u00e9 dans \u00abla Royale\u00bb \u00e0 Lorient, comme matelot de 3e classe, il y obtient notamment le brevet et la m\u00e9daille de Crim\u00e9e le 12 mars 1859. Apr\u00e8s divers embarquements, un dernier voyage effectu\u00e9 de mai 1860 \u00e0 avril 1862, il est d\u00e9barqu\u00e9 \u00e0 St Nazaire. Il quitte la Royale et retourne \u00e0 la R\u00e9union ou il avait fait escale pr\u00e9c\u00e9demment.<\/p>\n\n\n\n<p>Il renonce aux professions maritimes devant la commission de l\u2019inscription maritime de St Denis de la R\u00e9union le 5 ao\u00fbt 1862 et sera radi\u00e9 d\u00e9finitivement \u00e0 Nantes le 5 octobre 1963.<\/p>\n\n\n\n<p>Entre temps, il s\u2019\u00e9tait mari\u00e9 le 8 juin 1862 \u00e0 St Denis (R\u00e9union) avec Marie Rose P\u00c9NAUD n\u00e9e \u00e0 Ste Rose (R\u00e9union), veuve de CLOCHARD Michel (~&nbsp;1818\u20111861) mari\u00e9s le 20 janvier 1852 \u00e0 St Denis (R\u00e9union)<\/p>\n\n\n\n<p>&nbsp;dont elle a 4 enfants&nbsp;:<\/p>\n\n\n\n<p>&#8211; Marie Eug\u00e9nie n\u00e9e en 1853<\/p>\n\n\n\n<p>&#8211; Luce M\u00e9lina n\u00e9e en 1854<\/p>\n\n\n\n<p>&#8211; Fran\u00e7oise Aline n\u00e9e en 1856<\/p>\n\n\n\n<p>&#8211; Benjamin n\u00e9e en 1858<\/p>\n\n\n\n<p>le nouveau couple aura 7 enfants&nbsp;:<\/p>\n\n\n\n<p>-Adolphe Rapha\u00ebl n\u00e9 en 1863.<\/p>\n\n\n\n<p>-Victorine n\u00e9e en 1864.<\/p>\n\n\n\n<p>-Charles Alexis n\u00e9 en 1866.<\/p>\n\n\n\n<p>-Rose Ad\u00e8le n\u00e9e en 1868.<\/p>\n\n\n\n<p>-Marie Anne Ang\u00e9lique n\u00e9e en 1870.<\/p>\n\n\n\n<p>-Joseph n\u00e9 en 1872.<\/p>\n\n\n\n<p>-Paul Gr\u00e9goire n\u00e9 en 1874<\/p>\n\n\n\n<p>En 1866 il est brigadier de police. Fin 1870, avec son \u00e9pouse, trois des enfants (dont Marie Eug\u00e9nie et Luce M\u00e9lina), et quatre employ\u00e9s, il d\u00e9barque de la gabarre \u00ab&nbsp;Sarcelle&nbsp;\u00bb, capitaine Godeffroy, sur l\u2019\u00eele AMSTERDAM. Soit un voyage de 2800 Km pour atteindre une des \u00eeles les plus isol\u00e9es du monde, avec sa petite voisine l\u2019\u00eele St Paul, toute proche \u00e0 seulement 91 Km. Il souhaite la mettre en culture et y entamer une activit\u00e9 d\u2019\u00e9levage avec les animaux qu\u2019il avait emport\u00e9 avec lui. Mais d\u00e9\u00e7us, par les difficult\u00e9s principalement climatiques, ils quittent l\u2019\u00eele en ao\u00fbt 1871 vraisemblablement pris en charge par un navire de commerce. Il retrouve son poste de brigadier de police.<\/p>\n\n\n\n<p>20 ao\u00fbt 1873, Le commodore Goodenough, commandant la fr\u00e9gate anglaise HMS Pearl, visite rapidement l&rsquo;\u00eele, d\u00e9crit la cabane encore en bon \u00e9tat et ce qui reste dans le b\u00e2timent : literie, coffres, livres de classe&#8230; Il trouve de nombreuses traces de bovins, ovins ou caprins, et des l\u00e9gumes acclimat\u00e9s, choux, c\u00e9leri, persil&#8230;&nbsp; Il \u00e9tait en mission de cartographie, courante dans les marines de guerre de l\u2019\u00e9poque.<\/p>\n\n\n\n<p>Cette visite est tr\u00e8s importante, puisque ce sont les livres de classes portant les noms de Marie Eug\u00e9nie et Luce M\u00e9lina qui permettent d\u2019identifier avec certitude Alphonse Jean Louis Heurtin, dont les pr\u00e9noms n\u2019avaient \u00e9t\u00e9 cit\u00e9s nulle part.<\/p>\n\n\n\n<p class=\"has-text-align-center\"><strong>L\u2019\u00eele Amsterdam&nbsp;<\/strong><\/p>\n\n\n<div class=\"wp-block-image\">\n<figure class=\"aligncenter size-full is-resized\"><img loading=\"lazy\" decoding=\"async\" width=\"565\" height=\"353\" src=\"https:\/\/www.agv44.org\/site\/wp-content\/uploads\/2026\/01\/ile-amsterdm-carte00.jpg\" alt=\"\" class=\"wp-image-7707\" style=\"width:474px;height:auto\" srcset=\"https:\/\/www.agv44.org\/site\/wp-content\/uploads\/2026\/01\/ile-amsterdm-carte00.jpg 565w, https:\/\/www.agv44.org\/site\/wp-content\/uploads\/2026\/01\/ile-amsterdm-carte00-300x187.jpg 300w\" sizes=\"auto, (max-width: 565px) 100vw, 565px\" \/><\/figure><\/div>\n\n<div class=\"wp-block-image\">\n<figure class=\"aligncenter size-full is-resized\"><img loading=\"lazy\" decoding=\"async\" width=\"444\" height=\"311\" src=\"https:\/\/www.agv44.org\/site\/wp-content\/uploads\/2026\/01\/ile-amsterdam-carte-ancienne.jpg\" alt=\"\" class=\"wp-image-7713\" style=\"width:510px;height:auto\" srcset=\"https:\/\/www.agv44.org\/site\/wp-content\/uploads\/2026\/01\/ile-amsterdam-carte-ancienne.jpg 444w, https:\/\/www.agv44.org\/site\/wp-content\/uploads\/2026\/01\/ile-amsterdam-carte-ancienne-300x210.jpg 300w\" sizes=\"auto, (max-width: 444px) 100vw, 444px\" \/><\/figure><\/div>\n\n\n<p>Cit\u00e9e d\u00e8s 1522 dans le carnet de bord des compagnons de Magellan, c\u2019est en 1633 que le hollandais&nbsp;Antonio van Diemen, lui donne le nom de son navire,&nbsp;Nieuw Amsterdam. Elle est revendiqu\u00e9e fran\u00e7aise en juillet 1843, puis en 1892 par la prise de possession&nbsp; par le navire de guerre fran\u00e7ais&nbsp;La Bourdonnais et confirm\u00e9 en 1893 par le navire de guerre fran\u00e7ais&nbsp;l\u2019Eure.<\/p>\n\n\n\n<p>Situ\u00e9e \u00e0 4 440 Km au sud-est de Madagascar, et 1325 Km au nord ouest des \u00eeles Kerguelen, et comparable en taille \u00e0 Noirmoutier, cette \u00eele, volcan \u00e9teint, est soumise \u00e0 un climat oc\u00e9anique temp\u00e9r\u00e9, balay\u00e9e par des vents constants et parfois violents, et expos\u00e9e \u00e0 des pr\u00e9cipitations fr\u00e9quentes en hiver. Le climat de l\u2019\u00eele se rapproche de celui de la Bretagne, il n\u2019y g\u00e8le pratiquement jamais. Il contraste avec celui des autres bases de l\u2019Antarctique, c\u2019est pour cela qu\u2019elle est souvent appel\u00e9e l\u2019\u00eele tropicale des subantarctiques.<\/p>\n\n\n<div class=\"wp-block-image\">\n<figure class=\"aligncenter size-large is-resized\"><img loading=\"lazy\" decoding=\"async\" width=\"1024\" height=\"464\" src=\"https:\/\/www.agv44.org\/site\/wp-content\/uploads\/2026\/01\/ile-amsterdam-2-1024x464.jpg\" alt=\"\" class=\"wp-image-7708\" style=\"width:350px\" srcset=\"https:\/\/www.agv44.org\/site\/wp-content\/uploads\/2026\/01\/ile-amsterdam-2-1024x464.jpg 1024w, https:\/\/www.agv44.org\/site\/wp-content\/uploads\/2026\/01\/ile-amsterdam-2-300x136.jpg 300w, https:\/\/www.agv44.org\/site\/wp-content\/uploads\/2026\/01\/ile-amsterdam-2-768x348.jpg 768w, https:\/\/www.agv44.org\/site\/wp-content\/uploads\/2026\/01\/ile-amsterdam-2-676x306.jpg 676w, https:\/\/www.agv44.org\/site\/wp-content\/uploads\/2026\/01\/ile-amsterdam-2.jpg 1280w\" sizes=\"auto, (max-width: 1024px) 100vw, 1024px\" \/><\/figure><\/div>\n\n\n<p>La seule pr\u00e9sence humaine y est assur\u00e9e par une base scientifique, \u00e9tablie en 1949 par le m\u00e9t\u00e9ologue Paul de Martin de Vivi\u00e8s sur le camp \u00ab&nbsp;Heurtin&nbsp;\u00bb, puis depuis 1971 \u00ab&nbsp;base Martin de Vivi\u00e8s&nbsp;\u00bb. Depuis 2006, l\u2019\u00eele fait partie de la r\u00e9serve naturelle nationale des Terres australes et antarctiques fran\u00e7aises (TAAF), un sanctuaire de biodiversit\u00e9 inscrit sur la liste du patrimoine mondial de l\u2019UNESCO.<\/p>\n\n\n<div class=\"wp-block-image\">\n<figure class=\"aligncenter size-full is-resized\"><img loading=\"lazy\" decoding=\"async\" width=\"759\" height=\"810\" src=\"https:\/\/www.agv44.org\/site\/wp-content\/uploads\/2026\/01\/ile-amsterdam-carte.jpg\" alt=\"\" class=\"wp-image-7710\" style=\"width:350px\" srcset=\"https:\/\/www.agv44.org\/site\/wp-content\/uploads\/2026\/01\/ile-amsterdam-carte.jpg 759w, https:\/\/www.agv44.org\/site\/wp-content\/uploads\/2026\/01\/ile-amsterdam-carte-281x300.jpg 281w, https:\/\/www.agv44.org\/site\/wp-content\/uploads\/2026\/01\/ile-amsterdam-carte-676x721.jpg 676w\" sizes=\"auto, (max-width: 759px) 100vw, 759px\" \/><\/figure><\/div>\n\n\n<p class=\"has-text-align-center\"><strong>Que sont devenus les bovins&nbsp;?<\/strong><\/p>\n\n\n<div class=\"wp-block-image\">\n<figure class=\"aligncenter size-large is-resized\"><img loading=\"lazy\" decoding=\"async\" width=\"1024\" height=\"648\" src=\"https:\/\/www.agv44.org\/site\/wp-content\/uploads\/2026\/01\/vaches-jersey02-1024x648.jpg\" alt=\"\" class=\"wp-image-7709\" style=\"width:350px\" srcset=\"https:\/\/www.agv44.org\/site\/wp-content\/uploads\/2026\/01\/vaches-jersey02-1024x648.jpg 1024w, https:\/\/www.agv44.org\/site\/wp-content\/uploads\/2026\/01\/vaches-jersey02-300x190.jpg 300w, https:\/\/www.agv44.org\/site\/wp-content\/uploads\/2026\/01\/vaches-jersey02-768x486.jpg 768w, https:\/\/www.agv44.org\/site\/wp-content\/uploads\/2026\/01\/vaches-jersey02-1536x972.jpg 1536w, https:\/\/www.agv44.org\/site\/wp-content\/uploads\/2026\/01\/vaches-jersey02-676x428.jpg 676w, https:\/\/www.agv44.org\/site\/wp-content\/uploads\/2026\/01\/vaches-jersey02.jpg 1707w\" sizes=\"auto, (max-width: 1024px) 100vw, 1024px\" \/><\/figure><\/div>\n\n\n<p>En abandonnant les cinq ou six bovins de race jersiais (\u00eele Jersey) et z\u00e9bu (oc\u00e9an indien), Jean Louis HEURTIN ne se doutait pas qu\u2019ils puissent survivre, mais \u00e9galement prosp\u00e9r\u00e9, jusqu\u2019\u00e0 atteindre plus de 2 000 animaux en quelques d\u00e9cennies. Des \u00e9tudes men\u00e9es en 1992 et 2006 montrent que ces animaux se sont adapt\u00e9s \u00e0 leur environnement. Les empreintes laiss\u00e9es par la s\u00e9lection naturelle d\u00e9tect\u00e9es dans le g\u00e9nome de ces animaux, montrent que les g\u00e8nes retrouv\u00e9s dans le syst\u00e8me nerveux ont jou\u00e9 un r\u00f4le primordial dans l\u2019adaptation de ces bovins, dans un environnement hostile.<\/p>\n\n\n\n<p class=\"has-text-align-center\"><strong>Une population enti\u00e8rement abattue en 2010<\/strong><\/p>\n\n\n\n<p>En d\u00e9pit de son int\u00e9r\u00eat scientifique, la population bovine de l\u2019\u00eele a \u00e9t\u00e9 enti\u00e8rement abattue de mani\u00e8re pr\u00e9cipit\u00e9e en 2010, ann\u00e9e internationale de la biodiversit\u00e9 sauvage (faune et flore naturelles) et domestique, sans qu\u2019aucun \u00e9chantillon biologique ne soit pr\u00e9lev\u00e9 \u00e0 cette occasion. Les vaches demeuraient per\u00e7ues par certains comme une menace majeure pour l\u2019\u00e9cosyst\u00e8me insulaire, par le pi\u00e9tinement, le surp\u00e2turage, et en particulier pour deux esp\u00e8ces end\u00e9miques\u00a0: l\u2019arbuste <em>Phylica arborea <\/em>et l\u2019albatros d\u2019Amsterdam<em>. <\/em>Les services rendus par le troupeau tels que le d\u00e9broussaillage et le maintien d\u2019une zone pare-feu de la base scientifique, bien connus de l\u2019administration, n\u2019ont pas davantage \u00e9t\u00e9 pris en compte.<\/p>\n\n\n\n<p class=\"has-text-align-center\"><strong>Un incendie a touch\u00e9 l\u2019\u00eele d\u2019Amsterdam en janvier 2025<\/strong><\/p>\n\n\n\n<p>Ces r\u00f4les, jadis essentiels dans la pr\u00e9vention des incendies, sont malheureusement remis au premier plan au d\u00e9but de 2025. Un vaste incendie s\u2019est d\u00e9clar\u00e9 le 15 janvier dernier ayant endommag\u00e9 55% de sa surface. L\u2019ensemble du personnel pr\u00e9sent sur l\u2019\u00cele a \u00e9t\u00e9 \u00e9vacu\u00e9. Si le troupeau, existant avant 2010, avait \u00e9t\u00e9 pr\u00e9sent jusqu\u2019\u00e0 ce jour, cet incendie se serait-il produit&nbsp;? Nul ne le saura. Mais certains scientifiques tenaient \u00e0 d\u00e9fendre la biodiversit\u00e9 domestique, souvent mal consid\u00e9r\u00e9e et donc n\u00e9glig\u00e9e par rapport \u00e0 la biodiversit\u00e9 sauvage.<\/p>\n\n\n\n<p>Jean Louis HEURTIN, en mettant un pied pour la premi\u00e8re fois fin 1870 sur l\u2019\u00eele Amsterdam, avec ses vaches, \u00e9tait loin de se douter des cons\u00e9quences de son exp\u00e9dition.<\/p>\n\n\n\n<p>Marie Rose P\u00c9NAUD est d\u00e9c\u00e9d\u00e9e le 7 juillet 1887 \u00e0 St Denis (R\u00e9union)<\/p>\n\n\n\n<p>Adolphe Jean Louis HEURTIN est d\u00e9c\u00e9d\u00e9 le 14 d\u00e9cembre 1907 \u00e0 Combani (Mayotte) ou quelques uns de ses enfants s\u2019\u00e9taient install\u00e9s.<\/p>\n\n\n\n<p>Les Heurtin sont toujours pr\u00e9sents sur ces deux iles.<\/p>\n\n\n\n<p>Gilles HEURTIN<\/p>\n\n\n\n<p><em>Sources&nbsp;:<\/em><\/p>\n\n\n\n<p><em>G\u00e9n\u00e9anet<\/em><\/p>\n\n\n\n<p><em>Ouest France<\/em><\/p>\n\n\n\n<p><em>Archives Loire Atlantique<\/em><\/p>\n\n\n\n<p><\/p>\n","protected":false},"excerpt":{"rendered":"<p>L&rsquo;\u00cele du bout du monde La famille HEURTIN et l\u2019\u00eele Amsterdam Une famille originaire du Vignoble\u00a0 Adolphe \u00abJean Louis\u00bb HEURTIN, n\u00e9 le 21 septembre 1836 \u00e0 Chantenay est fils de Charles HEURTIN tonnelier \u00e0 Haute-Goulaine et de Anne Ren\u00e9e PILARD mari\u00e9s le 8 janvier 1830. ses grands parents et ascendants \u00e9taient de la Haye Fouassi\u00e8re. [&hellip;]<\/p>\n","protected":false},"author":86,"featured_media":0,"parent":0,"menu_order":0,"comment_status":"closed","ping_status":"closed","template":"","meta":{"footnotes":""},"class_list":["post-7706","page","type-page","status-publish","hentry","post-preview"],"yoast_head":"<!-- This site is optimized with the Yoast SEO plugin v24.4 - https:\/\/yoast.com\/wordpress\/plugins\/seo\/ -->\n<title>ile amsterdam<\/title>\n<meta name=\"description\" content=\"L&#039;\u00cele du bout du monde La famille HEURTIN et l\u2019\u00eele Amsterdam Une famille originaire du Vignoble\u00a0 Adolphe \u00abJean Louis\u00bb HEURTIN, n\u00e9 le 21 septembre 1836 \u00e0\" \/>\n<meta name=\"robots\" content=\"index, follow, max-snippet:-1, max-image-preview:large, max-video-preview:-1\" \/>\n<link rel=\"canonical\" href=\"https:\/\/www.agv44.org\/site\/ile-amsterdam\/\" \/>\n<meta property=\"og:locale\" content=\"fr_FR\" \/>\n<meta property=\"og:type\" content=\"article\" \/>\n<meta property=\"og:title\" content=\"ile amsterdam\" \/>\n<meta property=\"og:description\" content=\"L&#039;\u00cele du bout du monde La famille HEURTIN et l\u2019\u00eele Amsterdam Une famille originaire du Vignoble\u00a0 Adolphe \u00abJean Louis\u00bb HEURTIN, n\u00e9 le 21 septembre 1836 \u00e0\" \/>\n<meta property=\"og:url\" content=\"https:\/\/www.agv44.org\/site\/ile-amsterdam\/\" \/>\n<meta property=\"article:modified_time\" content=\"2026-01-11T11:52:13+00:00\" \/>\n<meta property=\"og:image\" content=\"https:\/\/www.agv44.org\/site\/wp-content\/uploads\/2026\/01\/ile-amsterdm-carte00.jpg\" \/>\n\t<meta property=\"og:image:width\" content=\"565\" \/>\n\t<meta property=\"og:image:height\" content=\"353\" \/>\n\t<meta property=\"og:image:type\" content=\"image\/jpeg\" \/>\n<meta name=\"twitter:card\" content=\"summary_large_image\" \/>\n<meta name=\"twitter:label1\" content=\"Dur\u00e9e de lecture estim\u00e9e\" \/>\n\t<meta name=\"twitter:data1\" content=\"7 minutes\" \/>\n<script type=\"application\/ld+json\" class=\"yoast-schema-graph\">{\"@context\":\"https:\/\/schema.org\",\"@graph\":[{\"@type\":\"WebPage\",\"@id\":\"https:\/\/www.agv44.org\/site\/ile-amsterdam\/\",\"url\":\"https:\/\/www.agv44.org\/site\/ile-amsterdam\/\",\"name\":\"ile amsterdam\",\"isPartOf\":{\"@id\":\"https:\/\/www.agv44.org\/site\/#website\"},\"primaryImageOfPage\":{\"@id\":\"https:\/\/www.agv44.org\/site\/ile-amsterdam\/#primaryimage\"},\"image\":{\"@id\":\"https:\/\/www.agv44.org\/site\/ile-amsterdam\/#primaryimage\"},\"thumbnailUrl\":\"https:\/\/www.agv44.org\/site\/wp-content\/uploads\/2026\/01\/ile-amsterdm-carte00.jpg\",\"datePublished\":\"2026-01-11T11:30:05+00:00\",\"dateModified\":\"2026-01-11T11:52:13+00:00\",\"description\":\"L'\u00cele du bout du monde La famille HEURTIN et l\u2019\u00eele Amsterdam Une famille originaire du Vignoble\u00a0 Adolphe \u00abJean Louis\u00bb HEURTIN, n\u00e9 le 21 septembre 1836 \u00e0\",\"breadcrumb\":{\"@id\":\"https:\/\/www.agv44.org\/site\/ile-amsterdam\/#breadcrumb\"},\"inLanguage\":\"fr-FR\",\"potentialAction\":[{\"@type\":\"ReadAction\",\"target\":[\"https:\/\/www.agv44.org\/site\/ile-amsterdam\/\"]}]},{\"@type\":\"ImageObject\",\"inLanguage\":\"fr-FR\",\"@id\":\"https:\/\/www.agv44.org\/site\/ile-amsterdam\/#primaryimage\",\"url\":\"https:\/\/www.agv44.org\/site\/wp-content\/uploads\/2026\/01\/ile-amsterdm-carte00.jpg\",\"contentUrl\":\"https:\/\/www.agv44.org\/site\/wp-content\/uploads\/2026\/01\/ile-amsterdm-carte00.jpg\",\"width\":565,\"height\":353},{\"@type\":\"BreadcrumbList\",\"@id\":\"https:\/\/www.agv44.org\/site\/ile-amsterdam\/#breadcrumb\",\"itemListElement\":[{\"@type\":\"ListItem\",\"position\":1,\"name\":\"Accueil\",\"item\":\"https:\/\/www.agv44.org\/site\/\"},{\"@type\":\"ListItem\",\"position\":2,\"name\":\"ile amsterdam\"}]},{\"@type\":\"WebSite\",\"@id\":\"https:\/\/www.agv44.org\/site\/#website\",\"url\":\"https:\/\/www.agv44.org\/site\/\",\"name\":\"\",\"description\":\"\",\"publisher\":{\"@id\":\"https:\/\/www.agv44.org\/site\/#organization\"},\"potentialAction\":[{\"@type\":\"SearchAction\",\"target\":{\"@type\":\"EntryPoint\",\"urlTemplate\":\"https:\/\/www.agv44.org\/site\/?s={search_term_string}\"},\"query-input\":{\"@type\":\"PropertyValueSpecification\",\"valueRequired\":true,\"valueName\":\"search_term_string\"}}],\"inLanguage\":\"fr-FR\"},{\"@type\":\"Organization\",\"@id\":\"https:\/\/www.agv44.org\/site\/#organization\",\"name\":\"Association G\u00e9n\u00e9alogique Vertavienne\",\"url\":\"https:\/\/www.agv44.org\/site\/\",\"logo\":{\"@type\":\"ImageObject\",\"inLanguage\":\"fr-FR\",\"@id\":\"https:\/\/www.agv44.org\/site\/#\/schema\/logo\/image\/\",\"url\":\"https:\/\/www.agv44.org\/site\/wp-content\/uploads\/2020\/04\/logoagv300.png\",\"contentUrl\":\"https:\/\/www.agv44.org\/site\/wp-content\/uploads\/2020\/04\/logoagv300.png\",\"width\":300,\"height\":271,\"caption\":\"Association G\u00e9n\u00e9alogique Vertavienne\"},\"image\":{\"@id\":\"https:\/\/www.agv44.org\/site\/#\/schema\/logo\/image\/\"}}]}<\/script>\n<!-- \/ Yoast SEO plugin. -->","yoast_head_json":{"title":"ile amsterdam","description":"L'\u00cele du bout du monde La famille HEURTIN et l\u2019\u00eele Amsterdam Une famille originaire du Vignoble\u00a0 Adolphe \u00abJean Louis\u00bb HEURTIN, n\u00e9 le 21 septembre 1836 \u00e0","robots":{"index":"index","follow":"follow","max-snippet":"max-snippet:-1","max-image-preview":"max-image-preview:large","max-video-preview":"max-video-preview:-1"},"canonical":"https:\/\/www.agv44.org\/site\/ile-amsterdam\/","og_locale":"fr_FR","og_type":"article","og_title":"ile amsterdam","og_description":"L'\u00cele du bout du monde La famille HEURTIN et l\u2019\u00eele Amsterdam Une famille originaire du Vignoble\u00a0 Adolphe \u00abJean Louis\u00bb HEURTIN, n\u00e9 le 21 septembre 1836 \u00e0","og_url":"https:\/\/www.agv44.org\/site\/ile-amsterdam\/","article_modified_time":"2026-01-11T11:52:13+00:00","og_image":[{"width":565,"height":353,"url":"https:\/\/www.agv44.org\/site\/wp-content\/uploads\/2026\/01\/ile-amsterdm-carte00.jpg","type":"image\/jpeg"}],"twitter_card":"summary_large_image","twitter_misc":{"Dur\u00e9e de lecture estim\u00e9e":"7 minutes"},"schema":{"@context":"https:\/\/schema.org","@graph":[{"@type":"WebPage","@id":"https:\/\/www.agv44.org\/site\/ile-amsterdam\/","url":"https:\/\/www.agv44.org\/site\/ile-amsterdam\/","name":"ile amsterdam","isPartOf":{"@id":"https:\/\/www.agv44.org\/site\/#website"},"primaryImageOfPage":{"@id":"https:\/\/www.agv44.org\/site\/ile-amsterdam\/#primaryimage"},"image":{"@id":"https:\/\/www.agv44.org\/site\/ile-amsterdam\/#primaryimage"},"thumbnailUrl":"https:\/\/www.agv44.org\/site\/wp-content\/uploads\/2026\/01\/ile-amsterdm-carte00.jpg","datePublished":"2026-01-11T11:30:05+00:00","dateModified":"2026-01-11T11:52:13+00:00","description":"L'\u00cele du bout du monde La famille HEURTIN et l\u2019\u00eele Amsterdam Une famille originaire du Vignoble\u00a0 Adolphe \u00abJean Louis\u00bb HEURTIN, n\u00e9 le 21 septembre 1836 \u00e0","breadcrumb":{"@id":"https:\/\/www.agv44.org\/site\/ile-amsterdam\/#breadcrumb"},"inLanguage":"fr-FR","potentialAction":[{"@type":"ReadAction","target":["https:\/\/www.agv44.org\/site\/ile-amsterdam\/"]}]},{"@type":"ImageObject","inLanguage":"fr-FR","@id":"https:\/\/www.agv44.org\/site\/ile-amsterdam\/#primaryimage","url":"https:\/\/www.agv44.org\/site\/wp-content\/uploads\/2026\/01\/ile-amsterdm-carte00.jpg","contentUrl":"https:\/\/www.agv44.org\/site\/wp-content\/uploads\/2026\/01\/ile-amsterdm-carte00.jpg","width":565,"height":353},{"@type":"BreadcrumbList","@id":"https:\/\/www.agv44.org\/site\/ile-amsterdam\/#breadcrumb","itemListElement":[{"@type":"ListItem","position":1,"name":"Accueil","item":"https:\/\/www.agv44.org\/site\/"},{"@type":"ListItem","position":2,"name":"ile amsterdam"}]},{"@type":"WebSite","@id":"https:\/\/www.agv44.org\/site\/#website","url":"https:\/\/www.agv44.org\/site\/","name":"","description":"","publisher":{"@id":"https:\/\/www.agv44.org\/site\/#organization"},"potentialAction":[{"@type":"SearchAction","target":{"@type":"EntryPoint","urlTemplate":"https:\/\/www.agv44.org\/site\/?s={search_term_string}"},"query-input":{"@type":"PropertyValueSpecification","valueRequired":true,"valueName":"search_term_string"}}],"inLanguage":"fr-FR"},{"@type":"Organization","@id":"https:\/\/www.agv44.org\/site\/#organization","name":"Association G\u00e9n\u00e9alogique Vertavienne","url":"https:\/\/www.agv44.org\/site\/","logo":{"@type":"ImageObject","inLanguage":"fr-FR","@id":"https:\/\/www.agv44.org\/site\/#\/schema\/logo\/image\/","url":"https:\/\/www.agv44.org\/site\/wp-content\/uploads\/2020\/04\/logoagv300.png","contentUrl":"https:\/\/www.agv44.org\/site\/wp-content\/uploads\/2020\/04\/logoagv300.png","width":300,"height":271,"caption":"Association G\u00e9n\u00e9alogique Vertavienne"},"image":{"@id":"https:\/\/www.agv44.org\/site\/#\/schema\/logo\/image\/"}}]}},"_links":{"self":[{"href":"https:\/\/www.agv44.org\/site\/wp-json\/wp\/v2\/pages\/7706","targetHints":{"allow":["GET"]}}],"collection":[{"href":"https:\/\/www.agv44.org\/site\/wp-json\/wp\/v2\/pages"}],"about":[{"href":"https:\/\/www.agv44.org\/site\/wp-json\/wp\/v2\/types\/page"}],"author":[{"embeddable":true,"href":"https:\/\/www.agv44.org\/site\/wp-json\/wp\/v2\/users\/86"}],"replies":[{"embeddable":true,"href":"https:\/\/www.agv44.org\/site\/wp-json\/wp\/v2\/comments?post=7706"}],"version-history":[{"count":3,"href":"https:\/\/www.agv44.org\/site\/wp-json\/wp\/v2\/pages\/7706\/revisions"}],"predecessor-version":[{"id":7715,"href":"https:\/\/www.agv44.org\/site\/wp-json\/wp\/v2\/pages\/7706\/revisions\/7715"}],"wp:attachment":[{"href":"https:\/\/www.agv44.org\/site\/wp-json\/wp\/v2\/media?parent=7706"}],"curies":[{"name":"wp","href":"https:\/\/api.w.org\/{rel}","templated":true}]}}