{"id":754,"date":"2019-09-26T14:06:55","date_gmt":"2019-09-26T12:06:55","guid":{"rendered":"https:\/\/www.agv44.org\/site\/?page_id=754"},"modified":"2023-10-02T14:56:27","modified_gmt":"2023-10-02T12:56:27","slug":"aie-a-la-paleographie","status":"publish","type":"page","link":"https:\/\/www.agv44.org\/site\/aie-a-la-paleographie\/","title":{"rendered":"paleographie"},"content":{"rendered":"<div class=\"wp-block-image\">\n<figure class=\"aligncenter size-mailpoet_newsletter_max is-resized\"><img loading=\"lazy\" decoding=\"async\" src=\"https:\/\/www.agv44.org\/site\/wp-content\/uploads\/2020\/04\/aide-paleographie-1320x253.png\" alt=\"\" class=\"wp-image-3492\" width=\"660\" height=\"127\" srcset=\"https:\/\/www.agv44.org\/site\/wp-content\/uploads\/2020\/04\/aide-paleographie-1320x253.png 1320w, https:\/\/www.agv44.org\/site\/wp-content\/uploads\/2020\/04\/aide-paleographie-300x57.png 300w, https:\/\/www.agv44.org\/site\/wp-content\/uploads\/2020\/04\/aide-paleographie-768x147.png 768w, https:\/\/www.agv44.org\/site\/wp-content\/uploads\/2020\/04\/aide-paleographie-1024x196.png 1024w, https:\/\/www.agv44.org\/site\/wp-content\/uploads\/2020\/04\/aide-paleographie-676x130.png 676w\" sizes=\"auto, (max-width: 660px) 100vw, 660px\" \/><\/figure><\/div>\n\n\n<p>Quand on commence \u00e0 explorer les documents pour construire son arbre g\u00e9n\u00e9alogique, tout va pour le mieux.<\/p>\n\n\n<div class=\"wp-block-image\">\n<figure class=\"aligncenter size-large is-resized\"><img loading=\"lazy\" decoding=\"async\" src=\"https:\/\/www.agv44.org\/site\/wp-content\/uploads\/2020\/02\/actes-1850-02.jpg\" alt=\"\" class=\"wp-image-1937\" width=\"450\" height=\"97\"\/><\/figure><\/div>\n\n\n<p><br> Puis, au cours du voyage, on rencontre un syst\u00e8me d&rsquo;\u00e9criture dont les lettres et l&rsquo;orthographe ne sont pas famili\u00e8res. <\/p>\n\n\n<div class=\"wp-block-image\">\n<figure class=\"aligncenter size-large is-resized\"><img loading=\"lazy\" decoding=\"async\" src=\"https:\/\/www.agv44.org\/site\/wp-content\/uploads\/2020\/02\/actes-167-021.jpg\" alt=\"\" class=\"wp-image-1933\" width=\"450\" height=\"108\" srcset=\"https:\/\/www.agv44.org\/site\/wp-content\/uploads\/2020\/02\/actes-167-021.jpg 574w, https:\/\/www.agv44.org\/site\/wp-content\/uploads\/2020\/02\/actes-167-021-300x73.jpg 300w\" sizes=\"auto, (max-width: 450px) 100vw, 450px\" \/><\/figure><\/div>\n\n\n<p><br> On veut pourtant d\u00e9chiffrer ces textes anciens, \u00e9crits \u00e0 la h\u00e2te par un cur\u00e9 ou un clerc de notaire souvent dans le souci d&rsquo;\u00e9conomiser le papier.<br> Que sont ces chiffres, ces mots abr\u00e9g\u00e9s d&rsquo;un autre temps? Quand le latin ne s&rsquo;en m\u00eale pas !<br> La pal\u00e9ographie peut alors vous \u00eatre secourable.<\/p>\n\n\n\n<p class=\"has-text-align-center\">Voici trois pages qui peuvent vous aider.<\/p>\n\n\n\n<div class=\"wp-block-columns is-layout-flex wp-container-core-columns-is-layout-1 wp-block-columns-is-layout-flex\">\n<div class=\"wp-block-column is-layout-flow wp-block-column-is-layout-flow\"><div class=\"wp-block-image\">\n<figure class=\"aligncenter size-medium is-resized\"><a href=\"https:\/\/www.agv44.org\/site\/dictionnaire-l-f\/\"><img decoding=\"async\" src=\"https:\/\/www.agv44.org\/site\/wp-content\/uploads\/2020\/12\/latin-francais-234x300.png\" alt=\"\" class=\"wp-image-4642\" width=\"200\" srcset=\"https:\/\/www.agv44.org\/site\/wp-content\/uploads\/2020\/12\/latin-francais-234x300.png 234w, https:\/\/www.agv44.org\/site\/wp-content\/uploads\/2020\/12\/latin-francais.png 360w\" sizes=\"(max-width: 234px) 100vw, 234px\" \/><\/a><figcaption class=\"wp-element-caption\">Glossaire latin\/fran\u00e7ais<\/figcaption><\/figure><\/div><\/div>\n\n\n\n<div class=\"wp-block-column is-layout-flow wp-block-column-is-layout-flow\">\n<figure class=\"wp-block-image size-large is-resized\"><a href=\"https:\/\/www.agv44.org\/site\/anciennes-graphies\/\"><img decoding=\"async\" src=\"https:\/\/www.agv44.org\/site\/wp-content\/uploads\/2023\/03\/nx-alph-319x1024.jpg\" alt=\"\" class=\"wp-image-6047\" width=\"200\" srcset=\"https:\/\/www.agv44.org\/site\/wp-content\/uploads\/2023\/03\/nx-alph-319x1024.jpg 319w, https:\/\/www.agv44.org\/site\/wp-content\/uploads\/2023\/03\/nx-alph-768x2464.jpg 768w, https:\/\/www.agv44.org\/site\/wp-content\/uploads\/2023\/03\/nx-alph-479x1536.jpg 479w, https:\/\/www.agv44.org\/site\/wp-content\/uploads\/2023\/03\/nx-alph-638x2048.jpg 638w, https:\/\/www.agv44.org\/site\/wp-content\/uploads\/2023\/03\/nx-alph-676x2169.jpg 676w, https:\/\/www.agv44.org\/site\/wp-content\/uploads\/2023\/03\/nx-alph-scaled.jpg 798w\" sizes=\"(max-width: 319px) 100vw, 319px\" \/><\/a><figcaption class=\"wp-element-caption\">Anciennes graphies<\/figcaption><\/figure>\n<\/div>\n\n\n\n<div class=\"wp-block-column is-layout-flow wp-block-column-is-layout-flow\"><div class=\"wp-block-image\">\n<figure class=\"aligncenter size-medium is-resized\"><a href=\"https:\/\/www.agv44.org\/site\/vieux-francais\/\"><img decoding=\"async\" src=\"https:\/\/www.agv44.org\/site\/wp-content\/uploads\/2020\/12\/francais-ancien-2-234x300.png\" alt=\"\" class=\"wp-image-4643\" width=\"200\" srcset=\"https:\/\/www.agv44.org\/site\/wp-content\/uploads\/2020\/12\/francais-ancien-2-234x300.png 234w, https:\/\/www.agv44.org\/site\/wp-content\/uploads\/2020\/12\/francais-ancien-2.png 360w\" sizes=\"(max-width: 234px) 100vw, 234px\" \/><\/a><figcaption class=\"wp-element-caption\">Glossaire fran\u00e7ais ancien \/moderne<\/figcaption><\/figure><\/div><\/div>\n<\/div>\n\n\n\n<p><\/p>\n\n\n\n<p class=\"has-regular-font-size\">Enfin voici un choix de quelques sites o\u00f9 vous pourrez puiser de nombreuses informations pour vous guider dans l&rsquo;exploration des documents anciens.<\/p>\n\n\n\n<p class=\"has-text-align-center\" style=\"font-size:21px\"><em>Si vous pensez avoir trouv\u00e9 un autre lien lien int\u00e9ressant, signalez-le-nous.<\/em> <em>Partageons l&rsquo;information.<\/em><\/p>\n\n\n\n<div style=\"height:48px\" aria-hidden=\"true\" class=\"wp-block-spacer\"><\/div>\n\n\n<div class=\"wp-block-image\">\n<figure class=\"aligncenter size-large is-resized\"><a href=\"https:\/\/paleo-en-ligne.fr\/\" target=\"_blank\" rel=\"noreferrer noopener\"><img loading=\"lazy\" decoding=\"async\" src=\"https:\/\/www.agv44.org\/site\/wp-content\/uploads\/2020\/02\/paleoenligne.png\" alt=\"\" class=\"wp-image-2192\" width=\"326\" height=\"129\" srcset=\"https:\/\/www.agv44.org\/site\/wp-content\/uploads\/2020\/02\/paleoenligne.png 900w, https:\/\/www.agv44.org\/site\/wp-content\/uploads\/2020\/02\/paleoenligne-300x120.png 300w, https:\/\/www.agv44.org\/site\/wp-content\/uploads\/2020\/02\/paleoenligne-768x306.png 768w, https:\/\/www.agv44.org\/site\/wp-content\/uploads\/2020\/02\/paleoenligne-676x270.png 676w\" sizes=\"auto, (max-width: 326px) 100vw, 326px\" \/><\/a><\/figure><\/div>\n\n<div class=\"wp-block-image\">\n<figure class=\"aligncenter size-large\"><a href=\"http:\/\/rdetarragon.chez-alice.fr\/\" target=\"_blank\" rel=\"noreferrer noopener\"><img loading=\"lazy\" decoding=\"async\" width=\"970\" height=\"118\" src=\"https:\/\/www.agv44.org\/site\/wp-content\/uploads\/2020\/02\/lire-ecritancien.png\" alt=\"\" class=\"wp-image-2193\" srcset=\"https:\/\/www.agv44.org\/site\/wp-content\/uploads\/2020\/02\/lire-ecritancien.png 970w, https:\/\/www.agv44.org\/site\/wp-content\/uploads\/2020\/02\/lire-ecritancien-300x36.png 300w, https:\/\/www.agv44.org\/site\/wp-content\/uploads\/2020\/02\/lire-ecritancien-768x93.png 768w, https:\/\/www.agv44.org\/site\/wp-content\/uploads\/2020\/02\/lire-ecritancien-676x82.png 676w\" sizes=\"auto, (max-width: 970px) 100vw, 970px\" \/><\/a><\/figure><\/div>\n\n<div class=\"wp-block-image\">\n<figure class=\"aligncenter size-large is-resized\"><img loading=\"lazy\" decoding=\"async\" src=\"https:\/\/www.agv44.org\/site\/wp-content\/uploads\/2020\/02\/Theleme.png\" alt=\"\" class=\"wp-image-2194\" width=\"185\" height=\"73\"\/><\/figure><\/div>\n\n<div class=\"wp-block-image\">\n<figure class=\"aligncenter size-large is-resized\"><a href=\"https:\/\/www.histoire-genealogie.com\/Paleographie-La-forme-des-lettres\" target=\"_blank\" rel=\"noreferrer noopener\"><img loading=\"lazy\" decoding=\"async\" src=\"https:\/\/www.agv44.org\/site\/wp-content\/uploads\/2020\/02\/histgenalogie.png\" alt=\"\" class=\"wp-image-2195\" width=\"317\" height=\"102\"\/><\/a><\/figure><\/div>\n\n<div class=\"wp-block-image\">\n<figure class=\"aligncenter size-large is-resized\"><a href=\"https:\/\/genea-logiques.com\/alphabet-de-paleographie\/\" target=\"_blank\" rel=\"noopener noreferrer\"><img loading=\"lazy\" decoding=\"async\" src=\"https:\/\/www.agv44.org\/site\/wp-content\/uploads\/2022\/08\/genea-logiques.jpg\" alt=\"\" class=\"wp-image-5459\" width=\"378\" height=\"59\" srcset=\"https:\/\/www.agv44.org\/site\/wp-content\/uploads\/2022\/08\/genea-logiques.jpg 809w, https:\/\/www.agv44.org\/site\/wp-content\/uploads\/2022\/08\/genea-logiques-300x47.jpg 300w, https:\/\/www.agv44.org\/site\/wp-content\/uploads\/2022\/08\/genea-logiques-768x122.jpg 768w, https:\/\/www.agv44.org\/site\/wp-content\/uploads\/2022\/08\/genea-logiques-676x107.jpg 676w\" sizes=\"auto, (max-width: 378px) 100vw, 378px\" \/><\/a><\/figure><\/div>\n\n<div class=\"wp-block-image\">\n<figure class=\"aligncenter size-full is-resized\"><a href=\"https:\/\/books.google.fr\/books?id=AwsIAAAAQAAJ&amp;printsec=frontcover&amp;hl=fr#v=onepage&amp;q&amp;f=false\" target=\"_blank\" rel=\"noreferrer noopener\"><img loading=\"lazy\" decoding=\"async\" src=\"https:\/\/www.agv44.org\/site\/wp-content\/uploads\/2023\/09\/H-Renaud.jpg\" alt=\"\" class=\"wp-image-6358\" width=\"343\" height=\"109\" srcset=\"https:\/\/www.agv44.org\/site\/wp-content\/uploads\/2023\/09\/H-Renaud.jpg 978w, https:\/\/www.agv44.org\/site\/wp-content\/uploads\/2023\/09\/H-Renaud-300x95.jpg 300w, https:\/\/www.agv44.org\/site\/wp-content\/uploads\/2023\/09\/H-Renaud-768x243.jpg 768w, https:\/\/www.agv44.org\/site\/wp-content\/uploads\/2023\/09\/H-Renaud-676x214.jpg 676w\" sizes=\"auto, (max-width: 343px) 100vw, 343px\" \/><\/a><\/figure><\/div>\n\n<div class=\"wp-block-image\">\n<figure class=\"aligncenter size-large is-resized\"><a href=\"http:\/\/www.odile-halbert.com\/Genea\/panne\/paleo.htm\" target=\"_blank\" rel=\"noreferrer noopener\"><img loading=\"lazy\" decoding=\"async\" src=\"https:\/\/www.agv44.org\/site\/wp-content\/uploads\/2020\/02\/odile-halbert.png\" alt=\"\" class=\"wp-image-2196\" width=\"517\" height=\"42\" srcset=\"https:\/\/www.agv44.org\/site\/wp-content\/uploads\/2020\/02\/odile-halbert.png 1010w, https:\/\/www.agv44.org\/site\/wp-content\/uploads\/2020\/02\/odile-halbert-300x25.png 300w, https:\/\/www.agv44.org\/site\/wp-content\/uploads\/2020\/02\/odile-halbert-768x64.png 768w, https:\/\/www.agv44.org\/site\/wp-content\/uploads\/2020\/02\/odile-halbert-676x56.png 676w\" sizes=\"auto, (max-width: 517px) 100vw, 517px\" \/><\/a><\/figure><\/div>\n\n<div class=\"wp-block-image\">\n<figure class=\"aligncenter size-full is-resized\"><a href=\"http:\/\/eric-camille.voirin.pagesperso-orange.fr\/paleo\/index.html\" target=\"_blank\" rel=\"noreferrer noopener\"><img loading=\"lazy\" decoding=\"async\" src=\"https:\/\/www.agv44.org\/site\/wp-content\/uploads\/2023\/10\/livre000.jpg\" alt=\"\" class=\"wp-image-6367\" width=\"426\" height=\"257\" srcset=\"https:\/\/www.agv44.org\/site\/wp-content\/uploads\/2023\/10\/livre000.jpg 498w, https:\/\/www.agv44.org\/site\/wp-content\/uploads\/2023\/10\/livre000-300x181.jpg 300w\" sizes=\"auto, (max-width: 426px) 100vw, 426px\" \/><\/a><figcaption class=\"wp-element-caption\">Cours de pal\u00e9ographie<\/figcaption><\/figure><\/div>","protected":false},"excerpt":{"rendered":"<p>Quand on commence \u00e0 explorer les documents pour construire son arbre g\u00e9n\u00e9alogique, tout va pour le mieux. Puis, au cours du voyage, on rencontre un syst\u00e8me d&rsquo;\u00e9criture dont les lettres et l&rsquo;orthographe ne sont pas famili\u00e8res. On veut pourtant d\u00e9chiffrer ces textes anciens, \u00e9crits \u00e0 la h\u00e2te par un cur\u00e9 ou un clerc de notaire [&hellip;]<\/p>\n","protected":false},"author":1,"featured_media":0,"parent":0,"menu_order":0,"comment_status":"closed","ping_status":"closed","template":"","meta":{"footnotes":""},"class_list":["post-754","page","type-page","status-publish","hentry","post-preview"],"yoast_head":"<!-- This site is optimized with the Yoast SEO plugin v24.4 - https:\/\/yoast.com\/wordpress\/plugins\/seo\/ -->\n<title>paleographie<\/title>\n<meta name=\"description\" content=\"Quand on commence \u00e0 explorer les documents pour construire son arbre g\u00e9n\u00e9alogique, tout va pour le mieux. Puis, au cours du voyage, on rencontre un\" \/>\n<meta name=\"robots\" content=\"index, follow, max-snippet:-1, max-image-preview:large, max-video-preview:-1\" \/>\n<link rel=\"canonical\" href=\"https:\/\/www.agv44.org\/site\/aie-a-la-paleographie\/\" \/>\n<meta property=\"og:locale\" content=\"fr_FR\" \/>\n<meta property=\"og:type\" content=\"article\" \/>\n<meta property=\"og:title\" content=\"paleographie\" \/>\n<meta property=\"og:description\" content=\"Quand on commence \u00e0 explorer les documents pour construire son arbre g\u00e9n\u00e9alogique, tout va pour le mieux. Puis, au cours du voyage, on rencontre un\" \/>\n<meta property=\"og:url\" content=\"https:\/\/www.agv44.org\/site\/aie-a-la-paleographie\/\" \/>\n<meta property=\"article:modified_time\" content=\"2023-10-02T12:56:27+00:00\" \/>\n<meta property=\"og:image\" content=\"https:\/\/www.agv44.org\/site\/wp-content\/uploads\/2020\/04\/aide-paleographie-1320x253.png\" \/>\n<meta name=\"twitter:card\" content=\"summary_large_image\" \/>\n<meta name=\"twitter:label1\" content=\"Dur\u00e9e de lecture estim\u00e9e\" \/>\n\t<meta name=\"twitter:data1\" content=\"1 minute\" \/>\n<script type=\"application\/ld+json\" class=\"yoast-schema-graph\">{\"@context\":\"https:\/\/schema.org\",\"@graph\":[{\"@type\":\"WebPage\",\"@id\":\"https:\/\/www.agv44.org\/site\/aie-a-la-paleographie\/\",\"url\":\"https:\/\/www.agv44.org\/site\/aie-a-la-paleographie\/\",\"name\":\"paleographie\",\"isPartOf\":{\"@id\":\"https:\/\/www.agv44.org\/site\/#website\"},\"primaryImageOfPage\":{\"@id\":\"https:\/\/www.agv44.org\/site\/aie-a-la-paleographie\/#primaryimage\"},\"image\":{\"@id\":\"https:\/\/www.agv44.org\/site\/aie-a-la-paleographie\/#primaryimage\"},\"thumbnailUrl\":\"https:\/\/www.agv44.org\/site\/wp-content\/uploads\/2020\/04\/aide-paleographie-1320x253.png\",\"datePublished\":\"2019-09-26T12:06:55+00:00\",\"dateModified\":\"2023-10-02T12:56:27+00:00\",\"description\":\"Quand on commence \u00e0 explorer les documents pour construire son arbre g\u00e9n\u00e9alogique, tout va pour le mieux. Puis, au cours du voyage, on rencontre un\",\"breadcrumb\":{\"@id\":\"https:\/\/www.agv44.org\/site\/aie-a-la-paleographie\/#breadcrumb\"},\"inLanguage\":\"fr-FR\",\"potentialAction\":[{\"@type\":\"ReadAction\",\"target\":[\"https:\/\/www.agv44.org\/site\/aie-a-la-paleographie\/\"]}]},{\"@type\":\"ImageObject\",\"inLanguage\":\"fr-FR\",\"@id\":\"https:\/\/www.agv44.org\/site\/aie-a-la-paleographie\/#primaryimage\",\"url\":\"https:\/\/www.agv44.org\/site\/wp-content\/uploads\/2020\/04\/aide-paleographie.png\",\"contentUrl\":\"https:\/\/www.agv44.org\/site\/wp-content\/uploads\/2020\/04\/aide-paleographie.png\",\"width\":3680,\"height\":705},{\"@type\":\"BreadcrumbList\",\"@id\":\"https:\/\/www.agv44.org\/site\/aie-a-la-paleographie\/#breadcrumb\",\"itemListElement\":[{\"@type\":\"ListItem\",\"position\":1,\"name\":\"Accueil\",\"item\":\"https:\/\/www.agv44.org\/site\/\"},{\"@type\":\"ListItem\",\"position\":2,\"name\":\"paleographie\"}]},{\"@type\":\"WebSite\",\"@id\":\"https:\/\/www.agv44.org\/site\/#website\",\"url\":\"https:\/\/www.agv44.org\/site\/\",\"name\":\"\",\"description\":\"\",\"publisher\":{\"@id\":\"https:\/\/www.agv44.org\/site\/#organization\"},\"potentialAction\":[{\"@type\":\"SearchAction\",\"target\":{\"@type\":\"EntryPoint\",\"urlTemplate\":\"https:\/\/www.agv44.org\/site\/?s={search_term_string}\"},\"query-input\":{\"@type\":\"PropertyValueSpecification\",\"valueRequired\":true,\"valueName\":\"search_term_string\"}}],\"inLanguage\":\"fr-FR\"},{\"@type\":\"Organization\",\"@id\":\"https:\/\/www.agv44.org\/site\/#organization\",\"name\":\"Association G\u00e9n\u00e9alogique Vertavienne\",\"url\":\"https:\/\/www.agv44.org\/site\/\",\"logo\":{\"@type\":\"ImageObject\",\"inLanguage\":\"fr-FR\",\"@id\":\"https:\/\/www.agv44.org\/site\/#\/schema\/logo\/image\/\",\"url\":\"https:\/\/www.agv44.org\/site\/wp-content\/uploads\/2020\/04\/logoagv300.png\",\"contentUrl\":\"https:\/\/www.agv44.org\/site\/wp-content\/uploads\/2020\/04\/logoagv300.png\",\"width\":300,\"height\":271,\"caption\":\"Association G\u00e9n\u00e9alogique Vertavienne\"},\"image\":{\"@id\":\"https:\/\/www.agv44.org\/site\/#\/schema\/logo\/image\/\"}}]}<\/script>\n<!-- \/ Yoast SEO plugin. -->","yoast_head_json":{"title":"paleographie","description":"Quand on commence \u00e0 explorer les documents pour construire son arbre g\u00e9n\u00e9alogique, tout va pour le mieux. Puis, au cours du voyage, on rencontre un","robots":{"index":"index","follow":"follow","max-snippet":"max-snippet:-1","max-image-preview":"max-image-preview:large","max-video-preview":"max-video-preview:-1"},"canonical":"https:\/\/www.agv44.org\/site\/aie-a-la-paleographie\/","og_locale":"fr_FR","og_type":"article","og_title":"paleographie","og_description":"Quand on commence \u00e0 explorer les documents pour construire son arbre g\u00e9n\u00e9alogique, tout va pour le mieux. Puis, au cours du voyage, on rencontre un","og_url":"https:\/\/www.agv44.org\/site\/aie-a-la-paleographie\/","article_modified_time":"2023-10-02T12:56:27+00:00","og_image":[{"url":"https:\/\/www.agv44.org\/site\/wp-content\/uploads\/2020\/04\/aide-paleographie-1320x253.png","type":"","width":"","height":""}],"twitter_card":"summary_large_image","twitter_misc":{"Dur\u00e9e de lecture estim\u00e9e":"1 minute"},"schema":{"@context":"https:\/\/schema.org","@graph":[{"@type":"WebPage","@id":"https:\/\/www.agv44.org\/site\/aie-a-la-paleographie\/","url":"https:\/\/www.agv44.org\/site\/aie-a-la-paleographie\/","name":"paleographie","isPartOf":{"@id":"https:\/\/www.agv44.org\/site\/#website"},"primaryImageOfPage":{"@id":"https:\/\/www.agv44.org\/site\/aie-a-la-paleographie\/#primaryimage"},"image":{"@id":"https:\/\/www.agv44.org\/site\/aie-a-la-paleographie\/#primaryimage"},"thumbnailUrl":"https:\/\/www.agv44.org\/site\/wp-content\/uploads\/2020\/04\/aide-paleographie-1320x253.png","datePublished":"2019-09-26T12:06:55+00:00","dateModified":"2023-10-02T12:56:27+00:00","description":"Quand on commence \u00e0 explorer les documents pour construire son arbre g\u00e9n\u00e9alogique, tout va pour le mieux. Puis, au cours du voyage, on rencontre un","breadcrumb":{"@id":"https:\/\/www.agv44.org\/site\/aie-a-la-paleographie\/#breadcrumb"},"inLanguage":"fr-FR","potentialAction":[{"@type":"ReadAction","target":["https:\/\/www.agv44.org\/site\/aie-a-la-paleographie\/"]}]},{"@type":"ImageObject","inLanguage":"fr-FR","@id":"https:\/\/www.agv44.org\/site\/aie-a-la-paleographie\/#primaryimage","url":"https:\/\/www.agv44.org\/site\/wp-content\/uploads\/2020\/04\/aide-paleographie.png","contentUrl":"https:\/\/www.agv44.org\/site\/wp-content\/uploads\/2020\/04\/aide-paleographie.png","width":3680,"height":705},{"@type":"BreadcrumbList","@id":"https:\/\/www.agv44.org\/site\/aie-a-la-paleographie\/#breadcrumb","itemListElement":[{"@type":"ListItem","position":1,"name":"Accueil","item":"https:\/\/www.agv44.org\/site\/"},{"@type":"ListItem","position":2,"name":"paleographie"}]},{"@type":"WebSite","@id":"https:\/\/www.agv44.org\/site\/#website","url":"https:\/\/www.agv44.org\/site\/","name":"","description":"","publisher":{"@id":"https:\/\/www.agv44.org\/site\/#organization"},"potentialAction":[{"@type":"SearchAction","target":{"@type":"EntryPoint","urlTemplate":"https:\/\/www.agv44.org\/site\/?s={search_term_string}"},"query-input":{"@type":"PropertyValueSpecification","valueRequired":true,"valueName":"search_term_string"}}],"inLanguage":"fr-FR"},{"@type":"Organization","@id":"https:\/\/www.agv44.org\/site\/#organization","name":"Association G\u00e9n\u00e9alogique Vertavienne","url":"https:\/\/www.agv44.org\/site\/","logo":{"@type":"ImageObject","inLanguage":"fr-FR","@id":"https:\/\/www.agv44.org\/site\/#\/schema\/logo\/image\/","url":"https:\/\/www.agv44.org\/site\/wp-content\/uploads\/2020\/04\/logoagv300.png","contentUrl":"https:\/\/www.agv44.org\/site\/wp-content\/uploads\/2020\/04\/logoagv300.png","width":300,"height":271,"caption":"Association G\u00e9n\u00e9alogique Vertavienne"},"image":{"@id":"https:\/\/www.agv44.org\/site\/#\/schema\/logo\/image\/"}}]}},"_links":{"self":[{"href":"https:\/\/www.agv44.org\/site\/wp-json\/wp\/v2\/pages\/754","targetHints":{"allow":["GET"]}}],"collection":[{"href":"https:\/\/www.agv44.org\/site\/wp-json\/wp\/v2\/pages"}],"about":[{"href":"https:\/\/www.agv44.org\/site\/wp-json\/wp\/v2\/types\/page"}],"author":[{"embeddable":true,"href":"https:\/\/www.agv44.org\/site\/wp-json\/wp\/v2\/users\/1"}],"replies":[{"embeddable":true,"href":"https:\/\/www.agv44.org\/site\/wp-json\/wp\/v2\/comments?post=754"}],"version-history":[{"count":30,"href":"https:\/\/www.agv44.org\/site\/wp-json\/wp\/v2\/pages\/754\/revisions"}],"predecessor-version":[{"id":6368,"href":"https:\/\/www.agv44.org\/site\/wp-json\/wp\/v2\/pages\/754\/revisions\/6368"}],"wp:attachment":[{"href":"https:\/\/www.agv44.org\/site\/wp-json\/wp\/v2\/media?parent=754"}],"curies":[{"name":"wp","href":"https:\/\/api.w.org\/{rel}","templated":true}]}}