{"id":6605,"date":"2024-02-27T12:07:32","date_gmt":"2024-02-27T11:07:32","guid":{"rendered":"https:\/\/www.agv44.org\/site\/?page_id=6605"},"modified":"2024-02-28T18:46:22","modified_gmt":"2024-02-28T17:46:22","slug":"registre-montbert","status":"publish","type":"page","link":"https:\/\/www.agv44.org\/site\/registre-montbert\/","title":{"rendered":"registre montbert"},"content":{"rendered":"\n<p class=\"has-text-align-center has-text-color\" style=\"color:#3a40b4;font-size:40px\"><strong>Une \u00e2me d&rsquo;artiste<\/strong><\/p>\n\n\n\n<p>Lors d&rsquo;une recherche dans les cahiers paroissiaux de Montbert, Jacques fut surpris de la richesse de l&rsquo;illustration de la premi\u00e8re page du registre des mariages de 1646.<\/p>\n\n\n<div class=\"wp-block-image\">\n<figure class=\"aligncenter size-full is-resized\"><img loading=\"lazy\" decoding=\"async\" src=\"https:\/\/www.agv44.org\/site\/wp-content\/uploads\/2024\/02\/ad44_etatcivil_ad44_0596_ad44_0596_03_ad44_0596_03_0003_3000_2370_0_0_3352_2648_0_0_0_0.jpg_mark.jpg\" alt=\"\" class=\"wp-image-6609\" width=\"524\" height=\"694\" srcset=\"https:\/\/www.agv44.org\/site\/wp-content\/uploads\/2024\/02\/ad44_etatcivil_ad44_0596_ad44_0596_03_ad44_0596_03_0003_3000_2370_0_0_3352_2648_0_0_0_0.jpg_mark.jpg 1496w, https:\/\/www.agv44.org\/site\/wp-content\/uploads\/2024\/02\/ad44_etatcivil_ad44_0596_ad44_0596_03_ad44_0596_03_0003_3000_2370_0_0_3352_2648_0_0_0_0.jpg_mark-226x300.jpg 226w, https:\/\/www.agv44.org\/site\/wp-content\/uploads\/2024\/02\/ad44_etatcivil_ad44_0596_ad44_0596_03_ad44_0596_03_0003_3000_2370_0_0_3352_2648_0_0_0_0.jpg_mark-772x1024.jpg 772w, https:\/\/www.agv44.org\/site\/wp-content\/uploads\/2024\/02\/ad44_etatcivil_ad44_0596_ad44_0596_03_ad44_0596_03_0003_3000_2370_0_0_3352_2648_0_0_0_0.jpg_mark-768x1019.jpg 768w, https:\/\/www.agv44.org\/site\/wp-content\/uploads\/2024\/02\/ad44_etatcivil_ad44_0596_ad44_0596_03_ad44_0596_03_0003_3000_2370_0_0_3352_2648_0_0_0_0.jpg_mark-1158x1536.jpg 1158w, https:\/\/www.agv44.org\/site\/wp-content\/uploads\/2024\/02\/ad44_etatcivil_ad44_0596_ad44_0596_03_ad44_0596_03_0003_3000_2370_0_0_3352_2648_0_0_0_0.jpg_mark-676x897.jpg 676w\" sizes=\"auto, (max-width: 524px) 100vw, 524px\" \/><\/figure><\/div>\n\n\n<p>Elle accompagne une formule r\u00e9capitulant les motifs canoniques emp\u00eachant de contracter un mariage:<\/p>\n\n\n\n<p>Error, conditio, votum, cognatio, crimen, cultus disparitas, Vis, ordo, ligamen, honestas<br>Si sis Affinis, si forte coire nequibis haec celebranda vetant connubia facta retractatant.<\/p>\n\n\n\n<p>ce qui signifie,<\/p>\n\n\n\n<p>l&rsquo;erreur, la condition, le v\u0153u religieux, la parent\u00e9, un crime, la diff\u00e9rence de religion, la contrainte, l&rsquo;ordination sacerdotale, un lien conjugal ant\u00e9rieur, l&rsquo;honn\u00eatet\u00e9 si vous \u00eates apparent\u00e9, si par hasard vous ne pourrez pas consommer de rapports sexuels.<\/p>\n\n\n\n<p>On peut trouver cette formule dans les \u00ab\u00a0Acta ecclesiae mediolanensis\u00a0\u00bb (Actes de l&rsquo;\u00e9glise milanaise), \u00e9crits par le cardinal Carlo Borromeo (Arona, 2 octobre 1538, Milan, 3 novembre 1584). <\/p>\n\n\n<div class=\"wp-block-image\">\n<figure class=\"aligncenter size-large is-resized\"><img decoding=\"async\" src=\"https:\/\/www.agv44.org\/site\/wp-content\/uploads\/2024\/02\/acte-eclesia01-664x1024.jpg\" alt=\"\" class=\"wp-image-6610\" width=\"300\" srcset=\"https:\/\/www.agv44.org\/site\/wp-content\/uploads\/2024\/02\/acte-eclesia01-664x1024.jpg 664w, https:\/\/www.agv44.org\/site\/wp-content\/uploads\/2024\/02\/acte-eclesia01-195x300.jpg 195w, https:\/\/www.agv44.org\/site\/wp-content\/uploads\/2024\/02\/acte-eclesia01-768x1184.jpg 768w, https:\/\/www.agv44.org\/site\/wp-content\/uploads\/2024\/02\/acte-eclesia01-996x1536.jpg 996w, https:\/\/www.agv44.org\/site\/wp-content\/uploads\/2024\/02\/acte-eclesia01-1328x2048.jpg 1328w, https:\/\/www.agv44.org\/site\/wp-content\/uploads\/2024\/02\/acte-eclesia01-676x1043.jpg 676w, https:\/\/www.agv44.org\/site\/wp-content\/uploads\/2024\/02\/acte-eclesia01.jpg 1621w\" sizes=\"(max-width: 664px) 100vw, 664px\" \/><\/figure><\/div>\n\n\n<p>Mais elle est en fait beaucoup plus ancienne puisqu&rsquo;on la trouve dans l&rsquo;oeuvre ,\u00a0\u00bb De matrimonio\u00a0\u00bb, de Tancredi da Bologna qui v\u00e9cu entre le XII\u00e8me et le XIII\u00e8me si\u00e8cle. <\/p>\n\n\n\n<div class=\"wp-block-columns is-layout-flex wp-container-core-columns-is-layout-1 wp-block-columns-is-layout-flex\">\n<div class=\"wp-block-column is-layout-flow wp-block-column-is-layout-flow\"><div class=\"wp-block-image\">\n<figure class=\"aligncenter size-medium is-resized\"><a href=\"https:\/\/books.google.fr\/books?id=AuFGAAAAcAAJ&amp;printsec=frontcover&amp;hl=fr#v=onepage&amp;q=Error%2C%20conditio%2C%20votum%2C%20cognatio%2C%20crimen&amp;f=false\" target=\"_blank\" rel=\"noreferrer noopener\"><img decoding=\"async\" src=\"https:\/\/www.agv44.org\/site\/wp-content\/uploads\/2024\/02\/tancrede01-1841-1-172x300.jpg\" alt=\"\" class=\"wp-image-6607\" width=\"300\" srcset=\"https:\/\/www.agv44.org\/site\/wp-content\/uploads\/2024\/02\/tancrede01-1841-1-172x300.jpg 172w, https:\/\/www.agv44.org\/site\/wp-content\/uploads\/2024\/02\/tancrede01-1841-1.jpg 462w\" sizes=\"(max-width: 172px) 100vw, 172px\" \/><\/a><figcaption class=\"wp-element-caption\">edition de 1841<\/figcaption><\/figure><\/div><\/div>\n\n\n\n<div class=\"wp-block-column is-layout-flow wp-block-column-is-layout-flow\"><div class=\"wp-block-image\">\n<figure class=\"aligncenter size-medium is-resized\"><a href=\"https:\/\/books.google.fr\/books?id=AuFGAAAAcAAJ&amp;printsec=frontcover&amp;hl=fr#v=onepage&amp;q=Error%2C%20conditio%2C%20votum%2C%20cognatio%2C%20crimen&amp;f=false\" target=\"_blank\" rel=\"noreferrer noopener\"><img decoding=\"async\" src=\"https:\/\/www.agv44.org\/site\/wp-content\/uploads\/2024\/02\/tancrede03-180x300.jpg\" alt=\"\" class=\"wp-image-6608\" width=\"300\" srcset=\"https:\/\/www.agv44.org\/site\/wp-content\/uploads\/2024\/02\/tancrede03-180x300.jpg 180w, https:\/\/www.agv44.org\/site\/wp-content\/uploads\/2024\/02\/tancrede03-614x1024.jpg 614w, https:\/\/www.agv44.org\/site\/wp-content\/uploads\/2024\/02\/tancrede03-768x1281.jpg 768w, https:\/\/www.agv44.org\/site\/wp-content\/uploads\/2024\/02\/tancrede03-921x1536.jpg 921w, https:\/\/www.agv44.org\/site\/wp-content\/uploads\/2024\/02\/tancrede03-676x1128.jpg 676w, https:\/\/www.agv44.org\/site\/wp-content\/uploads\/2024\/02\/tancrede03.jpg 950w\" sizes=\"(max-width: 180px) 100vw, 180px\" \/><\/a><figcaption class=\"wp-element-caption\">extrait pg 17<\/figcaption><\/figure><\/div><\/div>\n<\/div>\n\n\n\n<p>Quant aux dessins, on peut discerner des plantes sauvages pour la plupart, le fraisier , la vigne, la centaur\u00e9e (bleuet), une nielle, peut-\u00eatre une marguerite et des animaux.<\/p>\n\n\n\n<p>Parmi ceux-ci sans doute un canard, peut-\u00eatre une poule et une corneille et aussi un rapace. <\/p>\n\n\n\n<p>Au milieu une corde, le lien du mariage&#8230; <\/p>\n\n\n\n<p>Au sein de cette arche, un petit personnage chauve qui lit, auto-portrait de l&rsquo;auteur ?<\/p>\n\n\n\n<p>Ces \u00eatres vivants sont-ils charg\u00e9s d&rsquo;un symbolisme ou simplement l\u00e0 pour apporter un peu de l\u00e9g\u00e8ret\u00e9 \u00e0 un registre des plus s\u00e9rieux ?<\/p>\n\n\n\n<p>Jeanine sugg\u00e8re que le fraisier symbolise l&rsquo;amour et la Vierge Marie car il porte sur le m\u00eame pied fleurs et fruits.<\/p>\n\n\n\n<p>Sous le titre on peut d\u00e9chiffrer le premier acte enregistr\u00e9, le mariage de Mathurin Guislet et Mathurine Cormerays, qu&rsquo;on retrouve dans notre registre Nim\u00e8gue  ou <a href=\"https:\/\/www.agv44.org\/espaceadherent\/acte_mari.php?xid=6556519&amp;xct=6216\" target=\"_blank\" rel=\"noreferrer noopener\">Expoacte<\/a> attest\u00e9 par une signature imposante du pr\u00eatre.<\/p>\n\n\n<div class=\"wp-block-image\">\n<figure class=\"aligncenter size-full is-resized\"><img loading=\"lazy\" decoding=\"async\" src=\"https:\/\/www.agv44.org\/site\/wp-content\/uploads\/2024\/02\/sgn-cure.jpg\" alt=\"\" class=\"wp-image-6623\" width=\"476\" height=\"184\" srcset=\"https:\/\/www.agv44.org\/site\/wp-content\/uploads\/2024\/02\/sgn-cure.jpg 952w, https:\/\/www.agv44.org\/site\/wp-content\/uploads\/2024\/02\/sgn-cure-300x116.jpg 300w, https:\/\/www.agv44.org\/site\/wp-content\/uploads\/2024\/02\/sgn-cure-768x298.jpg 768w, https:\/\/www.agv44.org\/site\/wp-content\/uploads\/2024\/02\/sgn-cure-676x262.jpg 676w\" sizes=\"auto, (max-width: 476px) 100vw, 476px\" \/><\/figure><\/div>\n\n\n<p>Merci au d\u00e9couvreur de ce document. Si vous tombez sur de pareils tr\u00e9sors vous pouvez les partager<\/p>\n","protected":false},"excerpt":{"rendered":"<p>Une \u00e2me d&rsquo;artiste Lors d&rsquo;une recherche dans les cahiers paroissiaux de Montbert, Jacques fut surpris de la richesse de l&rsquo;illustration de la premi\u00e8re page du registre des mariages de 1646. Elle accompagne une formule r\u00e9capitulant les motifs canoniques emp\u00eachant de contracter un mariage: Error, conditio, votum, cognatio, crimen, cultus disparitas, Vis, ordo, ligamen, honestasSi sis [&hellip;]<\/p>\n","protected":false},"author":86,"featured_media":0,"parent":0,"menu_order":0,"comment_status":"closed","ping_status":"closed","template":"","meta":{"footnotes":""},"class_list":["post-6605","page","type-page","status-publish","hentry","post-preview"],"yoast_head":"<!-- This site is optimized with the Yoast SEO plugin v24.4 - https:\/\/yoast.com\/wordpress\/plugins\/seo\/ -->\n<title>registre montbert<\/title>\n<meta name=\"description\" content=\"Une \u00e2me d&#039;artiste Lors d&#039;une recherche dans les cahiers paroissiaux de Montbert, Jacques fut surpris de la richesse de l&#039;illustration de la premi\u00e8re page\" \/>\n<meta name=\"robots\" content=\"index, follow, max-snippet:-1, max-image-preview:large, max-video-preview:-1\" \/>\n<link rel=\"canonical\" href=\"https:\/\/www.agv44.org\/site\/registre-montbert\/\" \/>\n<meta property=\"og:locale\" content=\"fr_FR\" \/>\n<meta property=\"og:type\" content=\"article\" \/>\n<meta property=\"og:title\" content=\"registre montbert\" \/>\n<meta property=\"og:description\" content=\"Une \u00e2me d&#039;artiste Lors d&#039;une recherche dans les cahiers paroissiaux de Montbert, Jacques fut surpris de la richesse de l&#039;illustration de la premi\u00e8re page\" \/>\n<meta property=\"og:url\" content=\"https:\/\/www.agv44.org\/site\/registre-montbert\/\" \/>\n<meta property=\"article:modified_time\" content=\"2024-02-28T17:46:22+00:00\" \/>\n<meta property=\"og:image\" content=\"https:\/\/www.agv44.org\/site\/wp-content\/uploads\/2024\/02\/ad44_etatcivil_ad44_0596_ad44_0596_03_ad44_0596_03_0003_3000_2370_0_0_3352_2648_0_0_0_0.jpg_mark.jpg\" \/>\n<meta name=\"twitter:card\" content=\"summary_large_image\" \/>\n<meta name=\"twitter:label1\" content=\"Dur\u00e9e de lecture estim\u00e9e\" \/>\n\t<meta name=\"twitter:data1\" content=\"2 minutes\" \/>\n<script type=\"application\/ld+json\" class=\"yoast-schema-graph\">{\"@context\":\"https:\/\/schema.org\",\"@graph\":[{\"@type\":\"WebPage\",\"@id\":\"https:\/\/www.agv44.org\/site\/registre-montbert\/\",\"url\":\"https:\/\/www.agv44.org\/site\/registre-montbert\/\",\"name\":\"registre montbert\",\"isPartOf\":{\"@id\":\"https:\/\/www.agv44.org\/site\/#website\"},\"primaryImageOfPage\":{\"@id\":\"https:\/\/www.agv44.org\/site\/registre-montbert\/#primaryimage\"},\"image\":{\"@id\":\"https:\/\/www.agv44.org\/site\/registre-montbert\/#primaryimage\"},\"thumbnailUrl\":\"https:\/\/www.agv44.org\/site\/wp-content\/uploads\/2024\/02\/ad44_etatcivil_ad44_0596_ad44_0596_03_ad44_0596_03_0003_3000_2370_0_0_3352_2648_0_0_0_0.jpg_mark.jpg\",\"datePublished\":\"2024-02-27T11:07:32+00:00\",\"dateModified\":\"2024-02-28T17:46:22+00:00\",\"description\":\"Une \u00e2me d'artiste Lors d'une recherche dans les cahiers paroissiaux de Montbert, Jacques fut surpris de la richesse de l'illustration de la premi\u00e8re page\",\"breadcrumb\":{\"@id\":\"https:\/\/www.agv44.org\/site\/registre-montbert\/#breadcrumb\"},\"inLanguage\":\"fr-FR\",\"potentialAction\":[{\"@type\":\"ReadAction\",\"target\":[\"https:\/\/www.agv44.org\/site\/registre-montbert\/\"]}]},{\"@type\":\"ImageObject\",\"inLanguage\":\"fr-FR\",\"@id\":\"https:\/\/www.agv44.org\/site\/registre-montbert\/#primaryimage\",\"url\":\"https:\/\/www.agv44.org\/site\/wp-content\/uploads\/2024\/02\/ad44_etatcivil_ad44_0596_ad44_0596_03_ad44_0596_03_0003_3000_2370_0_0_3352_2648_0_0_0_0.jpg_mark.jpg\",\"contentUrl\":\"https:\/\/www.agv44.org\/site\/wp-content\/uploads\/2024\/02\/ad44_etatcivil_ad44_0596_ad44_0596_03_ad44_0596_03_0003_3000_2370_0_0_3352_2648_0_0_0_0.jpg_mark.jpg\",\"width\":1496,\"height\":1984},{\"@type\":\"BreadcrumbList\",\"@id\":\"https:\/\/www.agv44.org\/site\/registre-montbert\/#breadcrumb\",\"itemListElement\":[{\"@type\":\"ListItem\",\"position\":1,\"name\":\"Accueil\",\"item\":\"https:\/\/www.agv44.org\/site\/\"},{\"@type\":\"ListItem\",\"position\":2,\"name\":\"registre montbert\"}]},{\"@type\":\"WebSite\",\"@id\":\"https:\/\/www.agv44.org\/site\/#website\",\"url\":\"https:\/\/www.agv44.org\/site\/\",\"name\":\"\",\"description\":\"\",\"publisher\":{\"@id\":\"https:\/\/www.agv44.org\/site\/#organization\"},\"potentialAction\":[{\"@type\":\"SearchAction\",\"target\":{\"@type\":\"EntryPoint\",\"urlTemplate\":\"https:\/\/www.agv44.org\/site\/?s={search_term_string}\"},\"query-input\":{\"@type\":\"PropertyValueSpecification\",\"valueRequired\":true,\"valueName\":\"search_term_string\"}}],\"inLanguage\":\"fr-FR\"},{\"@type\":\"Organization\",\"@id\":\"https:\/\/www.agv44.org\/site\/#organization\",\"name\":\"Association G\u00e9n\u00e9alogique Vertavienne\",\"url\":\"https:\/\/www.agv44.org\/site\/\",\"logo\":{\"@type\":\"ImageObject\",\"inLanguage\":\"fr-FR\",\"@id\":\"https:\/\/www.agv44.org\/site\/#\/schema\/logo\/image\/\",\"url\":\"https:\/\/www.agv44.org\/site\/wp-content\/uploads\/2020\/04\/logoagv300.png\",\"contentUrl\":\"https:\/\/www.agv44.org\/site\/wp-content\/uploads\/2020\/04\/logoagv300.png\",\"width\":300,\"height\":271,\"caption\":\"Association G\u00e9n\u00e9alogique Vertavienne\"},\"image\":{\"@id\":\"https:\/\/www.agv44.org\/site\/#\/schema\/logo\/image\/\"}}]}<\/script>\n<!-- \/ Yoast SEO plugin. -->","yoast_head_json":{"title":"registre montbert","description":"Une \u00e2me d'artiste Lors d'une recherche dans les cahiers paroissiaux de Montbert, Jacques fut surpris de la richesse de l'illustration de la premi\u00e8re page","robots":{"index":"index","follow":"follow","max-snippet":"max-snippet:-1","max-image-preview":"max-image-preview:large","max-video-preview":"max-video-preview:-1"},"canonical":"https:\/\/www.agv44.org\/site\/registre-montbert\/","og_locale":"fr_FR","og_type":"article","og_title":"registre montbert","og_description":"Une \u00e2me d'artiste Lors d'une recherche dans les cahiers paroissiaux de Montbert, Jacques fut surpris de la richesse de l'illustration de la premi\u00e8re page","og_url":"https:\/\/www.agv44.org\/site\/registre-montbert\/","article_modified_time":"2024-02-28T17:46:22+00:00","og_image":[{"url":"https:\/\/www.agv44.org\/site\/wp-content\/uploads\/2024\/02\/ad44_etatcivil_ad44_0596_ad44_0596_03_ad44_0596_03_0003_3000_2370_0_0_3352_2648_0_0_0_0.jpg_mark.jpg","type":"","width":"","height":""}],"twitter_card":"summary_large_image","twitter_misc":{"Dur\u00e9e de lecture estim\u00e9e":"2 minutes"},"schema":{"@context":"https:\/\/schema.org","@graph":[{"@type":"WebPage","@id":"https:\/\/www.agv44.org\/site\/registre-montbert\/","url":"https:\/\/www.agv44.org\/site\/registre-montbert\/","name":"registre montbert","isPartOf":{"@id":"https:\/\/www.agv44.org\/site\/#website"},"primaryImageOfPage":{"@id":"https:\/\/www.agv44.org\/site\/registre-montbert\/#primaryimage"},"image":{"@id":"https:\/\/www.agv44.org\/site\/registre-montbert\/#primaryimage"},"thumbnailUrl":"https:\/\/www.agv44.org\/site\/wp-content\/uploads\/2024\/02\/ad44_etatcivil_ad44_0596_ad44_0596_03_ad44_0596_03_0003_3000_2370_0_0_3352_2648_0_0_0_0.jpg_mark.jpg","datePublished":"2024-02-27T11:07:32+00:00","dateModified":"2024-02-28T17:46:22+00:00","description":"Une \u00e2me d'artiste Lors d'une recherche dans les cahiers paroissiaux de Montbert, Jacques fut surpris de la richesse de l'illustration de la premi\u00e8re page","breadcrumb":{"@id":"https:\/\/www.agv44.org\/site\/registre-montbert\/#breadcrumb"},"inLanguage":"fr-FR","potentialAction":[{"@type":"ReadAction","target":["https:\/\/www.agv44.org\/site\/registre-montbert\/"]}]},{"@type":"ImageObject","inLanguage":"fr-FR","@id":"https:\/\/www.agv44.org\/site\/registre-montbert\/#primaryimage","url":"https:\/\/www.agv44.org\/site\/wp-content\/uploads\/2024\/02\/ad44_etatcivil_ad44_0596_ad44_0596_03_ad44_0596_03_0003_3000_2370_0_0_3352_2648_0_0_0_0.jpg_mark.jpg","contentUrl":"https:\/\/www.agv44.org\/site\/wp-content\/uploads\/2024\/02\/ad44_etatcivil_ad44_0596_ad44_0596_03_ad44_0596_03_0003_3000_2370_0_0_3352_2648_0_0_0_0.jpg_mark.jpg","width":1496,"height":1984},{"@type":"BreadcrumbList","@id":"https:\/\/www.agv44.org\/site\/registre-montbert\/#breadcrumb","itemListElement":[{"@type":"ListItem","position":1,"name":"Accueil","item":"https:\/\/www.agv44.org\/site\/"},{"@type":"ListItem","position":2,"name":"registre montbert"}]},{"@type":"WebSite","@id":"https:\/\/www.agv44.org\/site\/#website","url":"https:\/\/www.agv44.org\/site\/","name":"","description":"","publisher":{"@id":"https:\/\/www.agv44.org\/site\/#organization"},"potentialAction":[{"@type":"SearchAction","target":{"@type":"EntryPoint","urlTemplate":"https:\/\/www.agv44.org\/site\/?s={search_term_string}"},"query-input":{"@type":"PropertyValueSpecification","valueRequired":true,"valueName":"search_term_string"}}],"inLanguage":"fr-FR"},{"@type":"Organization","@id":"https:\/\/www.agv44.org\/site\/#organization","name":"Association G\u00e9n\u00e9alogique Vertavienne","url":"https:\/\/www.agv44.org\/site\/","logo":{"@type":"ImageObject","inLanguage":"fr-FR","@id":"https:\/\/www.agv44.org\/site\/#\/schema\/logo\/image\/","url":"https:\/\/www.agv44.org\/site\/wp-content\/uploads\/2020\/04\/logoagv300.png","contentUrl":"https:\/\/www.agv44.org\/site\/wp-content\/uploads\/2020\/04\/logoagv300.png","width":300,"height":271,"caption":"Association G\u00e9n\u00e9alogique Vertavienne"},"image":{"@id":"https:\/\/www.agv44.org\/site\/#\/schema\/logo\/image\/"}}]}},"_links":{"self":[{"href":"https:\/\/www.agv44.org\/site\/wp-json\/wp\/v2\/pages\/6605","targetHints":{"allow":["GET"]}}],"collection":[{"href":"https:\/\/www.agv44.org\/site\/wp-json\/wp\/v2\/pages"}],"about":[{"href":"https:\/\/www.agv44.org\/site\/wp-json\/wp\/v2\/types\/page"}],"author":[{"embeddable":true,"href":"https:\/\/www.agv44.org\/site\/wp-json\/wp\/v2\/users\/86"}],"replies":[{"embeddable":true,"href":"https:\/\/www.agv44.org\/site\/wp-json\/wp\/v2\/comments?post=6605"}],"version-history":[{"count":12,"href":"https:\/\/www.agv44.org\/site\/wp-json\/wp\/v2\/pages\/6605\/revisions"}],"predecessor-version":[{"id":6631,"href":"https:\/\/www.agv44.org\/site\/wp-json\/wp\/v2\/pages\/6605\/revisions\/6631"}],"wp:attachment":[{"href":"https:\/\/www.agv44.org\/site\/wp-json\/wp\/v2\/media?parent=6605"}],"curies":[{"name":"wp","href":"https:\/\/api.w.org\/{rel}","templated":true}]}}