{"id":5283,"date":"2022-04-01T18:06:11","date_gmt":"2022-04-01T16:06:11","guid":{"rendered":"https:\/\/www.agv44.org\/site\/?page_id=5283"},"modified":"2022-04-02T13:57:34","modified_gmt":"2022-04-02T11:57:34","slug":"pecheur-de-sable","status":"publish","type":"page","link":"https:\/\/www.agv44.org\/site\/pecheur-de-sable\/","title":{"rendered":"pecheur de sable"},"content":{"rendered":"\n<p class=\"has-text-align-center has-text-color has-larger-font-size\" style=\"color:#a33500\"><strong>Le<\/strong> <strong>p\u00eacheur de sable<\/strong><\/p>\n\n\n\n<p>Etre ou ne pas \u00eatre&#8230; marin \u00e0 Vertou au 19e si\u00e8cle<\/p>\n\n\n\n<p><em>Marin par n\u00e9cessit\u00e9<\/em><\/p>\n\n\n\n<div class=\"wp-block-image\"><figure class=\"alignright size-large is-resized\"><img loading=\"lazy\" decoding=\"async\" src=\"https:\/\/www.agv44.org\/site\/wp-content\/uploads\/2022\/04\/Pd307pw.jpg\" alt=\"\" class=\"wp-image-5286\" width=\"271\" height=\"350\" srcset=\"https:\/\/www.agv44.org\/site\/wp-content\/uploads\/2022\/04\/Pd307pw.jpg 465w, https:\/\/www.agv44.org\/site\/wp-content\/uploads\/2022\/04\/Pd307pw-233x300.jpg 233w\" sizes=\"auto, (max-width: 271px) 100vw, 271px\" \/><figcaption>Auguste<\/figcaption><\/figure><\/div>\n\n\n\n<p><\/p>\n\n\n\n<p>Mon grand-p\u00e8re Auguste Dejoie, n\u00e9 \u00e0 Vertou en 1862, commen\u00e7a comme mousse \u00e0 l&rsquo;\u00e2ge de 13 ans et finit capitaine au long cours. Il ne fut pas,&nbsp; loin de l\u00e0,&nbsp; une exception \u00e0 Vertou, comme marin et m\u00eame comme capitaine au long cours; d&rsquo;autres, ayant d\u00e9but\u00e9 de m\u00eame, devinrent ma\u00eetres au cabotage. Le fr\u00e8re d&rsquo;Auguste, Jean Fran\u00e7ois, n\u00e9 en 1864, suivit la m\u00eame voie que son a\u00een\u00e9, avec lequel il effectua d&rsquo;ailleurs plusieurs voyages sur le trois-m\u00e2ts <em>Duguesclin,<\/em> \u00e0 partir de 1895.<\/p>\n\n\n\n<div class=\"wp-block-image\"><figure class=\"alignleft size-large is-resized\"><img loading=\"lazy\" decoding=\"async\" src=\"https:\/\/www.agv44.org\/site\/wp-content\/uploads\/2022\/04\/Gd716pw.jpg\" alt=\"\" class=\"wp-image-5288\" width=\"360\" height=\"240\" srcset=\"https:\/\/www.agv44.org\/site\/wp-content\/uploads\/2022\/04\/Gd716pw.jpg 1000w, https:\/\/www.agv44.org\/site\/wp-content\/uploads\/2022\/04\/Gd716pw-300x200.jpg 300w, https:\/\/www.agv44.org\/site\/wp-content\/uploads\/2022\/04\/Gd716pw-768x512.jpg 768w, https:\/\/www.agv44.org\/site\/wp-content\/uploads\/2022\/04\/Gd716pw-676x451.jpg 676w\" sizes=\"auto, (max-width: 360px) 100vw, 360px\" \/><figcaption>Jean-Fran\u00e7ois (3)<\/figcaption><\/figure><\/div>\n\n\n\n<p>Les autres enfants de la fratrie s&rsquo;orient\u00e8rent vers des m\u00e9tiers de l&rsquo;artisanat ou devinrent ouvriers \u00e0 Chantenay. C&rsquo;est plus les conditions \u00e9conomiques et le contexte \u00e0 Vertou plut\u00f4t que l&rsquo;exemple du p\u00e8re, simple p\u00eacheur de sable, qui pouss\u00e8rent ainsi les deux premiers enfants de Pierre Dejoie et de Genevi\u00e8ve Legeay \u00e0 entamer une carri\u00e8re de marin. Et pourtant, Pierre Dejoie, n\u00e9 en 1830, faillit lui aussi, comme beaucoup d&rsquo;autres jeunes de son milieu, devenir marin.<\/p>\n\n\n\n<p><em>Un monde de marins&nbsp;<\/em><\/p>\n\n\n\n<p>Fran\u00e7ois Dejoie est agriculteur au village des Landes, dans l&rsquo;actuelle commune des Sorini\u00e8res, lorsqu&rsquo;il \u00e9pouse Marie Delaunay \u00e0 Vertou en 1828. C&rsquo;est la rencontre de deux mondes. Fran\u00e7ois est issu d&rsquo;une longue lign\u00e9e de laboureurs install\u00e9s depuis 1723 dans les villages des Landes et de la Ferni\u00e8re, lorsque ce secteur des Sorini\u00e8res faisait encore partie&nbsp; de la paroisse de Vertou, et pr\u00e9c\u00e9demment au village du Ch\u00eane-Creux \u00e0 Rez\u00e9.<\/p>\n\n\n\n<p>Tandis que le reste de la famille reste aux Sorini\u00e8res, Fran\u00e7ois s&rsquo;installe l\u00e0 o\u00f9 vit son \u00e9pouse&nbsp;: au village de la Chauss\u00e9e, au bord de la S\u00e8vre. Si Fran\u00e7ois reste agriculteur et cultive toujours ses terres et sa vigne aux Sorini\u00e8res, tout en essayant de recentrer son patrimoine sur un secteur plus proche du bourg de Vertou, en rive droite de la S\u00e8vre, il se trouve en m\u00eame temps au contact d&rsquo;un tout autre monde&nbsp;: celui des bateliers et des marins qui peuplent alors Beautour, la Chauss\u00e9e, le Ch\u00eane ou la Barbini\u00e8re, villages qui bordent la rivi\u00e8re. Les enfants de Fran\u00e7ois et de Marie, \u00e0 commencer par Pierre, n\u00e9 en 1830, suivi de Louis Fran\u00e7ois, en 1834, de Marie, en 1836, et de Jean, en 1839, vont grandir dans cet environnement largement maritime, notamment dans le milieu familial de leur m\u00e8re. De quoi influencer le cours de leur destin\u00e9e, d&rsquo;autant que leur p\u00e8re d\u00e9c\u00e8de t\u00f4t (Pierre n&rsquo;a que 8 ans) et que la situation mat\u00e9rielle de la veuve n&rsquo;est pas florissante.<\/p>\n\n\n\n<p><em>Echapper \u00e0 son destin&nbsp;?<\/em><\/p>\n\n\n\n<div class=\"wp-block-image\"><figure class=\"alignright size-large is-resized\"><img loading=\"lazy\" decoding=\"async\" src=\"https:\/\/www.agv44.org\/site\/wp-content\/uploads\/2022\/04\/chassemaree-1024x741.jpg\" alt=\"\" class=\"wp-image-5293\" width=\"368\" height=\"265\" srcset=\"https:\/\/www.agv44.org\/site\/wp-content\/uploads\/2022\/04\/chassemaree-1024x741.jpg 1024w, https:\/\/www.agv44.org\/site\/wp-content\/uploads\/2022\/04\/chassemaree-300x217.jpg 300w, https:\/\/www.agv44.org\/site\/wp-content\/uploads\/2022\/04\/chassemaree-768x556.jpg 768w, https:\/\/www.agv44.org\/site\/wp-content\/uploads\/2022\/04\/chassemaree-676x489.jpg 676w, https:\/\/www.agv44.org\/site\/wp-content\/uploads\/2022\/04\/chassemaree.jpg 1050w\" sizes=\"auto, (max-width: 368px) 100vw, 368px\" \/><figcaption>Un Chasse-Mar\u00e9e<\/figcaption><\/figure><\/div>\n\n\n\n<p>Bien qu&rsquo;issus d&rsquo;une lign\u00e9e de mar\u00e9chaux-ferrants de Vertou, les Delaunay, en ce d\u00e9but du 19e si\u00e8cle, se sont en effet tr\u00e8s largement reconvertis dans la marine ce qui ne peut, a priori, qu&rsquo;influencer un peu plus encore le devenir des fils de Fran\u00e7ois Dejoie et de Marie Delaunay. A commencer par leur oncle maternel, Jean Delaunay, qui s&rsquo;est embarqu\u00e9 la premi\u00e8re fois \u00e0 14 ans, a navigu\u00e9 sur la Loire, puis au cabotage, puis aux Isles Maurice et Bourbon et qui, quand Pierre est \u00e0 son tour en \u00e2ge de prendre la mer, chasse la baleine dans les mers du sud, lieutenant sur le <em>Keitos<\/em>. Un grand-oncle, Michel Delaunay, \u00e9tait encore matelot quelques ann\u00e9es auparavant. Jean Baptiste Bureau, \u00e9poux de leur grand-tante Marie Delaunay, navigue au cabotage. Et bien entendu, presque tous leurs cousins sont marins&nbsp;: les fils du forgeron de la Chauss\u00e9e, Jean Delaunay, comme ceux du &nbsp;taillandier de la Barbini\u00e8re, Fran\u00e7ois Delaunay. L&rsquo;un d&rsquo;eux, Andr\u00e9, a m\u00eame re\u00e7u son brevet de ma\u00eetre au cabotage en 1831. Le plus jeune, Jean Auguste, 12 ans, est mousse sur le chasse-mar\u00e9e <em>Louis-Philippe. <\/em><\/p>\n\n\n\n<p>D&rsquo;ailleurs<em>, <\/em>la preuve que Pierre \u00e9tait bien destin\u00e9 \u00e0 cette carri\u00e8re, est la case \u00e0 son nom, cr\u00e9\u00e9e sur le registre de 1826 des mousses. Elle restera vierge.<\/p>\n\n\n\n<div class=\"wp-block-image\"><figure class=\"aligncenter size-large is-resized\"><img loading=\"lazy\" decoding=\"async\" src=\"https:\/\/www.agv44.org\/site\/wp-content\/uploads\/2022\/04\/registre-1024x482.jpg\" alt=\"\" class=\"wp-image-5294\" width=\"410\" height=\"193\" srcset=\"https:\/\/www.agv44.org\/site\/wp-content\/uploads\/2022\/04\/registre-1024x482.jpg 1024w, https:\/\/www.agv44.org\/site\/wp-content\/uploads\/2022\/04\/registre-300x141.jpg 300w, https:\/\/www.agv44.org\/site\/wp-content\/uploads\/2022\/04\/registre-768x362.jpg 768w, https:\/\/www.agv44.org\/site\/wp-content\/uploads\/2022\/04\/registre-1536x723.jpg 1536w, https:\/\/www.agv44.org\/site\/wp-content\/uploads\/2022\/04\/registre-676x318.jpg 676w, https:\/\/www.agv44.org\/site\/wp-content\/uploads\/2022\/04\/registre.jpg 1750w\" sizes=\"auto, (max-width: 410px) 100vw, 410px\" \/><\/figure><\/div>\n\n\n\n<p>La condition des mousses n&rsquo;est pas n\u00e9cessairement enviable. Ils ne participent pas aux m\u00eames travaux ou man\u0153uvres que le reste de l&rsquo;\u00e9quipage mais sont plac\u00e9s sous son contr\u00f4le ; or, certains ne sont pas tendres avec eux. Lorsqu&rsquo;il devint capitaine, mon grand-p\u00e8re avait coutume de les prendre sous sa protection&nbsp;: \u00ab&nbsp; Si quelqu&rsquo;un touche \u00e0 un cheveu de cet enfant, disait-il, c&rsquo;est \u00e0 moi qu&rsquo;il aura \u00e0 faire&nbsp;\u00bb. Et puis, il y avait les risques&nbsp;: accidents ou maladie \u00e0 bord, naufrages&#8230;.<\/p>\n\n\n\n<div class=\"wp-block-image\"><figure class=\"alignleft size-large is-resized\"><img loading=\"lazy\" decoding=\"async\" src=\"https:\/\/www.agv44.org\/site\/wp-content\/uploads\/2022\/04\/brig-goelette.jpg\" alt=\"\" class=\"wp-image-5291\" width=\"349\" height=\"247\" srcset=\"https:\/\/www.agv44.org\/site\/wp-content\/uploads\/2022\/04\/brig-goelette.jpg 466w, https:\/\/www.agv44.org\/site\/wp-content\/uploads\/2022\/04\/brig-goelette-300x212.jpg 300w\" sizes=\"auto, (max-width: 349px) 100vw, 349px\" \/><figcaption>U Brick Go\u00eblette<\/figcaption><\/figure><\/div>\n\n\n\n<p>&nbsp;Pierre ne sera pas marin. Il est quand m\u00eame enregistr\u00e9, plus tard, comme novice, pour avoir navigu\u00e9 quelque temps sur la S\u00e8vre avec son grand-p\u00e8re Pierre Delaunay, batelier. Il fait avec lui son apprentissage sur le bateau la <em>S\u00e8vre,<\/em> du 18 octobre 1847 jusqu&rsquo;au 7 avril 1849, date \u00e0 laquelle il est ray\u00e9 d\u00e9finitivement de l&rsquo;Inscription maritime \u00ab&nbsp;<em>sur sa demande et avec le consentement de sa m\u00e8re<\/em>&nbsp;\u00bb. Marie Delaunay a d\u00e9j\u00e0 perdu trois de ses cousins en mer et, \u00e0 la Barbini\u00e8re, a eu lieu en 1847 un drame particuli\u00e8rement cruel&nbsp;: Jean Vinceslas Bureau, 37 ans, ma\u00eetre au cabotage, a disparu corps et biens \u00e0 bord du brick go\u00eblette <em>le Lamenais<\/em>, parti d&rsquo;Adra pour Dunkerque<strong>&nbsp;; <\/strong>son filsJean Baptiste, 12 ans, \u00e9tait \u00e0 bord.<\/p>\n\n\n\n<div class=\"wp-block-image\"><figure class=\"alignleft size-large is-resized\"><img loading=\"lazy\" decoding=\"async\" src=\"https:\/\/www.agv44.org\/site\/wp-content\/uploads\/2022\/04\/a-bord-1024x768.jpg\" alt=\"\" class=\"wp-image-5301\" width=\"348\" height=\"261\" srcset=\"https:\/\/www.agv44.org\/site\/wp-content\/uploads\/2022\/04\/a-bord-1024x768.jpg 1024w, https:\/\/www.agv44.org\/site\/wp-content\/uploads\/2022\/04\/a-bord-300x225.jpg 300w, https:\/\/www.agv44.org\/site\/wp-content\/uploads\/2022\/04\/a-bord-768x576.jpg 768w, https:\/\/www.agv44.org\/site\/wp-content\/uploads\/2022\/04\/a-bord-1536x1152.jpg 1536w, https:\/\/www.agv44.org\/site\/wp-content\/uploads\/2022\/04\/a-bord-2048x1536.jpg 2048w, https:\/\/www.agv44.org\/site\/wp-content\/uploads\/2022\/04\/a-bord-676x507.jpg 676w\" sizes=\"auto, (max-width: 348px) 100vw, 348px\" \/><figcaption>\u00ab\u00a0Georges Aubin<em>: nous, les cap- horniers\u00a0\u00bb&nbsp;<\/em><\/figcaption><\/figure><\/div>\n\n\n\n<p>Louis Fran\u00e7ois Dejoie, de quatre ans plus jeune que Pierre, a suivi quant \u00e0 lui le cours pr\u00e9visible des \u00e9v\u00e8nements&nbsp;: d\u00e8s 10 ans (\u00e2ge l\u00e9gal&nbsp;?), il est mousse sur des chasse-mar\u00e9e et ce, pendant plus de six ann\u00e9es cons\u00e9cutives, sans interruption&nbsp;; matelot \u00e0 18 ans, il effectue l&rsquo;ann\u00e9e suivante un premier voyage au long cours vers les Antilles. A 20 ans, \u00e2ge du service \u00e0 l&rsquo;\u00c9tat, il est \u00ab&nbsp;lev\u00e9&nbsp;\u00bb \u00e0 Toulon, o\u00f9 il vient de d\u00e9barquer. Le voici \u00e0 bord de la fr\u00e9gate l&rsquo;<em>Asmod\u00e9e <\/em>qui participe \u00e0 une op\u00e9ration de diversion contre les Russes, en mer Baltique, dans le cadre du conflit principal qui se d\u00e9roule en Crim\u00e9e. Louis Fran\u00e7ois ne reverra pas Vertou&nbsp;: il d\u00e9c\u00e8de \u00e0 bord de l&rsquo;<em>Asmod\u00e9e <\/em>le 18 ao\u00fbt 1854, \u00ab&nbsp;mort au mouillage de Bomarsand (\u00eele d&rsquo;Aland)&nbsp;\u00bb&nbsp;.<\/p>\n\n\n\n<p><em>Travailler sur l&rsquo;eau quand m\u00eame&nbsp;<\/em><\/p>\n\n\n\n<p>Pierre Delaunay, au mariage de son fils Jean, en 1838, est dit&nbsp;\u00ab&nbsp;p\u00eacheur de sable&nbsp;\u00bb. C&rsquo;est cette voie que va choisir Pierre, ainsi d&rsquo;ailleurs que son cadet Jean. Profession encore peu r\u00e9pandue, semble-t-il, car on ne trouve aucun p\u00eacheur de sable au recensement de 1851 \u00e0 Vertou. On en d\u00e9c\u00e8le quelques uns dans des actes d&rsquo;\u00e9tat civil \u00e0 Nantes (1830), \u00e0 Saint-Jacques (1836), La Chevroli\u00e8re (1840), Haute-Goulaine (1845), Saint-Julien-de-Concelles (1851), Rez\u00e9 (1854) ou Saint-Philbert-de-Grandlieu (Julien Gouy, 1860). Pierre n&rsquo;est mentionn\u00e9 comme p\u00eacheur de sable que dans un acte de mariage en 1854 et Jean, seulement au recensement de 1866, \u00e0 Vertou. Le m\u00e9tier s&rsquo;av\u00e8re cependant de plus en plus n\u00e9cessaire&nbsp;: le sable de Loire est tr\u00e8s demand\u00e9, tant pour le mara\u00eechage que pour la construction (et, \u00e0 Vertou, on construit alors beaucoup). Les deux fr\u00e8res ont travaill\u00e9 \u00e0 bord d&rsquo;une \u00ab&nbsp;<em>toue servant \u00e0 p\u00eacher le sable&nbsp;<\/em>\u00bb, longue barque \u00e0 fond plat, qu&rsquo;ils poss\u00e8dent d&rsquo;abord en indivision. Puis, en 1880, Jean \u00e9change avec son fr\u00e8re sa part de la toue avec \u00ab&nbsp;<em>tous ses apparaux et ustensiles<\/em>&nbsp;\u00bb contre des terres et vignes \u00e0 Vertou, h\u00e9ritage de leur p\u00e8re.<\/p>\n\n\n\n<div class=\"wp-block-image\"><figure class=\"aligncenter size-large is-resized\"><img loading=\"lazy\" decoding=\"async\" src=\"https:\/\/www.agv44.org\/site\/wp-content\/uploads\/2022\/04\/pecheur-de-sable-toulouse.jpg\" alt=\"\" class=\"wp-image-5298\" width=\"506\" height=\"319\" srcset=\"https:\/\/www.agv44.org\/site\/wp-content\/uploads\/2022\/04\/pecheur-de-sable-toulouse.jpg 602w, https:\/\/www.agv44.org\/site\/wp-content\/uploads\/2022\/04\/pecheur-de-sable-toulouse-300x189.jpg 300w\" sizes=\"auto, (max-width: 506px) 100vw, 506px\" \/><figcaption>P\u00eacheur de sable \u00e0 Toulouse<\/figcaption><\/figure><\/div>\n\n\n\n<p>&nbsp;Pierre Dejoie a travers\u00e9 le si\u00e8cle jusqu&rsquo;\u00e0 ses 73 ans et a fini ses jours, on l&rsquo;esp\u00e8re paisiblement, pr\u00e8s de sa fille Marie \u00e0 Saint-Barth\u00e9l\u00e9my d&rsquo;Anjou. Si l&rsquo;on \u00e9tablit des statistiques \u00e0 partir des nombreux marins de sa famille, il avait, s&rsquo;il avait choisi de suivre le destin qui lui semblait promis, 67% de chance de mourir en sa demeure mais 33% de probabilit\u00e9 de mourir en mer, plut\u00f4t jeune. Il avait 38% de chance de b\u00e9n\u00e9ficier d&rsquo;une promotion sociale (\u00e0 condition de fr\u00e9quenter l&rsquo;\u00e9cole), mais 62% de probabilit\u00e9 de rester toute sa vie matelot. <\/p>\n\n\n\n<div class=\"wp-block-image\"><figure class=\"alignleft size-large is-resized\"><img loading=\"lazy\" decoding=\"async\" src=\"https:\/\/www.agv44.org\/site\/wp-content\/uploads\/2022\/04\/pecheur-de-sable-1024x776.jpg\" alt=\"\" class=\"wp-image-5297\" width=\"331\" height=\"251\" srcset=\"https:\/\/www.agv44.org\/site\/wp-content\/uploads\/2022\/04\/pecheur-de-sable-1024x776.jpg 1024w, https:\/\/www.agv44.org\/site\/wp-content\/uploads\/2022\/04\/pecheur-de-sable-300x227.jpg 300w, https:\/\/www.agv44.org\/site\/wp-content\/uploads\/2022\/04\/pecheur-de-sable-768x582.jpg 768w, https:\/\/www.agv44.org\/site\/wp-content\/uploads\/2022\/04\/pecheur-de-sable-676x512.jpg 676w, https:\/\/www.agv44.org\/site\/wp-content\/uploads\/2022\/04\/pecheur-de-sable.jpg 1200w\" sizes=\"auto, (max-width: 331px) 100vw, 331px\" \/><figcaption>Travail harassant&#8230;<\/figcaption><\/figure><\/div>\n\n\n\n<p>Certes, il n&rsquo;aura sans doute pas risqu\u00e9 sa vie autant que d&rsquo;autres, sur sa toue \u00e0 p\u00eacher le sable, mais probablement pas plus que d&rsquo;autres \u00e9pargn\u00e9 sa fatigue&nbsp;: \u00e9coper le fond de l\u2019eau avec une pelle perc\u00e9e de trous pour en draguer sable et petits graviers, en vider son contenu dans la barque, au prix d&rsquo;un effort&nbsp;puissant de l\u2019\u00e9paule, et remonter le sable sur une embarcation non motoris\u00e9e et lourdement charg\u00e9e jusqu&rsquo;\u00e0 Vertou, \u00e0 la perche, \u00e0 la voile ou en la tractant depuis le chemin de halage qui \u00e9tait encore utilis\u00e9 au XIXe si\u00e8cle&#8230;<\/p>\n\n\n\n<p>Toujours est-il qu&rsquo;il ne fit pas fortune&nbsp;: d\u00e9c\u00e9d\u00e9 le 18 ao\u00fbt 1913, veuf de Genevi\u00e8ve Legeay, il n&rsquo;y eut pas mati\u00e8re \u00e0 une d\u00e9claration de succession&nbsp;: le maire d\u00e9livra le 10 avril 1914 un&nbsp; certificat d&rsquo;indigence.<\/p>\n","protected":false},"excerpt":{"rendered":"<p>Le p\u00eacheur de sable Etre ou ne pas \u00eatre&#8230; marin \u00e0 Vertou au 19e si\u00e8cle Marin par n\u00e9cessit\u00e9 Mon grand-p\u00e8re Auguste Dejoie, n\u00e9 \u00e0 Vertou en 1862, commen\u00e7a comme mousse \u00e0 l&rsquo;\u00e2ge de 13 ans et finit capitaine au long cours. Il ne fut pas,&nbsp; loin de l\u00e0,&nbsp; une exception \u00e0 Vertou, comme marin et [&hellip;]<\/p>\n","protected":false},"author":86,"featured_media":0,"parent":0,"menu_order":0,"comment_status":"closed","ping_status":"closed","template":"","meta":{"footnotes":""},"class_list":["post-5283","page","type-page","status-publish","hentry","post-preview"],"yoast_head":"<!-- This site is optimized with the Yoast SEO plugin v24.4 - https:\/\/yoast.com\/wordpress\/plugins\/seo\/ -->\n<title>pecheur de sable<\/title>\n<meta name=\"description\" content=\"Le p\u00eacheur de sable Etre ou ne pas \u00eatre... marin \u00e0 Vertou au 19e si\u00e8cle Marin par n\u00e9cessit\u00e9 Auguste Mon grand-p\u00e8re Auguste Dejoie, n\u00e9 \u00e0 Vertou en 1862,\" \/>\n<meta name=\"robots\" content=\"index, follow, max-snippet:-1, max-image-preview:large, max-video-preview:-1\" \/>\n<link rel=\"canonical\" href=\"https:\/\/www.agv44.org\/site\/pecheur-de-sable\/\" \/>\n<meta property=\"og:locale\" content=\"fr_FR\" \/>\n<meta property=\"og:type\" content=\"article\" \/>\n<meta property=\"og:title\" content=\"pecheur de sable\" \/>\n<meta property=\"og:description\" content=\"Le p\u00eacheur de sable Etre ou ne pas \u00eatre... marin \u00e0 Vertou au 19e si\u00e8cle Marin par n\u00e9cessit\u00e9 Auguste Mon grand-p\u00e8re Auguste Dejoie, n\u00e9 \u00e0 Vertou en 1862,\" \/>\n<meta property=\"og:url\" content=\"https:\/\/www.agv44.org\/site\/pecheur-de-sable\/\" \/>\n<meta property=\"article:modified_time\" content=\"2022-04-02T11:57:34+00:00\" \/>\n<meta property=\"og:image\" content=\"https:\/\/www.agv44.org\/site\/wp-content\/uploads\/2022\/04\/Pd307pw.jpg\" \/>\n<meta name=\"twitter:card\" content=\"summary_large_image\" \/>\n<meta name=\"twitter:label1\" content=\"Dur\u00e9e de lecture estim\u00e9e\" \/>\n\t<meta name=\"twitter:data1\" content=\"8 minutes\" \/>\n<script type=\"application\/ld+json\" class=\"yoast-schema-graph\">{\"@context\":\"https:\/\/schema.org\",\"@graph\":[{\"@type\":\"WebPage\",\"@id\":\"https:\/\/www.agv44.org\/site\/pecheur-de-sable\/\",\"url\":\"https:\/\/www.agv44.org\/site\/pecheur-de-sable\/\",\"name\":\"pecheur de sable\",\"isPartOf\":{\"@id\":\"https:\/\/www.agv44.org\/site\/#website\"},\"primaryImageOfPage\":{\"@id\":\"https:\/\/www.agv44.org\/site\/pecheur-de-sable\/#primaryimage\"},\"image\":{\"@id\":\"https:\/\/www.agv44.org\/site\/pecheur-de-sable\/#primaryimage\"},\"thumbnailUrl\":\"https:\/\/www.agv44.org\/site\/wp-content\/uploads\/2022\/04\/Pd307pw.jpg\",\"datePublished\":\"2022-04-01T16:06:11+00:00\",\"dateModified\":\"2022-04-02T11:57:34+00:00\",\"description\":\"Le p\u00eacheur de sable Etre ou ne pas \u00eatre... marin \u00e0 Vertou au 19e si\u00e8cle Marin par n\u00e9cessit\u00e9 Auguste Mon grand-p\u00e8re Auguste Dejoie, n\u00e9 \u00e0 Vertou en 1862,\",\"breadcrumb\":{\"@id\":\"https:\/\/www.agv44.org\/site\/pecheur-de-sable\/#breadcrumb\"},\"inLanguage\":\"fr-FR\",\"potentialAction\":[{\"@type\":\"ReadAction\",\"target\":[\"https:\/\/www.agv44.org\/site\/pecheur-de-sable\/\"]}]},{\"@type\":\"ImageObject\",\"inLanguage\":\"fr-FR\",\"@id\":\"https:\/\/www.agv44.org\/site\/pecheur-de-sable\/#primaryimage\",\"url\":\"https:\/\/www.agv44.org\/site\/wp-content\/uploads\/2022\/04\/Pd307pw.jpg\",\"contentUrl\":\"https:\/\/www.agv44.org\/site\/wp-content\/uploads\/2022\/04\/Pd307pw.jpg\",\"width\":465,\"height\":600},{\"@type\":\"BreadcrumbList\",\"@id\":\"https:\/\/www.agv44.org\/site\/pecheur-de-sable\/#breadcrumb\",\"itemListElement\":[{\"@type\":\"ListItem\",\"position\":1,\"name\":\"Accueil\",\"item\":\"https:\/\/www.agv44.org\/site\/\"},{\"@type\":\"ListItem\",\"position\":2,\"name\":\"pecheur de sable\"}]},{\"@type\":\"WebSite\",\"@id\":\"https:\/\/www.agv44.org\/site\/#website\",\"url\":\"https:\/\/www.agv44.org\/site\/\",\"name\":\"\",\"description\":\"\",\"publisher\":{\"@id\":\"https:\/\/www.agv44.org\/site\/#organization\"},\"potentialAction\":[{\"@type\":\"SearchAction\",\"target\":{\"@type\":\"EntryPoint\",\"urlTemplate\":\"https:\/\/www.agv44.org\/site\/?s={search_term_string}\"},\"query-input\":{\"@type\":\"PropertyValueSpecification\",\"valueRequired\":true,\"valueName\":\"search_term_string\"}}],\"inLanguage\":\"fr-FR\"},{\"@type\":\"Organization\",\"@id\":\"https:\/\/www.agv44.org\/site\/#organization\",\"name\":\"Association G\u00e9n\u00e9alogique Vertavienne\",\"url\":\"https:\/\/www.agv44.org\/site\/\",\"logo\":{\"@type\":\"ImageObject\",\"inLanguage\":\"fr-FR\",\"@id\":\"https:\/\/www.agv44.org\/site\/#\/schema\/logo\/image\/\",\"url\":\"https:\/\/www.agv44.org\/site\/wp-content\/uploads\/2020\/04\/logoagv300.png\",\"contentUrl\":\"https:\/\/www.agv44.org\/site\/wp-content\/uploads\/2020\/04\/logoagv300.png\",\"width\":300,\"height\":271,\"caption\":\"Association G\u00e9n\u00e9alogique Vertavienne\"},\"image\":{\"@id\":\"https:\/\/www.agv44.org\/site\/#\/schema\/logo\/image\/\"}}]}<\/script>\n<!-- \/ Yoast SEO plugin. -->","yoast_head_json":{"title":"pecheur de sable","description":"Le p\u00eacheur de sable Etre ou ne pas \u00eatre... marin \u00e0 Vertou au 19e si\u00e8cle Marin par n\u00e9cessit\u00e9 Auguste Mon grand-p\u00e8re Auguste Dejoie, n\u00e9 \u00e0 Vertou en 1862,","robots":{"index":"index","follow":"follow","max-snippet":"max-snippet:-1","max-image-preview":"max-image-preview:large","max-video-preview":"max-video-preview:-1"},"canonical":"https:\/\/www.agv44.org\/site\/pecheur-de-sable\/","og_locale":"fr_FR","og_type":"article","og_title":"pecheur de sable","og_description":"Le p\u00eacheur de sable Etre ou ne pas \u00eatre... marin \u00e0 Vertou au 19e si\u00e8cle Marin par n\u00e9cessit\u00e9 Auguste Mon grand-p\u00e8re Auguste Dejoie, n\u00e9 \u00e0 Vertou en 1862,","og_url":"https:\/\/www.agv44.org\/site\/pecheur-de-sable\/","article_modified_time":"2022-04-02T11:57:34+00:00","og_image":[{"url":"https:\/\/www.agv44.org\/site\/wp-content\/uploads\/2022\/04\/Pd307pw.jpg","type":"","width":"","height":""}],"twitter_card":"summary_large_image","twitter_misc":{"Dur\u00e9e de lecture estim\u00e9e":"8 minutes"},"schema":{"@context":"https:\/\/schema.org","@graph":[{"@type":"WebPage","@id":"https:\/\/www.agv44.org\/site\/pecheur-de-sable\/","url":"https:\/\/www.agv44.org\/site\/pecheur-de-sable\/","name":"pecheur de sable","isPartOf":{"@id":"https:\/\/www.agv44.org\/site\/#website"},"primaryImageOfPage":{"@id":"https:\/\/www.agv44.org\/site\/pecheur-de-sable\/#primaryimage"},"image":{"@id":"https:\/\/www.agv44.org\/site\/pecheur-de-sable\/#primaryimage"},"thumbnailUrl":"https:\/\/www.agv44.org\/site\/wp-content\/uploads\/2022\/04\/Pd307pw.jpg","datePublished":"2022-04-01T16:06:11+00:00","dateModified":"2022-04-02T11:57:34+00:00","description":"Le p\u00eacheur de sable Etre ou ne pas \u00eatre... marin \u00e0 Vertou au 19e si\u00e8cle Marin par n\u00e9cessit\u00e9 Auguste Mon grand-p\u00e8re Auguste Dejoie, n\u00e9 \u00e0 Vertou en 1862,","breadcrumb":{"@id":"https:\/\/www.agv44.org\/site\/pecheur-de-sable\/#breadcrumb"},"inLanguage":"fr-FR","potentialAction":[{"@type":"ReadAction","target":["https:\/\/www.agv44.org\/site\/pecheur-de-sable\/"]}]},{"@type":"ImageObject","inLanguage":"fr-FR","@id":"https:\/\/www.agv44.org\/site\/pecheur-de-sable\/#primaryimage","url":"https:\/\/www.agv44.org\/site\/wp-content\/uploads\/2022\/04\/Pd307pw.jpg","contentUrl":"https:\/\/www.agv44.org\/site\/wp-content\/uploads\/2022\/04\/Pd307pw.jpg","width":465,"height":600},{"@type":"BreadcrumbList","@id":"https:\/\/www.agv44.org\/site\/pecheur-de-sable\/#breadcrumb","itemListElement":[{"@type":"ListItem","position":1,"name":"Accueil","item":"https:\/\/www.agv44.org\/site\/"},{"@type":"ListItem","position":2,"name":"pecheur de sable"}]},{"@type":"WebSite","@id":"https:\/\/www.agv44.org\/site\/#website","url":"https:\/\/www.agv44.org\/site\/","name":"","description":"","publisher":{"@id":"https:\/\/www.agv44.org\/site\/#organization"},"potentialAction":[{"@type":"SearchAction","target":{"@type":"EntryPoint","urlTemplate":"https:\/\/www.agv44.org\/site\/?s={search_term_string}"},"query-input":{"@type":"PropertyValueSpecification","valueRequired":true,"valueName":"search_term_string"}}],"inLanguage":"fr-FR"},{"@type":"Organization","@id":"https:\/\/www.agv44.org\/site\/#organization","name":"Association G\u00e9n\u00e9alogique Vertavienne","url":"https:\/\/www.agv44.org\/site\/","logo":{"@type":"ImageObject","inLanguage":"fr-FR","@id":"https:\/\/www.agv44.org\/site\/#\/schema\/logo\/image\/","url":"https:\/\/www.agv44.org\/site\/wp-content\/uploads\/2020\/04\/logoagv300.png","contentUrl":"https:\/\/www.agv44.org\/site\/wp-content\/uploads\/2020\/04\/logoagv300.png","width":300,"height":271,"caption":"Association G\u00e9n\u00e9alogique Vertavienne"},"image":{"@id":"https:\/\/www.agv44.org\/site\/#\/schema\/logo\/image\/"}}]}},"_links":{"self":[{"href":"https:\/\/www.agv44.org\/site\/wp-json\/wp\/v2\/pages\/5283","targetHints":{"allow":["GET"]}}],"collection":[{"href":"https:\/\/www.agv44.org\/site\/wp-json\/wp\/v2\/pages"}],"about":[{"href":"https:\/\/www.agv44.org\/site\/wp-json\/wp\/v2\/types\/page"}],"author":[{"embeddable":true,"href":"https:\/\/www.agv44.org\/site\/wp-json\/wp\/v2\/users\/86"}],"replies":[{"embeddable":true,"href":"https:\/\/www.agv44.org\/site\/wp-json\/wp\/v2\/comments?post=5283"}],"version-history":[{"count":13,"href":"https:\/\/www.agv44.org\/site\/wp-json\/wp\/v2\/pages\/5283\/revisions"}],"predecessor-version":[{"id":5306,"href":"https:\/\/www.agv44.org\/site\/wp-json\/wp\/v2\/pages\/5283\/revisions\/5306"}],"wp:attachment":[{"href":"https:\/\/www.agv44.org\/site\/wp-json\/wp\/v2\/media?parent=5283"}],"curies":[{"name":"wp","href":"https:\/\/api.w.org\/{rel}","templated":true}]}}