{"id":469,"date":"2019-08-19T12:49:20","date_gmt":"2019-08-19T10:49:20","guid":{"rendered":"https:\/\/www.agv44.org\/site\/?page_id=469"},"modified":"2020-04-30T13:03:21","modified_gmt":"2020-04-30T11:03:21","slug":"association-dinteret-general","status":"publish","type":"page","link":"https:\/\/www.agv44.org\/site\/association-dinteret-general\/","title":{"rendered":"interet general"},"content":{"rendered":"\n<div style=\"height:20px\" aria-hidden=\"true\" class=\"wp-block-spacer\"><\/div>\n\n\n\n<div class=\"wp-block-image\"><figure class=\"aligncenter size-mailpoet_newsletter_max is-resized\"><img loading=\"lazy\" decoding=\"async\" src=\"https:\/\/www.agv44.org\/site\/wp-content\/uploads\/2020\/04\/Asso-int-gene02-1320x253.png\" alt=\"\" class=\"wp-image-3471\" width=\"660\" height=\"127\" srcset=\"https:\/\/www.agv44.org\/site\/wp-content\/uploads\/2020\/04\/Asso-int-gene02-1320x253.png 1320w, https:\/\/www.agv44.org\/site\/wp-content\/uploads\/2020\/04\/Asso-int-gene02-300x57.png 300w, https:\/\/www.agv44.org\/site\/wp-content\/uploads\/2020\/04\/Asso-int-gene02-768x147.png 768w, https:\/\/www.agv44.org\/site\/wp-content\/uploads\/2020\/04\/Asso-int-gene02-1024x196.png 1024w, https:\/\/www.agv44.org\/site\/wp-content\/uploads\/2020\/04\/Asso-int-gene02-676x130.png 676w\" sizes=\"auto, (max-width: 660px) 100vw, 660px\" \/><\/figure><\/div>\n\n\n\n<p>    <em>L&rsquo; ASSOCIATION G\u00c9N\u00c9ALOGIQUE VERTAVIENNE est consid\u00e9r\u00e9e comme un organisme d&rsquo;int\u00e9r\u00eat g\u00e9n\u00e9ral \u00e0 caract\u00e8re culturel. ( d\u00e9cision de la Direction G\u00e9n\u00e9rale des Services Fiscaux de Loire-Atlantique du 17 d\u00e9cembre 2004 )<\/em><\/p>\n\n\n\n<p>    <em>Les versements effectu\u00e9s \u00e0 titre gratuit au profit de l&rsquo;association sont donc \u00e9ligibles au b\u00e9n\u00e9fice des dispositions des articles 200 et 238 bis du code g\u00e9n\u00e9ral des imp\u00f4ts pour les dons faits par les particuliers d&rsquo;une part et pour les versements effectu\u00e9s par les entreprises d&rsquo;autre part.<\/em><\/p>\n\n\n\n<p><em><br>    Pour les particuliers, ouvrent droit \u00e0 une r\u00e9duction d&rsquo;imp\u00f4t sur le revenu \u00e9gale \u00e0 66% de leur montant les sommes prises dans la limite de 20 % du revenu imposable qui  correspondent \u00e0 des dons et versements. ( art. 200 )<\/em><\/p>\n\n\n\n<p>   <em>Pour les entreprises, ouvrent droit \u00e0<\/em> <em>une r\u00e9duction d&rsquo;imp\u00f4t \u00e9gale \u00e0 60 % de leur montant les versements, pris dans la limite de 5 pour mille du chiffre d&rsquo;affaires. ( art. 238 bis )<\/em><\/p>\n\n\n\n<p><em><br>     Un re\u00e7u au titre des dons (cerfa N\u00b0 11580*03) est d\u00e9livr\u00e9 aux personnes concern\u00e9es, \u00e0 leur demande aupr\u00e8s du pr\u00e9sident ou du tr\u00e9sorier de l&rsquo;A.G.V.<\/em><\/p>\n\n\n\n<div class=\"wp-block-image\"><figure class=\"aligncenter size-large is-resized\"><img loading=\"lazy\" decoding=\"async\" src=\"https:\/\/www.agv44.org\/site\/wp-content\/uploads\/2020\/03\/logoagv300.png\" alt=\"\" class=\"wp-image-2921\" width=\"137\" height=\"124\"\/><\/figure><\/div>\n","protected":false},"excerpt":{"rendered":"<p>L&rsquo; ASSOCIATION G\u00c9N\u00c9ALOGIQUE VERTAVIENNE est consid\u00e9r\u00e9e comme un organisme d&rsquo;int\u00e9r\u00eat g\u00e9n\u00e9ral \u00e0 caract\u00e8re culturel. ( d\u00e9cision de la Direction G\u00e9n\u00e9rale des Services Fiscaux de Loire-Atlantique du 17 d\u00e9cembre 2004 ) Les versements effectu\u00e9s \u00e0 titre gratuit au profit de l&rsquo;association sont donc \u00e9ligibles au b\u00e9n\u00e9fice des dispositions des articles 200 et 238 bis du code [&hellip;]<\/p>\n","protected":false},"author":1,"featured_media":0,"parent":0,"menu_order":0,"comment_status":"closed","ping_status":"closed","template":"","meta":{"footnotes":""},"class_list":["post-469","page","type-page","status-publish","hentry","post-preview"],"yoast_head":"<!-- This site is optimized with the Yoast SEO plugin v24.4 - https:\/\/yoast.com\/wordpress\/plugins\/seo\/ -->\n<title>interet general<\/title>\n<meta name=\"description\" content=\"L&#039; ASSOCIATION G\u00c9N\u00c9ALOGIQUE VERTAVIENNE est consid\u00e9r\u00e9e comme un organisme d&#039;int\u00e9r\u00eat g\u00e9n\u00e9ral \u00e0 caract\u00e8re culturel. ( d\u00e9cision de la Direction G\u00e9n\u00e9rale des\" \/>\n<meta name=\"robots\" content=\"index, follow, max-snippet:-1, max-image-preview:large, max-video-preview:-1\" \/>\n<link rel=\"canonical\" href=\"https:\/\/www.agv44.org\/site\/association-dinteret-general\/\" \/>\n<meta property=\"og:locale\" content=\"fr_FR\" \/>\n<meta property=\"og:type\" content=\"article\" \/>\n<meta property=\"og:title\" content=\"interet general\" \/>\n<meta property=\"og:description\" content=\"L&#039; ASSOCIATION G\u00c9N\u00c9ALOGIQUE VERTAVIENNE est consid\u00e9r\u00e9e comme un organisme d&#039;int\u00e9r\u00eat g\u00e9n\u00e9ral \u00e0 caract\u00e8re culturel. ( d\u00e9cision de la Direction G\u00e9n\u00e9rale des\" \/>\n<meta property=\"og:url\" content=\"https:\/\/www.agv44.org\/site\/association-dinteret-general\/\" \/>\n<meta property=\"article:modified_time\" content=\"2020-04-30T11:03:21+00:00\" \/>\n<meta property=\"og:image\" content=\"https:\/\/www.agv44.org\/site\/wp-content\/uploads\/2020\/04\/Asso-int-gene02-1320x253.png\" \/>\n<meta name=\"twitter:card\" content=\"summary_large_image\" \/>\n<meta name=\"twitter:label1\" content=\"Dur\u00e9e de lecture estim\u00e9e\" \/>\n\t<meta name=\"twitter:data1\" content=\"1 minute\" \/>\n<script type=\"application\/ld+json\" class=\"yoast-schema-graph\">{\"@context\":\"https:\/\/schema.org\",\"@graph\":[{\"@type\":\"WebPage\",\"@id\":\"https:\/\/www.agv44.org\/site\/association-dinteret-general\/\",\"url\":\"https:\/\/www.agv44.org\/site\/association-dinteret-general\/\",\"name\":\"interet general\",\"isPartOf\":{\"@id\":\"https:\/\/www.agv44.org\/site\/#website\"},\"primaryImageOfPage\":{\"@id\":\"https:\/\/www.agv44.org\/site\/association-dinteret-general\/#primaryimage\"},\"image\":{\"@id\":\"https:\/\/www.agv44.org\/site\/association-dinteret-general\/#primaryimage\"},\"thumbnailUrl\":\"https:\/\/www.agv44.org\/site\/wp-content\/uploads\/2020\/04\/Asso-int-gene02-1320x253.png\",\"datePublished\":\"2019-08-19T10:49:20+00:00\",\"dateModified\":\"2020-04-30T11:03:21+00:00\",\"description\":\"L' ASSOCIATION G\u00c9N\u00c9ALOGIQUE VERTAVIENNE est consid\u00e9r\u00e9e comme un organisme d'int\u00e9r\u00eat g\u00e9n\u00e9ral \u00e0 caract\u00e8re culturel. ( d\u00e9cision de la Direction G\u00e9n\u00e9rale des\",\"breadcrumb\":{\"@id\":\"https:\/\/www.agv44.org\/site\/association-dinteret-general\/#breadcrumb\"},\"inLanguage\":\"fr-FR\",\"potentialAction\":[{\"@type\":\"ReadAction\",\"target\":[\"https:\/\/www.agv44.org\/site\/association-dinteret-general\/\"]}]},{\"@type\":\"ImageObject\",\"inLanguage\":\"fr-FR\",\"@id\":\"https:\/\/www.agv44.org\/site\/association-dinteret-general\/#primaryimage\",\"url\":\"https:\/\/www.agv44.org\/site\/wp-content\/uploads\/2020\/04\/Asso-int-gene02-1320x253.png\",\"contentUrl\":\"https:\/\/www.agv44.org\/site\/wp-content\/uploads\/2020\/04\/Asso-int-gene02-1320x253.png\"},{\"@type\":\"BreadcrumbList\",\"@id\":\"https:\/\/www.agv44.org\/site\/association-dinteret-general\/#breadcrumb\",\"itemListElement\":[{\"@type\":\"ListItem\",\"position\":1,\"name\":\"Accueil\",\"item\":\"https:\/\/www.agv44.org\/site\/\"},{\"@type\":\"ListItem\",\"position\":2,\"name\":\"interet general\"}]},{\"@type\":\"WebSite\",\"@id\":\"https:\/\/www.agv44.org\/site\/#website\",\"url\":\"https:\/\/www.agv44.org\/site\/\",\"name\":\"\",\"description\":\"\",\"publisher\":{\"@id\":\"https:\/\/www.agv44.org\/site\/#organization\"},\"potentialAction\":[{\"@type\":\"SearchAction\",\"target\":{\"@type\":\"EntryPoint\",\"urlTemplate\":\"https:\/\/www.agv44.org\/site\/?s={search_term_string}\"},\"query-input\":{\"@type\":\"PropertyValueSpecification\",\"valueRequired\":true,\"valueName\":\"search_term_string\"}}],\"inLanguage\":\"fr-FR\"},{\"@type\":\"Organization\",\"@id\":\"https:\/\/www.agv44.org\/site\/#organization\",\"name\":\"Association G\u00e9n\u00e9alogique Vertavienne\",\"url\":\"https:\/\/www.agv44.org\/site\/\",\"logo\":{\"@type\":\"ImageObject\",\"inLanguage\":\"fr-FR\",\"@id\":\"https:\/\/www.agv44.org\/site\/#\/schema\/logo\/image\/\",\"url\":\"https:\/\/www.agv44.org\/site\/wp-content\/uploads\/2020\/04\/logoagv300.png\",\"contentUrl\":\"https:\/\/www.agv44.org\/site\/wp-content\/uploads\/2020\/04\/logoagv300.png\",\"width\":300,\"height\":271,\"caption\":\"Association G\u00e9n\u00e9alogique Vertavienne\"},\"image\":{\"@id\":\"https:\/\/www.agv44.org\/site\/#\/schema\/logo\/image\/\"}}]}<\/script>\n<!-- \/ Yoast SEO plugin. -->","yoast_head_json":{"title":"interet general","description":"L' ASSOCIATION G\u00c9N\u00c9ALOGIQUE VERTAVIENNE est consid\u00e9r\u00e9e comme un organisme d'int\u00e9r\u00eat g\u00e9n\u00e9ral \u00e0 caract\u00e8re culturel. ( d\u00e9cision de la Direction G\u00e9n\u00e9rale des","robots":{"index":"index","follow":"follow","max-snippet":"max-snippet:-1","max-image-preview":"max-image-preview:large","max-video-preview":"max-video-preview:-1"},"canonical":"https:\/\/www.agv44.org\/site\/association-dinteret-general\/","og_locale":"fr_FR","og_type":"article","og_title":"interet general","og_description":"L' ASSOCIATION G\u00c9N\u00c9ALOGIQUE VERTAVIENNE est consid\u00e9r\u00e9e comme un organisme d'int\u00e9r\u00eat g\u00e9n\u00e9ral \u00e0 caract\u00e8re culturel. ( d\u00e9cision de la Direction G\u00e9n\u00e9rale des","og_url":"https:\/\/www.agv44.org\/site\/association-dinteret-general\/","article_modified_time":"2020-04-30T11:03:21+00:00","og_image":[{"url":"https:\/\/www.agv44.org\/site\/wp-content\/uploads\/2020\/04\/Asso-int-gene02-1320x253.png","type":"","width":"","height":""}],"twitter_card":"summary_large_image","twitter_misc":{"Dur\u00e9e de lecture estim\u00e9e":"1 minute"},"schema":{"@context":"https:\/\/schema.org","@graph":[{"@type":"WebPage","@id":"https:\/\/www.agv44.org\/site\/association-dinteret-general\/","url":"https:\/\/www.agv44.org\/site\/association-dinteret-general\/","name":"interet general","isPartOf":{"@id":"https:\/\/www.agv44.org\/site\/#website"},"primaryImageOfPage":{"@id":"https:\/\/www.agv44.org\/site\/association-dinteret-general\/#primaryimage"},"image":{"@id":"https:\/\/www.agv44.org\/site\/association-dinteret-general\/#primaryimage"},"thumbnailUrl":"https:\/\/www.agv44.org\/site\/wp-content\/uploads\/2020\/04\/Asso-int-gene02-1320x253.png","datePublished":"2019-08-19T10:49:20+00:00","dateModified":"2020-04-30T11:03:21+00:00","description":"L' ASSOCIATION G\u00c9N\u00c9ALOGIQUE VERTAVIENNE est consid\u00e9r\u00e9e comme un organisme d'int\u00e9r\u00eat g\u00e9n\u00e9ral \u00e0 caract\u00e8re culturel. ( d\u00e9cision de la Direction G\u00e9n\u00e9rale des","breadcrumb":{"@id":"https:\/\/www.agv44.org\/site\/association-dinteret-general\/#breadcrumb"},"inLanguage":"fr-FR","potentialAction":[{"@type":"ReadAction","target":["https:\/\/www.agv44.org\/site\/association-dinteret-general\/"]}]},{"@type":"ImageObject","inLanguage":"fr-FR","@id":"https:\/\/www.agv44.org\/site\/association-dinteret-general\/#primaryimage","url":"https:\/\/www.agv44.org\/site\/wp-content\/uploads\/2020\/04\/Asso-int-gene02-1320x253.png","contentUrl":"https:\/\/www.agv44.org\/site\/wp-content\/uploads\/2020\/04\/Asso-int-gene02-1320x253.png"},{"@type":"BreadcrumbList","@id":"https:\/\/www.agv44.org\/site\/association-dinteret-general\/#breadcrumb","itemListElement":[{"@type":"ListItem","position":1,"name":"Accueil","item":"https:\/\/www.agv44.org\/site\/"},{"@type":"ListItem","position":2,"name":"interet general"}]},{"@type":"WebSite","@id":"https:\/\/www.agv44.org\/site\/#website","url":"https:\/\/www.agv44.org\/site\/","name":"","description":"","publisher":{"@id":"https:\/\/www.agv44.org\/site\/#organization"},"potentialAction":[{"@type":"SearchAction","target":{"@type":"EntryPoint","urlTemplate":"https:\/\/www.agv44.org\/site\/?s={search_term_string}"},"query-input":{"@type":"PropertyValueSpecification","valueRequired":true,"valueName":"search_term_string"}}],"inLanguage":"fr-FR"},{"@type":"Organization","@id":"https:\/\/www.agv44.org\/site\/#organization","name":"Association G\u00e9n\u00e9alogique Vertavienne","url":"https:\/\/www.agv44.org\/site\/","logo":{"@type":"ImageObject","inLanguage":"fr-FR","@id":"https:\/\/www.agv44.org\/site\/#\/schema\/logo\/image\/","url":"https:\/\/www.agv44.org\/site\/wp-content\/uploads\/2020\/04\/logoagv300.png","contentUrl":"https:\/\/www.agv44.org\/site\/wp-content\/uploads\/2020\/04\/logoagv300.png","width":300,"height":271,"caption":"Association G\u00e9n\u00e9alogique Vertavienne"},"image":{"@id":"https:\/\/www.agv44.org\/site\/#\/schema\/logo\/image\/"}}]}},"_links":{"self":[{"href":"https:\/\/www.agv44.org\/site\/wp-json\/wp\/v2\/pages\/469","targetHints":{"allow":["GET"]}}],"collection":[{"href":"https:\/\/www.agv44.org\/site\/wp-json\/wp\/v2\/pages"}],"about":[{"href":"https:\/\/www.agv44.org\/site\/wp-json\/wp\/v2\/types\/page"}],"author":[{"embeddable":true,"href":"https:\/\/www.agv44.org\/site\/wp-json\/wp\/v2\/users\/1"}],"replies":[{"embeddable":true,"href":"https:\/\/www.agv44.org\/site\/wp-json\/wp\/v2\/comments?post=469"}],"version-history":[{"count":41,"href":"https:\/\/www.agv44.org\/site\/wp-json\/wp\/v2\/pages\/469\/revisions"}],"predecessor-version":[{"id":3742,"href":"https:\/\/www.agv44.org\/site\/wp-json\/wp\/v2\/pages\/469\/revisions\/3742"}],"wp:attachment":[{"href":"https:\/\/www.agv44.org\/site\/wp-json\/wp\/v2\/media?parent=469"}],"curies":[{"name":"wp","href":"https:\/\/api.w.org\/{rel}","templated":true}]}}