{"id":460,"date":"2019-08-18T15:03:42","date_gmt":"2019-08-18T13:03:42","guid":{"rendered":"https:\/\/www.agv44.org\/site\/?page_id=460"},"modified":"2023-11-05T12:30:53","modified_gmt":"2023-11-05T11:30:53","slug":"460-2","status":"publish","type":"page","link":"https:\/\/www.agv44.org\/site\/460-2\/","title":{"rendered":"reglement"},"content":{"rendered":"<div class=\"wp-block-image\">\n<figure class=\"aligncenter size-mailpoet_newsletter_max is-resized\"><img loading=\"lazy\" decoding=\"async\" src=\"https:\/\/www.agv44.org\/site\/wp-content\/uploads\/2020\/04\/reglementint-1320x253.png\" alt=\"\" class=\"wp-image-3473\" width=\"660\" height=\"127\" srcset=\"https:\/\/www.agv44.org\/site\/wp-content\/uploads\/2020\/04\/reglementint-1320x253.png 1320w, https:\/\/www.agv44.org\/site\/wp-content\/uploads\/2020\/04\/reglementint-300x57.png 300w, https:\/\/www.agv44.org\/site\/wp-content\/uploads\/2020\/04\/reglementint-768x147.png 768w, https:\/\/www.agv44.org\/site\/wp-content\/uploads\/2020\/04\/reglementint-1024x196.png 1024w, https:\/\/www.agv44.org\/site\/wp-content\/uploads\/2020\/04\/reglementint-676x130.png 676w\" sizes=\"auto, (max-width: 660px) 100vw, 660px\" \/><\/figure><\/div>\n\n\n<p> Titre 1 \u2013 OBJET DU R\u00c8GLEMENT INT\u00c9RIEUR<br>     Article 1:  Le pr\u00e9sent R\u00e8glement Int\u00e9rieur est un compl\u00e9ment aux statuts de l&rsquo;Association G\u00e9n\u00e9alogique  Vertavienne; il a pour objet de d\u00e9finir les r\u00e8gles de fonctionnement de l&rsquo;association.<br>     Article 2:  Le R\u00e8glement Int\u00e9rieur est \u00e9tabli ou modifi\u00e9 par le Conseil d&rsquo;Administration. Il est soumis au vote de l&rsquo;Assembl\u00e9e G\u00e9n\u00e9rale.<\/p>\n\n\n\n<p><br><\/p>\n\n\n\n<p>Titre 2 \u2013 COTISATIONS<br>Article 1: Un exercice va du premier juillet au trente juin.<br>Les adh\u00e9sions recueillies \u00e0 compter du premier avril seront valables pour l\u2019exercice suivant.<br>Article 2: Le montant de la cotisation est propos\u00e9 par le Bureau au Conseil d&rsquo;administration qui l&rsquo;approuve.<br>Le montant de la cotisation des membres bienfaiteurs est fix\u00e9 au minimum au double du montant de la carte de membre actif.<br>La cotisation est exigible au plus tard le jour de l&rsquo;Assembl\u00e9e g\u00e9n\u00e9rale sauf d\u00e9cision du Conseil d\u2019administration.<br>Article 3: \u00catre \u00e0 jour de sa cotisation d\u00e9termine la qualit\u00e9 d\u2019adh\u00e9rent et donne le droit\u00a0:\u00a0 d\u2019acc\u00e9der aux documents de l\u2019AGV , de participer \u00e0 l\u2019Assembl\u00e9e g\u00e9n\u00e9rale et d\u2019y prendre des d\u00e9cisions.<\/p>\n\n\n\n<p><br><\/p>\n\n\n\n<p>Titre 3 \u2013 ASSEMBL\u00c9ES<br>Article 1: Les convocations \u00e0 l&rsquo;Assembl\u00e9e G\u00e9n\u00e9rale et au Conseil d&rsquo;Administration pourront \u00eatre effectu\u00e9es par voie postale ou \u00e9lectronique.<br>Article 2: Seuls les adh\u00e9rents peuvent prendre part au vote lors des Assembl\u00e9es.<br>Article 3: Les votes de l&rsquo;Assembl\u00e9e G\u00e9n\u00e9rale ne pourront \u00eatre valid\u00e9s que si le tiers des adh\u00e9rents est pr\u00e9sent ou repr\u00e9sent\u00e9. Ce nombre est arrondi au chiffre sup\u00e9rieur.<br>En cas de non quorum, l&rsquo;Assembl\u00e9e G\u00e9n\u00e9rale sera report\u00e9e de quinze jours minimum sous la majorit\u00e9 pr\u00e9sente. La voix du pr\u00e9sident est pr\u00e9pond\u00e9rante.<\/p>\n\n\n\n<p><br><\/p>\n\n\n\n<p>Titre 4 \u2013 DOCUMENTATION<br>Article 1: L&rsquo;acc\u00e8s \u00e0 la documentation est r\u00e9gi par le(s) documentaliste(s) et autres membres d\u00e9l\u00e9gu\u00e9s.<br>Article 2: L\u2019AGV met \u00e0 disposition de ses adh\u00e9rents l\u2019ensemble de sa documentation: bases g\u00e9n\u00e9alogiques, biblioth\u00e8que, phototh\u00e8que, carthoth\u00e8que\u2026.<br>Les adh\u00e9rents peuvent acc\u00e9der \u00e0 ces documents\u00a0:<br>&#8211;\u00a0 au local de l\u2019association lors des permanences ou d\u2019un rendez-vous particulier, sous la responsabilit\u00e9 des membres d\u00e9l\u00e9gu\u00e9s.<br>Les dates et heures des permanences sont consultables sur le site agv44.org, rubrique \u00ab\u00a0Nous contacter\u00a0\u00bb, et rappel\u00e9es r\u00e9guli\u00e8rement par courriel.<br>&#8211;\u00a0 par internet sur les pages r\u00e9serv\u00e9es du site: ExpoActes, GeneaBank\u2026<br>Article 3: La consultation des tables et autres documents d\u00e9pos\u00e9s sur le site internet de l&rsquo;Association est r\u00e9serv\u00e9e aux adh\u00e9rents.<br>Un identifiant et un mot de passe sont confi\u00e9s \u00e0 l&rsquo;adh\u00e9rent pour son usage exclusif et confidentiel.<\/p>\n\n\n\n<p><br> Titre 5 \u2013 TRAVAUX  <br>     Tout document (g\u00e9n\u00e9alogie, \u00e9tude de villages, tables, etc.) d\u00e9pos\u00e9 par un adh\u00e9rent ou un sympathisant de  l&rsquo;Association G\u00e9n\u00e9alogique Vertavienne devient propri\u00e9t\u00e9 de cette derni\u00e8re. L&rsquo;Association G\u00e9n\u00e9alogique Vertavienne se r\u00e9serve le droit de publier tout ou partie de son patrimoine.<\/p>\n\n\n\n<p><br> Titre 6 \u2013 ATELIERS  <br>     Toute personne qui s&rsquo;ins\u00e8re dans un atelier de l&rsquo;Association G\u00e9n\u00e9alogique Vertavienne le fait au profit de  celle-ci et s&rsquo;engage \u00e0 lui d\u00e9poser le fruit de son travail.<\/p>\n\n\n\n<p><br> Titre 7 &#8211;  INFORMATIQUE<br>     Conform\u00e9ment aux dispositions de la loi 78-17 du 8 janvier 1978, tous les adh\u00e9rents disposent d&rsquo;un droit d&rsquo;acc\u00e8s, de rectification et d&rsquo;opposition sur les donn\u00e9es nominatives  les concernant. Les informations relatives aux adh\u00e9rents sont destin\u00e9es exclusivement \u00e0 l&rsquo;Association \u00e0 des fins administratives et comptables. L&rsquo;Association s&rsquo;engage \u00e0 ne pas transmettre \u00e0 des tiers les donn\u00e9es personnelles qu&rsquo;elle d\u00e9tient.<\/p>\n\n\n\n<p><br> Titre 8 &#8211;  DROIT \u00c0 L&rsquo;IMAGE <br>     L&rsquo;Association suit les \u00e9volutions technologiques et num\u00e9riques et \u00e0 ces titres poss\u00e8de un site internet, une page Facebook et peut \u00eatre amen\u00e9e \u00e0 souscrire d&rsquo;autres abonnements de ce type. Des photos ou des films pris dans le cadre des activit\u00e9s de l&rsquo;Association  sont susceptibles d&rsquo;\u00eatre publi\u00e9s sur internet ou sur des panneaux d&rsquo;exposition. \u00c0 la demande expresse des personnes concern\u00e9es, leurs visages pourront \u00eatre flout\u00e9s.<\/p>\n\n\n<div class=\"wp-block-image\">\n<figure class=\"aligncenter size-large is-resized\"><img loading=\"lazy\" decoding=\"async\" src=\"https:\/\/www.agv44.org\/site\/wp-content\/uploads\/2020\/03\/logoagv300.png\" alt=\"\" class=\"wp-image-2921\" width=\"134\" height=\"121\"\/><\/figure><\/div>\n\n\n<p><\/p>\n","protected":false},"excerpt":{"rendered":"<p>Titre 1 \u2013 OBJET DU R\u00c8GLEMENT INT\u00c9RIEUR Article 1: Le pr\u00e9sent R\u00e8glement Int\u00e9rieur est un compl\u00e9ment aux statuts de l&rsquo;Association G\u00e9n\u00e9alogique Vertavienne; il a pour objet de d\u00e9finir les r\u00e8gles de fonctionnement de l&rsquo;association. Article 2: Le R\u00e8glement Int\u00e9rieur est \u00e9tabli ou modifi\u00e9 par le Conseil d&rsquo;Administration. Il est soumis au vote de l&rsquo;Assembl\u00e9e G\u00e9n\u00e9rale. [&hellip;]<\/p>\n","protected":false},"author":1,"featured_media":0,"parent":0,"menu_order":0,"comment_status":"closed","ping_status":"closed","template":"","meta":{"footnotes":""},"class_list":["post-460","page","type-page","status-publish","hentry","post-preview"],"yoast_head":"<!-- This site is optimized with the Yoast SEO plugin v24.4 - https:\/\/yoast.com\/wordpress\/plugins\/seo\/ -->\n<title>reglement<\/title>\n<meta name=\"description\" content=\"Titre 1 \u2013 OBJET DU R\u00c8GLEMENT INT\u00c9RIEUR Article 1: Le pr\u00e9sent R\u00e8glement Int\u00e9rieur est un compl\u00e9ment aux statuts de l&#039;Association G\u00e9n\u00e9alogique Vertavienne;\" \/>\n<meta name=\"robots\" content=\"index, follow, max-snippet:-1, max-image-preview:large, max-video-preview:-1\" \/>\n<link rel=\"canonical\" href=\"https:\/\/www.agv44.org\/site\/460-2\/\" \/>\n<meta property=\"og:locale\" content=\"fr_FR\" \/>\n<meta property=\"og:type\" content=\"article\" \/>\n<meta property=\"og:title\" content=\"reglement\" \/>\n<meta property=\"og:description\" content=\"Titre 1 \u2013 OBJET DU R\u00c8GLEMENT INT\u00c9RIEUR Article 1: Le pr\u00e9sent R\u00e8glement Int\u00e9rieur est un compl\u00e9ment aux statuts de l&#039;Association G\u00e9n\u00e9alogique Vertavienne;\" \/>\n<meta property=\"og:url\" content=\"https:\/\/www.agv44.org\/site\/460-2\/\" \/>\n<meta property=\"article:modified_time\" content=\"2023-11-05T11:30:53+00:00\" \/>\n<meta property=\"og:image\" content=\"https:\/\/www.agv44.org\/site\/wp-content\/uploads\/2020\/04\/reglementint-1320x253.png\" \/>\n<meta name=\"twitter:card\" content=\"summary_large_image\" \/>\n<meta name=\"twitter:label1\" content=\"Dur\u00e9e de lecture estim\u00e9e\" \/>\n\t<meta name=\"twitter:data1\" content=\"3 minutes\" \/>\n<script type=\"application\/ld+json\" class=\"yoast-schema-graph\">{\"@context\":\"https:\/\/schema.org\",\"@graph\":[{\"@type\":\"WebPage\",\"@id\":\"https:\/\/www.agv44.org\/site\/460-2\/\",\"url\":\"https:\/\/www.agv44.org\/site\/460-2\/\",\"name\":\"reglement\",\"isPartOf\":{\"@id\":\"https:\/\/www.agv44.org\/site\/#website\"},\"primaryImageOfPage\":{\"@id\":\"https:\/\/www.agv44.org\/site\/460-2\/#primaryimage\"},\"image\":{\"@id\":\"https:\/\/www.agv44.org\/site\/460-2\/#primaryimage\"},\"thumbnailUrl\":\"https:\/\/www.agv44.org\/site\/wp-content\/uploads\/2020\/04\/reglementint-1320x253.png\",\"datePublished\":\"2019-08-18T13:03:42+00:00\",\"dateModified\":\"2023-11-05T11:30:53+00:00\",\"description\":\"Titre 1 \u2013 OBJET DU R\u00c8GLEMENT INT\u00c9RIEUR Article 1: Le pr\u00e9sent R\u00e8glement Int\u00e9rieur est un compl\u00e9ment aux statuts de l'Association G\u00e9n\u00e9alogique Vertavienne;\",\"breadcrumb\":{\"@id\":\"https:\/\/www.agv44.org\/site\/460-2\/#breadcrumb\"},\"inLanguage\":\"fr-FR\",\"potentialAction\":[{\"@type\":\"ReadAction\",\"target\":[\"https:\/\/www.agv44.org\/site\/460-2\/\"]}]},{\"@type\":\"ImageObject\",\"inLanguage\":\"fr-FR\",\"@id\":\"https:\/\/www.agv44.org\/site\/460-2\/#primaryimage\",\"url\":\"https:\/\/www.agv44.org\/site\/wp-content\/uploads\/2020\/04\/reglementint.png\",\"contentUrl\":\"https:\/\/www.agv44.org\/site\/wp-content\/uploads\/2020\/04\/reglementint.png\",\"width\":3680,\"height\":705},{\"@type\":\"BreadcrumbList\",\"@id\":\"https:\/\/www.agv44.org\/site\/460-2\/#breadcrumb\",\"itemListElement\":[{\"@type\":\"ListItem\",\"position\":1,\"name\":\"Accueil\",\"item\":\"https:\/\/www.agv44.org\/site\/\"},{\"@type\":\"ListItem\",\"position\":2,\"name\":\"reglement\"}]},{\"@type\":\"WebSite\",\"@id\":\"https:\/\/www.agv44.org\/site\/#website\",\"url\":\"https:\/\/www.agv44.org\/site\/\",\"name\":\"\",\"description\":\"\",\"publisher\":{\"@id\":\"https:\/\/www.agv44.org\/site\/#organization\"},\"potentialAction\":[{\"@type\":\"SearchAction\",\"target\":{\"@type\":\"EntryPoint\",\"urlTemplate\":\"https:\/\/www.agv44.org\/site\/?s={search_term_string}\"},\"query-input\":{\"@type\":\"PropertyValueSpecification\",\"valueRequired\":true,\"valueName\":\"search_term_string\"}}],\"inLanguage\":\"fr-FR\"},{\"@type\":\"Organization\",\"@id\":\"https:\/\/www.agv44.org\/site\/#organization\",\"name\":\"Association G\u00e9n\u00e9alogique Vertavienne\",\"url\":\"https:\/\/www.agv44.org\/site\/\",\"logo\":{\"@type\":\"ImageObject\",\"inLanguage\":\"fr-FR\",\"@id\":\"https:\/\/www.agv44.org\/site\/#\/schema\/logo\/image\/\",\"url\":\"https:\/\/www.agv44.org\/site\/wp-content\/uploads\/2020\/04\/logoagv300.png\",\"contentUrl\":\"https:\/\/www.agv44.org\/site\/wp-content\/uploads\/2020\/04\/logoagv300.png\",\"width\":300,\"height\":271,\"caption\":\"Association G\u00e9n\u00e9alogique Vertavienne\"},\"image\":{\"@id\":\"https:\/\/www.agv44.org\/site\/#\/schema\/logo\/image\/\"}}]}<\/script>\n<!-- \/ Yoast SEO plugin. -->","yoast_head_json":{"title":"reglement","description":"Titre 1 \u2013 OBJET DU R\u00c8GLEMENT INT\u00c9RIEUR Article 1: Le pr\u00e9sent R\u00e8glement Int\u00e9rieur est un compl\u00e9ment aux statuts de l'Association G\u00e9n\u00e9alogique Vertavienne;","robots":{"index":"index","follow":"follow","max-snippet":"max-snippet:-1","max-image-preview":"max-image-preview:large","max-video-preview":"max-video-preview:-1"},"canonical":"https:\/\/www.agv44.org\/site\/460-2\/","og_locale":"fr_FR","og_type":"article","og_title":"reglement","og_description":"Titre 1 \u2013 OBJET DU R\u00c8GLEMENT INT\u00c9RIEUR Article 1: Le pr\u00e9sent R\u00e8glement Int\u00e9rieur est un compl\u00e9ment aux statuts de l'Association G\u00e9n\u00e9alogique Vertavienne;","og_url":"https:\/\/www.agv44.org\/site\/460-2\/","article_modified_time":"2023-11-05T11:30:53+00:00","og_image":[{"url":"https:\/\/www.agv44.org\/site\/wp-content\/uploads\/2020\/04\/reglementint-1320x253.png","type":"","width":"","height":""}],"twitter_card":"summary_large_image","twitter_misc":{"Dur\u00e9e de lecture estim\u00e9e":"3 minutes"},"schema":{"@context":"https:\/\/schema.org","@graph":[{"@type":"WebPage","@id":"https:\/\/www.agv44.org\/site\/460-2\/","url":"https:\/\/www.agv44.org\/site\/460-2\/","name":"reglement","isPartOf":{"@id":"https:\/\/www.agv44.org\/site\/#website"},"primaryImageOfPage":{"@id":"https:\/\/www.agv44.org\/site\/460-2\/#primaryimage"},"image":{"@id":"https:\/\/www.agv44.org\/site\/460-2\/#primaryimage"},"thumbnailUrl":"https:\/\/www.agv44.org\/site\/wp-content\/uploads\/2020\/04\/reglementint-1320x253.png","datePublished":"2019-08-18T13:03:42+00:00","dateModified":"2023-11-05T11:30:53+00:00","description":"Titre 1 \u2013 OBJET DU R\u00c8GLEMENT INT\u00c9RIEUR Article 1: Le pr\u00e9sent R\u00e8glement Int\u00e9rieur est un compl\u00e9ment aux statuts de l'Association G\u00e9n\u00e9alogique Vertavienne;","breadcrumb":{"@id":"https:\/\/www.agv44.org\/site\/460-2\/#breadcrumb"},"inLanguage":"fr-FR","potentialAction":[{"@type":"ReadAction","target":["https:\/\/www.agv44.org\/site\/460-2\/"]}]},{"@type":"ImageObject","inLanguage":"fr-FR","@id":"https:\/\/www.agv44.org\/site\/460-2\/#primaryimage","url":"https:\/\/www.agv44.org\/site\/wp-content\/uploads\/2020\/04\/reglementint.png","contentUrl":"https:\/\/www.agv44.org\/site\/wp-content\/uploads\/2020\/04\/reglementint.png","width":3680,"height":705},{"@type":"BreadcrumbList","@id":"https:\/\/www.agv44.org\/site\/460-2\/#breadcrumb","itemListElement":[{"@type":"ListItem","position":1,"name":"Accueil","item":"https:\/\/www.agv44.org\/site\/"},{"@type":"ListItem","position":2,"name":"reglement"}]},{"@type":"WebSite","@id":"https:\/\/www.agv44.org\/site\/#website","url":"https:\/\/www.agv44.org\/site\/","name":"","description":"","publisher":{"@id":"https:\/\/www.agv44.org\/site\/#organization"},"potentialAction":[{"@type":"SearchAction","target":{"@type":"EntryPoint","urlTemplate":"https:\/\/www.agv44.org\/site\/?s={search_term_string}"},"query-input":{"@type":"PropertyValueSpecification","valueRequired":true,"valueName":"search_term_string"}}],"inLanguage":"fr-FR"},{"@type":"Organization","@id":"https:\/\/www.agv44.org\/site\/#organization","name":"Association G\u00e9n\u00e9alogique Vertavienne","url":"https:\/\/www.agv44.org\/site\/","logo":{"@type":"ImageObject","inLanguage":"fr-FR","@id":"https:\/\/www.agv44.org\/site\/#\/schema\/logo\/image\/","url":"https:\/\/www.agv44.org\/site\/wp-content\/uploads\/2020\/04\/logoagv300.png","contentUrl":"https:\/\/www.agv44.org\/site\/wp-content\/uploads\/2020\/04\/logoagv300.png","width":300,"height":271,"caption":"Association G\u00e9n\u00e9alogique Vertavienne"},"image":{"@id":"https:\/\/www.agv44.org\/site\/#\/schema\/logo\/image\/"}}]}},"_links":{"self":[{"href":"https:\/\/www.agv44.org\/site\/wp-json\/wp\/v2\/pages\/460","targetHints":{"allow":["GET"]}}],"collection":[{"href":"https:\/\/www.agv44.org\/site\/wp-json\/wp\/v2\/pages"}],"about":[{"href":"https:\/\/www.agv44.org\/site\/wp-json\/wp\/v2\/types\/page"}],"author":[{"embeddable":true,"href":"https:\/\/www.agv44.org\/site\/wp-json\/wp\/v2\/users\/1"}],"replies":[{"embeddable":true,"href":"https:\/\/www.agv44.org\/site\/wp-json\/wp\/v2\/comments?post=460"}],"version-history":[{"count":38,"href":"https:\/\/www.agv44.org\/site\/wp-json\/wp\/v2\/pages\/460\/revisions"}],"predecessor-version":[{"id":6402,"href":"https:\/\/www.agv44.org\/site\/wp-json\/wp\/v2\/pages\/460\/revisions\/6402"}],"wp:attachment":[{"href":"https:\/\/www.agv44.org\/site\/wp-json\/wp\/v2\/media?parent=460"}],"curies":[{"name":"wp","href":"https:\/\/api.w.org\/{rel}","templated":true}]}}