{"id":4383,"date":"2020-11-01T15:07:13","date_gmt":"2020-11-01T14:07:13","guid":{"rendered":"https:\/\/www.agv44.org\/site\/?page_id=4383"},"modified":"2026-04-25T10:17:34","modified_gmt":"2026-04-25T08:17:34","slug":"petites-histoires","status":"publish","type":"page","link":"https:\/\/www.agv44.org\/site\/petites-histoires\/","title":{"rendered":"petites histoires"},"content":{"rendered":"\n<p class=\"has-text-align-center has-text-color\" style=\"color:#a30003;font-size:40px\">Les petites histoires de la grande<\/p>\n\n\n\n<p>Nous vous convions \u00e0 partager votre \u00e9motion, votre exp\u00e9rience,  \u00e0 travers la narration d&rsquo;un \u00e9v\u00e9nement g\u00e9n\u00e9alogique que vous avez v\u00e9cu. La d\u00e9couverte d&rsquo;un parent inconnu, une histoire particuli\u00e8re, la d\u00e9couverte d&rsquo;un destin hors norme, autant de moments de satisfaction ou de plaisir \u00e0 partager<\/p>\n\n\n\n<p class=\"has-text-align-center\" style=\"font-size:26px\"><a href=\"https:\/\/www.agv44.org\/site\/ile-amsterdam\/\" target=\"_blank\" rel=\"noreferrer noopener\">L&rsquo;\u00cele du bout du Monde<\/a><\/p>\n\n\n\n<p class=\"has-text-align-center has-text-color\" style=\"color:#1a00a3;font-size:26px\"><a href=\"https:\/\/www.agv44.org\/site\/colonnes-infernales\/\">Les Colonnes Infernales \u00e0 Saint-Lumine -de-Clisson.<\/a><\/p>\n\n\n\n<p class=\"has-text-align-center has-text-color\" style=\"color:#0c00a3;font-size:25px\"><a href=\"https:\/\/www.agv44.org\/site\/odile-gregoire\/\">Le cousin d&rsquo;Am\u00e9rique.<\/a><\/p>\n\n\n\n<p class=\"has-text-align-center has-text-color\" style=\"color:#1500a3;font-size:25px\"><a href=\"https:\/\/www.agv44.org\/site\/monique-metayer\/\">Un grand-p\u00e8re qui sort de l&rsquo;ombre.<\/a><\/p>\n\n\n\n<p class=\"has-text-align-center has-text-color\" style=\"color:#0006a3;font-size:25px\"><a href=\"https:\/\/www.agv44.org\/site\/genevieve-demy\/\">La sorci\u00e8re de Saverne<\/a> <\/p>\n\n\n\n<p class=\"has-text-align-center has-text-color\" style=\"color:#000aa3;font-size:25px\"><a href=\"https:\/\/www.agv44.org\/site\/monique-le-plat\/\">Parcours d&rsquo;un r\u00e9sistant d\u00e9port\u00e9<\/a><\/p>\n\n\n\n<p class=\"has-text-align-center\" style=\"font-size:25px\"><a href=\"https:\/\/www.agv44.org\/site\/hommage\/\" target=\"_blank\" rel=\"noreferrer noopener\">Le r\u00e9seau OSCAR<\/a><\/p>\n\n\n\n<p class=\"has-text-align-center has-text-color\" style=\"color:#002ea3;font-size:25px\"><a href=\"https:\/\/www.agv44.org\/site\/pecheur-de-sable\/\">Le P\u00eacheur de sable<\/a><\/p>\n\n\n\n<p class=\"has-text-align-center has-text-color\" style=\"color:#0c00a3;font-size:25px\"><a href=\"https:\/\/www.agv44.org\/site\/vous-avez-dit-secheresse\/\">Vous avez dit s\u00e9cheresse ?<\/a><\/p>\n\n\n\n<p class=\"has-text-align-center\" style=\"font-size:25px\"><a href=\"https:\/\/www.agv44.org\/site\/annelle-courbet\/\">Un mariage rocambolesque<\/a><\/p>\n\n\n\n<p class=\"has-text-align-center has-text-color\" style=\"color:#282381;font-size:25px\"><a href=\"https:\/\/www.agv44.org\/site\/charette\/\">Pour Charette, et \u00e0 perp\u00e8te<\/a><\/p>\n\n\n\n<p class=\"has-text-align-center\" style=\"font-size:25px\"><a href=\"https:\/\/www.agv44.org\/site\/registre-montbert\/\" target=\"_blank\" rel=\"noreferrer noopener\">Une \u00e2me d&rsquo;artiste<\/a><\/p>\n\n\n\n<hr class=\"wp-block-separator has-css-opacity\"\/>\n\n\n<div class=\"wp-block-image\">\n<figure class=\"aligncenter size-full is-resized\"><img loading=\"lazy\" decoding=\"async\" width=\"300\" height=\"271\" src=\"https:\/\/www.agv44.org\/site\/wp-content\/uploads\/2020\/03\/logoagv300.png\" alt=\"\" class=\"wp-image-2921\" style=\"width:135px;height:122px\"\/><\/figure><\/div>\n\n\n<p><\/p>\n","protected":false},"excerpt":{"rendered":"<p>Les petites histoires de la grande Nous vous convions \u00e0 partager votre \u00e9motion, votre exp\u00e9rience, \u00e0 travers la narration d&rsquo;un \u00e9v\u00e9nement g\u00e9n\u00e9alogique que vous avez v\u00e9cu. La d\u00e9couverte d&rsquo;un parent inconnu, une histoire particuli\u00e8re, la d\u00e9couverte d&rsquo;un destin hors norme, autant de moments de satisfaction ou de plaisir \u00e0 partager L&rsquo;\u00cele du bout du Monde [&hellip;]<\/p>\n","protected":false},"author":86,"featured_media":0,"parent":0,"menu_order":0,"comment_status":"closed","ping_status":"closed","template":"","meta":{"footnotes":""},"class_list":["post-4383","page","type-page","status-publish","hentry","post-preview"],"yoast_head":"<!-- This site is optimized with the Yoast SEO plugin v24.4 - https:\/\/yoast.com\/wordpress\/plugins\/seo\/ -->\n<title>petites histoires<\/title>\n<meta name=\"description\" content=\"Les petites histoires de la grande Nous vous convions \u00e0 partager votre \u00e9motion, votre exp\u00e9rience, \u00e0 travers la narration d&#039;un \u00e9v\u00e9nement g\u00e9n\u00e9alogique que\" \/>\n<meta name=\"robots\" content=\"index, follow, max-snippet:-1, max-image-preview:large, max-video-preview:-1\" \/>\n<link rel=\"canonical\" href=\"https:\/\/www.agv44.org\/site\/petites-histoires\/\" \/>\n<meta property=\"og:locale\" content=\"fr_FR\" \/>\n<meta property=\"og:type\" content=\"article\" \/>\n<meta property=\"og:title\" content=\"petites histoires\" \/>\n<meta property=\"og:description\" content=\"Les petites histoires de la grande Nous vous convions \u00e0 partager votre \u00e9motion, votre exp\u00e9rience, \u00e0 travers la narration d&#039;un \u00e9v\u00e9nement g\u00e9n\u00e9alogique que\" \/>\n<meta property=\"og:url\" content=\"https:\/\/www.agv44.org\/site\/petites-histoires\/\" \/>\n<meta property=\"article:modified_time\" content=\"2026-04-25T08:17:34+00:00\" \/>\n<meta property=\"og:image\" content=\"https:\/\/www.agv44.org\/site\/wp-content\/uploads\/2020\/03\/logoagv300.png\" \/>\n\t<meta property=\"og:image:width\" content=\"300\" \/>\n\t<meta property=\"og:image:height\" content=\"271\" \/>\n\t<meta property=\"og:image:type\" content=\"image\/png\" \/>\n<meta name=\"twitter:card\" content=\"summary_large_image\" \/>\n<meta name=\"twitter:label1\" content=\"Dur\u00e9e de lecture estim\u00e9e\" \/>\n\t<meta name=\"twitter:data1\" content=\"1 minute\" \/>\n<script type=\"application\/ld+json\" class=\"yoast-schema-graph\">{\"@context\":\"https:\/\/schema.org\",\"@graph\":[{\"@type\":\"WebPage\",\"@id\":\"https:\/\/www.agv44.org\/site\/petites-histoires\/\",\"url\":\"https:\/\/www.agv44.org\/site\/petites-histoires\/\",\"name\":\"petites histoires\",\"isPartOf\":{\"@id\":\"https:\/\/www.agv44.org\/site\/#website\"},\"primaryImageOfPage\":{\"@id\":\"https:\/\/www.agv44.org\/site\/petites-histoires\/#primaryimage\"},\"image\":{\"@id\":\"https:\/\/www.agv44.org\/site\/petites-histoires\/#primaryimage\"},\"thumbnailUrl\":\"https:\/\/www.agv44.org\/site\/wp-content\/uploads\/2020\/03\/logoagv300.png\",\"datePublished\":\"2020-11-01T14:07:13+00:00\",\"dateModified\":\"2026-04-25T08:17:34+00:00\",\"description\":\"Les petites histoires de la grande Nous vous convions \u00e0 partager votre \u00e9motion, votre exp\u00e9rience, \u00e0 travers la narration d'un \u00e9v\u00e9nement g\u00e9n\u00e9alogique que\",\"breadcrumb\":{\"@id\":\"https:\/\/www.agv44.org\/site\/petites-histoires\/#breadcrumb\"},\"inLanguage\":\"fr-FR\",\"potentialAction\":[{\"@type\":\"ReadAction\",\"target\":[\"https:\/\/www.agv44.org\/site\/petites-histoires\/\"]}]},{\"@type\":\"ImageObject\",\"inLanguage\":\"fr-FR\",\"@id\":\"https:\/\/www.agv44.org\/site\/petites-histoires\/#primaryimage\",\"url\":\"https:\/\/www.agv44.org\/site\/wp-content\/uploads\/2020\/03\/logoagv300.png\",\"contentUrl\":\"https:\/\/www.agv44.org\/site\/wp-content\/uploads\/2020\/03\/logoagv300.png\",\"width\":300,\"height\":271},{\"@type\":\"BreadcrumbList\",\"@id\":\"https:\/\/www.agv44.org\/site\/petites-histoires\/#breadcrumb\",\"itemListElement\":[{\"@type\":\"ListItem\",\"position\":1,\"name\":\"Accueil\",\"item\":\"https:\/\/www.agv44.org\/site\/\"},{\"@type\":\"ListItem\",\"position\":2,\"name\":\"petites histoires\"}]},{\"@type\":\"WebSite\",\"@id\":\"https:\/\/www.agv44.org\/site\/#website\",\"url\":\"https:\/\/www.agv44.org\/site\/\",\"name\":\"\",\"description\":\"\",\"publisher\":{\"@id\":\"https:\/\/www.agv44.org\/site\/#organization\"},\"potentialAction\":[{\"@type\":\"SearchAction\",\"target\":{\"@type\":\"EntryPoint\",\"urlTemplate\":\"https:\/\/www.agv44.org\/site\/?s={search_term_string}\"},\"query-input\":{\"@type\":\"PropertyValueSpecification\",\"valueRequired\":true,\"valueName\":\"search_term_string\"}}],\"inLanguage\":\"fr-FR\"},{\"@type\":\"Organization\",\"@id\":\"https:\/\/www.agv44.org\/site\/#organization\",\"name\":\"Association G\u00e9n\u00e9alogique Vertavienne\",\"url\":\"https:\/\/www.agv44.org\/site\/\",\"logo\":{\"@type\":\"ImageObject\",\"inLanguage\":\"fr-FR\",\"@id\":\"https:\/\/www.agv44.org\/site\/#\/schema\/logo\/image\/\",\"url\":\"https:\/\/www.agv44.org\/site\/wp-content\/uploads\/2020\/04\/logoagv300.png\",\"contentUrl\":\"https:\/\/www.agv44.org\/site\/wp-content\/uploads\/2020\/04\/logoagv300.png\",\"width\":300,\"height\":271,\"caption\":\"Association G\u00e9n\u00e9alogique Vertavienne\"},\"image\":{\"@id\":\"https:\/\/www.agv44.org\/site\/#\/schema\/logo\/image\/\"}}]}<\/script>\n<!-- \/ Yoast SEO plugin. -->","yoast_head_json":{"title":"petites histoires","description":"Les petites histoires de la grande Nous vous convions \u00e0 partager votre \u00e9motion, votre exp\u00e9rience, \u00e0 travers la narration d'un \u00e9v\u00e9nement g\u00e9n\u00e9alogique que","robots":{"index":"index","follow":"follow","max-snippet":"max-snippet:-1","max-image-preview":"max-image-preview:large","max-video-preview":"max-video-preview:-1"},"canonical":"https:\/\/www.agv44.org\/site\/petites-histoires\/","og_locale":"fr_FR","og_type":"article","og_title":"petites histoires","og_description":"Les petites histoires de la grande Nous vous convions \u00e0 partager votre \u00e9motion, votre exp\u00e9rience, \u00e0 travers la narration d'un \u00e9v\u00e9nement g\u00e9n\u00e9alogique que","og_url":"https:\/\/www.agv44.org\/site\/petites-histoires\/","article_modified_time":"2026-04-25T08:17:34+00:00","og_image":[{"width":300,"height":271,"url":"https:\/\/www.agv44.org\/site\/wp-content\/uploads\/2020\/03\/logoagv300.png","type":"image\/png"}],"twitter_card":"summary_large_image","twitter_misc":{"Dur\u00e9e de lecture estim\u00e9e":"1 minute"},"schema":{"@context":"https:\/\/schema.org","@graph":[{"@type":"WebPage","@id":"https:\/\/www.agv44.org\/site\/petites-histoires\/","url":"https:\/\/www.agv44.org\/site\/petites-histoires\/","name":"petites histoires","isPartOf":{"@id":"https:\/\/www.agv44.org\/site\/#website"},"primaryImageOfPage":{"@id":"https:\/\/www.agv44.org\/site\/petites-histoires\/#primaryimage"},"image":{"@id":"https:\/\/www.agv44.org\/site\/petites-histoires\/#primaryimage"},"thumbnailUrl":"https:\/\/www.agv44.org\/site\/wp-content\/uploads\/2020\/03\/logoagv300.png","datePublished":"2020-11-01T14:07:13+00:00","dateModified":"2026-04-25T08:17:34+00:00","description":"Les petites histoires de la grande Nous vous convions \u00e0 partager votre \u00e9motion, votre exp\u00e9rience, \u00e0 travers la narration d'un \u00e9v\u00e9nement g\u00e9n\u00e9alogique que","breadcrumb":{"@id":"https:\/\/www.agv44.org\/site\/petites-histoires\/#breadcrumb"},"inLanguage":"fr-FR","potentialAction":[{"@type":"ReadAction","target":["https:\/\/www.agv44.org\/site\/petites-histoires\/"]}]},{"@type":"ImageObject","inLanguage":"fr-FR","@id":"https:\/\/www.agv44.org\/site\/petites-histoires\/#primaryimage","url":"https:\/\/www.agv44.org\/site\/wp-content\/uploads\/2020\/03\/logoagv300.png","contentUrl":"https:\/\/www.agv44.org\/site\/wp-content\/uploads\/2020\/03\/logoagv300.png","width":300,"height":271},{"@type":"BreadcrumbList","@id":"https:\/\/www.agv44.org\/site\/petites-histoires\/#breadcrumb","itemListElement":[{"@type":"ListItem","position":1,"name":"Accueil","item":"https:\/\/www.agv44.org\/site\/"},{"@type":"ListItem","position":2,"name":"petites histoires"}]},{"@type":"WebSite","@id":"https:\/\/www.agv44.org\/site\/#website","url":"https:\/\/www.agv44.org\/site\/","name":"","description":"","publisher":{"@id":"https:\/\/www.agv44.org\/site\/#organization"},"potentialAction":[{"@type":"SearchAction","target":{"@type":"EntryPoint","urlTemplate":"https:\/\/www.agv44.org\/site\/?s={search_term_string}"},"query-input":{"@type":"PropertyValueSpecification","valueRequired":true,"valueName":"search_term_string"}}],"inLanguage":"fr-FR"},{"@type":"Organization","@id":"https:\/\/www.agv44.org\/site\/#organization","name":"Association G\u00e9n\u00e9alogique Vertavienne","url":"https:\/\/www.agv44.org\/site\/","logo":{"@type":"ImageObject","inLanguage":"fr-FR","@id":"https:\/\/www.agv44.org\/site\/#\/schema\/logo\/image\/","url":"https:\/\/www.agv44.org\/site\/wp-content\/uploads\/2020\/04\/logoagv300.png","contentUrl":"https:\/\/www.agv44.org\/site\/wp-content\/uploads\/2020\/04\/logoagv300.png","width":300,"height":271,"caption":"Association G\u00e9n\u00e9alogique Vertavienne"},"image":{"@id":"https:\/\/www.agv44.org\/site\/#\/schema\/logo\/image\/"}}]}},"_links":{"self":[{"href":"https:\/\/www.agv44.org\/site\/wp-json\/wp\/v2\/pages\/4383","targetHints":{"allow":["GET"]}}],"collection":[{"href":"https:\/\/www.agv44.org\/site\/wp-json\/wp\/v2\/pages"}],"about":[{"href":"https:\/\/www.agv44.org\/site\/wp-json\/wp\/v2\/types\/page"}],"author":[{"embeddable":true,"href":"https:\/\/www.agv44.org\/site\/wp-json\/wp\/v2\/users\/86"}],"replies":[{"embeddable":true,"href":"https:\/\/www.agv44.org\/site\/wp-json\/wp\/v2\/comments?post=4383"}],"version-history":[{"count":21,"href":"https:\/\/www.agv44.org\/site\/wp-json\/wp\/v2\/pages\/4383\/revisions"}],"predecessor-version":[{"id":7838,"href":"https:\/\/www.agv44.org\/site\/wp-json\/wp\/v2\/pages\/4383\/revisions\/7838"}],"wp:attachment":[{"href":"https:\/\/www.agv44.org\/site\/wp-json\/wp\/v2\/media?parent=4383"}],"curies":[{"name":"wp","href":"https:\/\/api.w.org\/{rel}","templated":true}]}}