{"id":4335,"date":"2020-10-30T18:36:50","date_gmt":"2020-10-30T17:36:50","guid":{"rendered":"https:\/\/www.agv44.org\/site\/?page_id=4335"},"modified":"2025-06-13T16:47:38","modified_gmt":"2025-06-13T14:47:38","slug":"odile-gregoire","status":"publish","type":"page","link":"https:\/\/www.agv44.org\/site\/odile-gregoire\/","title":{"rendered":"odile gregoire"},"content":{"rendered":"\n<p class=\"has-text-align-center has-text-color\" style=\"color:#a30031;font-size:40px\">Le cousin d&rsquo;Am\u00e9rique<\/p>\n\n\n\n<p>En avril 2020, en plein confinement, je re\u00e7ois un courrier de Philippe JEANNEAU, via g\u00e9n\u00e9anet, me demandant si le Martin JEANNEAU pr\u00e9sent dans la g\u00e9n\u00e9alogie de Jean-Yves, pouvait \u00eatre le m\u00eame que son anc\u00eatre dont les parents \u00e9taient Jean et Jeanne DOIZE,<\/p>\n\n\n\n<p>Je me lance dans une recherche, au final, non, ce ne peut \u00eatre le m\u00eame vu la date de naissance, mais je lui signale que j&rsquo;ai trouv\u00e9 un S\u00e9bastien Janneau mari\u00e9 avec Perrine Corgnet, dont la s\u0153ur Fran\u00e7oise CORGNET est mari\u00e9e avec Fran\u00e7ois Jeanneau fils du Martin de mon arbre&#8230;Vous suivez ?<\/p>\n\n\n<div class=\"wp-block-image\">\n<figure class=\"alignleft size-full is-resized\"><img loading=\"lazy\" decoding=\"async\" width=\"353\" height=\"409\" src=\"https:\/\/www.agv44.org\/site\/wp-content\/uploads\/2025\/06\/Ph-Jeanneau.jpg\" alt=\"\" class=\"wp-image-7459\" style=\"width:242px;height:auto\" srcset=\"https:\/\/www.agv44.org\/site\/wp-content\/uploads\/2025\/06\/Ph-Jeanneau.jpg 353w, https:\/\/www.agv44.org\/site\/wp-content\/uploads\/2025\/06\/Ph-Jeanneau-259x300.jpg 259w\" sizes=\"auto, (max-width: 353px) 100vw, 353px\" \/><figcaption class=\"wp-element-caption\">Philippe Janneau<\/figcaption><\/figure><\/div>\n\n\n<p>A ma r\u00e9ponse il r\u00e9alise la diff\u00e9rence d&rsquo;\u00e2ge et se demande toujours, s&rsquo;il n&rsquo;y a pas un lien .<\/p>\n\n\n\n<p>J&rsquo;approfondis donc mes recherches en allant sur le site de l&rsquo;AGV et je trouve les \u00e9l\u00e9ments qui lui manquaient.<\/p>\n\n\n<div class=\"wp-block-image\">\n<figure class=\"alignright size-large is-resized\"><img loading=\"lazy\" decoding=\"async\" width=\"715\" height=\"1024\" src=\"https:\/\/www.agv44.org\/site\/wp-content\/uploads\/2020\/10\/bateau-715x1024.jpg\" alt=\"\" class=\"wp-image-4337\" style=\"width:447px;height:640px\" srcset=\"https:\/\/www.agv44.org\/site\/wp-content\/uploads\/2020\/10\/bateau-715x1024.jpg 715w, https:\/\/www.agv44.org\/site\/wp-content\/uploads\/2020\/10\/bateau-209x300.jpg 209w, https:\/\/www.agv44.org\/site\/wp-content\/uploads\/2020\/10\/bateau-768x1101.jpg 768w, https:\/\/www.agv44.org\/site\/wp-content\/uploads\/2020\/10\/bateau-1072x1536.jpg 1072w, https:\/\/www.agv44.org\/site\/wp-content\/uploads\/2020\/10\/bateau-676x969.jpg 676w, https:\/\/www.agv44.org\/site\/wp-content\/uploads\/2020\/10\/bateau.jpg 1136w\" sizes=\"auto, (max-width: 715px) 100vw, 715px\" \/><figcaption class=\"wp-element-caption\">Le Saint Rogatien Cap-hornier nantais<\/figcaption><\/figure><\/div>\n\n\n<p>Nous \u00e9changeons pratiquement tous les jours des messages , il m&rsquo;envoie le fruit de ses recherches, moi les miennes et le 25 avril il me remercie de toutes ces informations, car j&rsquo;ai<br> trouv\u00e9 en 2 jours plus d&rsquo;informations sur sa famille que lui en 20 ans de recherches. il me parle de venir en France, mais le voyage est repouss\u00e9 en raison de la pand\u00e9mie, je m&rsquo;\u00e9tonne de cette r\u00e9ponse et l\u00e0 je d\u00e9couvre qu&rsquo;il habite en Floride. <\/p>\n\n\n\n<p>Il me raconte l&rsquo;histoire de son arri\u00e8re grand-p\u00e8re qui est n\u00e9 \u00e0 la Chapelle-Basse-Mer en juin 1882, qui s&rsquo;est mari\u00e9 au P\u00e9rou en 1908, et m&rsquo;adresse des photos de famille<\/p>\n\n\n\n<p>L\u00e0 commence une autre enqu\u00eate. Pourquoi son arri\u00e8re-grand-p\u00e8re est il parti au P\u00e9rou et comment ?<\/p>\n\n\n\n<p>Je me lance donc dans la recherche. Je trouve dans les archives d\u00e9partementales de Loire-Atlantique l&rsquo;onglet Marine, je me risque, juste le nom et le pr\u00e9nom, et voil\u00e0 qu&rsquo;appara\u00eet le registre concernant L\u00e9on Marie Janneau, embarqu\u00e9 \u00e0 Cardiff sur le Saint-Rogatien le 6 juillet 1905, d\u00e9barqu\u00e9 \u00e0 Newcastle, le 05\/02\/1906 et consid\u00e9r\u00e9 comme d\u00e9c\u00e9d\u00e9 car absent lors de l&#8217;embarquement. Bizarre&#8230;<\/p>\n\n\n\n<p><\/p>\n\n\n<div class=\"wp-block-image\">\n<figure class=\"aligncenter size-large is-resized\"><img loading=\"lazy\" decoding=\"async\" width=\"1024\" height=\"443\" src=\"https:\/\/www.agv44.org\/site\/wp-content\/uploads\/2020\/10\/matricule-marin-Leon-Marie-Jeanneau-1024x443.jpg\" alt=\"\" class=\"wp-image-4363\" style=\"width:477px;height:205px\" srcset=\"https:\/\/www.agv44.org\/site\/wp-content\/uploads\/2020\/10\/matricule-marin-Leon-Marie-Jeanneau-1024x443.jpg 1024w, https:\/\/www.agv44.org\/site\/wp-content\/uploads\/2020\/10\/matricule-marin-Leon-Marie-Jeanneau-300x130.jpg 300w, https:\/\/www.agv44.org\/site\/wp-content\/uploads\/2020\/10\/matricule-marin-Leon-Marie-Jeanneau-768x332.jpg 768w, https:\/\/www.agv44.org\/site\/wp-content\/uploads\/2020\/10\/matricule-marin-Leon-Marie-Jeanneau-1536x664.jpg 1536w, https:\/\/www.agv44.org\/site\/wp-content\/uploads\/2020\/10\/matricule-marin-Leon-Marie-Jeanneau-676x292.jpg 676w, https:\/\/www.agv44.org\/site\/wp-content\/uploads\/2020\/10\/matricule-marin-Leon-Marie-Jeanneau.jpg 1582w\" sizes=\"auto, (max-width: 1024px) 100vw, 1024px\" \/><\/figure><\/div>\n\n<div class=\"wp-block-image\">\n<figure class=\"aligncenter size-large\"><img loading=\"lazy\" decoding=\"async\" width=\"1024\" height=\"429\" src=\"https:\/\/www.agv44.org\/site\/wp-content\/uploads\/2020\/10\/odile01-1024x429.jpg\" alt=\"\" class=\"wp-image-4338\" srcset=\"https:\/\/www.agv44.org\/site\/wp-content\/uploads\/2020\/10\/odile01-1024x429.jpg 1024w, https:\/\/www.agv44.org\/site\/wp-content\/uploads\/2020\/10\/odile01-300x126.jpg 300w, https:\/\/www.agv44.org\/site\/wp-content\/uploads\/2020\/10\/odile01-768x322.jpg 768w, https:\/\/www.agv44.org\/site\/wp-content\/uploads\/2020\/10\/odile01-1536x643.jpg 1536w, https:\/\/www.agv44.org\/site\/wp-content\/uploads\/2020\/10\/odile01-676x283.jpg 676w, https:\/\/www.agv44.org\/site\/wp-content\/uploads\/2020\/10\/odile01.jpg 1586w\" sizes=\"auto, (max-width: 1024px) 100vw, 1024px\" \/><\/figure><\/div>\n\n\n<p class=\"has-text-align-center has-text-color\" style=\"color:#000fa3\">Un myst\u00e8re reste \u00e0 r\u00e9soudre&#8230;<\/p>\n\n\n<div class=\"wp-block-image\">\n<figure class=\"aligncenter size-large is-resized\"><img loading=\"lazy\" decoding=\"async\" width=\"945\" height=\"354\" src=\"https:\/\/www.agv44.org\/site\/wp-content\/uploads\/2020\/10\/Leon-jeanneau-saint-rogatien-b.jpg\" alt=\"\" class=\"wp-image-4351\" style=\"width:486px;height:182px\" srcset=\"https:\/\/www.agv44.org\/site\/wp-content\/uploads\/2020\/10\/Leon-jeanneau-saint-rogatien-b.jpg 945w, https:\/\/www.agv44.org\/site\/wp-content\/uploads\/2020\/10\/Leon-jeanneau-saint-rogatien-b-300x112.jpg 300w, https:\/\/www.agv44.org\/site\/wp-content\/uploads\/2020\/10\/Leon-jeanneau-saint-rogatien-b-768x288.jpg 768w, https:\/\/www.agv44.org\/site\/wp-content\/uploads\/2020\/10\/Leon-jeanneau-saint-rogatien-b-676x253.jpg 676w\" sizes=\"auto, (max-width: 945px) 100vw, 945px\" \/><\/figure><\/div>\n\n<div class=\"wp-block-image\">\n<figure class=\"aligncenter size-large\"><img loading=\"lazy\" decoding=\"async\" width=\"709\" height=\"1024\" src=\"https:\/\/www.agv44.org\/site\/wp-content\/uploads\/2020\/10\/odile03-709x1024.jpg\" alt=\"\" class=\"wp-image-4340\" srcset=\"https:\/\/www.agv44.org\/site\/wp-content\/uploads\/2020\/10\/odile03-709x1024.jpg 709w, https:\/\/www.agv44.org\/site\/wp-content\/uploads\/2020\/10\/odile03-208x300.jpg 208w, https:\/\/www.agv44.org\/site\/wp-content\/uploads\/2020\/10\/odile03-768x1109.jpg 768w, https:\/\/www.agv44.org\/site\/wp-content\/uploads\/2020\/10\/odile03-676x976.jpg 676w, https:\/\/www.agv44.org\/site\/wp-content\/uploads\/2020\/10\/odile03.jpg 1000w\" sizes=\"auto, (max-width: 709px) 100vw, 709px\" \/><\/figure><\/div>\n\n<div class=\"wp-block-image\">\n<figure class=\"aligncenter size-large is-resized\"><img loading=\"lazy\" decoding=\"async\" width=\"738\" height=\"1024\" src=\"https:\/\/www.agv44.org\/site\/wp-content\/uploads\/2022\/05\/leon-jeanneau01-1-738x1024.jpg\" alt=\"\" class=\"wp-image-5381\" style=\"width:251px;height:335px\" srcset=\"https:\/\/www.agv44.org\/site\/wp-content\/uploads\/2022\/05\/leon-jeanneau01-1-738x1024.jpg 738w, https:\/\/www.agv44.org\/site\/wp-content\/uploads\/2022\/05\/leon-jeanneau01-1-216x300.jpg 216w, https:\/\/www.agv44.org\/site\/wp-content\/uploads\/2022\/05\/leon-jeanneau01-1-768x1066.jpg 768w, https:\/\/www.agv44.org\/site\/wp-content\/uploads\/2022\/05\/leon-jeanneau01-1-1107x1536.jpg 1107w, https:\/\/www.agv44.org\/site\/wp-content\/uploads\/2022\/05\/leon-jeanneau01-1-676x938.jpg 676w, https:\/\/www.agv44.org\/site\/wp-content\/uploads\/2022\/05\/leon-jeanneau01-1.jpg 1470w\" sizes=\"auto, (max-width: 738px) 100vw, 738px\" \/><figcaption class=\"wp-element-caption\">L\u00e9on en tenue de soldat<\/figcaption><\/figure><\/div>\n\n\n<p class=\"has-text-align-center\" style=\"font-size:11px\">Petite explication: un shanga\u00efer (ou, selon OQLF, shangaier) \u00e9tait un homme enr\u00f4l\u00e9, par force ou par ruse, pour compl\u00e9ter un \u00e9quipage sur le d\u00e9part.<\/p>\n\n\n\n<p class=\"has-text-align-center\">Le myst\u00e8re est r\u00e9solu &#8230;<\/p>\n\n\n\n<p><\/p>\n\n\n\n<p class=\"has-text-align-center\">Ou presque&#8230; Se serait-il rendu d&rsquo;Australie au P\u00e9rou contre son gr\u00e9?<\/p>\n\n\n\n<p>Odile<\/p>\n\n\n\n<p class=\"has-text-align-center\"><a href=\"http:\/\/www.caphorniersfrancais.fr\/index.php?option=com_content&amp;view=article&amp;id=6:accueil\">Un site sur le cap-horniers \u00e0 consulter <\/a><\/p>\n","protected":false},"excerpt":{"rendered":"<p>Le cousin d&rsquo;Am\u00e9rique En avril 2020, en plein confinement, je re\u00e7ois un courrier de Philippe JEANNEAU, via g\u00e9n\u00e9anet, me demandant si le Martin JEANNEAU pr\u00e9sent dans la g\u00e9n\u00e9alogie de Jean-Yves, pouvait \u00eatre le m\u00eame que son anc\u00eatre dont les parents \u00e9taient Jean et Jeanne DOIZE, Je me lance dans une recherche, au final, non, ce [&hellip;]<\/p>\n","protected":false},"author":86,"featured_media":0,"parent":0,"menu_order":0,"comment_status":"closed","ping_status":"closed","template":"","meta":{"footnotes":""},"class_list":["post-4335","page","type-page","status-publish","hentry","post-preview"],"yoast_head":"<!-- This site is optimized with the Yoast SEO plugin v24.4 - https:\/\/yoast.com\/wordpress\/plugins\/seo\/ -->\n<title>odile gregoire<\/title>\n<meta name=\"description\" content=\"Le cousin d&#039;Am\u00e9rique En avril 2020, en plein confinement, je re\u00e7ois un courrier de Philippe JEANNEAU, via g\u00e9n\u00e9anet, me demandant si le Martin JEANNEAU\" \/>\n<meta name=\"robots\" content=\"index, follow, max-snippet:-1, max-image-preview:large, max-video-preview:-1\" \/>\n<link rel=\"canonical\" href=\"https:\/\/www.agv44.org\/site\/odile-gregoire\/\" \/>\n<meta property=\"og:locale\" content=\"fr_FR\" \/>\n<meta property=\"og:type\" content=\"article\" \/>\n<meta property=\"og:title\" content=\"odile gregoire\" \/>\n<meta property=\"og:description\" content=\"Le cousin d&#039;Am\u00e9rique En avril 2020, en plein confinement, je re\u00e7ois un courrier de Philippe JEANNEAU, via g\u00e9n\u00e9anet, me demandant si le Martin JEANNEAU\" \/>\n<meta property=\"og:url\" content=\"https:\/\/www.agv44.org\/site\/odile-gregoire\/\" \/>\n<meta property=\"article:modified_time\" content=\"2025-06-13T14:47:38+00:00\" \/>\n<meta property=\"og:image\" content=\"https:\/\/www.agv44.org\/site\/wp-content\/uploads\/2025\/06\/Ph-Jeanneau.jpg\" \/>\n\t<meta property=\"og:image:width\" content=\"353\" \/>\n\t<meta property=\"og:image:height\" content=\"409\" \/>\n\t<meta property=\"og:image:type\" content=\"image\/jpeg\" \/>\n<meta name=\"twitter:card\" content=\"summary_large_image\" \/>\n<meta name=\"twitter:label1\" content=\"Dur\u00e9e de lecture estim\u00e9e\" \/>\n\t<meta name=\"twitter:data1\" content=\"4 minutes\" \/>\n<script type=\"application\/ld+json\" class=\"yoast-schema-graph\">{\"@context\":\"https:\/\/schema.org\",\"@graph\":[{\"@type\":\"WebPage\",\"@id\":\"https:\/\/www.agv44.org\/site\/odile-gregoire\/\",\"url\":\"https:\/\/www.agv44.org\/site\/odile-gregoire\/\",\"name\":\"odile gregoire\",\"isPartOf\":{\"@id\":\"https:\/\/www.agv44.org\/site\/#website\"},\"primaryImageOfPage\":{\"@id\":\"https:\/\/www.agv44.org\/site\/odile-gregoire\/#primaryimage\"},\"image\":{\"@id\":\"https:\/\/www.agv44.org\/site\/odile-gregoire\/#primaryimage\"},\"thumbnailUrl\":\"https:\/\/www.agv44.org\/site\/wp-content\/uploads\/2025\/06\/Ph-Jeanneau.jpg\",\"datePublished\":\"2020-10-30T17:36:50+00:00\",\"dateModified\":\"2025-06-13T14:47:38+00:00\",\"description\":\"Le cousin d'Am\u00e9rique En avril 2020, en plein confinement, je re\u00e7ois un courrier de Philippe JEANNEAU, via g\u00e9n\u00e9anet, me demandant si le Martin JEANNEAU\",\"breadcrumb\":{\"@id\":\"https:\/\/www.agv44.org\/site\/odile-gregoire\/#breadcrumb\"},\"inLanguage\":\"fr-FR\",\"potentialAction\":[{\"@type\":\"ReadAction\",\"target\":[\"https:\/\/www.agv44.org\/site\/odile-gregoire\/\"]}]},{\"@type\":\"ImageObject\",\"inLanguage\":\"fr-FR\",\"@id\":\"https:\/\/www.agv44.org\/site\/odile-gregoire\/#primaryimage\",\"url\":\"https:\/\/www.agv44.org\/site\/wp-content\/uploads\/2025\/06\/Ph-Jeanneau.jpg\",\"contentUrl\":\"https:\/\/www.agv44.org\/site\/wp-content\/uploads\/2025\/06\/Ph-Jeanneau.jpg\",\"width\":353,\"height\":409},{\"@type\":\"BreadcrumbList\",\"@id\":\"https:\/\/www.agv44.org\/site\/odile-gregoire\/#breadcrumb\",\"itemListElement\":[{\"@type\":\"ListItem\",\"position\":1,\"name\":\"Accueil\",\"item\":\"https:\/\/www.agv44.org\/site\/\"},{\"@type\":\"ListItem\",\"position\":2,\"name\":\"odile gregoire\"}]},{\"@type\":\"WebSite\",\"@id\":\"https:\/\/www.agv44.org\/site\/#website\",\"url\":\"https:\/\/www.agv44.org\/site\/\",\"name\":\"\",\"description\":\"\",\"publisher\":{\"@id\":\"https:\/\/www.agv44.org\/site\/#organization\"},\"potentialAction\":[{\"@type\":\"SearchAction\",\"target\":{\"@type\":\"EntryPoint\",\"urlTemplate\":\"https:\/\/www.agv44.org\/site\/?s={search_term_string}\"},\"query-input\":{\"@type\":\"PropertyValueSpecification\",\"valueRequired\":true,\"valueName\":\"search_term_string\"}}],\"inLanguage\":\"fr-FR\"},{\"@type\":\"Organization\",\"@id\":\"https:\/\/www.agv44.org\/site\/#organization\",\"name\":\"Association G\u00e9n\u00e9alogique Vertavienne\",\"url\":\"https:\/\/www.agv44.org\/site\/\",\"logo\":{\"@type\":\"ImageObject\",\"inLanguage\":\"fr-FR\",\"@id\":\"https:\/\/www.agv44.org\/site\/#\/schema\/logo\/image\/\",\"url\":\"https:\/\/www.agv44.org\/site\/wp-content\/uploads\/2020\/04\/logoagv300.png\",\"contentUrl\":\"https:\/\/www.agv44.org\/site\/wp-content\/uploads\/2020\/04\/logoagv300.png\",\"width\":300,\"height\":271,\"caption\":\"Association G\u00e9n\u00e9alogique Vertavienne\"},\"image\":{\"@id\":\"https:\/\/www.agv44.org\/site\/#\/schema\/logo\/image\/\"}}]}<\/script>\n<!-- \/ Yoast SEO plugin. -->","yoast_head_json":{"title":"odile gregoire","description":"Le cousin d'Am\u00e9rique En avril 2020, en plein confinement, je re\u00e7ois un courrier de Philippe JEANNEAU, via g\u00e9n\u00e9anet, me demandant si le Martin JEANNEAU","robots":{"index":"index","follow":"follow","max-snippet":"max-snippet:-1","max-image-preview":"max-image-preview:large","max-video-preview":"max-video-preview:-1"},"canonical":"https:\/\/www.agv44.org\/site\/odile-gregoire\/","og_locale":"fr_FR","og_type":"article","og_title":"odile gregoire","og_description":"Le cousin d'Am\u00e9rique En avril 2020, en plein confinement, je re\u00e7ois un courrier de Philippe JEANNEAU, via g\u00e9n\u00e9anet, me demandant si le Martin JEANNEAU","og_url":"https:\/\/www.agv44.org\/site\/odile-gregoire\/","article_modified_time":"2025-06-13T14:47:38+00:00","og_image":[{"width":353,"height":409,"url":"https:\/\/www.agv44.org\/site\/wp-content\/uploads\/2025\/06\/Ph-Jeanneau.jpg","type":"image\/jpeg"}],"twitter_card":"summary_large_image","twitter_misc":{"Dur\u00e9e de lecture estim\u00e9e":"4 minutes"},"schema":{"@context":"https:\/\/schema.org","@graph":[{"@type":"WebPage","@id":"https:\/\/www.agv44.org\/site\/odile-gregoire\/","url":"https:\/\/www.agv44.org\/site\/odile-gregoire\/","name":"odile gregoire","isPartOf":{"@id":"https:\/\/www.agv44.org\/site\/#website"},"primaryImageOfPage":{"@id":"https:\/\/www.agv44.org\/site\/odile-gregoire\/#primaryimage"},"image":{"@id":"https:\/\/www.agv44.org\/site\/odile-gregoire\/#primaryimage"},"thumbnailUrl":"https:\/\/www.agv44.org\/site\/wp-content\/uploads\/2025\/06\/Ph-Jeanneau.jpg","datePublished":"2020-10-30T17:36:50+00:00","dateModified":"2025-06-13T14:47:38+00:00","description":"Le cousin d'Am\u00e9rique En avril 2020, en plein confinement, je re\u00e7ois un courrier de Philippe JEANNEAU, via g\u00e9n\u00e9anet, me demandant si le Martin JEANNEAU","breadcrumb":{"@id":"https:\/\/www.agv44.org\/site\/odile-gregoire\/#breadcrumb"},"inLanguage":"fr-FR","potentialAction":[{"@type":"ReadAction","target":["https:\/\/www.agv44.org\/site\/odile-gregoire\/"]}]},{"@type":"ImageObject","inLanguage":"fr-FR","@id":"https:\/\/www.agv44.org\/site\/odile-gregoire\/#primaryimage","url":"https:\/\/www.agv44.org\/site\/wp-content\/uploads\/2025\/06\/Ph-Jeanneau.jpg","contentUrl":"https:\/\/www.agv44.org\/site\/wp-content\/uploads\/2025\/06\/Ph-Jeanneau.jpg","width":353,"height":409},{"@type":"BreadcrumbList","@id":"https:\/\/www.agv44.org\/site\/odile-gregoire\/#breadcrumb","itemListElement":[{"@type":"ListItem","position":1,"name":"Accueil","item":"https:\/\/www.agv44.org\/site\/"},{"@type":"ListItem","position":2,"name":"odile gregoire"}]},{"@type":"WebSite","@id":"https:\/\/www.agv44.org\/site\/#website","url":"https:\/\/www.agv44.org\/site\/","name":"","description":"","publisher":{"@id":"https:\/\/www.agv44.org\/site\/#organization"},"potentialAction":[{"@type":"SearchAction","target":{"@type":"EntryPoint","urlTemplate":"https:\/\/www.agv44.org\/site\/?s={search_term_string}"},"query-input":{"@type":"PropertyValueSpecification","valueRequired":true,"valueName":"search_term_string"}}],"inLanguage":"fr-FR"},{"@type":"Organization","@id":"https:\/\/www.agv44.org\/site\/#organization","name":"Association G\u00e9n\u00e9alogique Vertavienne","url":"https:\/\/www.agv44.org\/site\/","logo":{"@type":"ImageObject","inLanguage":"fr-FR","@id":"https:\/\/www.agv44.org\/site\/#\/schema\/logo\/image\/","url":"https:\/\/www.agv44.org\/site\/wp-content\/uploads\/2020\/04\/logoagv300.png","contentUrl":"https:\/\/www.agv44.org\/site\/wp-content\/uploads\/2020\/04\/logoagv300.png","width":300,"height":271,"caption":"Association G\u00e9n\u00e9alogique Vertavienne"},"image":{"@id":"https:\/\/www.agv44.org\/site\/#\/schema\/logo\/image\/"}}]}},"_links":{"self":[{"href":"https:\/\/www.agv44.org\/site\/wp-json\/wp\/v2\/pages\/4335","targetHints":{"allow":["GET"]}}],"collection":[{"href":"https:\/\/www.agv44.org\/site\/wp-json\/wp\/v2\/pages"}],"about":[{"href":"https:\/\/www.agv44.org\/site\/wp-json\/wp\/v2\/types\/page"}],"author":[{"embeddable":true,"href":"https:\/\/www.agv44.org\/site\/wp-json\/wp\/v2\/users\/86"}],"replies":[{"embeddable":true,"href":"https:\/\/www.agv44.org\/site\/wp-json\/wp\/v2\/comments?post=4335"}],"version-history":[{"count":34,"href":"https:\/\/www.agv44.org\/site\/wp-json\/wp\/v2\/pages\/4335\/revisions"}],"predecessor-version":[{"id":7460,"href":"https:\/\/www.agv44.org\/site\/wp-json\/wp\/v2\/pages\/4335\/revisions\/7460"}],"wp:attachment":[{"href":"https:\/\/www.agv44.org\/site\/wp-json\/wp\/v2\/media?parent=4335"}],"curies":[{"name":"wp","href":"https:\/\/api.w.org\/{rel}","templated":true}]}}