{"id":4271,"date":"2020-10-21T13:37:03","date_gmt":"2020-10-21T11:37:03","guid":{"rendered":"https:\/\/www.agv44.org\/site\/?page_id=4271"},"modified":"2020-11-01T14:41:31","modified_gmt":"2020-11-01T13:41:31","slug":"adn-et-genealogie","status":"publish","type":"page","link":"https:\/\/www.agv44.org\/site\/adn-et-genealogie\/","title":{"rendered":"ADN et g\u00e9n\u00e9alogie"},"content":{"rendered":"\n<p class=\"has-text-align-center has-text-color\" style=\"font-size:47px;color:#1b6b1f\"><strong>ADN et g\u00e9n\u00e9alogie<\/strong><\/p>\n\n\n\n<div class=\"wp-block-image\"><figure class=\"aligncenter size-large is-resized\"><img loading=\"lazy\" decoding=\"async\" src=\"https:\/\/www.agv44.org\/site\/wp-content\/uploads\/2020\/10\/ADN-frise-1024x178.png\" alt=\"\" class=\"wp-image-4314\" width=\"459\" height=\"79\" srcset=\"https:\/\/www.agv44.org\/site\/wp-content\/uploads\/2020\/10\/ADN-frise-1024x178.png 1024w, https:\/\/www.agv44.org\/site\/wp-content\/uploads\/2020\/10\/ADN-frise-300x52.png 300w, https:\/\/www.agv44.org\/site\/wp-content\/uploads\/2020\/10\/ADN-frise-768x134.png 768w, https:\/\/www.agv44.org\/site\/wp-content\/uploads\/2020\/10\/ADN-frise-676x118.png 676w, https:\/\/www.agv44.org\/site\/wp-content\/uploads\/2020\/10\/ADN-frise.png 1208w\" sizes=\"auto, (max-width: 459px) 100vw, 459px\" \/><\/figure><\/div>\n\n\n\n<p> Les avanc\u00e9es techniques en mati\u00e8re de s\u00e9quen\u00e7age de l&rsquo;ADN des \u00eatres vivants ouvrent des possibilit\u00e9s quant \u00e0 la connaissance des liens de parent\u00e9 qu&rsquo;ils ont entre eux.<\/p>\n\n\n\n<p>  Toutes les techniques ne sont pas \u00e9quivalentes et certaines n&rsquo;exercent leur pertinence que dans les \u00e9tudes statistiques des populations.<\/p>\n\n\n\n<p>   D&rsquo;autres proposent un s\u00e9quen\u00e7age pr\u00e9cis des ADN, mais le brassage des g\u00e8nes (voir ci-dessous) limite la fiabilit\u00e9 de leurs r\u00e9sultats. Eh oui!  Les populations sont vari\u00e9es, c&rsquo;est l\u00e0 leur richesse et la garantie de leur persistance au cours de l&rsquo;\u00e9volution.<\/p>\n\n\n\n<p>  Rappelons que ces pratiques ne sont pas autoris\u00e9es en France pour des raisons autres que m\u00e9dicales ou scientifiques et sous le regard de la justice lors des enqu\u00eates polici\u00e8res.<\/p>\n\n\n\n<p style=\"font-size:21px\"><strong>Et l&rsquo;ADN c&rsquo;est quoi ?<\/strong><\/p>\n\n\n\n<p>  Imaginez dans chacune de vos 30 000 milliards de cellules 46 fins et longs rubans qui portent de petites phrases chimiques \u00e9crites avec seulement 4 lettres, A, C, T, G. Un m\u00e8tre au total dans chaque cellule !!<br>  Ces rubans sont les constituants essentiels de vos chromosomes, 23 viennent de papa et 23 de maman, et leur composant principal s&rsquo;appelle acide d\u00e9soxyribonucl\u00ebique, ADN pour les intimes.<br>  Les phrases (mais pas toutes) de ces rubans servent de programme et d\u00e9terminent vos caract\u00e9ristiques physiques (mais pas toutes), on les appelle g\u00e8nes (il y en a 28 000) et donc la moiti\u00e9 de ces g\u00e8nes vient de papa et l&rsquo;autre de maman.<\/p>\n\n\n\n<div class=\"wp-block-image\"><figure class=\"aligncenter size-large is-resized\"><img loading=\"lazy\" decoding=\"async\" src=\"https:\/\/www.agv44.org\/site\/wp-content\/uploads\/2020\/10\/explication-chromosome2.jpg\" alt=\"\" class=\"wp-image-4272\" width=\"476\" height=\"402\" srcset=\"https:\/\/www.agv44.org\/site\/wp-content\/uploads\/2020\/10\/explication-chromosome2.jpg 646w, https:\/\/www.agv44.org\/site\/wp-content\/uploads\/2020\/10\/explication-chromosome2-300x254.jpg 300w\" sizes=\"auto, (max-width: 476px) 100vw, 476px\" \/><\/figure><\/div>\n\n\n\n<p>Il y a tout ce qu&rsquo;il faut dans votre cuisine pour extraire  l&rsquo;ADN d&rsquo;un \u00eatre vivant, donc le v\u00f4tre, et le voir sous forme d&rsquo;un amas de fins filaments.<\/p>\n\n\n\n<div class=\"wp-block-image\"><figure class=\"aligncenter size-large\"><img loading=\"lazy\" decoding=\"async\" width=\"200\" height=\"222\" src=\"https:\/\/www.agv44.org\/site\/wp-content\/uploads\/2020\/10\/meduse.png\" alt=\"\" class=\"wp-image-4310\"\/><\/figure><\/div>\n\n\n\n<p class=\"has-text-align-center\"><a href=\"https:\/\/kidiscience.cafe-sciences.org\/articles\/experience-a-la-maison-lextraction-dadn\/\" target=\"_blank\" rel=\"noreferrer noopener\">Voici un site qui vous propose la manip !<\/a><\/p>\n\n\n\n<p>  C&rsquo;est au cours de la reproduction que les parents, par leurs spermatozo\u00efdes ou leurs ovules, vont transmettre la moiti\u00e9 de leur ADN et donc la moiti\u00e9 de ces g\u00e8nes.<\/p>\n\n\n\n<p>  Si les enfants re\u00e7oivent la moiti\u00e9 (50%) de l&rsquo;ADN de chacun de leurs parents, les petits-enfants n&rsquo;auront en h\u00e9ritage que le 1\/4 (25%) de l&rsquo;ADN de ces m\u00eames personnes et les arri\u00e8res-petits-enfants que le 1\/8 (12,5%) et ainsi de suite\u2026logique\u2026<\/p>\n\n\n\n<p>  Mais attention!!! \u00c7a se complique, si les enfants re\u00e7oivent 50% des g\u00e8nes de leurs parents, ce ne sont pas les m\u00eames 50% pour tous les enfants, sinon ils seraient jumeaux. C&rsquo;est aussi pour cela que la population montre une telle diversit\u00e9.<\/p>\n\n\n\n<div class=\"wp-block-image\"><figure class=\"aligncenter size-large is-resized\"><img loading=\"lazy\" decoding=\"async\" src=\"https:\/\/www.agv44.org\/site\/wp-content\/uploads\/2020\/10\/explication-heredite-720x1024.jpg\" alt=\"\" class=\"wp-image-4273\" width=\"437\" height=\"621\" srcset=\"https:\/\/www.agv44.org\/site\/wp-content\/uploads\/2020\/10\/explication-heredite-720x1024.jpg 720w, https:\/\/www.agv44.org\/site\/wp-content\/uploads\/2020\/10\/explication-heredite-211x300.jpg 211w, https:\/\/www.agv44.org\/site\/wp-content\/uploads\/2020\/10\/explication-heredite-768x1092.jpg 768w, https:\/\/www.agv44.org\/site\/wp-content\/uploads\/2020\/10\/explication-heredite-1081x1536.jpg 1081w, https:\/\/www.agv44.org\/site\/wp-content\/uploads\/2020\/10\/explication-heredite-1441x2048.jpg 1441w, https:\/\/www.agv44.org\/site\/wp-content\/uploads\/2020\/10\/explication-heredite-676x961.jpg 676w, https:\/\/www.agv44.org\/site\/wp-content\/uploads\/2020\/10\/explication-heredite-scaled.jpg 1801w\" sizes=\"auto, (max-width: 437px) 100vw, 437px\" \/><\/figure><\/div>\n\n\n\n<p>  L&rsquo;id\u00e9e des recherches g\u00e9n\u00e9tiques, en mati\u00e8re de g\u00e9n\u00e9alogie, est donc de comparer l&rsquo;ADN des cellules d&rsquo;une personne \u00e0 celui d&rsquo;autres personnes pour en d\u00e9duire leur parent\u00e9 possible, voire d\u00e9terminer leur origine g\u00e9ographique potentielle.<\/p>\n\n\n\n<p>Le brassage des g\u00e8nes est tel qu&rsquo;\u00e0 la 10\u00e8me g\u00e9n\u00e9ration les g\u00e8nes en commun ne sont que de 0,1%  (1 divis\u00e9 par 1024)  !!  <\/p>\n\n\n\n<p>Cela relativise les espoirs qu&rsquo;on met en ces techniques qui sont par ailleurs \u00e0 l&rsquo;origine de d\u00e9couvertes sensationnelles.<\/p>\n\n\n\n<p>JYG<\/p>\n","protected":false},"excerpt":{"rendered":"<p>ADN et g\u00e9n\u00e9alogie Les avanc\u00e9es techniques en mati\u00e8re de s\u00e9quen\u00e7age de l&rsquo;ADN des \u00eatres vivants ouvrent des possibilit\u00e9s quant \u00e0 la connaissance des liens de parent\u00e9 qu&rsquo;ils ont entre eux. Toutes les techniques ne sont pas \u00e9quivalentes et certaines n&rsquo;exercent leur pertinence que dans les \u00e9tudes statistiques des populations. D&rsquo;autres proposent un s\u00e9quen\u00e7age pr\u00e9cis des [&hellip;]<\/p>\n","protected":false},"author":86,"featured_media":0,"parent":0,"menu_order":0,"comment_status":"closed","ping_status":"closed","template":"","meta":{"footnotes":""},"class_list":["post-4271","page","type-page","status-publish","hentry","post-preview"],"yoast_head":"<!-- This site is optimized with the Yoast SEO plugin v24.4 - https:\/\/yoast.com\/wordpress\/plugins\/seo\/ -->\n<title>ADN et g\u00e9n\u00e9alogie<\/title>\n<meta name=\"description\" content=\"ADN et g\u00e9n\u00e9alogie Les avanc\u00e9es techniques en mati\u00e8re de s\u00e9quen\u00e7age de l&#039;ADN des \u00eatres vivants ouvrent des possibilit\u00e9s quant \u00e0 la connaissance des liens\" \/>\n<meta name=\"robots\" content=\"index, follow, max-snippet:-1, max-image-preview:large, max-video-preview:-1\" \/>\n<link rel=\"canonical\" href=\"https:\/\/www.agv44.org\/site\/adn-et-genealogie\/\" \/>\n<meta property=\"og:locale\" content=\"fr_FR\" \/>\n<meta property=\"og:type\" content=\"article\" \/>\n<meta property=\"og:title\" content=\"ADN et g\u00e9n\u00e9alogie\" \/>\n<meta property=\"og:description\" content=\"ADN et g\u00e9n\u00e9alogie Les avanc\u00e9es techniques en mati\u00e8re de s\u00e9quen\u00e7age de l&#039;ADN des \u00eatres vivants ouvrent des possibilit\u00e9s quant \u00e0 la connaissance des liens\" \/>\n<meta property=\"og:url\" content=\"https:\/\/www.agv44.org\/site\/adn-et-genealogie\/\" \/>\n<meta property=\"article:modified_time\" content=\"2020-11-01T13:41:31+00:00\" \/>\n<meta property=\"og:image\" content=\"https:\/\/www.agv44.org\/site\/wp-content\/uploads\/2020\/10\/ADN-frise-1024x178.png\" \/>\n<meta name=\"twitter:card\" content=\"summary_large_image\" \/>\n<meta name=\"twitter:label1\" content=\"Dur\u00e9e de lecture estim\u00e9e\" \/>\n\t<meta name=\"twitter:data1\" content=\"2 minutes\" \/>\n<script type=\"application\/ld+json\" class=\"yoast-schema-graph\">{\"@context\":\"https:\/\/schema.org\",\"@graph\":[{\"@type\":\"WebPage\",\"@id\":\"https:\/\/www.agv44.org\/site\/adn-et-genealogie\/\",\"url\":\"https:\/\/www.agv44.org\/site\/adn-et-genealogie\/\",\"name\":\"ADN et g\u00e9n\u00e9alogie\",\"isPartOf\":{\"@id\":\"https:\/\/www.agv44.org\/site\/#website\"},\"primaryImageOfPage\":{\"@id\":\"https:\/\/www.agv44.org\/site\/adn-et-genealogie\/#primaryimage\"},\"image\":{\"@id\":\"https:\/\/www.agv44.org\/site\/adn-et-genealogie\/#primaryimage\"},\"thumbnailUrl\":\"https:\/\/www.agv44.org\/site\/wp-content\/uploads\/2020\/10\/ADN-frise-1024x178.png\",\"datePublished\":\"2020-10-21T11:37:03+00:00\",\"dateModified\":\"2020-11-01T13:41:31+00:00\",\"description\":\"ADN et g\u00e9n\u00e9alogie Les avanc\u00e9es techniques en mati\u00e8re de s\u00e9quen\u00e7age de l'ADN des \u00eatres vivants ouvrent des possibilit\u00e9s quant \u00e0 la connaissance des liens\",\"breadcrumb\":{\"@id\":\"https:\/\/www.agv44.org\/site\/adn-et-genealogie\/#breadcrumb\"},\"inLanguage\":\"fr-FR\",\"potentialAction\":[{\"@type\":\"ReadAction\",\"target\":[\"https:\/\/www.agv44.org\/site\/adn-et-genealogie\/\"]}]},{\"@type\":\"ImageObject\",\"inLanguage\":\"fr-FR\",\"@id\":\"https:\/\/www.agv44.org\/site\/adn-et-genealogie\/#primaryimage\",\"url\":\"https:\/\/www.agv44.org\/site\/wp-content\/uploads\/2020\/10\/ADN-frise.png\",\"contentUrl\":\"https:\/\/www.agv44.org\/site\/wp-content\/uploads\/2020\/10\/ADN-frise.png\",\"width\":1208,\"height\":210},{\"@type\":\"BreadcrumbList\",\"@id\":\"https:\/\/www.agv44.org\/site\/adn-et-genealogie\/#breadcrumb\",\"itemListElement\":[{\"@type\":\"ListItem\",\"position\":1,\"name\":\"Accueil\",\"item\":\"https:\/\/www.agv44.org\/site\/\"},{\"@type\":\"ListItem\",\"position\":2,\"name\":\"ADN et g\u00e9n\u00e9alogie\"}]},{\"@type\":\"WebSite\",\"@id\":\"https:\/\/www.agv44.org\/site\/#website\",\"url\":\"https:\/\/www.agv44.org\/site\/\",\"name\":\"\",\"description\":\"\",\"publisher\":{\"@id\":\"https:\/\/www.agv44.org\/site\/#organization\"},\"potentialAction\":[{\"@type\":\"SearchAction\",\"target\":{\"@type\":\"EntryPoint\",\"urlTemplate\":\"https:\/\/www.agv44.org\/site\/?s={search_term_string}\"},\"query-input\":{\"@type\":\"PropertyValueSpecification\",\"valueRequired\":true,\"valueName\":\"search_term_string\"}}],\"inLanguage\":\"fr-FR\"},{\"@type\":\"Organization\",\"@id\":\"https:\/\/www.agv44.org\/site\/#organization\",\"name\":\"Association G\u00e9n\u00e9alogique Vertavienne\",\"url\":\"https:\/\/www.agv44.org\/site\/\",\"logo\":{\"@type\":\"ImageObject\",\"inLanguage\":\"fr-FR\",\"@id\":\"https:\/\/www.agv44.org\/site\/#\/schema\/logo\/image\/\",\"url\":\"https:\/\/www.agv44.org\/site\/wp-content\/uploads\/2020\/04\/logoagv300.png\",\"contentUrl\":\"https:\/\/www.agv44.org\/site\/wp-content\/uploads\/2020\/04\/logoagv300.png\",\"width\":300,\"height\":271,\"caption\":\"Association G\u00e9n\u00e9alogique Vertavienne\"},\"image\":{\"@id\":\"https:\/\/www.agv44.org\/site\/#\/schema\/logo\/image\/\"}}]}<\/script>\n<!-- \/ Yoast SEO plugin. -->","yoast_head_json":{"title":"ADN et g\u00e9n\u00e9alogie","description":"ADN et g\u00e9n\u00e9alogie Les avanc\u00e9es techniques en mati\u00e8re de s\u00e9quen\u00e7age de l'ADN des \u00eatres vivants ouvrent des possibilit\u00e9s quant \u00e0 la connaissance des liens","robots":{"index":"index","follow":"follow","max-snippet":"max-snippet:-1","max-image-preview":"max-image-preview:large","max-video-preview":"max-video-preview:-1"},"canonical":"https:\/\/www.agv44.org\/site\/adn-et-genealogie\/","og_locale":"fr_FR","og_type":"article","og_title":"ADN et g\u00e9n\u00e9alogie","og_description":"ADN et g\u00e9n\u00e9alogie Les avanc\u00e9es techniques en mati\u00e8re de s\u00e9quen\u00e7age de l'ADN des \u00eatres vivants ouvrent des possibilit\u00e9s quant \u00e0 la connaissance des liens","og_url":"https:\/\/www.agv44.org\/site\/adn-et-genealogie\/","article_modified_time":"2020-11-01T13:41:31+00:00","og_image":[{"url":"https:\/\/www.agv44.org\/site\/wp-content\/uploads\/2020\/10\/ADN-frise-1024x178.png","type":"","width":"","height":""}],"twitter_card":"summary_large_image","twitter_misc":{"Dur\u00e9e de lecture estim\u00e9e":"2 minutes"},"schema":{"@context":"https:\/\/schema.org","@graph":[{"@type":"WebPage","@id":"https:\/\/www.agv44.org\/site\/adn-et-genealogie\/","url":"https:\/\/www.agv44.org\/site\/adn-et-genealogie\/","name":"ADN et g\u00e9n\u00e9alogie","isPartOf":{"@id":"https:\/\/www.agv44.org\/site\/#website"},"primaryImageOfPage":{"@id":"https:\/\/www.agv44.org\/site\/adn-et-genealogie\/#primaryimage"},"image":{"@id":"https:\/\/www.agv44.org\/site\/adn-et-genealogie\/#primaryimage"},"thumbnailUrl":"https:\/\/www.agv44.org\/site\/wp-content\/uploads\/2020\/10\/ADN-frise-1024x178.png","datePublished":"2020-10-21T11:37:03+00:00","dateModified":"2020-11-01T13:41:31+00:00","description":"ADN et g\u00e9n\u00e9alogie Les avanc\u00e9es techniques en mati\u00e8re de s\u00e9quen\u00e7age de l'ADN des \u00eatres vivants ouvrent des possibilit\u00e9s quant \u00e0 la connaissance des liens","breadcrumb":{"@id":"https:\/\/www.agv44.org\/site\/adn-et-genealogie\/#breadcrumb"},"inLanguage":"fr-FR","potentialAction":[{"@type":"ReadAction","target":["https:\/\/www.agv44.org\/site\/adn-et-genealogie\/"]}]},{"@type":"ImageObject","inLanguage":"fr-FR","@id":"https:\/\/www.agv44.org\/site\/adn-et-genealogie\/#primaryimage","url":"https:\/\/www.agv44.org\/site\/wp-content\/uploads\/2020\/10\/ADN-frise.png","contentUrl":"https:\/\/www.agv44.org\/site\/wp-content\/uploads\/2020\/10\/ADN-frise.png","width":1208,"height":210},{"@type":"BreadcrumbList","@id":"https:\/\/www.agv44.org\/site\/adn-et-genealogie\/#breadcrumb","itemListElement":[{"@type":"ListItem","position":1,"name":"Accueil","item":"https:\/\/www.agv44.org\/site\/"},{"@type":"ListItem","position":2,"name":"ADN et g\u00e9n\u00e9alogie"}]},{"@type":"WebSite","@id":"https:\/\/www.agv44.org\/site\/#website","url":"https:\/\/www.agv44.org\/site\/","name":"","description":"","publisher":{"@id":"https:\/\/www.agv44.org\/site\/#organization"},"potentialAction":[{"@type":"SearchAction","target":{"@type":"EntryPoint","urlTemplate":"https:\/\/www.agv44.org\/site\/?s={search_term_string}"},"query-input":{"@type":"PropertyValueSpecification","valueRequired":true,"valueName":"search_term_string"}}],"inLanguage":"fr-FR"},{"@type":"Organization","@id":"https:\/\/www.agv44.org\/site\/#organization","name":"Association G\u00e9n\u00e9alogique Vertavienne","url":"https:\/\/www.agv44.org\/site\/","logo":{"@type":"ImageObject","inLanguage":"fr-FR","@id":"https:\/\/www.agv44.org\/site\/#\/schema\/logo\/image\/","url":"https:\/\/www.agv44.org\/site\/wp-content\/uploads\/2020\/04\/logoagv300.png","contentUrl":"https:\/\/www.agv44.org\/site\/wp-content\/uploads\/2020\/04\/logoagv300.png","width":300,"height":271,"caption":"Association G\u00e9n\u00e9alogique Vertavienne"},"image":{"@id":"https:\/\/www.agv44.org\/site\/#\/schema\/logo\/image\/"}}]}},"_links":{"self":[{"href":"https:\/\/www.agv44.org\/site\/wp-json\/wp\/v2\/pages\/4271","targetHints":{"allow":["GET"]}}],"collection":[{"href":"https:\/\/www.agv44.org\/site\/wp-json\/wp\/v2\/pages"}],"about":[{"href":"https:\/\/www.agv44.org\/site\/wp-json\/wp\/v2\/types\/page"}],"author":[{"embeddable":true,"href":"https:\/\/www.agv44.org\/site\/wp-json\/wp\/v2\/users\/86"}],"replies":[{"embeddable":true,"href":"https:\/\/www.agv44.org\/site\/wp-json\/wp\/v2\/comments?post=4271"}],"version-history":[{"count":8,"href":"https:\/\/www.agv44.org\/site\/wp-json\/wp\/v2\/pages\/4271\/revisions"}],"predecessor-version":[{"id":4382,"href":"https:\/\/www.agv44.org\/site\/wp-json\/wp\/v2\/pages\/4271\/revisions\/4382"}],"wp:attachment":[{"href":"https:\/\/www.agv44.org\/site\/wp-json\/wp\/v2\/media?parent=4271"}],"curies":[{"name":"wp","href":"https:\/\/api.w.org\/{rel}","templated":true}]}}