{"id":4197,"date":"2020-09-26T17:45:55","date_gmt":"2020-09-26T15:45:55","guid":{"rendered":"https:\/\/www.agv44.org\/site\/?page_id=4197"},"modified":"2025-09-14T14:25:04","modified_gmt":"2025-09-14T12:25:04","slug":"activites","status":"publish","type":"page","link":"https:\/\/www.agv44.org\/site\/activites\/","title":{"rendered":"activit\u00e9s"},"content":{"rendered":"<div class=\"wp-block-image\">\n<figure class=\"aligncenter size-large\"><img loading=\"lazy\" decoding=\"async\" width=\"1024\" height=\"161\" src=\"https:\/\/www.agv44.org\/site\/wp-content\/uploads\/2020\/09\/activites-3-1024x161.png\" alt=\"\" class=\"wp-image-4199\" srcset=\"https:\/\/www.agv44.org\/site\/wp-content\/uploads\/2020\/09\/activites-3-1024x161.png 1024w, https:\/\/www.agv44.org\/site\/wp-content\/uploads\/2020\/09\/activites-3-300x47.png 300w, https:\/\/www.agv44.org\/site\/wp-content\/uploads\/2020\/09\/activites-3-768x121.png 768w, https:\/\/www.agv44.org\/site\/wp-content\/uploads\/2020\/09\/activites-3-1536x241.png 1536w, https:\/\/www.agv44.org\/site\/wp-content\/uploads\/2020\/09\/activites-3-2048x322.png 2048w, https:\/\/www.agv44.org\/site\/wp-content\/uploads\/2020\/09\/activites-3-676x106.png 676w\" sizes=\"auto, (max-width: 1024px) 100vw, 1024px\" \/><\/figure><\/div>\n\n\n<p class=\"has-text-align-center\">L\u2019AGV participe \u00e0 divers forums et expositions auxquels elle est convi\u00e9e mais aussi diversifie son activit\u00e9 g\u00e9n\u00e9alogique en alimentant une riche biblioth\u00e8que, en enrichissant les bases de donn\u00e9es qu\u2019elle propose aux adh\u00e9rents, en explorant des domaines qui lui sont rattach\u00e9s(photographies anciennes, cartes postales, histoire).<\/p>\n\n\n\n<p class=\"has-text-align-center\"><strong>L&rsquo;AGV organise des permanences \u00e0 son local. Voici ce que vous pouvez y faire:<\/strong><\/p>\n\n\n\n<ul class=\"wp-block-list\">\n<li>acc\u00e9der aux bases: Nim\u00e8gue (plus compl\u00e8te qu&rsquo;ExpoActes), Filae, phototh\u00e8que, cartoth\u00e8que\u2026<\/li>\n\n\n\n<li>obtenir de l&rsquo; aide et des conseils divers: utilisation des bases AGV, d\u00e9chiffrage d&rsquo;actes, sources disponibles sur internet, utilisation des logiciels, recherche particuli\u00e8res (ex \u00e0 l&rsquo;\u00e9tranger),<\/li>\n\n\n\n<li>r\u00e9soudre un probl\u00e8me technique, d\u00e9bloquer une g\u00e9n\u00e9alogie\u2026<br>Vous pouvez aussi nous apporter des photos ou des cartes postales pour enrichir nos bases.<br>Et j&rsquo;en passe\u2026<\/li>\n<\/ul>\n\n\n\n<div class=\"wp-block-columns is-layout-flex wp-container-core-columns-is-layout-1 wp-block-columns-is-layout-flex\">\n<div class=\"wp-block-column is-layout-flow wp-block-column-is-layout-flow\"><div class=\"wp-block-image\">\n<figure class=\"aligncenter size-medium is-resized\"><a href=\"https:\/\/www.agv44.org\/site\/les-tables-consultables\/\"><img loading=\"lazy\" decoding=\"async\" width=\"300\" height=\"185\" src=\"https:\/\/www.agv44.org\/site\/wp-content\/uploads\/2020\/09\/actes-06-300x185.jpg\" alt=\"\" class=\"wp-image-4200\" style=\"width:200px\" srcset=\"https:\/\/www.agv44.org\/site\/wp-content\/uploads\/2020\/09\/actes-06-300x185.jpg 300w, https:\/\/www.agv44.org\/site\/wp-content\/uploads\/2020\/09\/actes-06-1024x631.jpg 1024w, https:\/\/www.agv44.org\/site\/wp-content\/uploads\/2020\/09\/actes-06-768x474.jpg 768w, https:\/\/www.agv44.org\/site\/wp-content\/uploads\/2020\/09\/actes-06-676x417.jpg 676w, https:\/\/www.agv44.org\/site\/wp-content\/uploads\/2020\/09\/actes-06.jpg 1414w\" sizes=\"auto, (max-width: 300px) 100vw, 300px\" \/><\/a><figcaption class=\"wp-element-caption\">Relev\u00e9s et consultation des tables<\/figcaption><\/figure><\/div><\/div>\n\n\n\n<div class=\"wp-block-column is-layout-flow wp-block-column-is-layout-flow\"><div class=\"wp-block-image\">\n<figure class=\"aligncenter size-medium is-resized\"><a href=\"https:\/\/www.agv44.org\/site\/les-forums-de-genealogie\/\"><img loading=\"lazy\" decoding=\"async\" width=\"300\" height=\"177\" src=\"https:\/\/www.agv44.org\/site\/wp-content\/uploads\/2020\/08\/maisdon01-300x177.jpg\" alt=\"\" class=\"wp-image-4002\" style=\"width:200px\" srcset=\"https:\/\/www.agv44.org\/site\/wp-content\/uploads\/2020\/08\/maisdon01-300x177.jpg 300w, https:\/\/www.agv44.org\/site\/wp-content\/uploads\/2020\/08\/maisdon01-768x452.jpg 768w, https:\/\/www.agv44.org\/site\/wp-content\/uploads\/2020\/08\/maisdon01-1024x603.jpg 1024w, https:\/\/www.agv44.org\/site\/wp-content\/uploads\/2020\/08\/maisdon01-676x398.jpg 676w, https:\/\/www.agv44.org\/site\/wp-content\/uploads\/2020\/08\/maisdon01.jpg 1322w\" sizes=\"auto, (max-width: 300px) 100vw, 300px\" \/><\/a><figcaption class=\"wp-element-caption\">Forums et expositions<\/figcaption><\/figure><\/div><\/div>\n\n\n\n<div class=\"wp-block-column is-layout-flow wp-block-column-is-layout-flow\"><div class=\"wp-block-image\">\n<figure class=\"aligncenter size-medium is-resized\"><a href=\"https:\/\/www.agv44.org\/site\/les-biennales\/\"><img loading=\"lazy\" decoding=\"async\" width=\"300\" height=\"189\" src=\"https:\/\/www.agv44.org\/site\/wp-content\/uploads\/2025\/03\/image-biennale2025-300x189.jpg\" alt=\"\" class=\"wp-image-7202\" style=\"width:200px\" srcset=\"https:\/\/www.agv44.org\/site\/wp-content\/uploads\/2025\/03\/image-biennale2025-300x189.jpg 300w, https:\/\/www.agv44.org\/site\/wp-content\/uploads\/2025\/03\/image-biennale2025.jpg 666w\" sizes=\"auto, (max-width: 300px) 100vw, 300px\" \/><\/a><figcaption class=\"wp-element-caption\">Les Biennales<\/figcaption><\/figure><\/div><\/div>\n<\/div>\n\n\n\n<div class=\"wp-block-columns is-layout-flex wp-container-core-columns-is-layout-2 wp-block-columns-is-layout-flex\">\n<div class=\"wp-block-column is-layout-flow wp-block-column-is-layout-flow\"><div class=\"wp-block-image\">\n<figure class=\"aligncenter size-medium is-resized\"><a href=\"https:\/\/www.agv44.org\/site\/le-groupe-photos\/\"><img loading=\"lazy\" decoding=\"async\" width=\"300\" height=\"224\" src=\"https:\/\/www.agv44.org\/site\/wp-content\/uploads\/2020\/09\/D482nx-300x224.jpg\" alt=\"\" class=\"wp-image-4202\" style=\"width:180px\" srcset=\"https:\/\/www.agv44.org\/site\/wp-content\/uploads\/2020\/09\/D482nx-300x224.jpg 300w, https:\/\/www.agv44.org\/site\/wp-content\/uploads\/2020\/09\/D482nx.jpg 666w\" sizes=\"auto, (max-width: 300px) 100vw, 300px\" \/><\/a><figcaption class=\"wp-element-caption\">Le groupe photos<\/figcaption><\/figure><\/div><\/div>\n\n\n\n<div class=\"wp-block-column is-layout-flow wp-block-column-is-layout-flow\"><div class=\"wp-block-image\">\n<figure class=\"aligncenter size-medium is-resized\"><a href=\"https:\/\/www.agv44.org\/site\/bibliotheque\/\" target=\"_blank\" rel=\"noopener noreferrer\"><img loading=\"lazy\" decoding=\"async\" width=\"300\" height=\"189\" src=\"https:\/\/www.agv44.org\/site\/wp-content\/uploads\/2020\/09\/livres-300x189.jpg\" alt=\"\" class=\"wp-image-4208\" style=\"width:200px\" srcset=\"https:\/\/www.agv44.org\/site\/wp-content\/uploads\/2020\/09\/livres-300x189.jpg 300w, https:\/\/www.agv44.org\/site\/wp-content\/uploads\/2020\/09\/livres.jpg 539w\" sizes=\"auto, (max-width: 300px) 100vw, 300px\" \/><\/a><figcaption class=\"wp-element-caption\">La biblioth\u00e8que<\/figcaption><\/figure><\/div><\/div>\n\n\n\n<div class=\"wp-block-column is-layout-flow wp-block-column-is-layout-flow\"><div class=\"wp-block-image\">\n<figure class=\"aligncenter size-medium is-resized\"><a href=\"https:\/\/www.agv44.org\/site\/cartotheque\/\"><img loading=\"lazy\" decoding=\"async\" width=\"300\" height=\"194\" src=\"https:\/\/www.agv44.org\/site\/wp-content\/uploads\/2020\/03\/Vertou-770-300x194.jpg\" alt=\"\" class=\"wp-image-3147\" style=\"width:200px\" srcset=\"https:\/\/www.agv44.org\/site\/wp-content\/uploads\/2020\/03\/Vertou-770-300x194.jpg 300w, https:\/\/www.agv44.org\/site\/wp-content\/uploads\/2020\/03\/Vertou-770-768x497.jpg 768w, https:\/\/www.agv44.org\/site\/wp-content\/uploads\/2020\/03\/Vertou-770-676x438.jpg 676w, https:\/\/www.agv44.org\/site\/wp-content\/uploads\/2020\/03\/Vertou-770.jpg 800w\" sizes=\"auto, (max-width: 300px) 100vw, 300px\" \/><\/a><figcaption class=\"wp-element-caption\">la cartoth\u00e8que<\/figcaption><\/figure><\/div><\/div>\n<\/div>\n\n\n\n<p class=\"has-text-align-center\">La g\u00e9n\u00e9alogie ne saurait se passer de l\u2019histoire des lieux o\u00f9 v\u00e9curent nos anc\u00eatres.<\/p>\n\n\n<div class=\"wp-block-image\">\n<figure class=\"aligncenter size-large is-resized\"><a href=\"https:\/\/www.agv44.org\/site\/histoire-locale\/\"><img loading=\"lazy\" decoding=\"async\" width=\"931\" height=\"1024\" src=\"https:\/\/www.agv44.org\/site\/wp-content\/uploads\/2024\/12\/vertou03-931x1024.png\" alt=\"\" class=\"wp-image-7057\" style=\"width:200px;height:220px\" srcset=\"https:\/\/www.agv44.org\/site\/wp-content\/uploads\/2024\/12\/vertou03-931x1024.png 931w, https:\/\/www.agv44.org\/site\/wp-content\/uploads\/2024\/12\/vertou03-273x300.png 273w, https:\/\/www.agv44.org\/site\/wp-content\/uploads\/2024\/12\/vertou03-768x845.png 768w, https:\/\/www.agv44.org\/site\/wp-content\/uploads\/2024\/12\/vertou03-1396x1536.png 1396w, https:\/\/www.agv44.org\/site\/wp-content\/uploads\/2024\/12\/vertou03-1862x2048.png 1862w, https:\/\/www.agv44.org\/site\/wp-content\/uploads\/2024\/12\/vertou03-676x744.png 676w\" sizes=\"auto, (max-width: 931px) 100vw, 931px\" \/><\/a><figcaption class=\"wp-element-caption\">Histoire locale<\/figcaption><\/figure><\/div>","protected":false},"excerpt":{"rendered":"<p>L\u2019AGV participe \u00e0 divers forums et expositions auxquels elle est convi\u00e9e mais aussi diversifie son activit\u00e9 g\u00e9n\u00e9alogique en alimentant une riche biblioth\u00e8que, en enrichissant les bases de donn\u00e9es qu\u2019elle propose aux adh\u00e9rents, en explorant des domaines qui lui sont rattach\u00e9s(photographies anciennes, cartes postales, histoire). L&rsquo;AGV organise des permanences \u00e0 son local. Voici ce que vous [&hellip;]<\/p>\n","protected":false},"author":86,"featured_media":0,"parent":0,"menu_order":0,"comment_status":"closed","ping_status":"closed","template":"","meta":{"footnotes":""},"class_list":["post-4197","page","type-page","status-publish","hentry","post-preview"],"yoast_head":"<!-- This site is optimized with the Yoast SEO plugin v24.4 - https:\/\/yoast.com\/wordpress\/plugins\/seo\/ -->\n<title>activit\u00e9s<\/title>\n<meta name=\"description\" content=\"L\u2019AGV participe \u00e0 divers forums et expositions auxquels elle est convi\u00e9e mais aussi diversifie son activit\u00e9 g\u00e9n\u00e9alogique en alimentant une riche\" \/>\n<meta name=\"robots\" content=\"index, follow, max-snippet:-1, max-image-preview:large, max-video-preview:-1\" \/>\n<link rel=\"canonical\" href=\"https:\/\/www.agv44.org\/site\/activites\/\" \/>\n<meta property=\"og:locale\" content=\"fr_FR\" \/>\n<meta property=\"og:type\" content=\"article\" \/>\n<meta property=\"og:title\" content=\"activit\u00e9s\" \/>\n<meta property=\"og:description\" content=\"L\u2019AGV participe \u00e0 divers forums et expositions auxquels elle est convi\u00e9e mais aussi diversifie son activit\u00e9 g\u00e9n\u00e9alogique en alimentant une riche\" \/>\n<meta property=\"og:url\" content=\"https:\/\/www.agv44.org\/site\/activites\/\" \/>\n<meta property=\"article:modified_time\" content=\"2025-09-14T12:25:04+00:00\" \/>\n<meta property=\"og:image\" content=\"https:\/\/www.agv44.org\/site\/wp-content\/uploads\/2020\/09\/activites-3.png\" \/>\n\t<meta property=\"og:image:width\" content=\"2140\" \/>\n\t<meta property=\"og:image:height\" content=\"336\" \/>\n\t<meta property=\"og:image:type\" content=\"image\/png\" \/>\n<meta name=\"twitter:card\" content=\"summary_large_image\" \/>\n<meta name=\"twitter:label1\" content=\"Dur\u00e9e de lecture estim\u00e9e\" \/>\n\t<meta name=\"twitter:data1\" content=\"3 minutes\" \/>\n<script type=\"application\/ld+json\" class=\"yoast-schema-graph\">{\"@context\":\"https:\/\/schema.org\",\"@graph\":[{\"@type\":\"WebPage\",\"@id\":\"https:\/\/www.agv44.org\/site\/activites\/\",\"url\":\"https:\/\/www.agv44.org\/site\/activites\/\",\"name\":\"activit\u00e9s\",\"isPartOf\":{\"@id\":\"https:\/\/www.agv44.org\/site\/#website\"},\"primaryImageOfPage\":{\"@id\":\"https:\/\/www.agv44.org\/site\/activites\/#primaryimage\"},\"image\":{\"@id\":\"https:\/\/www.agv44.org\/site\/activites\/#primaryimage\"},\"thumbnailUrl\":\"https:\/\/www.agv44.org\/site\/wp-content\/uploads\/2020\/09\/activites-3-1024x161.png\",\"datePublished\":\"2020-09-26T15:45:55+00:00\",\"dateModified\":\"2025-09-14T12:25:04+00:00\",\"description\":\"L\u2019AGV participe \u00e0 divers forums et expositions auxquels elle est convi\u00e9e mais aussi diversifie son activit\u00e9 g\u00e9n\u00e9alogique en alimentant une riche\",\"breadcrumb\":{\"@id\":\"https:\/\/www.agv44.org\/site\/activites\/#breadcrumb\"},\"inLanguage\":\"fr-FR\",\"potentialAction\":[{\"@type\":\"ReadAction\",\"target\":[\"https:\/\/www.agv44.org\/site\/activites\/\"]}]},{\"@type\":\"ImageObject\",\"inLanguage\":\"fr-FR\",\"@id\":\"https:\/\/www.agv44.org\/site\/activites\/#primaryimage\",\"url\":\"https:\/\/www.agv44.org\/site\/wp-content\/uploads\/2020\/09\/activites-3.png\",\"contentUrl\":\"https:\/\/www.agv44.org\/site\/wp-content\/uploads\/2020\/09\/activites-3.png\",\"width\":2140,\"height\":336},{\"@type\":\"BreadcrumbList\",\"@id\":\"https:\/\/www.agv44.org\/site\/activites\/#breadcrumb\",\"itemListElement\":[{\"@type\":\"ListItem\",\"position\":1,\"name\":\"Accueil\",\"item\":\"https:\/\/www.agv44.org\/site\/\"},{\"@type\":\"ListItem\",\"position\":2,\"name\":\"activit\u00e9s\"}]},{\"@type\":\"WebSite\",\"@id\":\"https:\/\/www.agv44.org\/site\/#website\",\"url\":\"https:\/\/www.agv44.org\/site\/\",\"name\":\"\",\"description\":\"\",\"publisher\":{\"@id\":\"https:\/\/www.agv44.org\/site\/#organization\"},\"potentialAction\":[{\"@type\":\"SearchAction\",\"target\":{\"@type\":\"EntryPoint\",\"urlTemplate\":\"https:\/\/www.agv44.org\/site\/?s={search_term_string}\"},\"query-input\":{\"@type\":\"PropertyValueSpecification\",\"valueRequired\":true,\"valueName\":\"search_term_string\"}}],\"inLanguage\":\"fr-FR\"},{\"@type\":\"Organization\",\"@id\":\"https:\/\/www.agv44.org\/site\/#organization\",\"name\":\"Association G\u00e9n\u00e9alogique Vertavienne\",\"url\":\"https:\/\/www.agv44.org\/site\/\",\"logo\":{\"@type\":\"ImageObject\",\"inLanguage\":\"fr-FR\",\"@id\":\"https:\/\/www.agv44.org\/site\/#\/schema\/logo\/image\/\",\"url\":\"https:\/\/www.agv44.org\/site\/wp-content\/uploads\/2020\/04\/logoagv300.png\",\"contentUrl\":\"https:\/\/www.agv44.org\/site\/wp-content\/uploads\/2020\/04\/logoagv300.png\",\"width\":300,\"height\":271,\"caption\":\"Association G\u00e9n\u00e9alogique Vertavienne\"},\"image\":{\"@id\":\"https:\/\/www.agv44.org\/site\/#\/schema\/logo\/image\/\"}}]}<\/script>\n<!-- \/ Yoast SEO plugin. -->","yoast_head_json":{"title":"activit\u00e9s","description":"L\u2019AGV participe \u00e0 divers forums et expositions auxquels elle est convi\u00e9e mais aussi diversifie son activit\u00e9 g\u00e9n\u00e9alogique en alimentant une riche","robots":{"index":"index","follow":"follow","max-snippet":"max-snippet:-1","max-image-preview":"max-image-preview:large","max-video-preview":"max-video-preview:-1"},"canonical":"https:\/\/www.agv44.org\/site\/activites\/","og_locale":"fr_FR","og_type":"article","og_title":"activit\u00e9s","og_description":"L\u2019AGV participe \u00e0 divers forums et expositions auxquels elle est convi\u00e9e mais aussi diversifie son activit\u00e9 g\u00e9n\u00e9alogique en alimentant une riche","og_url":"https:\/\/www.agv44.org\/site\/activites\/","article_modified_time":"2025-09-14T12:25:04+00:00","og_image":[{"width":2140,"height":336,"url":"https:\/\/www.agv44.org\/site\/wp-content\/uploads\/2020\/09\/activites-3.png","type":"image\/png"}],"twitter_card":"summary_large_image","twitter_misc":{"Dur\u00e9e de lecture estim\u00e9e":"3 minutes"},"schema":{"@context":"https:\/\/schema.org","@graph":[{"@type":"WebPage","@id":"https:\/\/www.agv44.org\/site\/activites\/","url":"https:\/\/www.agv44.org\/site\/activites\/","name":"activit\u00e9s","isPartOf":{"@id":"https:\/\/www.agv44.org\/site\/#website"},"primaryImageOfPage":{"@id":"https:\/\/www.agv44.org\/site\/activites\/#primaryimage"},"image":{"@id":"https:\/\/www.agv44.org\/site\/activites\/#primaryimage"},"thumbnailUrl":"https:\/\/www.agv44.org\/site\/wp-content\/uploads\/2020\/09\/activites-3-1024x161.png","datePublished":"2020-09-26T15:45:55+00:00","dateModified":"2025-09-14T12:25:04+00:00","description":"L\u2019AGV participe \u00e0 divers forums et expositions auxquels elle est convi\u00e9e mais aussi diversifie son activit\u00e9 g\u00e9n\u00e9alogique en alimentant une riche","breadcrumb":{"@id":"https:\/\/www.agv44.org\/site\/activites\/#breadcrumb"},"inLanguage":"fr-FR","potentialAction":[{"@type":"ReadAction","target":["https:\/\/www.agv44.org\/site\/activites\/"]}]},{"@type":"ImageObject","inLanguage":"fr-FR","@id":"https:\/\/www.agv44.org\/site\/activites\/#primaryimage","url":"https:\/\/www.agv44.org\/site\/wp-content\/uploads\/2020\/09\/activites-3.png","contentUrl":"https:\/\/www.agv44.org\/site\/wp-content\/uploads\/2020\/09\/activites-3.png","width":2140,"height":336},{"@type":"BreadcrumbList","@id":"https:\/\/www.agv44.org\/site\/activites\/#breadcrumb","itemListElement":[{"@type":"ListItem","position":1,"name":"Accueil","item":"https:\/\/www.agv44.org\/site\/"},{"@type":"ListItem","position":2,"name":"activit\u00e9s"}]},{"@type":"WebSite","@id":"https:\/\/www.agv44.org\/site\/#website","url":"https:\/\/www.agv44.org\/site\/","name":"","description":"","publisher":{"@id":"https:\/\/www.agv44.org\/site\/#organization"},"potentialAction":[{"@type":"SearchAction","target":{"@type":"EntryPoint","urlTemplate":"https:\/\/www.agv44.org\/site\/?s={search_term_string}"},"query-input":{"@type":"PropertyValueSpecification","valueRequired":true,"valueName":"search_term_string"}}],"inLanguage":"fr-FR"},{"@type":"Organization","@id":"https:\/\/www.agv44.org\/site\/#organization","name":"Association G\u00e9n\u00e9alogique Vertavienne","url":"https:\/\/www.agv44.org\/site\/","logo":{"@type":"ImageObject","inLanguage":"fr-FR","@id":"https:\/\/www.agv44.org\/site\/#\/schema\/logo\/image\/","url":"https:\/\/www.agv44.org\/site\/wp-content\/uploads\/2020\/04\/logoagv300.png","contentUrl":"https:\/\/www.agv44.org\/site\/wp-content\/uploads\/2020\/04\/logoagv300.png","width":300,"height":271,"caption":"Association G\u00e9n\u00e9alogique Vertavienne"},"image":{"@id":"https:\/\/www.agv44.org\/site\/#\/schema\/logo\/image\/"}}]}},"_links":{"self":[{"href":"https:\/\/www.agv44.org\/site\/wp-json\/wp\/v2\/pages\/4197","targetHints":{"allow":["GET"]}}],"collection":[{"href":"https:\/\/www.agv44.org\/site\/wp-json\/wp\/v2\/pages"}],"about":[{"href":"https:\/\/www.agv44.org\/site\/wp-json\/wp\/v2\/types\/page"}],"author":[{"embeddable":true,"href":"https:\/\/www.agv44.org\/site\/wp-json\/wp\/v2\/users\/86"}],"replies":[{"embeddable":true,"href":"https:\/\/www.agv44.org\/site\/wp-json\/wp\/v2\/comments?post=4197"}],"version-history":[{"count":20,"href":"https:\/\/www.agv44.org\/site\/wp-json\/wp\/v2\/pages\/4197\/revisions"}],"predecessor-version":[{"id":7519,"href":"https:\/\/www.agv44.org\/site\/wp-json\/wp\/v2\/pages\/4197\/revisions\/7519"}],"wp:attachment":[{"href":"https:\/\/www.agv44.org\/site\/wp-json\/wp\/v2\/media?parent=4197"}],"curies":[{"name":"wp","href":"https:\/\/api.w.org\/{rel}","templated":true}]}}