{"id":4176,"date":"2020-09-26T16:59:14","date_gmt":"2020-09-26T14:59:14","guid":{"rendered":"https:\/\/www.agv44.org\/site\/?page_id=4176"},"modified":"2026-02-15T16:02:15","modified_gmt":"2026-02-15T15:02:15","slug":"acces-adherents","status":"publish","type":"page","link":"https:\/\/www.agv44.org\/site\/acces-adherents\/","title":{"rendered":"acces adherents"},"content":{"rendered":"<div class=\"members-access-error\">\n<p style=\"text-align: center\">D\u00e9sol\u00e9, vous n&rsquo;\u00eates pas autoris\u00e9 \u00e0 voir ce contenu, cet espace est r\u00e9serv\u00e9 \u00e0 nos adh\u00e9rents.<\/p>\n<p style=\"text-align: center\"><a href=\"https:\/\/www.agv44.org\/site\/wp-admin\/\"><strong>Pour se connecter<\/strong><\/a><\/p>\n<p style=\"text-align: center\"><img class=\"size-full wp-image-4111 aligncenter\" src=\"https:\/\/www.agv44.org\/site\/wp-content\/uploads\/2020\/09\/pbconnexion.png\" alt=\"\" width=\"284\" height=\"276\" \/>.<\/p>\n<\/div>\n","protected":false},"excerpt":{"rendered":"<div class=\"members-access-error\">\n<p style=\"text-align: center\">D\u00e9sol\u00e9, vous n&rsquo;\u00eates pas autoris\u00e9 \u00e0 voir ce contenu, cet espace est r\u00e9serv\u00e9 \u00e0 nos adh\u00e9rents.<\/p>\n<p style=\"text-align: center\"><a href=\"https:\/\/www.agv44.org\/site\/wp-admin\/\"><strong>Pour se connecter<\/strong><\/a><\/p>\n<p style=\"text-align: center\"><img class=\"size-full wp-image-4111 aligncenter\" src=\"https:\/\/www.agv44.org\/site\/wp-content\/uploads\/2020\/09\/pbconnexion.png\" alt=\"\" width=\"284\" height=\"276\" \/>.<\/p>\n<\/div>\n","protected":false},"author":86,"featured_media":0,"parent":0,"menu_order":0,"comment_status":"closed","ping_status":"closed","template":"","meta":{"footnotes":""},"class_list":["post-4176","page","type-page","status-publish","hentry","post-preview"],"yoast_head":"<!-- This site is optimized with the Yoast SEO plugin v24.4 - https:\/\/yoast.com\/wordpress\/plugins\/seo\/ -->\n<title>acces adherents<\/title>\n<meta name=\"description\" content=\"10% de r\u00e9duction sur l&#039;abonnement \u00e0 FILAE pour nos adh\u00e9rents Renouveler son adh\u00e9sion Ce que vous pouvez apporter \u00e0 l&#039;association. Participer aux relev\u00e9s\" \/>\n<meta name=\"robots\" content=\"index, follow, max-snippet:-1, max-image-preview:large, max-video-preview:-1\" \/>\n<link rel=\"canonical\" href=\"https:\/\/www.agv44.org\/site\/acces-adherents\/\" \/>\n<meta property=\"og:locale\" content=\"fr_FR\" \/>\n<meta property=\"og:type\" content=\"article\" \/>\n<meta property=\"og:title\" content=\"acces adherents\" \/>\n<meta property=\"og:description\" content=\"10% de r\u00e9duction sur l&#039;abonnement \u00e0 FILAE pour nos adh\u00e9rents Renouveler son adh\u00e9sion Ce que vous pouvez apporter \u00e0 l&#039;association. Participer aux relev\u00e9s\" \/>\n<meta property=\"og:url\" content=\"https:\/\/www.agv44.org\/site\/acces-adherents\/\" \/>\n<meta property=\"article:modified_time\" content=\"2026-02-15T15:02:15+00:00\" \/>\n<meta property=\"og:image\" content=\"https:\/\/www.agv44.org\/site\/wp-content\/uploads\/2020\/09\/espaceadherent.png\" \/>\n\t<meta property=\"og:image:width\" content=\"2140\" \/>\n\t<meta property=\"og:image:height\" content=\"336\" \/>\n\t<meta property=\"og:image:type\" content=\"image\/png\" \/>\n<meta name=\"twitter:card\" content=\"summary_large_image\" \/>\n<meta name=\"twitter:label1\" content=\"Dur\u00e9e de lecture estim\u00e9e\" \/>\n\t<meta name=\"twitter:data1\" content=\"3 minutes\" \/>\n<script type=\"application\/ld+json\" class=\"yoast-schema-graph\">{\"@context\":\"https:\/\/schema.org\",\"@graph\":[{\"@type\":\"WebPage\",\"@id\":\"https:\/\/www.agv44.org\/site\/acces-adherents\/\",\"url\":\"https:\/\/www.agv44.org\/site\/acces-adherents\/\",\"name\":\"acces adherents\",\"isPartOf\":{\"@id\":\"https:\/\/www.agv44.org\/site\/#website\"},\"primaryImageOfPage\":{\"@id\":\"https:\/\/www.agv44.org\/site\/acces-adherents\/#primaryimage\"},\"image\":{\"@id\":\"https:\/\/www.agv44.org\/site\/acces-adherents\/#primaryimage\"},\"thumbnailUrl\":\"https:\/\/www.agv44.org\/site\/wp-content\/uploads\/2020\/09\/espaceadherent-1024x161.png\",\"datePublished\":\"2020-09-26T14:59:14+00:00\",\"dateModified\":\"2026-02-15T15:02:15+00:00\",\"description\":\"10% de r\u00e9duction sur l'abonnement \u00e0 FILAE pour nos adh\u00e9rents Renouveler son adh\u00e9sion Ce que vous pouvez apporter \u00e0 l'association. Participer aux relev\u00e9s\",\"breadcrumb\":{\"@id\":\"https:\/\/www.agv44.org\/site\/acces-adherents\/#breadcrumb\"},\"inLanguage\":\"fr-FR\",\"potentialAction\":[{\"@type\":\"ReadAction\",\"target\":[\"https:\/\/www.agv44.org\/site\/acces-adherents\/\"]}]},{\"@type\":\"ImageObject\",\"inLanguage\":\"fr-FR\",\"@id\":\"https:\/\/www.agv44.org\/site\/acces-adherents\/#primaryimage\",\"url\":\"https:\/\/www.agv44.org\/site\/wp-content\/uploads\/2020\/09\/espaceadherent.png\",\"contentUrl\":\"https:\/\/www.agv44.org\/site\/wp-content\/uploads\/2020\/09\/espaceadherent.png\",\"width\":2140,\"height\":336},{\"@type\":\"BreadcrumbList\",\"@id\":\"https:\/\/www.agv44.org\/site\/acces-adherents\/#breadcrumb\",\"itemListElement\":[{\"@type\":\"ListItem\",\"position\":1,\"name\":\"Accueil\",\"item\":\"https:\/\/www.agv44.org\/site\/\"},{\"@type\":\"ListItem\",\"position\":2,\"name\":\"acces adherents\"}]},{\"@type\":\"WebSite\",\"@id\":\"https:\/\/www.agv44.org\/site\/#website\",\"url\":\"https:\/\/www.agv44.org\/site\/\",\"name\":\"\",\"description\":\"\",\"publisher\":{\"@id\":\"https:\/\/www.agv44.org\/site\/#organization\"},\"potentialAction\":[{\"@type\":\"SearchAction\",\"target\":{\"@type\":\"EntryPoint\",\"urlTemplate\":\"https:\/\/www.agv44.org\/site\/?s={search_term_string}\"},\"query-input\":{\"@type\":\"PropertyValueSpecification\",\"valueRequired\":true,\"valueName\":\"search_term_string\"}}],\"inLanguage\":\"fr-FR\"},{\"@type\":\"Organization\",\"@id\":\"https:\/\/www.agv44.org\/site\/#organization\",\"name\":\"Association G\u00e9n\u00e9alogique Vertavienne\",\"url\":\"https:\/\/www.agv44.org\/site\/\",\"logo\":{\"@type\":\"ImageObject\",\"inLanguage\":\"fr-FR\",\"@id\":\"https:\/\/www.agv44.org\/site\/#\/schema\/logo\/image\/\",\"url\":\"https:\/\/www.agv44.org\/site\/wp-content\/uploads\/2020\/04\/logoagv300.png\",\"contentUrl\":\"https:\/\/www.agv44.org\/site\/wp-content\/uploads\/2020\/04\/logoagv300.png\",\"width\":300,\"height\":271,\"caption\":\"Association G\u00e9n\u00e9alogique Vertavienne\"},\"image\":{\"@id\":\"https:\/\/www.agv44.org\/site\/#\/schema\/logo\/image\/\"}}]}<\/script>\n<!-- \/ Yoast SEO plugin. -->","yoast_head_json":{"title":"acces adherents","description":"10% de r\u00e9duction sur l'abonnement \u00e0 FILAE pour nos adh\u00e9rents Renouveler son adh\u00e9sion Ce que vous pouvez apporter \u00e0 l'association. Participer aux relev\u00e9s","robots":{"index":"index","follow":"follow","max-snippet":"max-snippet:-1","max-image-preview":"max-image-preview:large","max-video-preview":"max-video-preview:-1"},"canonical":"https:\/\/www.agv44.org\/site\/acces-adherents\/","og_locale":"fr_FR","og_type":"article","og_title":"acces adherents","og_description":"10% de r\u00e9duction sur l'abonnement \u00e0 FILAE pour nos adh\u00e9rents Renouveler son adh\u00e9sion Ce que vous pouvez apporter \u00e0 l'association. Participer aux relev\u00e9s","og_url":"https:\/\/www.agv44.org\/site\/acces-adherents\/","article_modified_time":"2026-02-15T15:02:15+00:00","og_image":[{"width":2140,"height":336,"url":"https:\/\/www.agv44.org\/site\/wp-content\/uploads\/2020\/09\/espaceadherent.png","type":"image\/png"}],"twitter_card":"summary_large_image","twitter_misc":{"Dur\u00e9e de lecture estim\u00e9e":"3 minutes"},"schema":{"@context":"https:\/\/schema.org","@graph":[{"@type":"WebPage","@id":"https:\/\/www.agv44.org\/site\/acces-adherents\/","url":"https:\/\/www.agv44.org\/site\/acces-adherents\/","name":"acces adherents","isPartOf":{"@id":"https:\/\/www.agv44.org\/site\/#website"},"primaryImageOfPage":{"@id":"https:\/\/www.agv44.org\/site\/acces-adherents\/#primaryimage"},"image":{"@id":"https:\/\/www.agv44.org\/site\/acces-adherents\/#primaryimage"},"thumbnailUrl":"https:\/\/www.agv44.org\/site\/wp-content\/uploads\/2020\/09\/espaceadherent-1024x161.png","datePublished":"2020-09-26T14:59:14+00:00","dateModified":"2026-02-15T15:02:15+00:00","description":"10% de r\u00e9duction sur l'abonnement \u00e0 FILAE pour nos adh\u00e9rents Renouveler son adh\u00e9sion Ce que vous pouvez apporter \u00e0 l'association. Participer aux relev\u00e9s","breadcrumb":{"@id":"https:\/\/www.agv44.org\/site\/acces-adherents\/#breadcrumb"},"inLanguage":"fr-FR","potentialAction":[{"@type":"ReadAction","target":["https:\/\/www.agv44.org\/site\/acces-adherents\/"]}]},{"@type":"ImageObject","inLanguage":"fr-FR","@id":"https:\/\/www.agv44.org\/site\/acces-adherents\/#primaryimage","url":"https:\/\/www.agv44.org\/site\/wp-content\/uploads\/2020\/09\/espaceadherent.png","contentUrl":"https:\/\/www.agv44.org\/site\/wp-content\/uploads\/2020\/09\/espaceadherent.png","width":2140,"height":336},{"@type":"BreadcrumbList","@id":"https:\/\/www.agv44.org\/site\/acces-adherents\/#breadcrumb","itemListElement":[{"@type":"ListItem","position":1,"name":"Accueil","item":"https:\/\/www.agv44.org\/site\/"},{"@type":"ListItem","position":2,"name":"acces adherents"}]},{"@type":"WebSite","@id":"https:\/\/www.agv44.org\/site\/#website","url":"https:\/\/www.agv44.org\/site\/","name":"","description":"","publisher":{"@id":"https:\/\/www.agv44.org\/site\/#organization"},"potentialAction":[{"@type":"SearchAction","target":{"@type":"EntryPoint","urlTemplate":"https:\/\/www.agv44.org\/site\/?s={search_term_string}"},"query-input":{"@type":"PropertyValueSpecification","valueRequired":true,"valueName":"search_term_string"}}],"inLanguage":"fr-FR"},{"@type":"Organization","@id":"https:\/\/www.agv44.org\/site\/#organization","name":"Association G\u00e9n\u00e9alogique Vertavienne","url":"https:\/\/www.agv44.org\/site\/","logo":{"@type":"ImageObject","inLanguage":"fr-FR","@id":"https:\/\/www.agv44.org\/site\/#\/schema\/logo\/image\/","url":"https:\/\/www.agv44.org\/site\/wp-content\/uploads\/2020\/04\/logoagv300.png","contentUrl":"https:\/\/www.agv44.org\/site\/wp-content\/uploads\/2020\/04\/logoagv300.png","width":300,"height":271,"caption":"Association G\u00e9n\u00e9alogique Vertavienne"},"image":{"@id":"https:\/\/www.agv44.org\/site\/#\/schema\/logo\/image\/"}}]}},"_links":{"self":[{"href":"https:\/\/www.agv44.org\/site\/wp-json\/wp\/v2\/pages\/4176","targetHints":{"allow":["GET"]}}],"collection":[{"href":"https:\/\/www.agv44.org\/site\/wp-json\/wp\/v2\/pages"}],"about":[{"href":"https:\/\/www.agv44.org\/site\/wp-json\/wp\/v2\/types\/page"}],"author":[{"embeddable":true,"href":"https:\/\/www.agv44.org\/site\/wp-json\/wp\/v2\/users\/86"}],"replies":[{"embeddable":true,"href":"https:\/\/www.agv44.org\/site\/wp-json\/wp\/v2\/comments?post=4176"}],"version-history":[{"count":100,"href":"https:\/\/www.agv44.org\/site\/wp-json\/wp\/v2\/pages\/4176\/revisions"}],"predecessor-version":[{"id":7764,"href":"https:\/\/www.agv44.org\/site\/wp-json\/wp\/v2\/pages\/4176\/revisions\/7764"}],"wp:attachment":[{"href":"https:\/\/www.agv44.org\/site\/wp-json\/wp\/v2\/media?parent=4176"}],"curies":[{"name":"wp","href":"https:\/\/api.w.org\/{rel}","templated":true}]}}