{"id":3346,"date":"2020-04-17T16:29:46","date_gmt":"2020-04-17T14:29:46","guid":{"rendered":"https:\/\/www.agv44.org\/site\/?page_id=3346"},"modified":"2026-03-11T16:58:17","modified_gmt":"2026-03-11T15:58:17","slug":"liste-de-nos-adherents","status":"publish","type":"page","link":"https:\/\/www.agv44.org\/site\/liste-de-nos-adherents\/","title":{"rendered":"Liste de nos adh\u00e9rents"},"content":{"rendered":"<div class=\"members-access-error\">\n<p style=\"text-align: center\">D\u00e9sol\u00e9, vous n&rsquo;\u00eates pas autoris\u00e9 \u00e0 voir ce contenu, cet espace est r\u00e9serv\u00e9 \u00e0 nos adh\u00e9rents.<\/p>\n<p style=\"text-align: center\"><a href=\"https:\/\/www.agv44.org\/site\/wp-admin\/\"><strong>Pour se connecter<\/strong><\/a><\/p>\n<p style=\"text-align: center\"><img class=\"size-full wp-image-4111 aligncenter\" src=\"https:\/\/www.agv44.org\/site\/wp-content\/uploads\/2020\/09\/pbconnexion.png\" alt=\"\" width=\"284\" height=\"276\" \/>.<\/p>\n<\/div>\n","protected":false},"excerpt":{"rendered":"<div class=\"members-access-error\">\n<p style=\"text-align: center\">D\u00e9sol\u00e9, vous n&rsquo;\u00eates pas autoris\u00e9 \u00e0 voir ce contenu, cet espace est r\u00e9serv\u00e9 \u00e0 nos adh\u00e9rents.<\/p>\n<p style=\"text-align: center\"><a href=\"https:\/\/www.agv44.org\/site\/wp-admin\/\"><strong>Pour se connecter<\/strong><\/a><\/p>\n<p style=\"text-align: center\"><img class=\"size-full wp-image-4111 aligncenter\" src=\"https:\/\/www.agv44.org\/site\/wp-content\/uploads\/2020\/09\/pbconnexion.png\" alt=\"\" width=\"284\" height=\"276\" \/>.<\/p>\n<\/div>\n","protected":false},"author":86,"featured_media":0,"parent":0,"menu_order":0,"comment_status":"closed","ping_status":"closed","template":"","meta":{"footnotes":""},"class_list":["post-3346","page","type-page","status-publish","hentry","post-preview"],"yoast_head":"<!-- This site is optimized with the Yoast SEO plugin v24.4 - https:\/\/yoast.com\/wordpress\/plugins\/seo\/ -->\n<title>Liste de nos adh\u00e9rents<\/title>\n<meta name=\"description\" content=\"Recherche Vous rechercher un nom, un num\u00e9ro ? Essayez CTRL+F (la touche contr\u00f4le et en m\u00eame temps F), Cela vous ouvre en bas de page une petite fen\u00eatre o\u00f9\" \/>\n<meta name=\"robots\" content=\"index, follow, max-snippet:-1, max-image-preview:large, max-video-preview:-1\" \/>\n<link rel=\"canonical\" href=\"https:\/\/www.agv44.org\/site\/liste-de-nos-adherents\/\" \/>\n<meta property=\"og:locale\" content=\"fr_FR\" \/>\n<meta property=\"og:type\" content=\"article\" \/>\n<meta property=\"og:title\" content=\"Liste de nos adh\u00e9rents\" \/>\n<meta property=\"og:description\" content=\"Recherche Vous rechercher un nom, un num\u00e9ro ? Essayez CTRL+F (la touche contr\u00f4le et en m\u00eame temps F), Cela vous ouvre en bas de page une petite fen\u00eatre o\u00f9\" \/>\n<meta property=\"og:url\" content=\"https:\/\/www.agv44.org\/site\/liste-de-nos-adherents\/\" \/>\n<meta property=\"article:modified_time\" content=\"2026-03-11T15:58:17+00:00\" \/>\n<meta property=\"og:image\" content=\"https:\/\/www.agv44.org\/site\/wp-content\/uploads\/2020\/04\/nos-adherents-1.png\" \/>\n\t<meta property=\"og:image:width\" content=\"646\" \/>\n\t<meta property=\"og:image:height\" content=\"90\" \/>\n\t<meta property=\"og:image:type\" content=\"image\/png\" \/>\n<meta name=\"twitter:card\" content=\"summary_large_image\" \/>\n<meta name=\"twitter:label1\" content=\"Dur\u00e9e de lecture estim\u00e9e\" \/>\n\t<meta name=\"twitter:data1\" content=\"8 minutes\" \/>\n<script type=\"application\/ld+json\" class=\"yoast-schema-graph\">{\"@context\":\"https:\/\/schema.org\",\"@graph\":[{\"@type\":\"WebPage\",\"@id\":\"https:\/\/www.agv44.org\/site\/liste-de-nos-adherents\/\",\"url\":\"https:\/\/www.agv44.org\/site\/liste-de-nos-adherents\/\",\"name\":\"Liste de nos adh\u00e9rents\",\"isPartOf\":{\"@id\":\"https:\/\/www.agv44.org\/site\/#website\"},\"primaryImageOfPage\":{\"@id\":\"https:\/\/www.agv44.org\/site\/liste-de-nos-adherents\/#primaryimage\"},\"image\":{\"@id\":\"https:\/\/www.agv44.org\/site\/liste-de-nos-adherents\/#primaryimage\"},\"thumbnailUrl\":\"https:\/\/www.agv44.org\/site\/wp-content\/uploads\/2020\/04\/nos-adherents-1.png\",\"datePublished\":\"2020-04-17T14:29:46+00:00\",\"dateModified\":\"2026-03-11T15:58:17+00:00\",\"description\":\"Recherche Vous rechercher un nom, un num\u00e9ro ? Essayez CTRL+F (la touche contr\u00f4le et en m\u00eame temps F), Cela vous ouvre en bas de page une petite fen\u00eatre o\u00f9\",\"breadcrumb\":{\"@id\":\"https:\/\/www.agv44.org\/site\/liste-de-nos-adherents\/#breadcrumb\"},\"inLanguage\":\"fr-FR\",\"potentialAction\":[{\"@type\":\"ReadAction\",\"target\":[\"https:\/\/www.agv44.org\/site\/liste-de-nos-adherents\/\"]}]},{\"@type\":\"ImageObject\",\"inLanguage\":\"fr-FR\",\"@id\":\"https:\/\/www.agv44.org\/site\/liste-de-nos-adherents\/#primaryimage\",\"url\":\"https:\/\/www.agv44.org\/site\/wp-content\/uploads\/2020\/04\/nos-adherents-1.png\",\"contentUrl\":\"https:\/\/www.agv44.org\/site\/wp-content\/uploads\/2020\/04\/nos-adherents-1.png\",\"width\":646,\"height\":90},{\"@type\":\"BreadcrumbList\",\"@id\":\"https:\/\/www.agv44.org\/site\/liste-de-nos-adherents\/#breadcrumb\",\"itemListElement\":[{\"@type\":\"ListItem\",\"position\":1,\"name\":\"Accueil\",\"item\":\"https:\/\/www.agv44.org\/site\/\"},{\"@type\":\"ListItem\",\"position\":2,\"name\":\"Liste de nos adh\u00e9rents\"}]},{\"@type\":\"WebSite\",\"@id\":\"https:\/\/www.agv44.org\/site\/#website\",\"url\":\"https:\/\/www.agv44.org\/site\/\",\"name\":\"\",\"description\":\"\",\"publisher\":{\"@id\":\"https:\/\/www.agv44.org\/site\/#organization\"},\"potentialAction\":[{\"@type\":\"SearchAction\",\"target\":{\"@type\":\"EntryPoint\",\"urlTemplate\":\"https:\/\/www.agv44.org\/site\/?s={search_term_string}\"},\"query-input\":{\"@type\":\"PropertyValueSpecification\",\"valueRequired\":true,\"valueName\":\"search_term_string\"}}],\"inLanguage\":\"fr-FR\"},{\"@type\":\"Organization\",\"@id\":\"https:\/\/www.agv44.org\/site\/#organization\",\"name\":\"Association G\u00e9n\u00e9alogique Vertavienne\",\"url\":\"https:\/\/www.agv44.org\/site\/\",\"logo\":{\"@type\":\"ImageObject\",\"inLanguage\":\"fr-FR\",\"@id\":\"https:\/\/www.agv44.org\/site\/#\/schema\/logo\/image\/\",\"url\":\"https:\/\/www.agv44.org\/site\/wp-content\/uploads\/2020\/04\/logoagv300.png\",\"contentUrl\":\"https:\/\/www.agv44.org\/site\/wp-content\/uploads\/2020\/04\/logoagv300.png\",\"width\":300,\"height\":271,\"caption\":\"Association G\u00e9n\u00e9alogique Vertavienne\"},\"image\":{\"@id\":\"https:\/\/www.agv44.org\/site\/#\/schema\/logo\/image\/\"}}]}<\/script>\n<!-- \/ Yoast SEO plugin. -->","yoast_head_json":{"title":"Liste de nos adh\u00e9rents","description":"Recherche Vous rechercher un nom, un num\u00e9ro ? Essayez CTRL+F (la touche contr\u00f4le et en m\u00eame temps F), Cela vous ouvre en bas de page une petite fen\u00eatre o\u00f9","robots":{"index":"index","follow":"follow","max-snippet":"max-snippet:-1","max-image-preview":"max-image-preview:large","max-video-preview":"max-video-preview:-1"},"canonical":"https:\/\/www.agv44.org\/site\/liste-de-nos-adherents\/","og_locale":"fr_FR","og_type":"article","og_title":"Liste de nos adh\u00e9rents","og_description":"Recherche Vous rechercher un nom, un num\u00e9ro ? Essayez CTRL+F (la touche contr\u00f4le et en m\u00eame temps F), Cela vous ouvre en bas de page une petite fen\u00eatre o\u00f9","og_url":"https:\/\/www.agv44.org\/site\/liste-de-nos-adherents\/","article_modified_time":"2026-03-11T15:58:17+00:00","og_image":[{"width":646,"height":90,"url":"https:\/\/www.agv44.org\/site\/wp-content\/uploads\/2020\/04\/nos-adherents-1.png","type":"image\/png"}],"twitter_card":"summary_large_image","twitter_misc":{"Dur\u00e9e de lecture estim\u00e9e":"8 minutes"},"schema":{"@context":"https:\/\/schema.org","@graph":[{"@type":"WebPage","@id":"https:\/\/www.agv44.org\/site\/liste-de-nos-adherents\/","url":"https:\/\/www.agv44.org\/site\/liste-de-nos-adherents\/","name":"Liste de nos adh\u00e9rents","isPartOf":{"@id":"https:\/\/www.agv44.org\/site\/#website"},"primaryImageOfPage":{"@id":"https:\/\/www.agv44.org\/site\/liste-de-nos-adherents\/#primaryimage"},"image":{"@id":"https:\/\/www.agv44.org\/site\/liste-de-nos-adherents\/#primaryimage"},"thumbnailUrl":"https:\/\/www.agv44.org\/site\/wp-content\/uploads\/2020\/04\/nos-adherents-1.png","datePublished":"2020-04-17T14:29:46+00:00","dateModified":"2026-03-11T15:58:17+00:00","description":"Recherche Vous rechercher un nom, un num\u00e9ro ? Essayez CTRL+F (la touche contr\u00f4le et en m\u00eame temps F), Cela vous ouvre en bas de page une petite fen\u00eatre o\u00f9","breadcrumb":{"@id":"https:\/\/www.agv44.org\/site\/liste-de-nos-adherents\/#breadcrumb"},"inLanguage":"fr-FR","potentialAction":[{"@type":"ReadAction","target":["https:\/\/www.agv44.org\/site\/liste-de-nos-adherents\/"]}]},{"@type":"ImageObject","inLanguage":"fr-FR","@id":"https:\/\/www.agv44.org\/site\/liste-de-nos-adherents\/#primaryimage","url":"https:\/\/www.agv44.org\/site\/wp-content\/uploads\/2020\/04\/nos-adherents-1.png","contentUrl":"https:\/\/www.agv44.org\/site\/wp-content\/uploads\/2020\/04\/nos-adherents-1.png","width":646,"height":90},{"@type":"BreadcrumbList","@id":"https:\/\/www.agv44.org\/site\/liste-de-nos-adherents\/#breadcrumb","itemListElement":[{"@type":"ListItem","position":1,"name":"Accueil","item":"https:\/\/www.agv44.org\/site\/"},{"@type":"ListItem","position":2,"name":"Liste de nos adh\u00e9rents"}]},{"@type":"WebSite","@id":"https:\/\/www.agv44.org\/site\/#website","url":"https:\/\/www.agv44.org\/site\/","name":"","description":"","publisher":{"@id":"https:\/\/www.agv44.org\/site\/#organization"},"potentialAction":[{"@type":"SearchAction","target":{"@type":"EntryPoint","urlTemplate":"https:\/\/www.agv44.org\/site\/?s={search_term_string}"},"query-input":{"@type":"PropertyValueSpecification","valueRequired":true,"valueName":"search_term_string"}}],"inLanguage":"fr-FR"},{"@type":"Organization","@id":"https:\/\/www.agv44.org\/site\/#organization","name":"Association G\u00e9n\u00e9alogique Vertavienne","url":"https:\/\/www.agv44.org\/site\/","logo":{"@type":"ImageObject","inLanguage":"fr-FR","@id":"https:\/\/www.agv44.org\/site\/#\/schema\/logo\/image\/","url":"https:\/\/www.agv44.org\/site\/wp-content\/uploads\/2020\/04\/logoagv300.png","contentUrl":"https:\/\/www.agv44.org\/site\/wp-content\/uploads\/2020\/04\/logoagv300.png","width":300,"height":271,"caption":"Association G\u00e9n\u00e9alogique Vertavienne"},"image":{"@id":"https:\/\/www.agv44.org\/site\/#\/schema\/logo\/image\/"}}]}},"_links":{"self":[{"href":"https:\/\/www.agv44.org\/site\/wp-json\/wp\/v2\/pages\/3346","targetHints":{"allow":["GET"]}}],"collection":[{"href":"https:\/\/www.agv44.org\/site\/wp-json\/wp\/v2\/pages"}],"about":[{"href":"https:\/\/www.agv44.org\/site\/wp-json\/wp\/v2\/types\/page"}],"author":[{"embeddable":true,"href":"https:\/\/www.agv44.org\/site\/wp-json\/wp\/v2\/users\/86"}],"replies":[{"embeddable":true,"href":"https:\/\/www.agv44.org\/site\/wp-json\/wp\/v2\/comments?post=3346"}],"version-history":[{"count":200,"href":"https:\/\/www.agv44.org\/site\/wp-json\/wp\/v2\/pages\/3346\/revisions"}],"predecessor-version":[{"id":7797,"href":"https:\/\/www.agv44.org\/site\/wp-json\/wp\/v2\/pages\/3346\/revisions\/7797"}],"wp:attachment":[{"href":"https:\/\/www.agv44.org\/site\/wp-json\/wp\/v2\/media?parent=3346"}],"curies":[{"name":"wp","href":"https:\/\/api.w.org\/{rel}","templated":true}]}}