{"id":2787,"date":"2020-03-14T18:36:22","date_gmt":"2020-03-14T17:36:22","guid":{"rendered":"https:\/\/www.agv44.org\/site\/?page_id=2787"},"modified":"2025-09-15T15:40:23","modified_gmt":"2025-09-15T13:40:23","slug":"vertou","status":"publish","type":"page","link":"https:\/\/www.agv44.org\/site\/vertou\/","title":{"rendered":"Vertou"},"content":{"rendered":"\n<div class=\"wp-block-columns is-layout-flex wp-container-core-columns-is-layout-1 wp-block-columns-is-layout-flex\">\n<div class=\"wp-block-column is-layout-flow wp-block-column-is-layout-flow\" style=\"flex-basis:33.33%\"><div class=\"wp-block-image\">\n<figure class=\"aligncenter size-large\"><img loading=\"lazy\" decoding=\"async\" width=\"931\" height=\"1024\" src=\"https:\/\/www.agv44.org\/site\/wp-content\/uploads\/2024\/12\/vertou03-931x1024.png\" alt=\"\" class=\"wp-image-7057\" srcset=\"https:\/\/www.agv44.org\/site\/wp-content\/uploads\/2024\/12\/vertou03-931x1024.png 931w, https:\/\/www.agv44.org\/site\/wp-content\/uploads\/2024\/12\/vertou03-273x300.png 273w, https:\/\/www.agv44.org\/site\/wp-content\/uploads\/2024\/12\/vertou03-768x845.png 768w, https:\/\/www.agv44.org\/site\/wp-content\/uploads\/2024\/12\/vertou03-1396x1536.png 1396w, https:\/\/www.agv44.org\/site\/wp-content\/uploads\/2024\/12\/vertou03-1862x2048.png 1862w, https:\/\/www.agv44.org\/site\/wp-content\/uploads\/2024\/12\/vertou03-676x744.png 676w\" sizes=\"auto, (max-width: 931px) 100vw, 931px\" \/><\/figure><\/div>\n\n\n<p class=\"has-text-align-center\"><strong>44120<\/strong><\/p>\n\n\n\n<p class=\"has-text-align-center\"><strong>BRETAGNE<\/strong><\/p>\n\n\n\n<p class=\"has-text-align-center\">Nom Breton: <strong>GWERZHO\u00d9<\/strong><\/p>\n\n\n\n<p class=\"has-text-align-center\">R\u00e9gion administrative&nbsp;: <\/p>\n\n\n\n<p class=\"has-text-align-center\">Pays de la Loire<\/p>\n\n\n\n<p class=\"has-text-align-center\">D\u00e9partement : Loire-Atlantique<strong> <\/strong>Arrondissement\n  de : Nantes<\/p>\n\n\n\n<p class=\"has-text-align-center\">Canton de : Vertou<\/p>\n\n\n\n<p class=\"has-text-align-center\">Population : 21 640 habitants<\/p>\n\n\n\n<p class=\"has-text-align-center\">Habitants&nbsp;: Vertaviens ou Vertouins<\/p>\n\n\n\n<p class=\"has-text-align-center\">Superficie : 3 803 hectares<\/p>\n\n\n\n<p class=\"has-text-align-center\">Altitude : 32 m\u00e8tres<\/p>\n\n\n\n<p class=\"has-text-align-center\">Cours d\u2019eau : la S\u00e8vre Nantaise et la Vertonne<\/p>\n\n\n\n<p class=\"has-text-align-center\"><strong>Blason&nbsp;:<\/strong><\/p>\n\n\n\n<p class=\"has-text-align-center\">Depuis 1957, le conseil municipal de Vertou a adopt\u00e9 un blason\n  qui a \u00e9t\u00e9 enregistr\u00e9 comme suit par la Commission d&rsquo;H\u00e9raldique Urbaine du D\u00e9partement\n  en 1972 : <\/p>\n\n\n\n<p class=\"has-text-align-center\">\u00ab\u00a0Chapitre Saint Martin : d&rsquo;argent \u00e0 un if arrach\u00e9 de   sinople, charg\u00e9 sur le f\u00fbt d&rsquo;une fleur de lys d&rsquo;or, accost\u00e9 \u00e0 dextre d&rsquo;une   fleur de lys d&rsquo;azur et d&rsquo;une moucheture d&rsquo;hermine et de sable pos\u00e9es l&rsquo;une   sur l&rsquo;autre, et \u00e0 senestre d&rsquo;une moucheture d&rsquo;hermine de sable et d&rsquo;une fleur   de lys d&rsquo;azur, aussi l&rsquo;une sur l&rsquo;autre\u00a0\u00bb.<\/p>\n\n\n\n<p class=\"has-text-align-center\"> Ville jumel\u00e9e, depuis 1957,avec la commune de Morges,   magnifique petite ville de Suisse situ\u00e9e sur les bords du Lac L\u00e9man, dans le   canton de Vaud. <\/p>\n\n\n<div class=\"wp-block-image\">\n<figure class=\"aligncenter size-large is-resized\"><a href=\"https:\/\/www.morges.ch\/\" target=\"_blank\" rel=\"noopener noreferrer\"><img loading=\"lazy\" decoding=\"async\" width=\"100\" height=\"127\" src=\"https:\/\/www.agv44.org\/site\/wp-content\/uploads\/2020\/03\/morges-1.png\" alt=\"\" class=\"wp-image-2792\" style=\"width:128px;height:163px\"\/><\/a><\/figure><\/div><\/div>\n\n\n\n<div class=\"wp-block-column is-layout-flow wp-block-column-is-layout-flow\" style=\"flex-basis:66.66%\">\n<p><strong>Origine du nom :<\/strong><\/p>\n\n\n\n<p style=\"font-size:15px\">Parfois appel\u00e9e \u00ab\u00a0Vrezou\u00a0\u00bb dans les textes du XVIIIe\n  si\u00e8cle, Vertou trouverait l&rsquo;origine de son nom dans le mot celtique\n  \u00ab\u00a0Vertaw\u00a0\u00bb, de \u00ab\u00a0<em>ver<\/em>\u00ab\u00a0, rivi\u00e8re et de \u00ab\u00a0<em>taw<\/em>\u00ab\u00a0,\n  paix, silence en breton, traduit en latin \n  \n  \u00ab\u00a0Vertavum\u00a0\u00bb<\/p>\n\n\n\n<p><br>\n  <strong>G\u00e9n\u00e9ralit\u00e9s historiques :<\/strong><\/p>\n\n\n\n<p><strong>La Pr\u00e9histoire<\/strong><\/p>\n\n\n\n<p style=\"font-size:15px\">De nombreux indices arch\u00e9ologiques ont prouv\u00e9 que la commune a\n  \u00e9t\u00e9 occup\u00e9e en des temps recul\u00e9s : haches en pierre polie, aux Grisons, \u00e0 la \n  Po\u00ebleire et au Launay, ainsi qu&rsquo;en for\u00eat de Toufou, \u00e9galement des auges en pierre\n  meuli\u00e8re remplies de fl\u00e8ches en silex, \u00e0 la Salmoni\u00e8re et \u00e0 la Roche, ou encore \n  les ruines d&rsquo;un tombeau, garni\n  de poteries bris\u00e9es et d&rsquo;ossements humains, au village de la Blandini\u00e8re\u2026<\/p>\n\n\n\n<p><strong>Le b\u00e2ton de Saint Martin<\/strong> <\/p>\n\n\n\n<p style=\"font-size:15px\">Vers l&rsquo;an 600, le bourg connut son premier d\u00e9veloppement   lorsque<strong> <a rel=\"noreferrer noopener\" aria-label=\" (ouverture dans un nouvel onglet)\" href=\"https:\/\/www.agv44.org\/site\/saint-martin-de-vertou-527-601\/\" target=\"_blank\">Saint Martin<\/a><\/strong>, envoy\u00e9 par l&rsquo;\u00e9v\u00eaque de Nantes, fonda deux abbayes, l&rsquo;une \u00e0   l&#8217;emplacement du presbyt\u00e8re actuel et dont il reste le portail d&rsquo;entr\u00e9e du   XVIIIe si\u00e8cle (inscrit \u00e0 l&rsquo;inventaire des Monuments Historiques), l&rsquo;autre   derri\u00e8re la Croix Saint-Pierre.<\/p>\n\n\n\n<p style=\"font-size:15px\">La l\u00e9gende dit que Saint Martin planta son b\u00e2ton de p\u00e8lerin \u00e0\n  l&#8217;emplacement de la cure actuelle. Ce b\u00e2ton prit racine, se ramifia et devint\n  un arbre qui v\u00e9cut plusieurs si\u00e8cles. On a d&rsquo;ailleurs choisi ce symbole pour\n  les armes de Vertou.<\/p>\n\n\n\n<p style=\"font-size:15px\">Une abbaye, avec titre et pr\u00e9v\u00f4t\u00e9, fut fond\u00e9e sur l&#8217;emplacement\n  d&rsquo;un oratoire \u00e9tabli pr\u00e9c\u00e9demment par saint Martin de Vertou. Ce furent les\n  moines qui rendirent la S\u00e8vre navigable, ils construisirent un barrage vers\n  l&rsquo;an mil.<\/p>\n\n\n\n<p style=\"font-size:15px\">L&rsquo;\u00e9glise actuelle a \u00e9t\u00e9 construite entre 1875 et 1887. Elle\n  prend la suite de trois \u00e9glises : la premi\u00e8re construite par Saint Martin en\n  576, la deuxi\u00e8me commenc\u00e9e en 840 mais non achev\u00e9e \u00e0 cause des invasions\n  normandes, et la troisi\u00e8me qui servit \u00e0 partir de 945 et qui fut d\u00e9truite le\n  17 septembre 1793. <\/p>\n\n\n\n<p style=\"font-size:15px\">Le premier d\u00e9veloppement a \u00e9t\u00e9 provoqu\u00e9 par Saint Martin vers\n  l&rsquo;an 600 et par la suite relay\u00e9 par le commerce sur la S\u00e8vre nantaise, Vertou\n  r\u00e9ussit aujourd&rsquo;hui \u00e0 s&rsquo;imposer comme une petite ville d&rsquo;\u00e9quilibre,\n  \u00ab\u00a0commune verdoyante aux portes de l&rsquo;agglom\u00e9ration\u00a0\u00bb.<\/p>\n\n\n\n<h5 class=\"wp-block-heading\">Le Moyen Age<\/h5>\n\n\n\n<p style=\"font-size:15px\">Les souvenirs du Moyen-Age \u00e0 Vertou sont nombreux : tombeaux   m\u00e9rovingiens ou sarcophages conserv\u00e9s dans le cimeti\u00e8re qui jouxte le vieux   logis du Beau Verger, moulins au sommet des coteaux, ch\u00e2teaux (La   Bourdini\u00e8re, la \u00ab\u00a0Tour d&rsquo;Amour\u00a0\u00bb de La   Chasseloire, La Courneuve en for\u00eat ducale de Touffou\u2026).<\/p>\n\n\n\n<p style=\"font-size:18px\"><strong>Les grands travaux des moines<\/strong><\/p>\n\n\n\n<p style=\"font-size:15px\">Entre 1470 et 1650, les moines entreprennent de grands travaux,   dont la fameuse \u00ab\u00a0Chauss\u00e9e des Moines\u00a0\u00bb. Ce barrage r\u00e9gulant le  cours de la S\u00e8vre permit la navigation et contribua au d\u00e9veloppement de la   cit\u00e9.<\/p>\n\n\n\n<h5 class=\"wp-block-heading\">La visite de Rabelais<\/h5>\n\n\n\n<p style=\"font-size:15px\">Du XVIe si\u00e8cle, Vertou garde le souvenir de la visite de   Rabelais. En p\u00e8lerinage dans la r\u00e9gion, l&rsquo;\u00e9crivain s&rsquo;arr\u00eata \u00e0 La Haye-Fouassi\u00e8re, o\u00f9 il appr\u00e9cia les fouaces, et \u00e0 Vertou, c\u00e9l\u00e8bre par ses boudins,   ses salades et son vin.<\/p>\n\n\n\n<p style=\"font-size:18px\"><strong>L&rsquo;essor du \u00ab\u00a0port fluvial\u00a0\u00bb<\/strong><\/p>\n\n\n\n<p style=\"font-size:15px\">Les premi\u00e8res \u00e9cluses sur la S\u00e8vre furent construites au XVIIe\n  si\u00e8cle. La grande \u00e9cluse actuelle, construite par Pierre Desprez, accueillit\n  son premier bateau le 3 septembre 1755. Le commerce sur la S\u00e8vre fut\n  florissant, avec nombre de chargements de vins entre le Port-Domino et le\n  Ch\u00eane. En 1830, 1 639 bateaux travers\u00e8rent la Chauss\u00e9e, portant 13&nbsp;082\n  tonnes de marchandises\u2026<\/p>\n\n\n\n<p style=\"font-size:18px\"><strong>Particularit\u00e9s :<\/strong><\/p>\n\n\n\n<p style=\"font-size:15px\">Site pr\u00e9historique.<\/p>\n\n\n\n<p style=\"font-size:15px\">Sarcophages m\u00e9rovingiens.<\/p>\n\n\n\n<p style=\"font-size:15px\">Maisons rurales traditionnelles.<\/p>\n\n\n\n<p style=\"font-size:15px\">Maisons de vignerons XVIIIe\/XIXe si\u00e8cles.<\/p>\n\n\n\n<p style=\"font-size:15px\">Nombreux ch\u00e2teaux ou \u00ab\u00a0folies\u00a0\u00bb.<\/p>\n\n\n\n<p style=\"font-size:15px\">Ch\u00e2teau Launay XVIIIe si\u00e8cle, Ch\u00e2teau La Fr\u00e9moire.<\/p>\n\n\n\n<p style=\"font-size:15px\">Ch\u00e2teau Le Portereau.<\/p>\n\n\n\n<p style=\"font-size:15px\">Ch\u00e2teau Motte-Chain.<\/p>\n\n\n\n<p style=\"font-size:15px\">Villa de La Basti\u00e8re, ainsi que jardin, douves, charmille et\n  belv\u00e9d\u00e8re.<\/p>\n\n\n\n<p style=\"font-size:15px\">Chauss\u00e9e aux Moines XVIe si\u00e8cle et moulin.<\/p>\n\n\n\n<p style=\"font-size:15px\">\u00c9glise XIXe si\u00e8cle \u00e0 haut clocher.<\/p>\n\n\n\n<p style=\"font-size:15px\">Porche XVIIe si\u00e8cle de l&rsquo;ancienne abbaye, place Saint-Martin.<\/p>\n\n\n\n<p style=\"font-size:15px\">Chapelles rurales. <\/p>\n\n\n\n<p style=\"font-size:15px\">Site du bourg dans la vall\u00e9e verdoyante de la S\u00e8vre.<\/p>\n\n\n\n<p style=\"font-size:15px\">Rives de la S\u00e8vre au Ch\u00eane, \u00e0 Pierre-Perc\u00e9e, \u00e0 Portillon, \u00e0 La\n  Ram\u00e9e<\/p>\n\n\n\n<p style=\"font-size:15px\">Site de la butte des deux moulins des\n  coteaux de Portillon : terrasses, ruines des deux moulins et de l&rsquo;ancienne\n  demeure, terrain plant\u00e9 de vignes du c\u00f4t\u00e9 de la vall\u00e9e de la S\u00e8vre.<\/p>\n\n\n\n<p style=\"font-size:15px\">La Chauss\u00e9e aux Moines : panoramas.<\/p>\n\n\n\n<p style=\"font-size:15px\">For\u00eat de Touffou.<\/p>\n\n\n\n<p style=\"font-size:15px\">Bois.<\/p>\n\n\n\n<p style=\"font-size:15px\">Cypr\u00e8s de 270 ans \u00e0 Bel Air.<\/p>\n\n\n\n<p><strong>Ressources et productions :<\/strong><\/p>\n\n\n\n<p style=\"font-size:15px\">Carri\u00e8res.<\/p>\n\n\n\n<p style=\"font-size:15px\">Sources d&rsquo;eau min\u00e9rale de l&rsquo;Ebeaupin.<\/p>\n\n\n\n<p style=\"font-size:15px\">P\u00e2turages Vigne, cultures mara\u00eech\u00e8res, vergers. Elevage.<\/p>\n\n\n\n<p style=\"font-size:15px\">AOC \u00ab\u00a0Muscadet de S\u00e8vre-et-Maine\u00a0\u00bb; VDQS\n  \u00ab\u00a0Gros-Plant du Pays Nantais\u00a0\u00bb.<\/p>\n\n\n\n<p style=\"font-size:15px\">Visites guid\u00e9es de la Biscuiterie Nantaise.<\/p>\n\n\n\n<p><strong>Vie locale :<\/strong><\/p>\n\n\n\n<p style=\"font-size:15px\">Ports sur rivi\u00e8re (L&rsquo;Angebardi\u00e8re, La Barbini\u00e8re, Portillon, La\n  Ram\u00e9e).<\/p>\n\n\n\n<p style=\"font-size:15px\">March\u00e9 : samedi, dimanche.<\/p>\n\n\n\n<p style=\"font-size:15px\">Visites guid\u00e9es de la ville.<\/p>\n\n\n\n<p style=\"font-size:15px\">Expositions au moulin Gautron. <\/p>\n\n\n\n<p style=\"font-size:15px\">Location de cano\u00ebs-kayaks et de bateaux \u00e9lectriques.<\/p>\n\n\n\n<p style=\"font-size:15px\">Courses hippiques : fin ao\u00fbt.<\/p>\n\n\n\n<p style=\"font-size:15px\">Promenades en bateau sur la S\u00e8vre.<\/p>\n\n\n\n<p style=\"font-size:15px\">Randonn\u00e9es p\u00e9destres.<\/p>\n\n\n\n<p style=\"font-size:15px\">Manifestations folkloriques.<\/p>\n\n\n\n<p style=\"font-size:15px\">Office de tourisme.<\/p>\n<\/div>\n<\/div>\n\n\n\n<p><strong>Sources&nbsp;:<\/strong><\/p>\n\n\n\n<p><a href=\"http:\/\/www.mairie-vertou.fr\" target=\"_blank\" rel=\"noreferrer noopener\">http:\/\/www.mairie-vertou.fr<\/a><\/p>\n\n\n\n<p><a href=\"http:\/\/bzh.44.free.fr\" target=\"_blank\" rel=\"noreferrer noopener\">http:\/\/bzh.44.free.fr<\/a><\/p>\n","protected":false},"excerpt":{"rendered":"<p>44120 BRETAGNE Nom Breton: GWERZHO\u00d9 R\u00e9gion administrative&nbsp;: Pays de la Loire D\u00e9partement : Loire-Atlantique Arrondissement de : Nantes Canton de : Vertou Population : 21 640 habitants Habitants&nbsp;: Vertaviens ou Vertouins Superficie : 3 803 hectares Altitude : 32 m\u00e8tres Cours d\u2019eau : la S\u00e8vre Nantaise et la Vertonne Blason&nbsp;: Depuis 1957, le conseil municipal [&hellip;]<\/p>\n","protected":false},"author":323,"featured_media":0,"parent":0,"menu_order":0,"comment_status":"closed","ping_status":"closed","template":"template-fullwidth.php","meta":{"footnotes":""},"class_list":["post-2787","page","type-page","status-publish","hentry","post-preview"],"yoast_head":"<!-- This site is optimized with the Yoast SEO plugin v24.4 - https:\/\/yoast.com\/wordpress\/plugins\/seo\/ -->\n<title>Vertou<\/title>\n<meta name=\"description\" content=\"44120 BRETAGNE Nom Breton: GWERZHO\u00d9 R\u00e9gion administrative&nbsp;: Pays de la Loire D\u00e9partement : Loire-Atlantique Arrondissement de : Nantes Canton de :\" \/>\n<meta name=\"robots\" content=\"index, follow, max-snippet:-1, max-image-preview:large, max-video-preview:-1\" \/>\n<link rel=\"canonical\" href=\"https:\/\/www.agv44.org\/site\/vertou\/\" \/>\n<meta property=\"og:locale\" content=\"fr_FR\" \/>\n<meta property=\"og:type\" content=\"article\" \/>\n<meta property=\"og:title\" content=\"Vertou\" \/>\n<meta property=\"og:description\" content=\"44120 BRETAGNE Nom Breton: GWERZHO\u00d9 R\u00e9gion administrative&nbsp;: Pays de la Loire D\u00e9partement : Loire-Atlantique Arrondissement de : Nantes Canton de :\" \/>\n<meta property=\"og:url\" content=\"https:\/\/www.agv44.org\/site\/vertou\/\" \/>\n<meta property=\"article:modified_time\" content=\"2025-09-15T13:40:23+00:00\" \/>\n<meta property=\"og:image\" content=\"https:\/\/www.agv44.org\/site\/wp-content\/uploads\/2024\/12\/vertou03-931x1024.png\" \/>\n\t<meta property=\"og:image:width\" content=\"931\" \/>\n\t<meta property=\"og:image:height\" content=\"1024\" \/>\n\t<meta property=\"og:image:type\" content=\"image\/png\" \/>\n<meta name=\"twitter:card\" content=\"summary_large_image\" \/>\n<meta name=\"twitter:label1\" content=\"Dur\u00e9e de lecture estim\u00e9e\" \/>\n\t<meta name=\"twitter:data1\" content=\"5 minutes\" \/>\n<script type=\"application\/ld+json\" class=\"yoast-schema-graph\">{\"@context\":\"https:\/\/schema.org\",\"@graph\":[{\"@type\":\"WebPage\",\"@id\":\"https:\/\/www.agv44.org\/site\/vertou\/\",\"url\":\"https:\/\/www.agv44.org\/site\/vertou\/\",\"name\":\"Vertou\",\"isPartOf\":{\"@id\":\"https:\/\/www.agv44.org\/site\/#website\"},\"primaryImageOfPage\":{\"@id\":\"https:\/\/www.agv44.org\/site\/vertou\/#primaryimage\"},\"image\":{\"@id\":\"https:\/\/www.agv44.org\/site\/vertou\/#primaryimage\"},\"thumbnailUrl\":\"https:\/\/www.agv44.org\/site\/wp-content\/uploads\/2024\/12\/vertou03-931x1024.png\",\"datePublished\":\"2020-03-14T17:36:22+00:00\",\"dateModified\":\"2025-09-15T13:40:23+00:00\",\"description\":\"44120 BRETAGNE Nom Breton: GWERZHO\u00d9 R\u00e9gion administrative&nbsp;: Pays de la Loire D\u00e9partement : Loire-Atlantique Arrondissement de : Nantes Canton de :\",\"breadcrumb\":{\"@id\":\"https:\/\/www.agv44.org\/site\/vertou\/#breadcrumb\"},\"inLanguage\":\"fr-FR\",\"potentialAction\":[{\"@type\":\"ReadAction\",\"target\":[\"https:\/\/www.agv44.org\/site\/vertou\/\"]}]},{\"@type\":\"ImageObject\",\"inLanguage\":\"fr-FR\",\"@id\":\"https:\/\/www.agv44.org\/site\/vertou\/#primaryimage\",\"url\":\"https:\/\/www.agv44.org\/site\/wp-content\/uploads\/2024\/12\/vertou03.png\",\"contentUrl\":\"https:\/\/www.agv44.org\/site\/wp-content\/uploads\/2024\/12\/vertou03.png\",\"width\":2880,\"height\":3168},{\"@type\":\"BreadcrumbList\",\"@id\":\"https:\/\/www.agv44.org\/site\/vertou\/#breadcrumb\",\"itemListElement\":[{\"@type\":\"ListItem\",\"position\":1,\"name\":\"Accueil\",\"item\":\"https:\/\/www.agv44.org\/site\/\"},{\"@type\":\"ListItem\",\"position\":2,\"name\":\"Vertou\"}]},{\"@type\":\"WebSite\",\"@id\":\"https:\/\/www.agv44.org\/site\/#website\",\"url\":\"https:\/\/www.agv44.org\/site\/\",\"name\":\"\",\"description\":\"\",\"publisher\":{\"@id\":\"https:\/\/www.agv44.org\/site\/#organization\"},\"potentialAction\":[{\"@type\":\"SearchAction\",\"target\":{\"@type\":\"EntryPoint\",\"urlTemplate\":\"https:\/\/www.agv44.org\/site\/?s={search_term_string}\"},\"query-input\":{\"@type\":\"PropertyValueSpecification\",\"valueRequired\":true,\"valueName\":\"search_term_string\"}}],\"inLanguage\":\"fr-FR\"},{\"@type\":\"Organization\",\"@id\":\"https:\/\/www.agv44.org\/site\/#organization\",\"name\":\"Association G\u00e9n\u00e9alogique Vertavienne\",\"url\":\"https:\/\/www.agv44.org\/site\/\",\"logo\":{\"@type\":\"ImageObject\",\"inLanguage\":\"fr-FR\",\"@id\":\"https:\/\/www.agv44.org\/site\/#\/schema\/logo\/image\/\",\"url\":\"https:\/\/www.agv44.org\/site\/wp-content\/uploads\/2020\/04\/logoagv300.png\",\"contentUrl\":\"https:\/\/www.agv44.org\/site\/wp-content\/uploads\/2020\/04\/logoagv300.png\",\"width\":300,\"height\":271,\"caption\":\"Association G\u00e9n\u00e9alogique Vertavienne\"},\"image\":{\"@id\":\"https:\/\/www.agv44.org\/site\/#\/schema\/logo\/image\/\"}}]}<\/script>\n<!-- \/ Yoast SEO plugin. -->","yoast_head_json":{"title":"Vertou","description":"44120 BRETAGNE Nom Breton: GWERZHO\u00d9 R\u00e9gion administrative&nbsp;: Pays de la Loire D\u00e9partement : Loire-Atlantique Arrondissement de : Nantes Canton de :","robots":{"index":"index","follow":"follow","max-snippet":"max-snippet:-1","max-image-preview":"max-image-preview:large","max-video-preview":"max-video-preview:-1"},"canonical":"https:\/\/www.agv44.org\/site\/vertou\/","og_locale":"fr_FR","og_type":"article","og_title":"Vertou","og_description":"44120 BRETAGNE Nom Breton: GWERZHO\u00d9 R\u00e9gion administrative&nbsp;: Pays de la Loire D\u00e9partement : Loire-Atlantique Arrondissement de : Nantes Canton de :","og_url":"https:\/\/www.agv44.org\/site\/vertou\/","article_modified_time":"2025-09-15T13:40:23+00:00","og_image":[{"width":931,"height":1024,"url":"https:\/\/www.agv44.org\/site\/wp-content\/uploads\/2024\/12\/vertou03-931x1024.png","type":"image\/png"}],"twitter_card":"summary_large_image","twitter_misc":{"Dur\u00e9e de lecture estim\u00e9e":"5 minutes"},"schema":{"@context":"https:\/\/schema.org","@graph":[{"@type":"WebPage","@id":"https:\/\/www.agv44.org\/site\/vertou\/","url":"https:\/\/www.agv44.org\/site\/vertou\/","name":"Vertou","isPartOf":{"@id":"https:\/\/www.agv44.org\/site\/#website"},"primaryImageOfPage":{"@id":"https:\/\/www.agv44.org\/site\/vertou\/#primaryimage"},"image":{"@id":"https:\/\/www.agv44.org\/site\/vertou\/#primaryimage"},"thumbnailUrl":"https:\/\/www.agv44.org\/site\/wp-content\/uploads\/2024\/12\/vertou03-931x1024.png","datePublished":"2020-03-14T17:36:22+00:00","dateModified":"2025-09-15T13:40:23+00:00","description":"44120 BRETAGNE Nom Breton: GWERZHO\u00d9 R\u00e9gion administrative&nbsp;: Pays de la Loire D\u00e9partement : Loire-Atlantique Arrondissement de : Nantes Canton de :","breadcrumb":{"@id":"https:\/\/www.agv44.org\/site\/vertou\/#breadcrumb"},"inLanguage":"fr-FR","potentialAction":[{"@type":"ReadAction","target":["https:\/\/www.agv44.org\/site\/vertou\/"]}]},{"@type":"ImageObject","inLanguage":"fr-FR","@id":"https:\/\/www.agv44.org\/site\/vertou\/#primaryimage","url":"https:\/\/www.agv44.org\/site\/wp-content\/uploads\/2024\/12\/vertou03.png","contentUrl":"https:\/\/www.agv44.org\/site\/wp-content\/uploads\/2024\/12\/vertou03.png","width":2880,"height":3168},{"@type":"BreadcrumbList","@id":"https:\/\/www.agv44.org\/site\/vertou\/#breadcrumb","itemListElement":[{"@type":"ListItem","position":1,"name":"Accueil","item":"https:\/\/www.agv44.org\/site\/"},{"@type":"ListItem","position":2,"name":"Vertou"}]},{"@type":"WebSite","@id":"https:\/\/www.agv44.org\/site\/#website","url":"https:\/\/www.agv44.org\/site\/","name":"","description":"","publisher":{"@id":"https:\/\/www.agv44.org\/site\/#organization"},"potentialAction":[{"@type":"SearchAction","target":{"@type":"EntryPoint","urlTemplate":"https:\/\/www.agv44.org\/site\/?s={search_term_string}"},"query-input":{"@type":"PropertyValueSpecification","valueRequired":true,"valueName":"search_term_string"}}],"inLanguage":"fr-FR"},{"@type":"Organization","@id":"https:\/\/www.agv44.org\/site\/#organization","name":"Association G\u00e9n\u00e9alogique Vertavienne","url":"https:\/\/www.agv44.org\/site\/","logo":{"@type":"ImageObject","inLanguage":"fr-FR","@id":"https:\/\/www.agv44.org\/site\/#\/schema\/logo\/image\/","url":"https:\/\/www.agv44.org\/site\/wp-content\/uploads\/2020\/04\/logoagv300.png","contentUrl":"https:\/\/www.agv44.org\/site\/wp-content\/uploads\/2020\/04\/logoagv300.png","width":300,"height":271,"caption":"Association G\u00e9n\u00e9alogique Vertavienne"},"image":{"@id":"https:\/\/www.agv44.org\/site\/#\/schema\/logo\/image\/"}}]}},"_links":{"self":[{"href":"https:\/\/www.agv44.org\/site\/wp-json\/wp\/v2\/pages\/2787","targetHints":{"allow":["GET"]}}],"collection":[{"href":"https:\/\/www.agv44.org\/site\/wp-json\/wp\/v2\/pages"}],"about":[{"href":"https:\/\/www.agv44.org\/site\/wp-json\/wp\/v2\/types\/page"}],"author":[{"embeddable":true,"href":"https:\/\/www.agv44.org\/site\/wp-json\/wp\/v2\/users\/323"}],"replies":[{"embeddable":true,"href":"https:\/\/www.agv44.org\/site\/wp-json\/wp\/v2\/comments?post=2787"}],"version-history":[{"count":18,"href":"https:\/\/www.agv44.org\/site\/wp-json\/wp\/v2\/pages\/2787\/revisions"}],"predecessor-version":[{"id":7532,"href":"https:\/\/www.agv44.org\/site\/wp-json\/wp\/v2\/pages\/2787\/revisions\/7532"}],"wp:attachment":[{"href":"https:\/\/www.agv44.org\/site\/wp-json\/wp\/v2\/media?parent=2787"}],"curies":[{"name":"wp","href":"https:\/\/api.w.org\/{rel}","templated":true}]}}