{"id":2730,"date":"2020-03-14T17:44:52","date_gmt":"2020-03-14T16:44:52","guid":{"rendered":"https:\/\/www.agv44.org\/site\/?page_id=2730"},"modified":"2024-12-24T18:18:56","modified_gmt":"2024-12-24T17:18:56","slug":"la-haie-fouassiere","status":"publish","type":"page","link":"https:\/\/www.agv44.org\/site\/la-haie-fouassiere\/","title":{"rendered":"La Haye-Fouassi\u00e8re"},"content":{"rendered":"\n<div class=\"wp-block-columns is-layout-flex wp-container-core-columns-is-layout-1 wp-block-columns-is-layout-flex\">\n<div class=\"wp-block-column is-layout-flow wp-block-column-is-layout-flow\" style=\"flex-basis:33.33%\"><div class=\"wp-block-image\">\n<figure class=\"aligncenter size-large is-resized\"><img loading=\"lazy\" decoding=\"async\" src=\"https:\/\/www.agv44.org\/site\/wp-content\/uploads\/2024\/12\/haie-fouassiere-931x1024.png\" alt=\"\" class=\"wp-image-7065\" width=\"270\" height=\"296\" srcset=\"https:\/\/www.agv44.org\/site\/wp-content\/uploads\/2024\/12\/haie-fouassiere-931x1024.png 931w, https:\/\/www.agv44.org\/site\/wp-content\/uploads\/2024\/12\/haie-fouassiere-273x300.png 273w, https:\/\/www.agv44.org\/site\/wp-content\/uploads\/2024\/12\/haie-fouassiere-768x845.png 768w, https:\/\/www.agv44.org\/site\/wp-content\/uploads\/2024\/12\/haie-fouassiere-1396x1536.png 1396w, https:\/\/www.agv44.org\/site\/wp-content\/uploads\/2024\/12\/haie-fouassiere-1862x2048.png 1862w, https:\/\/www.agv44.org\/site\/wp-content\/uploads\/2024\/12\/haie-fouassiere-676x744.png 676w\" sizes=\"auto, (max-width: 270px) 100vw, 270px\" \/><\/figure><\/div>\n\n\n<p class=\"has-text-align-center\"><strong>La Haye Fouassi\u00e8re<\/strong><\/p>\n\n\n\n<p class=\"has-text-align-center\"><strong>44690<\/strong><\/p>\n\n\n\n<p class=\"has-text-align-center\"><strong>BRETAGNE<\/strong><\/p>\n\n\n\n<p class=\"has-text-align-center\">&nbsp; Nom Breton :<\/p>\n\n\n\n<p class=\"has-text-align-center\"><strong>AN\n  HAE FOAZER<\/strong><\/p>\n\n\n\n<p class=\"has-text-align-center\"><br>\n  R\u00e9gion : Pays de la Loire<\/p>\n\n\n\n<p class=\"has-text-align-center\">D\u00e9partement\n  : Loire-Atlantique<\/p>\n\n\n\n<p class=\"has-text-align-center\">Arrondissement\n  de Nantes<\/p>\n\n\n\n<p class=\"has-text-align-center\">Canton\n  de Vertou vignoble<\/p>\n\n\n\n<p class=\"has-text-align-center\">Population\n  : 3 387 habitants<\/p>\n\n\n\n<p class=\"has-text-align-center\">Habitants\n  : les Hayonnais<\/p>\n\n\n\n<p class=\"has-text-align-center\">Superficie\n  : 1 181 hectares<\/p>\n\n\n\n<p class=\"has-text-align-center\">Altitude\n  : 25 m\u00e8tres<\/p>\n\n\n\n<p class=\"has-text-align-center\">Cours\n  d\u2019eau : la Maine et la S\u00e8vre Nantaise<\/p>\n\n\n\n<p class=\"has-text-align-center\">Blason&nbsp;:   le ruban jaune repr\u00e9sente la S\u00e8vre Nantaise. la grappe de raisin symbolise   l&rsquo;activit\u00e9 viticole de la commune. la fouasse rappelle l&rsquo;\u00e9tymologie de la commune.   les hermines rappellent l&rsquo;appartenance \u00e0 la Bretagne.<\/p>\n<\/div>\n\n\n\n<div class=\"wp-block-column is-layout-flow wp-block-column-is-layout-flow\" style=\"flex-basis:66.66%\">\n<p style=\"font-size:15px\">Ce nom est compos\u00e9 du mot\n  \u00ab\u00a0Haye\u00a0\u00bb qui d\u00e9signe en vieux fran\u00e7ais \u00ab\u00a0les bois\u00a0\u00bb et du mot\n  \u00ab\u00a0Fouassi\u00e8re\u00a0\u00bb qui vient de \u00ab\u00a0fouace\u00a0\u00bb, g\u00e2teau typique \u00e0 la\n  p\u00e2te serr\u00e9e, en forme d&rsquo;\u00e9toile \u00e0 six cornes qui \u00e9tait \u00e0 l&rsquo;\u00e9poque une\n  sp\u00e9cialit\u00e9 locale.<\/p>\n\n\n\n<p><strong>G\u00e9n\u00e9ralit\u00e9s\n  historiques :<\/strong><\/p>\n\n\n\n<p style=\"font-size:15px\">Au XVIe\n  si\u00e8cle, la commune s&rsquo;appelait Montauban de Bretagne. Au cours des si\u00e8cles\n  suivants, elle prit successivement le nom de Saint-Jean de la Haye, puis\n  Notre-Dame de la Haye, avant de trouver en 1672 sa d\u00e9nomination actuelle : la\n  Haye-Fouassi\u00e8re.<\/p>\n\n\n\n<p>Nombreuses\n  maisons nobles d\u00e8s le XIV\u00e8me si\u00e8cle.<\/p>\n\n\n\n<p style=\"font-size:15px\">Avec ses\n  1181 hectares, dont pr\u00e8s de la moiti\u00e9 plant\u00e9e en vigne, et ses 3500\n  habitants, la Haye-Fouassi\u00e8re, sise en plein coeur du vignoble est situ\u00e9e \u00e0\n  15 km au Sud de Nantes.<\/p>\n\n\n\n<p style=\"font-size:15px\">La S\u00e8vre\n  nantaise, qui constitue sa fronti\u00e8re naturelle avec la commune voisine de\n  Saint-Fiacre-sur-Maine, la borde sur 7 Km.<\/p>\n\n\n\n<p style=\"font-size:15px\">Pr\u00e8s de   l&rsquo;usine LU, l&rsquo;image moderne de la commune est port\u00e9e par le symbole du   vaisseau spatial associ\u00e9 aux 3 produits \u00e0 l&rsquo;honneur : la Fouace, le Petit   Beurre et le Muscadet.<\/p>\n\n\n\n<p><strong>Particularit\u00e9s\n  :<\/strong><\/p>\n\n\n\n<p style=\"font-size:15px\">Stations\n  de l&rsquo;\u00e9pimagdal\u00e9nien.<\/p>\n\n\n\n<p style=\"font-size:15px\">Ch\u00e2teau   Rochefort XVIIIe si\u00e8cle.<\/p>\n\n\n\n<p style=\"font-size:15px\">Ch\u00e2teau Le   Breil XIXe si\u00e8cle.<\/p>\n\n\n\n<p style=\"font-size:15px\">Ch\u00e2teau Le   Hallay XIXe si\u00e8cle.<\/p>\n\n\n\n<p style=\"font-size:15px\">Ch\u00e2teau La Ferronni\u00e8re   XIXe si\u00e8cle.<\/p>\n\n\n\n<p style=\"font-size:15px\">Manoir du   Patisseau XVIe si\u00e8cle.<\/p>\n\n\n\n<p style=\"font-size:15px\">Anciens\n  moulins \u00e0 vent du Breil. <\/p>\n\n\n\n<p style=\"font-size:15px\">\u00c9glise   XIXe si\u00e8cle n\u00e9o-gothique.<\/p>\n\n\n\n<p style=\"font-size:15px\">Chapelle   de Rochefort XVIe si\u00e8cle. <\/p>\n\n\n\n<p style=\"font-size:15px\">Rives de\n  la S\u00e8vre Nantaise.<\/p>\n\n\n\n<p style=\"font-size:15px\">R\u00e9gion\n  vallonn\u00e9e et bois\u00e9e.<\/p>\n\n\n\n<p style=\"font-size:15px\">Site des   cavernes.<\/p>\n\n\n\n<p style=\"font-size:15px\">Rocher du\n  B\u00e9nitier du Diable.<\/p>\n\n\n\n<p style=\"font-size:15px\">Carri\u00e8res.\n  <\/p>\n\n\n\n<p><strong>Ressources\n  et productions :<\/strong><\/p>\n\n\n\n<p style=\"font-size:15px\">Bois,\n  p\u00e2turages. Cultures mara\u00eech\u00e8res, vergers, vigne. Elevage.<\/p>\n\n\n\n<p style=\"font-size:15px\">AOC\n  \u00ab\u00a0Muscadet de S\u00e8vre-et-Maine \u00ab\u00a0; VDQS \u00ab\u00a0Gros-Plant du Pays\n  Nantais\u00a0\u00bb.<\/p>\n\n\n\n<p style=\"font-size:15px\">Caveau de\n  d\u00e9gustation.<\/p>\n\n\n\n<p style=\"font-size:15px\">Si\u00e8ge de\n  la Maison des Vins de Nantes.<\/p>\n\n\n\n<p style=\"font-size:15px\">Sp\u00e9cialit\u00e9\n  ancienne de \u00ab\u00a0fouace\u00a0\u00bb.<\/p>\n<\/div>\n<\/div>\n\n\n\n<p>sources:  <\/p>\n\n\n\n<p> <a href=\"http:\/\/bzh.44.free.fr\" target=\"_blank\" rel=\"noreferrer noopener\">http:\/\/bzh.44.free.fr<\/a> <\/p>\n\n\n\n<p> http:\/\/www.loire-france.com\/villes\/ <\/p>\n\n\n\n<p> <a href=\"http:\/\/www.la-haye-fouassiere.fr\" target=\"_blank\" rel=\"noreferrer noopener\">http:\/\/www.la-haye-fouassiere.fr <\/a><\/p>\n\n\n\n<p><\/p>\n\n\n\n<p><\/p>\n\n\n<p><!--EndFragment--><\/p>","protected":false},"excerpt":{"rendered":"<p>La Haye Fouassi\u00e8re 44690 BRETAGNE &nbsp; Nom Breton : AN HAE FOAZER R\u00e9gion : Pays de la Loire D\u00e9partement : Loire-Atlantique Arrondissement de Nantes Canton de Vertou vignoble Population : 3 387 habitants Habitants : les Hayonnais Superficie : 1 181 hectares Altitude : 25 m\u00e8tres Cours d\u2019eau : la Maine et la S\u00e8vre Nantaise [&hellip;]<\/p>\n","protected":false},"author":323,"featured_media":0,"parent":0,"menu_order":0,"comment_status":"closed","ping_status":"closed","template":"template-fullwidth.php","meta":{"footnotes":""},"class_list":["post-2730","page","type-page","status-publish","hentry","post-preview"],"yoast_head":"<!-- This site is optimized with the Yoast SEO plugin v24.4 - https:\/\/yoast.com\/wordpress\/plugins\/seo\/ -->\n<title>La Haye-Fouassi\u00e8re<\/title>\n<meta name=\"description\" content=\"La Haye Fouassi\u00e8re 44690 BRETAGNE &nbsp; Nom Breton : AN HAE FOAZER R\u00e9gion : Pays de la Loire D\u00e9partement : Loire-Atlantique Arrondissement de Nantes\" \/>\n<meta name=\"robots\" content=\"index, follow, max-snippet:-1, max-image-preview:large, max-video-preview:-1\" \/>\n<link rel=\"canonical\" href=\"https:\/\/www.agv44.org\/site\/la-haie-fouassiere\/\" \/>\n<meta property=\"og:locale\" content=\"fr_FR\" \/>\n<meta property=\"og:type\" content=\"article\" \/>\n<meta property=\"og:title\" content=\"La Haye-Fouassi\u00e8re\" \/>\n<meta property=\"og:description\" content=\"La Haye Fouassi\u00e8re 44690 BRETAGNE &nbsp; Nom Breton : AN HAE FOAZER R\u00e9gion : Pays de la Loire D\u00e9partement : Loire-Atlantique Arrondissement de Nantes\" \/>\n<meta property=\"og:url\" content=\"https:\/\/www.agv44.org\/site\/la-haie-fouassiere\/\" \/>\n<meta property=\"article:modified_time\" content=\"2024-12-24T17:18:56+00:00\" \/>\n<meta property=\"og:image\" content=\"https:\/\/www.agv44.org\/site\/wp-content\/uploads\/2024\/12\/haie-fouassiere-931x1024.png\" \/>\n<meta name=\"twitter:card\" content=\"summary_large_image\" \/>\n<meta name=\"twitter:label1\" content=\"Dur\u00e9e de lecture estim\u00e9e\" \/>\n\t<meta name=\"twitter:data1\" content=\"2 minutes\" \/>\n<script type=\"application\/ld+json\" class=\"yoast-schema-graph\">{\"@context\":\"https:\/\/schema.org\",\"@graph\":[{\"@type\":\"WebPage\",\"@id\":\"https:\/\/www.agv44.org\/site\/la-haie-fouassiere\/\",\"url\":\"https:\/\/www.agv44.org\/site\/la-haie-fouassiere\/\",\"name\":\"La Haye-Fouassi\u00e8re\",\"isPartOf\":{\"@id\":\"https:\/\/www.agv44.org\/site\/#website\"},\"primaryImageOfPage\":{\"@id\":\"https:\/\/www.agv44.org\/site\/la-haie-fouassiere\/#primaryimage\"},\"image\":{\"@id\":\"https:\/\/www.agv44.org\/site\/la-haie-fouassiere\/#primaryimage\"},\"thumbnailUrl\":\"https:\/\/www.agv44.org\/site\/wp-content\/uploads\/2024\/12\/haie-fouassiere-931x1024.png\",\"datePublished\":\"2020-03-14T16:44:52+00:00\",\"dateModified\":\"2024-12-24T17:18:56+00:00\",\"description\":\"La Haye Fouassi\u00e8re 44690 BRETAGNE &nbsp; Nom Breton : AN HAE FOAZER R\u00e9gion : Pays de la Loire D\u00e9partement : Loire-Atlantique Arrondissement de Nantes\",\"breadcrumb\":{\"@id\":\"https:\/\/www.agv44.org\/site\/la-haie-fouassiere\/#breadcrumb\"},\"inLanguage\":\"fr-FR\",\"potentialAction\":[{\"@type\":\"ReadAction\",\"target\":[\"https:\/\/www.agv44.org\/site\/la-haie-fouassiere\/\"]}]},{\"@type\":\"ImageObject\",\"inLanguage\":\"fr-FR\",\"@id\":\"https:\/\/www.agv44.org\/site\/la-haie-fouassiere\/#primaryimage\",\"url\":\"https:\/\/www.agv44.org\/site\/wp-content\/uploads\/2024\/12\/haie-fouassiere.png\",\"contentUrl\":\"https:\/\/www.agv44.org\/site\/wp-content\/uploads\/2024\/12\/haie-fouassiere.png\",\"width\":2880,\"height\":3168},{\"@type\":\"BreadcrumbList\",\"@id\":\"https:\/\/www.agv44.org\/site\/la-haie-fouassiere\/#breadcrumb\",\"itemListElement\":[{\"@type\":\"ListItem\",\"position\":1,\"name\":\"Accueil\",\"item\":\"https:\/\/www.agv44.org\/site\/\"},{\"@type\":\"ListItem\",\"position\":2,\"name\":\"La Haye-Fouassi\u00e8re\"}]},{\"@type\":\"WebSite\",\"@id\":\"https:\/\/www.agv44.org\/site\/#website\",\"url\":\"https:\/\/www.agv44.org\/site\/\",\"name\":\"\",\"description\":\"\",\"publisher\":{\"@id\":\"https:\/\/www.agv44.org\/site\/#organization\"},\"potentialAction\":[{\"@type\":\"SearchAction\",\"target\":{\"@type\":\"EntryPoint\",\"urlTemplate\":\"https:\/\/www.agv44.org\/site\/?s={search_term_string}\"},\"query-input\":{\"@type\":\"PropertyValueSpecification\",\"valueRequired\":true,\"valueName\":\"search_term_string\"}}],\"inLanguage\":\"fr-FR\"},{\"@type\":\"Organization\",\"@id\":\"https:\/\/www.agv44.org\/site\/#organization\",\"name\":\"Association G\u00e9n\u00e9alogique Vertavienne\",\"url\":\"https:\/\/www.agv44.org\/site\/\",\"logo\":{\"@type\":\"ImageObject\",\"inLanguage\":\"fr-FR\",\"@id\":\"https:\/\/www.agv44.org\/site\/#\/schema\/logo\/image\/\",\"url\":\"https:\/\/www.agv44.org\/site\/wp-content\/uploads\/2020\/04\/logoagv300.png\",\"contentUrl\":\"https:\/\/www.agv44.org\/site\/wp-content\/uploads\/2020\/04\/logoagv300.png\",\"width\":300,\"height\":271,\"caption\":\"Association G\u00e9n\u00e9alogique Vertavienne\"},\"image\":{\"@id\":\"https:\/\/www.agv44.org\/site\/#\/schema\/logo\/image\/\"}}]}<\/script>\n<!-- \/ Yoast SEO plugin. -->","yoast_head_json":{"title":"La Haye-Fouassi\u00e8re","description":"La Haye Fouassi\u00e8re 44690 BRETAGNE &nbsp; Nom Breton : AN HAE FOAZER R\u00e9gion : Pays de la Loire D\u00e9partement : Loire-Atlantique Arrondissement de Nantes","robots":{"index":"index","follow":"follow","max-snippet":"max-snippet:-1","max-image-preview":"max-image-preview:large","max-video-preview":"max-video-preview:-1"},"canonical":"https:\/\/www.agv44.org\/site\/la-haie-fouassiere\/","og_locale":"fr_FR","og_type":"article","og_title":"La Haye-Fouassi\u00e8re","og_description":"La Haye Fouassi\u00e8re 44690 BRETAGNE &nbsp; Nom Breton : AN HAE FOAZER R\u00e9gion : Pays de la Loire D\u00e9partement : Loire-Atlantique Arrondissement de Nantes","og_url":"https:\/\/www.agv44.org\/site\/la-haie-fouassiere\/","article_modified_time":"2024-12-24T17:18:56+00:00","og_image":[{"url":"https:\/\/www.agv44.org\/site\/wp-content\/uploads\/2024\/12\/haie-fouassiere-931x1024.png","type":"","width":"","height":""}],"twitter_card":"summary_large_image","twitter_misc":{"Dur\u00e9e de lecture estim\u00e9e":"2 minutes"},"schema":{"@context":"https:\/\/schema.org","@graph":[{"@type":"WebPage","@id":"https:\/\/www.agv44.org\/site\/la-haie-fouassiere\/","url":"https:\/\/www.agv44.org\/site\/la-haie-fouassiere\/","name":"La Haye-Fouassi\u00e8re","isPartOf":{"@id":"https:\/\/www.agv44.org\/site\/#website"},"primaryImageOfPage":{"@id":"https:\/\/www.agv44.org\/site\/la-haie-fouassiere\/#primaryimage"},"image":{"@id":"https:\/\/www.agv44.org\/site\/la-haie-fouassiere\/#primaryimage"},"thumbnailUrl":"https:\/\/www.agv44.org\/site\/wp-content\/uploads\/2024\/12\/haie-fouassiere-931x1024.png","datePublished":"2020-03-14T16:44:52+00:00","dateModified":"2024-12-24T17:18:56+00:00","description":"La Haye Fouassi\u00e8re 44690 BRETAGNE &nbsp; Nom Breton : AN HAE FOAZER R\u00e9gion : Pays de la Loire D\u00e9partement : Loire-Atlantique Arrondissement de Nantes","breadcrumb":{"@id":"https:\/\/www.agv44.org\/site\/la-haie-fouassiere\/#breadcrumb"},"inLanguage":"fr-FR","potentialAction":[{"@type":"ReadAction","target":["https:\/\/www.agv44.org\/site\/la-haie-fouassiere\/"]}]},{"@type":"ImageObject","inLanguage":"fr-FR","@id":"https:\/\/www.agv44.org\/site\/la-haie-fouassiere\/#primaryimage","url":"https:\/\/www.agv44.org\/site\/wp-content\/uploads\/2024\/12\/haie-fouassiere.png","contentUrl":"https:\/\/www.agv44.org\/site\/wp-content\/uploads\/2024\/12\/haie-fouassiere.png","width":2880,"height":3168},{"@type":"BreadcrumbList","@id":"https:\/\/www.agv44.org\/site\/la-haie-fouassiere\/#breadcrumb","itemListElement":[{"@type":"ListItem","position":1,"name":"Accueil","item":"https:\/\/www.agv44.org\/site\/"},{"@type":"ListItem","position":2,"name":"La Haye-Fouassi\u00e8re"}]},{"@type":"WebSite","@id":"https:\/\/www.agv44.org\/site\/#website","url":"https:\/\/www.agv44.org\/site\/","name":"","description":"","publisher":{"@id":"https:\/\/www.agv44.org\/site\/#organization"},"potentialAction":[{"@type":"SearchAction","target":{"@type":"EntryPoint","urlTemplate":"https:\/\/www.agv44.org\/site\/?s={search_term_string}"},"query-input":{"@type":"PropertyValueSpecification","valueRequired":true,"valueName":"search_term_string"}}],"inLanguage":"fr-FR"},{"@type":"Organization","@id":"https:\/\/www.agv44.org\/site\/#organization","name":"Association G\u00e9n\u00e9alogique Vertavienne","url":"https:\/\/www.agv44.org\/site\/","logo":{"@type":"ImageObject","inLanguage":"fr-FR","@id":"https:\/\/www.agv44.org\/site\/#\/schema\/logo\/image\/","url":"https:\/\/www.agv44.org\/site\/wp-content\/uploads\/2020\/04\/logoagv300.png","contentUrl":"https:\/\/www.agv44.org\/site\/wp-content\/uploads\/2020\/04\/logoagv300.png","width":300,"height":271,"caption":"Association G\u00e9n\u00e9alogique Vertavienne"},"image":{"@id":"https:\/\/www.agv44.org\/site\/#\/schema\/logo\/image\/"}}]}},"_links":{"self":[{"href":"https:\/\/www.agv44.org\/site\/wp-json\/wp\/v2\/pages\/2730","targetHints":{"allow":["GET"]}}],"collection":[{"href":"https:\/\/www.agv44.org\/site\/wp-json\/wp\/v2\/pages"}],"about":[{"href":"https:\/\/www.agv44.org\/site\/wp-json\/wp\/v2\/types\/page"}],"author":[{"embeddable":true,"href":"https:\/\/www.agv44.org\/site\/wp-json\/wp\/v2\/users\/323"}],"replies":[{"embeddable":true,"href":"https:\/\/www.agv44.org\/site\/wp-json\/wp\/v2\/comments?post=2730"}],"version-history":[{"count":12,"href":"https:\/\/www.agv44.org\/site\/wp-json\/wp\/v2\/pages\/2730\/revisions"}],"predecessor-version":[{"id":7069,"href":"https:\/\/www.agv44.org\/site\/wp-json\/wp\/v2\/pages\/2730\/revisions\/7069"}],"wp:attachment":[{"href":"https:\/\/www.agv44.org\/site\/wp-json\/wp\/v2\/media?parent=2730"}],"curies":[{"name":"wp","href":"https:\/\/api.w.org\/{rel}","templated":true}]}}