{"id":176,"date":"2019-08-12T14:42:23","date_gmt":"2019-08-12T12:42:23","guid":{"rendered":"https:\/\/www.agv44.org\/site\/?page_id=176"},"modified":"2025-11-09T14:34:21","modified_gmt":"2025-11-09T13:34:21","slug":"nous-contacter","status":"publish","type":"page","link":"https:\/\/www.agv44.org\/site\/nous-contacter\/","title":{"rendered":"Nous contacter"},"content":{"rendered":"<div class=\"wp-block-image\">\n<figure class=\"aligncenter size-large is-resized\"><img loading=\"lazy\" decoding=\"async\" width=\"707\" height=\"89\" src=\"https:\/\/www.agv44.org\/site\/wp-content\/uploads\/2020\/04\/nous-contacter.png\" alt=\"\" class=\"wp-image-3194\" style=\"width:423px;height:53px\" srcset=\"https:\/\/www.agv44.org\/site\/wp-content\/uploads\/2020\/04\/nous-contacter.png 707w, https:\/\/www.agv44.org\/site\/wp-content\/uploads\/2020\/04\/nous-contacter-300x38.png 300w, https:\/\/www.agv44.org\/site\/wp-content\/uploads\/2020\/04\/nous-contacter-676x85.png 676w\" sizes=\"auto, (max-width: 707px) 100vw, 707px\" \/><\/figure><\/div>\n\n<div class=\"wp-block-image\">\n<figure class=\"aligncenter size-large is-resized\"><a href=\"https:\/\/www.agv44.org\/site\/vertou\/\"><img decoding=\"async\" src=\"https:\/\/www.agv44.org\/site\/wp-content\/uploads\/2020\/03\/locavertou.png\" alt=\"\" class=\"wp-image-2949\" style=\"width:310px;height:273px\"\/><\/a><figcaption class=\"wp-element-caption\">Au sud de la Bretagne historique, tout pr\u00e8s de Nantes, dans les Pays de la Loire.<\/figcaption><\/figure><\/div>\n\n<div class=\"wp-block-image\">\n<figure class=\"aligncenter size-large is-resized\"><img loading=\"lazy\" decoding=\"async\" width=\"1024\" height=\"269\" src=\"https:\/\/www.agv44.org\/site\/wp-content\/uploads\/2020\/03\/librecour-1024x269.png\" alt=\"\" class=\"wp-image-2862\" style=\"width:566px;height:148px\" srcset=\"https:\/\/www.agv44.org\/site\/wp-content\/uploads\/2020\/03\/librecour-1024x269.png 1024w, https:\/\/www.agv44.org\/site\/wp-content\/uploads\/2020\/03\/librecour-300x79.png 300w, https:\/\/www.agv44.org\/site\/wp-content\/uploads\/2020\/03\/librecour-768x202.png 768w, https:\/\/www.agv44.org\/site\/wp-content\/uploads\/2020\/03\/librecour-676x178.png 676w, https:\/\/www.agv44.org\/site\/wp-content\/uploads\/2020\/03\/librecour.png 1050w\" sizes=\"auto, (max-width: 1024px) 100vw, 1024px\" \/><figcaption class=\"wp-element-caption\"> Libre Cour, ancien h\u00f4pital de Vertou r\u00e9am\u00e9nag\u00e9 <\/figcaption><\/figure><\/div>\n\n<div class=\"wp-block-image\">\n<figure class=\"aligncenter size-full is-resized\"><img loading=\"lazy\" decoding=\"async\" width=\"1012\" height=\"618\" src=\"https:\/\/www.agv44.org\/site\/wp-content\/uploads\/2022\/03\/hopital.jpg\" alt=\"\" class=\"wp-image-5274\" style=\"width:400px\" srcset=\"https:\/\/www.agv44.org\/site\/wp-content\/uploads\/2022\/03\/hopital.jpg 1012w, https:\/\/www.agv44.org\/site\/wp-content\/uploads\/2022\/03\/hopital-300x183.jpg 300w, https:\/\/www.agv44.org\/site\/wp-content\/uploads\/2022\/03\/hopital-768x469.jpg 768w, https:\/\/www.agv44.org\/site\/wp-content\/uploads\/2022\/03\/hopital-676x413.jpg 676w\" sizes=\"auto, (max-width: 1012px) 100vw, 1012px\" \/><\/figure><\/div>\n\n\n<p class=\"has-text-align-center has-medium-font-size\">Site de  l&rsquo;AGV :  www.agv44.org<\/p>\n\n\n\n<p class=\"has-text-align-center has-vivid-red-color has-text-color\" style=\"font-size:22px\"> Libre Cour, rue Henri Charpentier 44120 Vertou  <\/p>\n\n\n\n<p class=\"has-text-align-center has-vivid-red-color has-text-color\" style=\"font-size:22px\">All\u00e9e Abb\u00e9 Sotin  <\/p>\n\n\n\n<div class=\"wp-block-columns is-layout-flex wp-container-core-columns-is-layout-1 wp-block-columns-is-layout-flex\">\n<div class=\"wp-block-column is-layout-flow wp-block-column-is-layout-flow\">\n<div class=\"wp-block-webfactory-map\"><div class=\"wp-block-webfactory-map\"><iframe loading=\"lazy\" src=\"https:\/\/www.google.com\/maps\/embed?pb=!1m18!1m12!1m3!1d1324.4253949180877!2d-1.472954341778957!3d47.16914999478951!2m3!1f0!2f0!3f0!3m2!1i1024!2i768!4f13.1!3m3!1m2!1s0x0%3A0x0!2zNDfCsDEwJzA4LjkiTiAxwrAyOCcxOC43Ilc!5e1!3m2!1sfr!2sfr!4v1581598913082!5m2!1sfr!2sfr\" width=\"100%\" height=\"500px\" frameborder=\"0\"><\/iframe><\/div><\/div>\n<\/div>\n<\/div>\n\n\n\n<p class=\"has-text-align-center has-medium-font-size\"><strong>Permanences \u00e0 la salle de l&rsquo;association :<\/strong><\/p>\n\n\n\n<p class=\"has-text-align-center\">Au premier \u00e9tage dans l&rsquo;aile gauche du b\u00e2timent  <\/p>\n\n\n\n<p class=\"has-text-align-center has-text-color\" style=\"color:#2600a3\"><strong> Le 2e mardi du mois de 20h30-22h30 sur rendez-vous uniquement. <\/strong><\/p>\n\n\n\n<p class=\"has-text-align-center has-text-color\" style=\"color:#2600a3\"><strong>Le  3e Mercredi du mois de 14h \u00e0 17h30.<\/strong><\/p>\n\n\n\n<p class=\"has-text-align-center has-text-color\" style=\"color:#2600a3\"><strong>Le dernier samedi du mois de 10h \u00e0 17h30<\/strong>, <strong>non-stop<\/strong>, <strong>sauf en d\u00e9cembre<\/strong>.<\/p>\n\n\n\n<p><\/p>\n\n\n\n<p class=\"has-text-align-center has-vivid-red-color has-text-color\"><strong>Pas de permanence en juillet et ao\u00fbt<\/strong><\/p>\n\n\n\n<p class=\"has-text-align-center has-text-color\" style=\"color:#0013a3\"><strong>Tableau r\u00e9capitulatif des dates de permanence<\/strong><\/p>\n\n\n\n<p><\/p>\n\n\n\n<div class=\"wp-block-columns is-layout-flex wp-container-core-columns-is-layout-2 wp-block-columns-is-layout-flex\">\n<div class=\"wp-block-column is-layout-flow wp-block-column-is-layout-flow\"><\/div>\n\n\n\n<div class=\"wp-block-column is-layout-flow wp-block-column-is-layout-flow\">\n<html xmlns:o=\"urn:schemas-microsoft-com:office:office\"\nxmlns:x=\"urn:schemas-microsoft-com:office:excel\"\nxmlns=\"http:\/\/www.w3.org\/TR\/REC-html40\">\n\n<head>\n<meta http-equiv=Content-Type content=\"text\/html; charset=windows-1252\">\n<meta name=ProgId content=Excel.Sheet>\n<meta name=Generator content=\"Microsoft Excel 9\">\n<link rel=File-List href=\".\/Classeur1_fichiers\/filelist.xml\">\n<link rel=Edit-Time-Data href=\".\/Classeur1_fichiers\/editdata.mso\">\n<link rel=OLE-Object-Data href=\".\/Classeur1_fichiers\/oledata.mso\">\n<!--[if gte mso 9]><xml>\n <o:DocumentProperties>\n  <o:Author>AGV-JYG<\/o:Author>\n  <o:LastAuthor>AGV-JYG<\/o:LastAuthor>\n  <o:Created>2025-09-14T12:30:11Z<\/o:Created>\n  <o:LastSaved>2025-09-14T12:30:49Z<\/o:LastSaved>\n  <o:Company>ns<\/o:Company>\n  <o:Version>9.2812<\/o:Version>\n <\/o:DocumentProperties>\n<\/xml><![endif]-->\n<style>\n<!--table\n\t{mso-displayed-decimal-separator:\"\\,\";\n\tmso-displayed-thousand-separator:\" \";}\n@page\n\t{margin:.98in .79in .98in .79in;\n\tmso-header-margin:.49in;\n\tmso-footer-margin:.49in;}\ntr\n\t{mso-height-source:auto;}\ncol\n\t{mso-width-source:auto;}\nbr\n\t{mso-data-placement:same-cell;}\n.style0\n\t{mso-number-format:General;\n\ttext-align:general;\n\tvertical-align:bottom;\n\twhite-space:nowrap;\n\tmso-rotate:0;\n\tmso-background-source:auto;\n\tmso-pattern:auto;\n\tcolor:windowtext;\n\tfont-size:10.0pt;\n\tfont-weight:400;\n\tfont-style:normal;\n\ttext-decoration:none;\n\tfont-family:Arial;\n\tmso-generic-font-family:auto;\n\tmso-font-charset:0;\n\tborder:none;\n\tmso-protection:locked visible;\n\tmso-style-name:Normal;\n\tmso-style-id:0;}\ntd\n\t{mso-style-parent:style0;\n\tpadding-top:1px;\n\tpadding-right:1px;\n\tpadding-left:1px;\n\tmso-ignore:padding;\n\tcolor:windowtext;\n\tfont-size:10.0pt;\n\tfont-weight:400;\n\tfont-style:normal;\n\ttext-decoration:none;\n\tfont-family:Arial;\n\tmso-generic-font-family:auto;\n\tmso-font-charset:0;\n\tmso-number-format:General;\n\ttext-align:general;\n\tvertical-align:bottom;\n\tborder:none;\n\tmso-background-source:auto;\n\tmso-pattern:auto;\n\tmso-protection:locked visible;\n\twhite-space:nowrap;\n\tmso-rotate:0;}\n.xl24\n\t{mso-style-parent:style0;\n\tfont-size:12.0pt;\n\tfont-family:\"Times New Roman\", serif;\n\tmso-font-charset:0;\n\ttext-align:center;\n\tborder-top:.5pt solid black;\n\tborder-right:.5pt solid black;\n\tborder-bottom:none;\n\tborder-left:none;\n\twhite-space:normal;}\n.xl25\n\t{mso-style-parent:style0;\n\tfont-size:12.0pt;\n\tfont-family:\"Times New Roman\", serif;\n\tmso-font-charset:0;\n\ttext-align:center;\n\tborder-top:none;\n\tborder-right:.5pt solid black;\n\tborder-bottom:.5pt solid black;\n\tborder-left:none;\n\twhite-space:normal;}\n.xl26\n\t{mso-style-parent:style0;\n\tfont-size:12.0pt;\n\tfont-family:\"Times New Roman\", serif;\n\tmso-font-charset:0;\n\tborder-top:none;\n\tborder-right:.5pt solid black;\n\tborder-bottom:.5pt solid black;\n\tborder-left:.5pt solid black;\n\twhite-space:normal;}\n.xl27\n\t{mso-style-parent:style0;\n\tfont-size:11.0pt;\n\tfont-family:Calibri, sans-serif;\n\tmso-font-charset:0;\n\ttext-align:center;\n\tborder-top:none;\n\tborder-right:.5pt solid black;\n\tborder-bottom:.5pt solid black;\n\tborder-left:none;\n\twhite-space:normal;}\n.xl28\n\t{mso-style-parent:style0;\n\tfont-size:12.0pt;\n\tfont-family:\"Times New Roman\", serif;\n\tmso-font-charset:0;\n\tborder-top:.5pt solid black;\n\tborder-right:.5pt solid black;\n\tborder-bottom:none;\n\tborder-left:.5pt solid black;\n\twhite-space:normal;}\n.xl29\n\t{mso-style-parent:style0;\n\tfont-size:12.0pt;\n\tfont-family:\"Times New Roman\", serif;\n\tmso-font-charset:0;\n\ttext-align:center;\n\tborder-top:.5pt solid black;\n\tborder-right:.5pt solid black;\n\tborder-bottom:none;\n\tborder-left:.5pt solid black;\n\twhite-space:normal;}\n.xl30\n\t{mso-style-parent:style0;\n\tfont-size:12.0pt;\n\tfont-family:\"Times New Roman\", serif;\n\tmso-font-charset:0;\n\ttext-align:center;\n\tborder-top:none;\n\tborder-right:.5pt solid black;\n\tborder-bottom:.5pt solid black;\n\tborder-left:.5pt solid black;\n\twhite-space:normal;}\n-->\n<\/style>\n<!--[if gte mso 9]><xml>\n <x:ExcelWorkbook>\n  <x:ExcelWorksheets>\n   <x:ExcelWorksheet>\n    <x:Name>Feuil1<\/x:Name>\n    <x:WorksheetOptions>\n     <x:DefaultColWidth>10<\/x:DefaultColWidth>\n     <x:Print>\n      <x:ValidPrinterInfo\/>\n      <x:PaperSizeIndex>9<\/x:PaperSizeIndex>\n      <x:HorizontalResolution>600<\/x:HorizontalResolution>\n      <x:VerticalResolution>600<\/x:VerticalResolution>\n     <\/x:Print>\n     <x:Selected\/>\n     <x:Panes>\n      <x:Pane>\n       <x:Number>3<\/x:Number>\n       <x:ActiveRow>20<\/x:ActiveRow>\n       <x:ActiveCol>2<\/x:ActiveCol>\n      <\/x:Pane>\n     <\/x:Panes>\n     <x:ProtectContents>False<\/x:ProtectContents>\n     <x:ProtectObjects>False<\/x:ProtectObjects>\n     <x:ProtectScenarios>False<\/x:ProtectScenarios>\n    <\/x:WorksheetOptions>\n   <\/x:ExcelWorksheet>\n   <x:ExcelWorksheet>\n    <x:Name>Feuil2<\/x:Name>\n    <x:WorksheetOptions>\n     <x:DefaultColWidth>10<\/x:DefaultColWidth>\n     <x:ProtectContents>False<\/x:ProtectContents>\n     <x:ProtectObjects>False<\/x:ProtectObjects>\n     <x:ProtectScenarios>False<\/x:ProtectScenarios>\n    <\/x:WorksheetOptions>\n   <\/x:ExcelWorksheet>\n   <x:ExcelWorksheet>\n    <x:Name>Feuil3<\/x:Name>\n    <x:WorksheetOptions>\n     <x:DefaultColWidth>10<\/x:DefaultColWidth>\n     <x:ProtectContents>False<\/x:ProtectContents>\n     <x:ProtectObjects>False<\/x:ProtectObjects>\n     <x:ProtectScenarios>False<\/x:ProtectScenarios>\n    <\/x:WorksheetOptions>\n   <\/x:ExcelWorksheet>\n  <\/x:ExcelWorksheets>\n  <x:WindowHeight>13365<\/x:WindowHeight>\n  <x:WindowWidth>28515<\/x:WindowWidth>\n  <x:WindowTopX>120<\/x:WindowTopX>\n  <x:WindowTopY>75<\/x:WindowTopY>\n  <x:ProtectStructure>False<\/x:ProtectStructure>\n  <x:ProtectWindows>False<\/x:ProtectWindows>\n <\/x:ExcelWorkbook>\n<\/xml><![endif]-->\n<\/head>\n\n<body link=blue vlink=purple lang=FR style='tab-interval:35.4pt'>\n\n<table x:str border=0 cellpadding=0 cellspacing=0 width=392 style='border-collapse:\n collapse;table-layout:fixed;width:295pt;mso-padding-bottom-alt:0cm;mso-padding-left-alt:\n .25pt;mso-padding-right-alt:.25pt;mso-padding-top-alt:0cm'>\n <col width=121 style='mso-width-source:userset;mso-width-alt:4425;width:91pt'>\n <col width=86 style='mso-width-source:userset;mso-width-alt:3145;width:65pt'>\n <col width=92 style='mso-width-source:userset;mso-width-alt:3364;width:69pt'>\n <col width=93 style='mso-width-source:userset;mso-width-alt:3401;width:70pt'>\n <tr height=21 style='height:15.75pt'>\n  <td rowspan=2 height=42 class=xl28 width=121 style='border-bottom:.5pt solid black;\n  height:31.5pt;width:91pt;padding-bottom:0cm;padding-top:0cm'>Mois<\/td>\n  <td rowspan=2 class=xl29 width=86 style='border-bottom:.5pt solid black;\n  width:65pt'>2e mardi<\/td>\n  <td rowspan=2 class=xl29 width=92 style='border-bottom:.5pt solid black;\n  width:69pt'>3e mercredi<\/td>\n  <td class=xl24 width=93 style='width:70pt'>Dernier<\/td>\n <\/tr>\n <tr height=21 style='height:15.75pt'>\n  <td height=21 class=xl25 width=93 style='height:15.75pt;width:70pt'>samedi<\/td>\n <\/tr>\n <tr height=21 style='height:15.75pt'>\n  <td height=21 class=xl26 width=121 style='height:15.75pt;width:91pt'>Septembre<\/td>\n  <td class=xl27 width=86 style='width:65pt'>&nbsp;<\/td>\n  <td class=xl25 width=92 style='width:69pt' x:num>17<\/td>\n  <td class=xl25 width=93 style='width:70pt' x:num>27<\/td>\n <\/tr>\n <tr height=21 style='height:15.75pt'>\n  <td height=21 class=xl26 width=121 style='height:15.75pt;width:91pt'>Octobre<\/td>\n  <td class=xl25 width=86 style='width:65pt' x:num>7<\/td>\n  <td class=xl25 width=92 style='width:69pt' x:num>15<\/td>\n  <td class=xl25 width=93 style='width:70pt' x:num>25<\/td>\n <\/tr>\n <tr height=21 style='height:15.75pt'>\n  <td height=21 class=xl26 width=121 style='height:15.75pt;width:91pt'>Novembre<\/td>\n  <td class=xl27 width=86 style='width:65pt'>&nbsp;<\/td>\n  <td class=xl25 width=92 style='width:69pt' x:num>19<\/td>\n  <td class=xl25 width=93 style='width:70pt' x:num>29<\/td>\n <\/tr>\n <tr height=21 style='height:15.75pt'>\n  <td height=21 class=xl26 width=121 style='height:15.75pt;width:91pt'>D\u00e9cembre<\/td>\n  <td class=xl25 width=86 style='width:65pt' x:num>9<\/td>\n  <td class=xl25 width=92 style='width:69pt' x:num>17<\/td>\n  <td class=xl27 width=93 style='width:70pt'>&nbsp;<\/td>\n <\/tr>\n <tr height=21 style='height:15.75pt'>\n  <td height=21 class=xl26 width=121 style='height:15.75pt;width:91pt'>Janvier<\/td>\n  <td class=xl25 width=86 style='width:65pt' x:num>13<\/td>\n  <td class=xl25 width=92 style='width:69pt' x:num>21<\/td>\n  <td class=xl25 width=93 style='width:70pt' x:num>31<\/td>\n <\/tr>\n <tr height=21 style='height:15.75pt'>\n  <td height=21 class=xl26 width=121 style='height:15.75pt;width:91pt'>F\u00e9vrier<\/td>\n  <td class=xl25 width=86 style='width:65pt' x:num>10<\/td>\n  <td class=xl25 width=92 style='width:69pt' x:num>18<\/td>\n  <td class=xl25 width=93 style='width:70pt' x:num>28<\/td>\n <\/tr>\n <tr height=21 style='height:15.75pt'>\n  <td height=21 class=xl26 width=121 style='height:15.75pt;width:91pt'>Mars<\/td>\n  <td class=xl25 width=86 style='width:65pt' x:num>10<\/td>\n  <td class=xl25 width=92 style='width:69pt' x:num>18<\/td>\n  <td class=xl25 width=93 style='width:70pt' x:num>28<\/td>\n <\/tr>\n <tr height=21 style='height:15.75pt'>\n  <td height=21 class=xl26 width=121 style='height:15.75pt;width:91pt'>Avril<\/td>\n  <td class=xl25 width=86 style='width:65pt' x:num>14<\/td>\n  <td class=xl25 width=92 style='width:69pt' x:num>15<\/td>\n  <td class=xl25 width=93 style='width:70pt' x:num>25<\/td>\n <\/tr>\n <tr height=21 style='height:15.75pt'>\n  <td height=21 class=xl26 width=121 style='height:15.75pt;width:91pt'>Mai<\/td>\n  <td class=xl25 width=86 style='width:65pt' x:num>12<\/td>\n  <td class=xl25 width=92 style='width:69pt' x:num>20<\/td>\n  <td class=xl25 width=93 style='width:70pt' x:num>30<\/td>\n <\/tr>\n <tr height=21 style='height:15.75pt'>\n  <td height=21 class=xl26 width=121 style='height:15.75pt;width:91pt'>Juin<\/td>\n  <td class=xl25 width=86 style='width:65pt' x:num>9<\/td>\n  <td class=xl25 width=92 style='width:69pt' x:num>17<\/td>\n  <td class=xl25 width=93 style='width:70pt' x:num>27<\/td>\n <\/tr>\n <![if supportMisalignedColumns]>\n <tr height=0 style='display:none'>\n  <td width=121 style='width:91pt'><\/td>\n  <td width=86 style='width:65pt'><\/td>\n  <td width=92 style='width:69pt'><\/td>\n  <td width=93 style='width:70pt'><\/td>\n <\/tr>\n <![endif]>\n<\/table>\n\n<\/body>\n\n<\/html>\n<\/div>\n\n\n\n<div class=\"wp-block-column is-layout-flow wp-block-column-is-layout-flow\"><\/div>\n<\/div>\n\n\n\n<p><\/p>\n\n\n\n<p class=\"has-text-align-center has-regular-font-size\"><em>T\u00e9l\u00e9phone : 02 40 13 82 50 aux heures de permanence<\/em><\/p>\n\n\n\n<p class=\"has-text-align-center has-text-color\" style=\"color:#a30066\">Adresse mail : genealogivertou@agv44.org<\/p>\n\n\n\n<p class=\"has-text-align-center\"><em>et aussi<\/em><\/p>\n\n\n<div class=\"wp-block-image\">\n<figure class=\"aligncenter size-large\"><a href=\"http:\/\/www.facebook.com\/pages\/Association-G%C3%A9n%C3%A9alogique-Vertavienne\/117303728449058?ref=hl\" target=\"_blank\" rel=\"noreferrer noopener\"><img loading=\"lazy\" decoding=\"async\" width=\"140\" height=\"140\" src=\"https:\/\/www.agv44.org\/site\/wp-content\/uploads\/2020\/03\/facebook.png\" alt=\"\" class=\"wp-image-2934\"\/><\/a><\/figure><\/div>","protected":false},"excerpt":{"rendered":"<p>Site de l&rsquo;AGV : www.agv44.org Libre Cour, rue Henri Charpentier 44120 Vertou All\u00e9e Abb\u00e9 Sotin Permanences \u00e0 la salle de l&rsquo;association : Au premier \u00e9tage dans l&rsquo;aile gauche du b\u00e2timent Le 2e mardi du mois de 20h30-22h30 sur rendez-vous uniquement. Le 3e Mercredi du mois de 14h \u00e0 17h30. Le dernier samedi du mois de [&hellip;]<\/p>\n","protected":false},"author":1,"featured_media":0,"parent":0,"menu_order":0,"comment_status":"closed","ping_status":"closed","template":"","meta":{"footnotes":""},"class_list":["post-176","page","type-page","status-publish","hentry","post-preview"],"yoast_head":"<!-- This site is optimized with the Yoast SEO plugin v24.4 - https:\/\/yoast.com\/wordpress\/plugins\/seo\/ -->\n<title>Nous contacter<\/title>\n<meta name=\"description\" content=\"Au sud de la Bretagne historique, tout pr\u00e8s de Nantes, dans les Pays de la Loire. Libre Cour, ancien h\u00f4pital de Vertou r\u00e9am\u00e9nag\u00e9 Site de l&#039;AGV :\" \/>\n<meta name=\"robots\" content=\"index, follow, max-snippet:-1, max-image-preview:large, max-video-preview:-1\" \/>\n<link rel=\"canonical\" href=\"https:\/\/www.agv44.org\/site\/nous-contacter\/\" \/>\n<meta property=\"og:locale\" content=\"fr_FR\" \/>\n<meta property=\"og:type\" content=\"article\" \/>\n<meta property=\"og:title\" content=\"Nous contacter\" \/>\n<meta property=\"og:description\" content=\"Au sud de la Bretagne historique, tout pr\u00e8s de Nantes, dans les Pays de la Loire. Libre Cour, ancien h\u00f4pital de Vertou r\u00e9am\u00e9nag\u00e9 Site de l&#039;AGV :\" \/>\n<meta property=\"og:url\" content=\"https:\/\/www.agv44.org\/site\/nous-contacter\/\" \/>\n<meta property=\"article:modified_time\" content=\"2025-11-09T13:34:21+00:00\" \/>\n<meta property=\"og:image\" content=\"https:\/\/www.agv44.org\/site\/wp-content\/uploads\/2020\/04\/nous-contacter.png\" \/>\n\t<meta property=\"og:image:width\" content=\"707\" \/>\n\t<meta property=\"og:image:height\" content=\"89\" \/>\n\t<meta property=\"og:image:type\" content=\"image\/png\" \/>\n<meta name=\"twitter:card\" content=\"summary_large_image\" \/>\n<meta name=\"twitter:label1\" content=\"Dur\u00e9e de lecture estim\u00e9e\" \/>\n\t<meta name=\"twitter:data1\" content=\"2 minutes\" \/>\n<script type=\"application\/ld+json\" class=\"yoast-schema-graph\">{\"@context\":\"https:\/\/schema.org\",\"@graph\":[{\"@type\":\"WebPage\",\"@id\":\"https:\/\/www.agv44.org\/site\/nous-contacter\/\",\"url\":\"https:\/\/www.agv44.org\/site\/nous-contacter\/\",\"name\":\"Nous contacter\",\"isPartOf\":{\"@id\":\"https:\/\/www.agv44.org\/site\/#website\"},\"primaryImageOfPage\":{\"@id\":\"https:\/\/www.agv44.org\/site\/nous-contacter\/#primaryimage\"},\"image\":{\"@id\":\"https:\/\/www.agv44.org\/site\/nous-contacter\/#primaryimage\"},\"thumbnailUrl\":\"https:\/\/www.agv44.org\/site\/wp-content\/uploads\/2020\/04\/nous-contacter.png\",\"datePublished\":\"2019-08-12T12:42:23+00:00\",\"dateModified\":\"2025-11-09T13:34:21+00:00\",\"description\":\"Au sud de la Bretagne historique, tout pr\u00e8s de Nantes, dans les Pays de la Loire. Libre Cour, ancien h\u00f4pital de Vertou r\u00e9am\u00e9nag\u00e9 Site de l'AGV :\",\"breadcrumb\":{\"@id\":\"https:\/\/www.agv44.org\/site\/nous-contacter\/#breadcrumb\"},\"inLanguage\":\"fr-FR\",\"potentialAction\":[{\"@type\":\"ReadAction\",\"target\":[\"https:\/\/www.agv44.org\/site\/nous-contacter\/\"]}]},{\"@type\":\"ImageObject\",\"inLanguage\":\"fr-FR\",\"@id\":\"https:\/\/www.agv44.org\/site\/nous-contacter\/#primaryimage\",\"url\":\"https:\/\/www.agv44.org\/site\/wp-content\/uploads\/2020\/04\/nous-contacter.png\",\"contentUrl\":\"https:\/\/www.agv44.org\/site\/wp-content\/uploads\/2020\/04\/nous-contacter.png\",\"width\":707,\"height\":89},{\"@type\":\"BreadcrumbList\",\"@id\":\"https:\/\/www.agv44.org\/site\/nous-contacter\/#breadcrumb\",\"itemListElement\":[{\"@type\":\"ListItem\",\"position\":1,\"name\":\"Accueil\",\"item\":\"https:\/\/www.agv44.org\/site\/\"},{\"@type\":\"ListItem\",\"position\":2,\"name\":\"Nous contacter\"}]},{\"@type\":\"WebSite\",\"@id\":\"https:\/\/www.agv44.org\/site\/#website\",\"url\":\"https:\/\/www.agv44.org\/site\/\",\"name\":\"\",\"description\":\"\",\"publisher\":{\"@id\":\"https:\/\/www.agv44.org\/site\/#organization\"},\"potentialAction\":[{\"@type\":\"SearchAction\",\"target\":{\"@type\":\"EntryPoint\",\"urlTemplate\":\"https:\/\/www.agv44.org\/site\/?s={search_term_string}\"},\"query-input\":{\"@type\":\"PropertyValueSpecification\",\"valueRequired\":true,\"valueName\":\"search_term_string\"}}],\"inLanguage\":\"fr-FR\"},{\"@type\":\"Organization\",\"@id\":\"https:\/\/www.agv44.org\/site\/#organization\",\"name\":\"Association G\u00e9n\u00e9alogique Vertavienne\",\"url\":\"https:\/\/www.agv44.org\/site\/\",\"logo\":{\"@type\":\"ImageObject\",\"inLanguage\":\"fr-FR\",\"@id\":\"https:\/\/www.agv44.org\/site\/#\/schema\/logo\/image\/\",\"url\":\"https:\/\/www.agv44.org\/site\/wp-content\/uploads\/2020\/04\/logoagv300.png\",\"contentUrl\":\"https:\/\/www.agv44.org\/site\/wp-content\/uploads\/2020\/04\/logoagv300.png\",\"width\":300,\"height\":271,\"caption\":\"Association G\u00e9n\u00e9alogique Vertavienne\"},\"image\":{\"@id\":\"https:\/\/www.agv44.org\/site\/#\/schema\/logo\/image\/\"}}]}<\/script>\n<!-- \/ Yoast SEO plugin. -->","yoast_head_json":{"title":"Nous contacter","description":"Au sud de la Bretagne historique, tout pr\u00e8s de Nantes, dans les Pays de la Loire. Libre Cour, ancien h\u00f4pital de Vertou r\u00e9am\u00e9nag\u00e9 Site de l'AGV :","robots":{"index":"index","follow":"follow","max-snippet":"max-snippet:-1","max-image-preview":"max-image-preview:large","max-video-preview":"max-video-preview:-1"},"canonical":"https:\/\/www.agv44.org\/site\/nous-contacter\/","og_locale":"fr_FR","og_type":"article","og_title":"Nous contacter","og_description":"Au sud de la Bretagne historique, tout pr\u00e8s de Nantes, dans les Pays de la Loire. Libre Cour, ancien h\u00f4pital de Vertou r\u00e9am\u00e9nag\u00e9 Site de l'AGV :","og_url":"https:\/\/www.agv44.org\/site\/nous-contacter\/","article_modified_time":"2025-11-09T13:34:21+00:00","og_image":[{"width":707,"height":89,"url":"https:\/\/www.agv44.org\/site\/wp-content\/uploads\/2020\/04\/nous-contacter.png","type":"image\/png"}],"twitter_card":"summary_large_image","twitter_misc":{"Dur\u00e9e de lecture estim\u00e9e":"2 minutes"},"schema":{"@context":"https:\/\/schema.org","@graph":[{"@type":"WebPage","@id":"https:\/\/www.agv44.org\/site\/nous-contacter\/","url":"https:\/\/www.agv44.org\/site\/nous-contacter\/","name":"Nous contacter","isPartOf":{"@id":"https:\/\/www.agv44.org\/site\/#website"},"primaryImageOfPage":{"@id":"https:\/\/www.agv44.org\/site\/nous-contacter\/#primaryimage"},"image":{"@id":"https:\/\/www.agv44.org\/site\/nous-contacter\/#primaryimage"},"thumbnailUrl":"https:\/\/www.agv44.org\/site\/wp-content\/uploads\/2020\/04\/nous-contacter.png","datePublished":"2019-08-12T12:42:23+00:00","dateModified":"2025-11-09T13:34:21+00:00","description":"Au sud de la Bretagne historique, tout pr\u00e8s de Nantes, dans les Pays de la Loire. Libre Cour, ancien h\u00f4pital de Vertou r\u00e9am\u00e9nag\u00e9 Site de l'AGV :","breadcrumb":{"@id":"https:\/\/www.agv44.org\/site\/nous-contacter\/#breadcrumb"},"inLanguage":"fr-FR","potentialAction":[{"@type":"ReadAction","target":["https:\/\/www.agv44.org\/site\/nous-contacter\/"]}]},{"@type":"ImageObject","inLanguage":"fr-FR","@id":"https:\/\/www.agv44.org\/site\/nous-contacter\/#primaryimage","url":"https:\/\/www.agv44.org\/site\/wp-content\/uploads\/2020\/04\/nous-contacter.png","contentUrl":"https:\/\/www.agv44.org\/site\/wp-content\/uploads\/2020\/04\/nous-contacter.png","width":707,"height":89},{"@type":"BreadcrumbList","@id":"https:\/\/www.agv44.org\/site\/nous-contacter\/#breadcrumb","itemListElement":[{"@type":"ListItem","position":1,"name":"Accueil","item":"https:\/\/www.agv44.org\/site\/"},{"@type":"ListItem","position":2,"name":"Nous contacter"}]},{"@type":"WebSite","@id":"https:\/\/www.agv44.org\/site\/#website","url":"https:\/\/www.agv44.org\/site\/","name":"","description":"","publisher":{"@id":"https:\/\/www.agv44.org\/site\/#organization"},"potentialAction":[{"@type":"SearchAction","target":{"@type":"EntryPoint","urlTemplate":"https:\/\/www.agv44.org\/site\/?s={search_term_string}"},"query-input":{"@type":"PropertyValueSpecification","valueRequired":true,"valueName":"search_term_string"}}],"inLanguage":"fr-FR"},{"@type":"Organization","@id":"https:\/\/www.agv44.org\/site\/#organization","name":"Association G\u00e9n\u00e9alogique Vertavienne","url":"https:\/\/www.agv44.org\/site\/","logo":{"@type":"ImageObject","inLanguage":"fr-FR","@id":"https:\/\/www.agv44.org\/site\/#\/schema\/logo\/image\/","url":"https:\/\/www.agv44.org\/site\/wp-content\/uploads\/2020\/04\/logoagv300.png","contentUrl":"https:\/\/www.agv44.org\/site\/wp-content\/uploads\/2020\/04\/logoagv300.png","width":300,"height":271,"caption":"Association G\u00e9n\u00e9alogique Vertavienne"},"image":{"@id":"https:\/\/www.agv44.org\/site\/#\/schema\/logo\/image\/"}}]}},"_links":{"self":[{"href":"https:\/\/www.agv44.org\/site\/wp-json\/wp\/v2\/pages\/176","targetHints":{"allow":["GET"]}}],"collection":[{"href":"https:\/\/www.agv44.org\/site\/wp-json\/wp\/v2\/pages"}],"about":[{"href":"https:\/\/www.agv44.org\/site\/wp-json\/wp\/v2\/types\/page"}],"author":[{"embeddable":true,"href":"https:\/\/www.agv44.org\/site\/wp-json\/wp\/v2\/users\/1"}],"replies":[{"embeddable":true,"href":"https:\/\/www.agv44.org\/site\/wp-json\/wp\/v2\/comments?post=176"}],"version-history":[{"count":129,"href":"https:\/\/www.agv44.org\/site\/wp-json\/wp\/v2\/pages\/176\/revisions"}],"predecessor-version":[{"id":7660,"href":"https:\/\/www.agv44.org\/site\/wp-json\/wp\/v2\/pages\/176\/revisions\/7660"}],"wp:attachment":[{"href":"https:\/\/www.agv44.org\/site\/wp-json\/wp\/v2\/media?parent=176"}],"curies":[{"name":"wp","href":"https:\/\/api.w.org\/{rel}","templated":true}]}}